{"id":265107,"date":"2025-09-22T02:01:31","date_gmt":"2025-09-22T06:01:31","guid":{"rendered":"https:\/\/mendomedical.ca\/product\/patch-transdermique-de-cbd\/"},"modified":"2026-04-13T15:38:47","modified_gmt":"2026-04-13T19:38:47","slug":"patch-transdermique-cbd","status":"publish","type":"product","link":"https:\/\/mendomedical.ca\/fr\/produit\/patch-transdermique-cbd\/","title":{"rendered":"Patch transdermique CBD"},"content":{"rendered":"","protected":false},"excerpt":{"rendered":"<div class=\"ExternalClass16B493D354354AF2AC410DFDB76DCB90\">\n<h3>Patch transdermique CBD par Naturalrem<\/h3>\n<p>Faites l&rsquo;exp\u00e9rience d&rsquo;un soulagement th\u00e9rapeutique prolong\u00e9 avec le patch transdermique au CBD de Naturalrem, une solution topique de pointe con\u00e7ue pour les consommateurs de cannabis m\u00e9dical \u00e0 la recherche d&rsquo;effets constants et durables. Chaque unit\u00e9 contient 2 patchs qui d\u00e9livrent du CBD \u00e0 spectre complet gr\u00e2ce \u00e0 une technologie transdermique innovante, offrant jusqu&rsquo;\u00e0 96 heures de b\u00e9n\u00e9fices th\u00e9rapeutiques \u00e0 lib\u00e9ration lente par patch. Infus\u00e9s de menthe poivr\u00e9e rafra\u00eechissante, ces patchs offrent un moyen discret et pratique de g\u00e9rer les douleurs chroniques l\u00e9g\u00e8res \u00e0 mod\u00e9r\u00e9es et l&rsquo;inflammation.<\/p>\n<h4>Caract\u00e9ristiques principales<\/h4>\n<ul>\n<li>Formule \u00e0 lib\u00e9ration lente sur 96 heures offrant 4 jours d&rsquo;effets th\u00e9rapeutiques continus par patch<\/li>\n<li>Biodisponibilit\u00e9 am\u00e9lior\u00e9e qui contourne le m\u00e9tabolisme h\u00e9patique de premier passage pour une meilleure efficacit\u00e9<\/li>\n<li>Effets secondaires r\u00e9duits par rapport aux m\u00e9thodes de consommation orale<\/li>\n<li>Application discr\u00e8te et pratique avec une capacit\u00e9 de chargement sup\u00e9rieure \u00e0 celle des autres topiques.<\/li>\n<li>Contient 2 patchs par paquet pour une dur\u00e9e de traitement prolong\u00e9e<\/li>\n<\/ul>\n<h4>Profil et ar\u00f4me des cannabino\u00efdes<\/h4>\n<p>Ces patchs transdermiques contiennent du CBD \u00e0 spectre complet, offrant un profil cannabino\u00efde exhaustif susceptible d&rsquo;am\u00e9liorer le potentiel th\u00e9rapeutique gr\u00e2ce \u00e0 l&rsquo;effet d&rsquo;entourage. Les patchs sont impr\u00e9gn\u00e9s d&rsquo;un ar\u00f4me rafra\u00eechissant de menthe poivr\u00e9e, ce qui procure une exp\u00e9rience sensorielle agr\u00e9able et revigorante pendant l&rsquo;utilisation, tout en ayant des effets apaisants.<\/p>\n<h4>Pourquoi choisir les timbres transdermiques ?<\/h4>\n<p>Les patchs transdermiques repr\u00e9sentent une solution id\u00e9ale pour les consommateurs de cannabis m\u00e9dical qui ont besoin d&rsquo;un soulagement constant et \u00e0 long terme. Ils permettent une meilleure observance et une plus grande commodit\u00e9 pour le patient, en \u00e9liminant la n\u00e9cessit\u00e9 de dosages fr\u00e9quents tout en assurant une administration r\u00e9guli\u00e8re de cannabino\u00efdes directement \u00e0 travers la peau dans les zones cibl\u00e9es.<\/p>\n<h4>Exp\u00e9dition dans tout le Canada<\/h4>\n<p>Votre timbre transdermique de CBD est exp\u00e9di\u00e9 rapidement dans tout le Canada, avec une livraison gratuite pour les commandes de plus de 150 $. Nous assurons une livraison rapide afin que vous puissiez profiter sans tarder des bienfaits de cette solution th\u00e9rapeutique novatrice.<\/p>\n<h4>Avantages et couverture pour les anciens combattants<\/h4>\n<p>Ce timbre transdermique de CBD est admissible \u00e0 la couverture d&rsquo;ACC (Anciens Combattants Canada) et \u00e0 la facturation directe par la Croix Bleue, ce qui signifie que les anciens combattants admissibles n&rsquo;ont pas \u00e0 d\u00e9bourser d&rsquo;argent. Si vous n&rsquo;avez pas encore de carte de cannabis m\u00e9dical, vous pouvez obtenir votre <a href=\"https:\/\/mendomedical.ca\/fr\/carte-medicale\/\">carte m\u00e9dicale gratuite rapidement et facilement<\/a> pour acc\u00e9der \u00e0 ces avantages.<\/p>\n<h4>Ingr\u00e9dients<\/h4>\n<p>Huile de coco, beurre de karit\u00e9, huile de tournesol, l\u00e9cithine de tournesol, cire d&rsquo;abeille, huile de lavande, huile de menthe poivr\u00e9e.<\/p>\n<\/div>\n","protected":false},"featured_media":265105,"comment_status":"open","ping_status":"closed","template":"","meta":{"_acf_changed":false,"site-sidebar-layout":"default","site-content-layout":"","ast-site-content-layout":"default","site-content-style":"default","site-sidebar-style":"default","ast-global-header-display":"","ast-banner-title-visibility":"","ast-main-header-display":"","ast-hfb-above-header-display":"","ast-hfb-below-header-display":"","ast-hfb-mobile-header-display":"","site-post-title":"","ast-breadcrumbs-content":"","ast-featured-img":"","footer-sml-layout":"","ast-disable-related-posts":"","theme-transparent-header-meta":"default","adv-header-id-meta":"","stick-header-meta":"","header-above-stick-meta":"","header-main-stick-meta":"","header-below-stick-meta":"","astra-migrate-meta-layouts":"set","ast-page-background-enabled":"default","ast-page-background-meta":{"desktop":{"background-color":"var(--ast-global-color-4)","background-image":"","background-repeat":"repeat","background-position":"center center","background-size":"auto","background-attachment":"scroll","background-type":"","background-media":"","overlay-type":"","overlay-color":"","overlay-opacity":"","overlay-gradient":""},"tablet":{"background-color":"","background-image":"","background-repeat":"repeat","background-position":"center center","background-size":"auto","background-attachment":"scroll","background-type":"","background-media":"","overlay-type":"","overlay-color":"","overlay-opacity":"","overlay-gradient":""},"mobile":{"background-color":"","background-image":"","background-repeat":"repeat","background-position":"center center","background-size":"auto","background-attachment":"scroll","background-type":"","background-media":"","overlay-type":"","overlay-color":"","overlay-opacity":"","overlay-gradient":""}},"ast-content-background-meta":{"desktop":{"background-color":"var(--ast-global-color-5)","background-image":"","background-repeat":"repeat","background-position":"center center","background-size":"auto","background-attachment":"scroll","background-type":"","background-media":"","overlay-type":"","overlay-color":"","overlay-opacity":"","overlay-gradient":""},"tablet":{"background-color":"var(--ast-global-color-5)","background-image":"","background-repeat":"repeat","background-position":"center center","background-size":"auto","background-attachment":"scroll","background-type":"","background-media":"","overlay-type":"","overlay-color":"","overlay-opacity":"","overlay-gradient":""},"mobile":{"background-color":"var(--ast-global-color-5)","background-image":"","background-repeat":"repeat","background-position":"center center","background-size":"auto","background-attachment":"scroll","background-type":"","background-media":"","overlay-type":"","overlay-color":"","overlay-opacity":"","overlay-gradient":""}}},"product_brand":[],"product_cat":[1150,1157],"product_tag":[],"product_format_filter":[6498],"class_list":{"0":"post-265107","1":"product","2":"type-product","3":"status-publish","4":"has-post-thumbnail","6":"product_cat-topiques","7":"product_cat-transdermique","8":"pa_intensity-cbd-moyen","9":"pa_marques-naturalrem","10":"pa_origin-colombie-britannique-fr","11":"pa_type-de-plante-cbd-fr","12":"product_format_filter-2units","13":"desktop-align-left","14":"tablet-align-left","15":"mobile-align-left","17":"first","18":"instock","19":"taxable","20":"shipping-taxable","21":"purchasable","22":"product-type-simple"},"group_of_quantity":0,"min_quantity":0,"max_quantity":"","exclude_order_quantity_value_rules":"no","exclude_category_quantity_rules":"no","combine_variations":"no","acf":[],"_links":{"self":[{"href":"https:\/\/mendomedical.ca\/fr\/wp-json\/wp\/v2\/product\/265107","targetHints":{"allow":["GET"]}}],"collection":[{"href":"https:\/\/mendomedical.ca\/fr\/wp-json\/wp\/v2\/product"}],"about":[{"href":"https:\/\/mendomedical.ca\/fr\/wp-json\/wp\/v2\/types\/product"}],"replies":[{"embeddable":true,"href":"https:\/\/mendomedical.ca\/fr\/wp-json\/wp\/v2\/comments?post=265107"}],"wp:featuredmedia":[{"embeddable":true,"href":"https:\/\/mendomedical.ca\/fr\/wp-json\/wp\/v2\/media\/265105"}],"wp:attachment":[{"href":"https:\/\/mendomedical.ca\/fr\/wp-json\/wp\/v2\/media?parent=265107"}],"wp:term":[{"taxonomy":"product_brand","embeddable":true,"href":"https:\/\/mendomedical.ca\/fr\/wp-json\/wp\/v2\/product_brand?post=265107"},{"taxonomy":"product_cat","embeddable":true,"href":"https:\/\/mendomedical.ca\/fr\/wp-json\/wp\/v2\/product_cat?post=265107"},{"taxonomy":"product_tag","embeddable":true,"href":"https:\/\/mendomedical.ca\/fr\/wp-json\/wp\/v2\/product_tag?post=265107"},{"taxonomy":"product_format_filter","embeddable":true,"href":"https:\/\/mendomedical.ca\/fr\/wp-json\/wp\/v2\/product_format_filter?post=265107"}],"curies":[{"name":"wp","href":"https:\/\/api.w.org\/{rel}","templated":true}]}}