{"id":265050,"date":"2025-08-26T21:05:21","date_gmt":"2025-08-27T01:05:21","guid":{"rendered":"https:\/\/mendomedical.ca\/product\/drop-culture-sweet-tooth-papaya-en-anglais\/"},"modified":"2025-12-17T19:14:34","modified_gmt":"2025-12-18T00:14:34","slug":"drop-culture-sweet-tooth-papaya","status":"publish","type":"product","link":"https:\/\/mendomedical.ca\/fr\/produit\/drop-culture-sweet-tooth-papaya\/","title":{"rendered":"Drop Culture - Sweet Tooth \u00ab\u00a0Papaya\u00a0\u00bb"},"content":{"rendered":"","protected":false},"excerpt":{"rendered":"<div class=\"ExternalClass5B9F2D44C1F64A4A996B1FC988750171\">\n<h3>Drop Culture - Sweet Tooth \u00ab\u00a0Papaya\u00a0\u00bb par SUGR<\/h3>\n<h3>Terp\u00e8nes totaux : 10.60 %<\/h3>\n<p>Drop Culture - Sweet Tooth \u00ab\u00a0Papaya\u00a0\u00bb est un concentr\u00e9 de 1g de Live Rosin de premi\u00e8re qualit\u00e9 qui met en valeur un savoir-faire exceptionnel et une culture biologique. Ce concentr\u00e9 sans solvant est cr\u00e9\u00e9 \u00e0 partir du croisement de la souche Citral #13 X Ice #2, offrant une exp\u00e9rience de saveur tropicale avec une pr\u00e9servation impressionnante des terp\u00e8nes. Press\u00e9 exclusivement \u00e0 partir de hasch 73u-159u micron dans une extraction first-pull, ce live rosin repr\u00e9sente le summum de la qualit\u00e9 des concentr\u00e9s pour les consommateurs de cannabis m\u00e9dical exigeants.<\/p>\n<h4>Caract\u00e9ristiques principales et points forts du produit<\/h4>\n<ul>\n<li>Live Rosin de premi\u00e8re qualit\u00e9 avec une teneur exceptionnelle en terp\u00e8nes totaux de 10,6%.<\/li>\n<li>Cultiv\u00e9 en utilisant des m\u00e9thodes organiques de sol vivant pour des profils propres et vibrants.<\/li>\n<li>Extraction sans solvant de la gamme de microns 73u-159u pour une puissance maximale<\/li>\n<li>Concentr\u00e9 \u00e0 haute teneur en THC avec des effets potentiels relaxants<\/li>\n<li>Qualit\u00e9 de fusion totale garantissant une consommation r\u00e9guli\u00e8re et satisfaisante<\/li>\n<\/ul>\n<h4>Profils de saveurs, d&rsquo;ar\u00f4mes et de terp\u00e8nes<\/h4>\n<p>Ce concentr\u00e9 offre un bouquet tropical complexe compos\u00e9 de papaye m\u00fbre, de mangue sucr\u00e9e et de subtiles notes d&rsquo;\u00e9pices terreuses. Le profil de saveur met l&rsquo;accent sur des caract\u00e9ristiques fruit\u00e9es, sucr\u00e9es et tropicales qui se poursuivent par un final doux et juteux. Avec une impressionnante teneur en terp\u00e8nes totaux de 10,6 % et des niveaux \u00e9lev\u00e9s de THC, ce concentr\u00e9 offre \u00e0 la fois un go\u00fbt exceptionnel et un potentiel th\u00e9rapeutique. La pr\u00e9servation minutieuse des terp\u00e8nes gr\u00e2ce \u00e0 des m\u00e9thodes d&rsquo;extraction sans solvant garantit la pleine expression des compos\u00e9s aromatiques de la plante d&rsquo;origine.<\/p>\n<h4>Pourquoi choisir les concentr\u00e9s ?<\/h4>\n<p>Les concentr\u00e9s offrent aux utilisateurs m\u00e9dicaux un contr\u00f4le pr\u00e9cis du dosage et une apparition rapide des effets, ce qui les rend id\u00e9aux pour les patients qui ont besoin d&rsquo;un soulagement imm\u00e9diat. La nature sans solvant du Live Rosin garantit une puret\u00e9 sans r\u00e9sidus chimiques, tandis que la teneur concentr\u00e9e en cannabino\u00efdes offre des avantages th\u00e9rapeutiques puissants en plus petites quantit\u00e9s.<\/p>\n<h4>Exp\u00e9dition dans tout le Canada<\/h4>\n<p>Drop Culture - Sweet Tooth \u00ab\u00a0Papaya\u00a0\u00bb est exp\u00e9di\u00e9 rapidement \u00e0 travers le Canada gr\u00e2ce \u00e0 notre r\u00e9seau de distribution efficace. Nous offrons une livraison gratuite pour toutes les commandes de plus de 150 $, ce qui vous assure un acc\u00e8s pratique \u00e0 ce concentr\u00e9 de qualit\u00e9 sup\u00e9rieure, peu importe o\u00f9 vous vous trouvez. Notre emballage s\u00e9curitaire maintient l&rsquo;int\u00e9grit\u00e9 du produit pendant le transport.<\/p>\n<h4>Avantages et couverture pour les anciens combattants<\/h4>\n<p>Drop Culture - Sweet Tooth \u00ab\u00a0Papaya\u00a0\u00bb est admissible \u00e0 la couverture d&rsquo;Anciens Combattants Canada (ACC) et \u00e0 la facturation directe par l&rsquo;entremise de la Croix Bleue, ce qui \u00e9limine les frais \u00e0 la charge des anciens combattants admissibles. Si vous n&rsquo;avez pas encore de carte de cannabis m\u00e9dical, vous pouvez en obtenir une rapidement et facilement gr\u00e2ce \u00e0 notre <a href=\"https:\/\/mendomedical.ca\/fr\/carte-medicale\/\">service gratuit de carte m\u00e9dicale<\/a> pour acc\u00e9der \u00e0 ces pr\u00e9cieux avantages.<\/p>\n<\/div>\n","protected":false},"featured_media":265048,"comment_status":"open","ping_status":"closed","template":"","meta":{"_acf_changed":false,"site-sidebar-layout":"default","site-content-layout":"","ast-site-content-layout":"default","site-content-style":"default","site-sidebar-style":"default","ast-global-header-display":"","ast-banner-title-visibility":"","ast-main-header-display":"","ast-hfb-above-header-display":"","ast-hfb-below-header-display":"","ast-hfb-mobile-header-display":"","site-post-title":"","ast-breadcrumbs-content":"","ast-featured-img":"","footer-sml-layout":"","ast-disable-related-posts":"","theme-transparent-header-meta":"default","adv-header-id-meta":"","stick-header-meta":"","header-above-stick-meta":"","header-main-stick-meta":"","header-below-stick-meta":"","astra-migrate-meta-layouts":"set","ast-page-background-enabled":"default","ast-page-background-meta":{"desktop":{"background-color":"var(--ast-global-color-4)","background-image":"","background-repeat":"repeat","background-position":"center center","background-size":"auto","background-attachment":"scroll","background-type":"","background-media":"","overlay-type":"","overlay-color":"","overlay-opacity":"","overlay-gradient":""},"tablet":{"background-color":"","background-image":"","background-repeat":"repeat","background-position":"center center","background-size":"auto","background-attachment":"scroll","background-type":"","background-media":"","overlay-type":"","overlay-color":"","overlay-opacity":"","overlay-gradient":""},"mobile":{"background-color":"","background-image":"","background-repeat":"repeat","background-position":"center center","background-size":"auto","background-attachment":"scroll","background-type":"","background-media":"","overlay-type":"","overlay-color":"","overlay-opacity":"","overlay-gradient":""}},"ast-content-background-meta":{"desktop":{"background-color":"var(--ast-global-color-5)","background-image":"","background-repeat":"repeat","background-position":"center center","background-size":"auto","background-attachment":"scroll","background-type":"","background-media":"","overlay-type":"","overlay-color":"","overlay-opacity":"","overlay-gradient":""},"tablet":{"background-color":"var(--ast-global-color-5)","background-image":"","background-repeat":"repeat","background-position":"center center","background-size":"auto","background-attachment":"scroll","background-type":"","background-media":"","overlay-type":"","overlay-color":"","overlay-opacity":"","overlay-gradient":""},"mobile":{"background-color":"var(--ast-global-color-5)","background-image":"","background-repeat":"repeat","background-position":"center center","background-size":"auto","background-attachment":"scroll","background-type":"","background-media":"","overlay-type":"","overlay-color":"","overlay-opacity":"","overlay-gradient":""}}},"product_brand":[],"product_cat":[3926,1125,1118,1119],"product_tag":[],"product_format_filter":[6369],"class_list":{"0":"post-265050","1":"product","2":"type-product","3":"status-publish","4":"has-post-thumbnail","6":"product_cat-cbd-minors-2-fr","7":"product_cat-rosin-vivante","8":"product_cat-concentres","9":"product_cat-tout-sans-solvant","10":"pa_flavours-fruite","11":"pa_flavours-doux","12":"pa_flavours-tropical-fr","13":"pa_intensity-thc-eleve","14":"pa_intensity-low-cbg-fr","15":"pa_marques-sugr-fr","16":"pa_origin-alberta-fr","17":"pa_profil-terpene-caryophyllene","18":"pa_profil-terpene-farnesene-fr","19":"pa_profil-terpene-guaiol-fr","20":"pa_profil-terpene-humulene-fr","21":"pa_profil-terpene-limonene-fr","22":"pa_profil-terpene-linalol-fr","23":"pa_profil-terpene-myrcene","24":"pa_profil-terpene-pinene-fr","25":"pa_type-de-plante-hybride-indica-fr","26":"product_format_filter-1g","27":"desktop-align-left","28":"tablet-align-left","29":"mobile-align-left","31":"first","32":"outofstock","33":"taxable","34":"shipping-taxable","35":"purchasable","36":"product-type-simple"},"group_of_quantity":0,"min_quantity":0,"max_quantity":"","exclude_order_quantity_value_rules":"no","exclude_category_quantity_rules":"no","combine_variations":"no","acf":[],"_links":{"self":[{"href":"https:\/\/mendomedical.ca\/fr\/wp-json\/wp\/v2\/product\/265050","targetHints":{"allow":["GET"]}}],"collection":[{"href":"https:\/\/mendomedical.ca\/fr\/wp-json\/wp\/v2\/product"}],"about":[{"href":"https:\/\/mendomedical.ca\/fr\/wp-json\/wp\/v2\/types\/product"}],"replies":[{"embeddable":true,"href":"https:\/\/mendomedical.ca\/fr\/wp-json\/wp\/v2\/comments?post=265050"}],"wp:featuredmedia":[{"embeddable":true,"href":"https:\/\/mendomedical.ca\/fr\/wp-json\/wp\/v2\/media\/265048"}],"wp:attachment":[{"href":"https:\/\/mendomedical.ca\/fr\/wp-json\/wp\/v2\/media?parent=265050"}],"wp:term":[{"taxonomy":"product_brand","embeddable":true,"href":"https:\/\/mendomedical.ca\/fr\/wp-json\/wp\/v2\/product_brand?post=265050"},{"taxonomy":"product_cat","embeddable":true,"href":"https:\/\/mendomedical.ca\/fr\/wp-json\/wp\/v2\/product_cat?post=265050"},{"taxonomy":"product_tag","embeddable":true,"href":"https:\/\/mendomedical.ca\/fr\/wp-json\/wp\/v2\/product_tag?post=265050"},{"taxonomy":"product_format_filter","embeddable":true,"href":"https:\/\/mendomedical.ca\/fr\/wp-json\/wp\/v2\/product_format_filter?post=265050"}],"curies":[{"name":"wp","href":"https:\/\/api.w.org\/{rel}","templated":true}]}}