{"id":264898,"date":"2025-09-05T11:50:01","date_gmt":"2025-09-05T15:50:01","guid":{"rendered":"https:\/\/mendomedical.ca\/product\/banane-au-miel\/"},"modified":"2026-01-26T10:54:00","modified_gmt":"2026-01-26T15:54:00","slug":"honey-banana-fr","status":"publish","type":"product","link":"https:\/\/mendomedical.ca\/fr\/produit\/honey-banana-fr\/","title":{"rendered":"Honey Banana"},"content":{"rendered":"","protected":false},"excerpt":{"rendered":"<div class=\"ExternalClass12DC90A30CA341FB9B6EB4DFE58AFC08\">\n<h3>Honey Banana by Six One Charlie - Cultiv\u00e9 par : Wheelchair Weed Craft Cannabis Company Ltd.<\/h3>\n<h3>Terp\u00e8nes totaux : 2,29%.<\/h3>\n<p>Honey Banana est une vari\u00e9t\u00e9 de cannabis hybride parfaitement \u00e9quilibr\u00e9e (50 % indica\/50 % sativa) \u00e9labor\u00e9e gr\u00e2ce au croisement expert des g\u00e9n\u00e9tiques Strawberry Banana et Honey Banana. Cultiv\u00e9e par Wheelchair Weed Craft Cannabis Company Ltd, cette fleur de qualit\u00e9 sup\u00e9rieure offre aux patients de cannabis m\u00e9dical un m\u00e9lange harmonieux de relaxation et de concentration, ce qui en fait un choix id\u00e9al pour une utilisation en journ\u00e9e et en soir\u00e9e. Avec des niveaux de THC allant de 21 \u00e0 27 % et des terp\u00e8nes totaux de 2,29 %, Honey Banana offre des effets constants et doux, ainsi qu&rsquo;un profil de saveur irr\u00e9sistiblement sucr\u00e9.  <\/p>\n<h4>Caract\u00e9ristiques principales et points forts du produit<\/h4>\n<ul>\n<li>Souche hybride 50% indica\/50% sativa \u00e9quilibr\u00e9e avec une teneur mod\u00e9r\u00e9e en THC (21-27%)<\/li>\n<li>Favorise des effets relaxants, concentr\u00e9s et \u00e9quilibr\u00e9s, id\u00e9aux pour les consommateurs de cannabis m\u00e9dical.<\/li>\n<li>Profil terp\u00e9nique riche \u00e0 2,29% avec des trichomes parfaitement pr\u00e9serv\u00e9s pour une puissance accrue.<\/li>\n<li>Profil de saveur douce et herbac\u00e9e avec des notes de fruits des bois, de banane et de miel.<\/li>\n<li>Format de fleurs de premi\u00e8re qualit\u00e9 cultiv\u00e9es par des producteurs artisanaux canadiens exp\u00e9riment\u00e9s<\/li>\n<\/ul>\n<h4>Saveur, ar\u00f4me et profil des terp\u00e8nes<\/h4>\n<p>Honey Banana offre une exp\u00e9rience sensorielle distinctive gr\u00e2ce \u00e0 son profil complexe de saveurs et d&rsquo;ar\u00f4mes. La souche pr\u00e9sente des saveurs principalement sucr\u00e9es et herbac\u00e9es, compl\u00e9t\u00e9es par des notes de fruits des arbres, de Banana Candy et de miel, avec un arri\u00e8re-go\u00fbt de bonbon sucr\u00e9 qui s&rsquo;intensifie lors de l&rsquo;expiration. L&rsquo;ar\u00f4me se pr\u00e9sente comme du miel amer associ\u00e9 \u00e0 des notes florales sucr\u00e9es, cr\u00e9ant un parfum invitant qui devient plus prononc\u00e9 lorsque la fleur est bris\u00e9e. Les trichomes parfaitement conserv\u00e9s assurent une r\u00e9tention optimale des terp\u00e8nes, ce qui contribue \u00e0 la saveur cors\u00e9e et au potentiel th\u00e9rapeutique de la vari\u00e9t\u00e9.   <\/p>\n<h4>Pourquoi choisir Flower ?<\/h4>\n<p>La fleur de cannabis reste le choix le plus polyvalent et le plus populaire pour les utilisateurs m\u00e9dicaux, car elle offre des effets imm\u00e9diats et un contr\u00f4le pr\u00e9cis du dosage. Les produits \u00e0 base de fleurs comme Honey Banana permettent aux patients de personnaliser leur m\u00e9thode de consommation et leur dosage tout en exp\u00e9rimentant le spectre complet des cannabino\u00efdes et des terp\u00e8nes pour des b\u00e9n\u00e9fices th\u00e9rapeutiques accrus. <\/p>\n<h4>Exp\u00e9dition dans tout le Canada<\/h4>\n<p>Honey Banana exp\u00e9die rapidement dans tout le Canada gr\u00e2ce \u00e0 notre r\u00e9seau de livraison s\u00e9curis\u00e9. Profitez de la livraison gratuite pour toutes les commandes de plus de 150 $, ce qui rend votre cannabis m\u00e9dical plus accessible et plus abordable. Notre emballage discret assure votre confidentialit\u00e9 tout en pr\u00e9servant la fra\u00eecheur du produit pendant le transport.  <\/p>\n<h4>Avantages et couverture pour les anciens combattants<\/h4>\n<p>Honey Banana est admissible \u00e0 la couverture d&rsquo;Anciens Combattants Canada (ACC) et \u00e0 la facturation directe par l&rsquo;entremise de la Croix Bleue, ce qui signifie qu&rsquo;il n&rsquo;y a pas de frais \u00e0 d\u00e9bourser pour les anciens combattants admissibles. Si vous n&rsquo;avez pas encore votre carte de cannabis m\u00e9dical, vous pouvez <a href=\"https:\/\/mendomedical.ca\/fr\/carte-medicale\/\">obtenir votre carte m\u00e9dicale gratuite rapidement et facilement<\/a> pour acc\u00e9der \u00e0 ces avantages pr\u00e9cieux et commencer votre traitement. <\/p>\n<\/div>\n","protected":false},"featured_media":264874,"comment_status":"open","ping_status":"closed","template":"","meta":{"_acf_changed":false,"site-sidebar-layout":"default","site-content-layout":"","ast-site-content-layout":"default","site-content-style":"default","site-sidebar-style":"default","ast-global-header-display":"","ast-banner-title-visibility":"","ast-main-header-display":"","ast-hfb-above-header-display":"","ast-hfb-below-header-display":"","ast-hfb-mobile-header-display":"","site-post-title":"","ast-breadcrumbs-content":"","ast-featured-img":"","footer-sml-layout":"","ast-disable-related-posts":"","theme-transparent-header-meta":"default","adv-header-id-meta":"","stick-header-meta":"","header-above-stick-meta":"","header-main-stick-meta":"","header-below-stick-meta":"","astra-migrate-meta-layouts":"set","ast-page-background-enabled":"default","ast-page-background-meta":{"desktop":{"background-color":"var(--ast-global-color-4)","background-image":"","background-repeat":"repeat","background-position":"center center","background-size":"auto","background-attachment":"scroll","background-type":"","background-media":"","overlay-type":"","overlay-color":"","overlay-opacity":"","overlay-gradient":""},"tablet":{"background-color":"","background-image":"","background-repeat":"repeat","background-position":"center center","background-size":"auto","background-attachment":"scroll","background-type":"","background-media":"","overlay-type":"","overlay-color":"","overlay-opacity":"","overlay-gradient":""},"mobile":{"background-color":"","background-image":"","background-repeat":"repeat","background-position":"center center","background-size":"auto","background-attachment":"scroll","background-type":"","background-media":"","overlay-type":"","overlay-color":"","overlay-opacity":"","overlay-gradient":""}},"ast-content-background-meta":{"desktop":{"background-color":"var(--ast-global-color-5)","background-image":"","background-repeat":"repeat","background-position":"center center","background-size":"auto","background-attachment":"scroll","background-type":"","background-media":"","overlay-type":"","overlay-color":"","overlay-opacity":"","overlay-gradient":""},"tablet":{"background-color":"var(--ast-global-color-5)","background-image":"","background-repeat":"repeat","background-position":"center center","background-size":"auto","background-attachment":"scroll","background-type":"","background-media":"","overlay-type":"","overlay-color":"","overlay-opacity":"","overlay-gradient":""},"mobile":{"background-color":"var(--ast-global-color-5)","background-image":"","background-repeat":"repeat","background-position":"center center","background-size":"auto","background-attachment":"scroll","background-type":"","background-media":"","overlay-type":"","overlay-color":"","overlay-opacity":"","overlay-gradient":""}}},"product_brand":[],"product_cat":[4801,1137],"product_tag":[],"product_format_filter":[6373],"class_list":{"0":"post-264898","1":"product","2":"type-product","3":"status-publish","4":"has-post-thumbnail","6":"product_cat-six-one-charlie-fr","7":"product_cat-fleur","8":"pa_flavours-a-base-de-plantes","9":"pa_flavours-doux","10":"pa_intensity-thc-eleve","11":"pa_intensity-low-cbg-fr","12":"pa_marques-six-one-charlie-fr","13":"pa_origin-colombie-britannique-fr","14":"pa_packaging-date-11-24-2025","15":"pa_prix-par-gramme-8-57-2","16":"pa_profil-terpene-caryophyllene","17":"pa_profil-terpene-farnesene-fr","18":"pa_profil-terpene-limonene-fr","19":"pa_profil-terpene-myrcene","20":"pa_type-de-plante-hybride-fr","21":"product_format_filter-7g","22":"desktop-align-left","23":"tablet-align-left","24":"mobile-align-left","26":"first","27":"outofstock","28":"taxable","29":"shipping-taxable","30":"purchasable","31":"product-type-simple"},"group_of_quantity":0,"min_quantity":0,"max_quantity":"","exclude_order_quantity_value_rules":"no","exclude_category_quantity_rules":"no","combine_variations":"no","acf":[],"_links":{"self":[{"href":"https:\/\/mendomedical.ca\/fr\/wp-json\/wp\/v2\/product\/264898","targetHints":{"allow":["GET"]}}],"collection":[{"href":"https:\/\/mendomedical.ca\/fr\/wp-json\/wp\/v2\/product"}],"about":[{"href":"https:\/\/mendomedical.ca\/fr\/wp-json\/wp\/v2\/types\/product"}],"replies":[{"embeddable":true,"href":"https:\/\/mendomedical.ca\/fr\/wp-json\/wp\/v2\/comments?post=264898"}],"wp:featuredmedia":[{"embeddable":true,"href":"https:\/\/mendomedical.ca\/fr\/wp-json\/wp\/v2\/media\/264874"}],"wp:attachment":[{"href":"https:\/\/mendomedical.ca\/fr\/wp-json\/wp\/v2\/media?parent=264898"}],"wp:term":[{"taxonomy":"product_brand","embeddable":true,"href":"https:\/\/mendomedical.ca\/fr\/wp-json\/wp\/v2\/product_brand?post=264898"},{"taxonomy":"product_cat","embeddable":true,"href":"https:\/\/mendomedical.ca\/fr\/wp-json\/wp\/v2\/product_cat?post=264898"},{"taxonomy":"product_tag","embeddable":true,"href":"https:\/\/mendomedical.ca\/fr\/wp-json\/wp\/v2\/product_tag?post=264898"},{"taxonomy":"product_format_filter","embeddable":true,"href":"https:\/\/mendomedical.ca\/fr\/wp-json\/wp\/v2\/product_format_filter?post=264898"}],"curies":[{"name":"wp","href":"https:\/\/api.w.org\/{rel}","templated":true}]}}