{"id":264893,"date":"2025-09-21T17:50:19","date_gmt":"2025-09-21T21:50:19","guid":{"rendered":"https:\/\/mendomedical.ca\/product\/gelato-au-citron-et-a-la-cerise\/"},"modified":"2026-03-13T13:43:55","modified_gmt":"2026-03-13T17:43:55","slug":"lemon-cherry-gelato-fr","status":"publish","type":"product","link":"https:\/\/mendomedical.ca\/fr\/produit\/lemon-cherry-gelato-fr\/","title":{"rendered":"Lemon Cherry Gelato"},"content":{"rendered":"","protected":false},"excerpt":{"rendered":"<div class=\"ExternalClassB41E4CCFF63D4BD292D289F9DCBB2BE3\">\n<h3>Lemon Cherry Gelato by Six One Charlie - Cultiv\u00e9 par : Wheelchair Weed Craft Cannabis Company Ltd.<\/h3>\n<h3>Terp\u00e8nes totaux : 2,69%.<\/h3>\n<p>D\u00e9couvrez l&rsquo;\u00e9quilibre parfait entre saveur et d\u00e9tente avec Lemon Cherry Gelato, une vari\u00e9t\u00e9 hybride \u00e0 dominance l\u00e9g\u00e8rement indica soigneusement s\u00e9lectionn\u00e9e par Six One Charlie. Cette fleur de 7 g combine les g\u00e9n\u00e9tiques de Sunset Sherbet et Girl Scout Cookies pour offrir un d\u00e9licieux profil d&rsquo;agrumes avec des nuances cr\u00e9meuses. Avec 2,69 % de terp\u00e8nes totaux, cette vari\u00e9t\u00e9 de qualit\u00e9 sup\u00e9rieure offre des effets euphorisants et exaltants qui font la transition vers une relaxation profonde, ce qui la rend id\u00e9ale pour se d\u00e9tendre apr\u00e8s une longue journ\u00e9e.<\/p>\n<h4>Principaux produits<\/h4>\n<ul>\n<li>Format premium de 7g de fleurs de la marque de confiance Six One Charlie<\/li>\n<li>Hybride \u00e0 dominance indica (60% indica\/40% sativa) aux effets \u00e9quilibr\u00e9s.<\/li>\n<li>Profil terp\u00e9nique riche \u00e0 2,69% comprenant du myrc\u00e8ne, du limon\u00e8ne et du caryophyll\u00e8ne.<\/li>\n<li>Profil aromatique complexe combinant des notes d&rsquo;agrumes, de cr\u00e8me et d&rsquo;herbes.<\/li>\n<li>D\u00e9but euphorique qui se transforme en effets relaxants et calmants<\/li>\n<\/ul>\n<h4>Saveur, ar\u00f4me et profil cannabique<\/h4>\n<p>Lemon Cherry Gelato offre une exp\u00e9rience sensorielle complexe avec des saveurs d&rsquo;agrumes et de cr\u00e8me caract\u00e9ristiques, compl\u00e9t\u00e9es par des notes subtiles de gasoil et d&rsquo;herbes. L&rsquo;ar\u00f4me pr\u00e9sente une note aigre d&rsquo;agrumes accentu\u00e9e par des baies fra\u00eeches et des framboises avec juste un soup\u00e7on de pin terreux. Cette vari\u00e9t\u00e9 est riche en myrc\u00e8ne, limon\u00e8ne et caryophyll\u00e8ne, tout en contenant \u00e9galement de petites quantit\u00e9s de cannabino\u00efdes mineurs qui contribuent \u00e0 son profil d&rsquo;effets bien \u00e9quilibr\u00e9.<\/p>\n<h4>Pourquoi choisir Flower ?<\/h4>\n<p>La fleur reste le format le plus polyvalent et le plus traditionnel pour les consommateurs de cannabis m\u00e9dical, offrant un contr\u00f4le pr\u00e9cis du dosage et des effets imm\u00e9diats. La pr\u00e9servation des terp\u00e8nes naturels dans les fleurs de qualit\u00e9 comme Lemon Cherry Gelato peut contribuer \u00e0 la relaxation et \u00e0 l&rsquo;am\u00e9lioration de l&rsquo;humeur pour ceux qui recherchent des bienfaits th\u00e9rapeutiques.<\/p>\n<h4>Exp\u00e9dition dans tout le Canada<\/h4>\n<p>Lemon Cherry Gelato est exp\u00e9di\u00e9 rapidement \u00e0 travers le Canada avec une livraison rapide et discr\u00e8te. Profitez de la livraison gratuite pour toutes les commandes de plus de 150 $, ce qui vous permet de vous approvisionner facilement en produits de cannabis m\u00e9dical pr\u00e9f\u00e9r\u00e9s dans le confort de votre foyer.<\/p>\n<h4>Avantages et couverture pour les anciens combattants<\/h4>\n<p>Lemon Cherry Gelato est admissible \u00e0 la couverture d&rsquo;ACC (Anciens Combattants Canada) et \u00e0 la facturation directe par l&rsquo;entremise de la Croix Bleue, ce qui signifie que les anciens combattants admissibles n&rsquo;ont rien \u00e0 d\u00e9bourser. Vous n&rsquo;avez pas encore votre carte m\u00e9dicale ? Obtenez votre <a href=\"https:\/\/mendomedical.ca\/fr\/carte-medicale\/\">carte m\u00e9dicale gratuite rapidement et facilement<\/a> pour acc\u00e9der \u00e0 ces avantages et commencer votre parcours avec le cannabis m\u00e9dical d\u00e8s aujourd&rsquo;hui.<\/p>\n<\/div>\n","protected":false},"featured_media":264878,"comment_status":"open","ping_status":"closed","template":"","meta":{"_acf_changed":false,"site-sidebar-layout":"default","site-content-layout":"","ast-site-content-layout":"default","site-content-style":"default","site-sidebar-style":"default","ast-global-header-display":"","ast-banner-title-visibility":"","ast-main-header-display":"","ast-hfb-above-header-display":"","ast-hfb-below-header-display":"","ast-hfb-mobile-header-display":"","site-post-title":"","ast-breadcrumbs-content":"","ast-featured-img":"","footer-sml-layout":"","ast-disable-related-posts":"","theme-transparent-header-meta":"default","adv-header-id-meta":"","stick-header-meta":"","header-above-stick-meta":"","header-main-stick-meta":"","header-below-stick-meta":"","astra-migrate-meta-layouts":"set","ast-page-background-enabled":"default","ast-page-background-meta":{"desktop":{"background-color":"var(--ast-global-color-4)","background-image":"","background-repeat":"repeat","background-position":"center center","background-size":"auto","background-attachment":"scroll","background-type":"","background-media":"","overlay-type":"","overlay-color":"","overlay-opacity":"","overlay-gradient":""},"tablet":{"background-color":"","background-image":"","background-repeat":"repeat","background-position":"center center","background-size":"auto","background-attachment":"scroll","background-type":"","background-media":"","overlay-type":"","overlay-color":"","overlay-opacity":"","overlay-gradient":""},"mobile":{"background-color":"","background-image":"","background-repeat":"repeat","background-position":"center center","background-size":"auto","background-attachment":"scroll","background-type":"","background-media":"","overlay-type":"","overlay-color":"","overlay-opacity":"","overlay-gradient":""}},"ast-content-background-meta":{"desktop":{"background-color":"var(--ast-global-color-5)","background-image":"","background-repeat":"repeat","background-position":"center center","background-size":"auto","background-attachment":"scroll","background-type":"","background-media":"","overlay-type":"","overlay-color":"","overlay-opacity":"","overlay-gradient":""},"tablet":{"background-color":"var(--ast-global-color-5)","background-image":"","background-repeat":"repeat","background-position":"center center","background-size":"auto","background-attachment":"scroll","background-type":"","background-media":"","overlay-type":"","overlay-color":"","overlay-opacity":"","overlay-gradient":""},"mobile":{"background-color":"var(--ast-global-color-5)","background-image":"","background-repeat":"repeat","background-position":"center center","background-size":"auto","background-attachment":"scroll","background-type":"","background-media":"","overlay-type":"","overlay-color":"","overlay-opacity":"","overlay-gradient":""}}},"product_brand":[],"product_cat":[4801,1137],"product_tag":[],"product_format_filter":[6373],"class_list":{"0":"post-264893","1":"product","2":"type-product","3":"status-publish","4":"has-post-thumbnail","6":"product_cat-six-one-charlie-fr","7":"product_cat-fleur","8":"pa_flavours-agrume","9":"pa_flavours-cremeux","10":"pa_flavours-gazole-diesel","11":"pa_flavours-a-base-de-plantes","12":"pa_intensity-thc-moyen","13":"pa_marques-six-one-charlie-fr","14":"pa_origin-colombie-britannique-fr","15":"pa_packaging-date-11-24-2025","16":"pa_profil-terpene-caryophyllene","17":"pa_profil-terpene-farnesene-fr","18":"pa_profil-terpene-limonene-fr","19":"pa_profil-terpene-linalol-fr","20":"pa_profil-terpene-myrcene","21":"pa_type-de-plante-hybride-fr","22":"product_format_filter-7g","23":"desktop-align-left","24":"tablet-align-left","25":"mobile-align-left","27":"first","28":"outofstock","29":"taxable","30":"shipping-taxable","31":"purchasable","32":"product-type-simple"},"group_of_quantity":0,"min_quantity":0,"max_quantity":"","exclude_order_quantity_value_rules":"no","exclude_category_quantity_rules":"no","combine_variations":"no","acf":[],"_links":{"self":[{"href":"https:\/\/mendomedical.ca\/fr\/wp-json\/wp\/v2\/product\/264893","targetHints":{"allow":["GET"]}}],"collection":[{"href":"https:\/\/mendomedical.ca\/fr\/wp-json\/wp\/v2\/product"}],"about":[{"href":"https:\/\/mendomedical.ca\/fr\/wp-json\/wp\/v2\/types\/product"}],"replies":[{"embeddable":true,"href":"https:\/\/mendomedical.ca\/fr\/wp-json\/wp\/v2\/comments?post=264893"}],"wp:featuredmedia":[{"embeddable":true,"href":"https:\/\/mendomedical.ca\/fr\/wp-json\/wp\/v2\/media\/264878"}],"wp:attachment":[{"href":"https:\/\/mendomedical.ca\/fr\/wp-json\/wp\/v2\/media?parent=264893"}],"wp:term":[{"taxonomy":"product_brand","embeddable":true,"href":"https:\/\/mendomedical.ca\/fr\/wp-json\/wp\/v2\/product_brand?post=264893"},{"taxonomy":"product_cat","embeddable":true,"href":"https:\/\/mendomedical.ca\/fr\/wp-json\/wp\/v2\/product_cat?post=264893"},{"taxonomy":"product_tag","embeddable":true,"href":"https:\/\/mendomedical.ca\/fr\/wp-json\/wp\/v2\/product_tag?post=264893"},{"taxonomy":"product_format_filter","embeddable":true,"href":"https:\/\/mendomedical.ca\/fr\/wp-json\/wp\/v2\/product_format_filter?post=264893"}],"curies":[{"name":"wp","href":"https:\/\/api.w.org\/{rel}","templated":true}]}}