{"id":264654,"date":"2025-07-11T10:25:25","date_gmt":"2025-07-11T14:25:25","guid":{"rendered":"https:\/\/mendomedical.ca\/product\/cerise-acide-smith-diamond-sauce\/"},"modified":"2025-12-04T01:18:00","modified_gmt":"2025-12-04T06:18:00","slug":"sour-cherry-smith-diamond-sauce-fr","status":"publish","type":"product","link":"https:\/\/mendomedical.ca\/fr\/produit\/sour-cherry-smith-diamond-sauce-fr\/","title":{"rendered":"Sour Cherry Smith Diamond &#038; Sauce"},"content":{"rendered":"","protected":false},"excerpt":{"rendered":"<div class=\"ExternalClassC5EDD5F4E5FF45D9AC5363F161DFAA43\">\n<h3>Sour Cherry Smith Diamond &amp; Sauce 1.2g<\/h3>\n<h3>Terp\u00e8nes totaux : 3.2%<\/h3>\n<p>D\u00e9couvrez des concentr\u00e9s de cannabis de qualit\u00e9 sup\u00e9rieure avec Sour Cherry Smith Diamond &amp; Sauce de BAM. Ce pot de 1,2 g offre une qualit\u00e9 exceptionnelle avec des diamants cristallins en suspension dans une sauce savoureuse, offrant des effets \u00e9quilibr\u00e9s et un profil de go\u00fbt authentique de verger frais. Parfait pour les utilisateurs exp\u00e9riment\u00e9s \u00e0 la recherche de concentr\u00e9s puissants et savoureux.<\/p>\n<h4>Caract\u00e9ristiques principales et points forts du produit<\/h4>\n<ul>\n<li>Diamant de premi\u00e8re qualit\u00e9 et format de concentr\u00e9 de sauce pour une puissance maximale<\/li>\n<li>Pot g\u00e9n\u00e9reux de 1,2 g offrant un excellent rapport qualit\u00e9-prix<\/li>\n<li>Effets \u00e9quilibr\u00e9s adapt\u00e9s aux diff\u00e9rentes pr\u00e9f\u00e9rences de consommation<\/li>\n<li>Terp\u00e8nes totaux : 3,2 % pour une saveur et un ar\u00f4me renforc\u00e9s<\/li>\n<li>Profil d&rsquo;ar\u00f4me d&rsquo;agrumes avec des notes uniques de fruits du verger<\/li>\n<\/ul>\n<h4>Saveurs, ar\u00f4mes et profil des terp\u00e8nes<\/h4>\n<p>Sour Cherry Smith pr\u00e9sente un profil d&rsquo;ar\u00f4me d&rsquo;agrumes distinctif, compl\u00e9t\u00e9 par des cerises douces et des pommes acides cueillies directement dans le verger. Avec 3,2 % de terp\u00e8nes totaux, ce concentr\u00e9 offre une exp\u00e9rience aromatique robuste qui se traduit magnifiquement au go\u00fbt. Le profil \u00e9quilibr\u00e9 des terp\u00e8nes contribue aux effets bien \u00e9quilibr\u00e9s de la vari\u00e9t\u00e9, ce qui la rend appropri\u00e9e pour les utilisateurs qui recherchent des exp\u00e9riences ni trop s\u00e9datives ni trop \u00e9nergisantes.<\/p>\n<h4>Pourquoi choisir les concentr\u00e9s ?<\/h4>\n<p>Les concentr\u00e9s de cannabis offrent aux utilisateurs m\u00e9dicaux un contr\u00f4le pr\u00e9cis du dosage et des effets puissants en petites quantit\u00e9s. Le format en diamant et en sauce permet d&rsquo;obtenir des effets imm\u00e9diats et durables, ce qui est id\u00e9al pour les patients qui ont besoin d&rsquo;une gestion constante des sympt\u00f4mes tout au long de la journ\u00e9e.<\/p>\n<h4>Exp\u00e9dition dans tout le Canada<\/h4>\n<p>Votre Sour Cherry Smith Diamond &amp; Sauce 1.2g est exp\u00e9di\u00e9 rapidement \u00e0 travers le Canada gr\u00e2ce \u00e0 notre service de livraison fiable. Profitez de la livraison gratuite pour toutes les commandes de plus de 150 $, ce qui vous assure de recevoir vos concentr\u00e9s de qualit\u00e9 sup\u00e9rieure de fa\u00e7on abordable et efficace.<\/p>\n<h4>Avantages et couverture pour les anciens combattants<\/h4>\n<p>Sour Cherry Smith Diamond &amp; Sauce 1.2g est admissible \u00e0 la couverture d&rsquo;ACC (Anciens Combattants Canada) avec facturation directe par l&rsquo;entremise de la Croix Bleue, ce qui signifie que les anciens combattants admissibles n&rsquo;ont pas \u00e0 d\u00e9bourser d&rsquo;argent. Si vous n&rsquo;avez pas encore votre carte m\u00e9dicale, vous pouvez <a href=\"https:\/\/mendomedical.ca\/fr\/carte-medicale\/\">l&rsquo;obtenir rapidement et facilement<\/a> pour acc\u00e9der \u00e0 ces avantages.<\/p>\n<\/div>\n","protected":false},"featured_media":264763,"comment_status":"open","ping_status":"closed","template":"","meta":{"_acf_changed":false,"site-sidebar-layout":"default","site-content-layout":"","ast-site-content-layout":"default","site-content-style":"default","site-sidebar-style":"default","ast-global-header-display":"","ast-banner-title-visibility":"","ast-main-header-display":"","ast-hfb-above-header-display":"","ast-hfb-below-header-display":"","ast-hfb-mobile-header-display":"","site-post-title":"","ast-breadcrumbs-content":"","ast-featured-img":"","footer-sml-layout":"","ast-disable-related-posts":"","theme-transparent-header-meta":"default","adv-header-id-meta":"","stick-header-meta":"","header-above-stick-meta":"","header-main-stick-meta":"","header-below-stick-meta":"","astra-migrate-meta-layouts":"set","ast-page-background-enabled":"default","ast-page-background-meta":{"desktop":{"background-color":"var(--ast-global-color-4)","background-image":"","background-repeat":"repeat","background-position":"center center","background-size":"auto","background-attachment":"scroll","background-type":"","background-media":"","overlay-type":"","overlay-color":"","overlay-opacity":"","overlay-gradient":""},"tablet":{"background-color":"","background-image":"","background-repeat":"repeat","background-position":"center center","background-size":"auto","background-attachment":"scroll","background-type":"","background-media":"","overlay-type":"","overlay-color":"","overlay-opacity":"","overlay-gradient":""},"mobile":{"background-color":"","background-image":"","background-repeat":"repeat","background-position":"center center","background-size":"auto","background-attachment":"scroll","background-type":"","background-media":"","overlay-type":"","overlay-color":"","overlay-opacity":"","overlay-gradient":""}},"ast-content-background-meta":{"desktop":{"background-color":"var(--ast-global-color-5)","background-image":"","background-repeat":"repeat","background-position":"center center","background-size":"auto","background-attachment":"scroll","background-type":"","background-media":"","overlay-type":"","overlay-color":"","overlay-opacity":"","overlay-gradient":""},"tablet":{"background-color":"var(--ast-global-color-5)","background-image":"","background-repeat":"repeat","background-position":"center center","background-size":"auto","background-attachment":"scroll","background-type":"","background-media":"","overlay-type":"","overlay-color":"","overlay-opacity":"","overlay-gradient":""},"mobile":{"background-color":"var(--ast-global-color-5)","background-image":"","background-repeat":"repeat","background-position":"center center","background-size":"auto","background-attachment":"scroll","background-type":"","background-media":"","overlay-type":"","overlay-color":"","overlay-opacity":"","overlay-gradient":""}}},"product_brand":[],"product_cat":[1120,1118],"product_tag":[],"product_format_filter":[6439],"class_list":{"0":"post-264654","1":"product","2":"type-product","3":"status-publish","4":"has-post-thumbnail","6":"product_cat-diamants","7":"product_cat-concentres","8":"pa_flavours-agrume","9":"pa_intensity-thc-eleve","10":"pa_marques-bam","11":"pa_origin-colombie-britannique-fr","12":"pa_type-de-plante-hybride-fr","13":"product_format_filter-1-2g","14":"desktop-align-left","15":"tablet-align-left","16":"mobile-align-left","18":"first","19":"outofstock","20":"taxable","21":"shipping-taxable","22":"purchasable","23":"product-type-simple"},"group_of_quantity":0,"min_quantity":0,"max_quantity":"","exclude_order_quantity_value_rules":"no","exclude_category_quantity_rules":"no","combine_variations":"no","acf":[],"_links":{"self":[{"href":"https:\/\/mendomedical.ca\/fr\/wp-json\/wp\/v2\/product\/264654","targetHints":{"allow":["GET"]}}],"collection":[{"href":"https:\/\/mendomedical.ca\/fr\/wp-json\/wp\/v2\/product"}],"about":[{"href":"https:\/\/mendomedical.ca\/fr\/wp-json\/wp\/v2\/types\/product"}],"replies":[{"embeddable":true,"href":"https:\/\/mendomedical.ca\/fr\/wp-json\/wp\/v2\/comments?post=264654"}],"wp:featuredmedia":[{"embeddable":true,"href":"https:\/\/mendomedical.ca\/fr\/wp-json\/wp\/v2\/media\/264763"}],"wp:attachment":[{"href":"https:\/\/mendomedical.ca\/fr\/wp-json\/wp\/v2\/media?parent=264654"}],"wp:term":[{"taxonomy":"product_brand","embeddable":true,"href":"https:\/\/mendomedical.ca\/fr\/wp-json\/wp\/v2\/product_brand?post=264654"},{"taxonomy":"product_cat","embeddable":true,"href":"https:\/\/mendomedical.ca\/fr\/wp-json\/wp\/v2\/product_cat?post=264654"},{"taxonomy":"product_tag","embeddable":true,"href":"https:\/\/mendomedical.ca\/fr\/wp-json\/wp\/v2\/product_tag?post=264654"},{"taxonomy":"product_format_filter","embeddable":true,"href":"https:\/\/mendomedical.ca\/fr\/wp-json\/wp\/v2\/product_format_filter?post=264654"}],"curies":[{"name":"wp","href":"https:\/\/api.w.org\/{rel}","templated":true}]}}