{"id":264295,"date":"2024-09-15T21:40:16","date_gmt":"2024-09-16T01:40:16","guid":{"rendered":"https:\/\/mendomedical.ca\/product\/luv-affair\/"},"modified":"2026-02-17T15:47:43","modified_gmt":"2026-02-17T20:47:43","slug":"luv-affair","status":"publish","type":"product","link":"https:\/\/mendomedical.ca\/fr\/produit\/luv-affair\/","title":{"rendered":"Luv Affair"},"content":{"rendered":"","protected":false},"excerpt":{"rendered":"<div class=\"ExternalClass4E3AEC0D7CAB4C6880B299244E5F09EF\">\n<h3>Luv Affair<\/h3>\n<p>Faites l&rsquo;exp\u00e9rience de la qualit\u00e9 sup\u00e9rieure de Simply Bare&rsquo;s Luv Affair, une fleur de cannabis biologique exclusive de Colombie Britannique cr\u00e9\u00e9e par Odyssey Genetics. Cette offre exceptionnelle de 7 g combine les g\u00e9n\u00e9tiques de Frosted Fruit Cake x Petrol pour offrir un m\u00e9lange unique de caract\u00e9ristiques fruit\u00e9es, skunky et gazeuses. Cultiv\u00e9e \u00e0 l&rsquo;aide de m\u00e9thodes biologiques de sol vivant et entretenue \u00e0 la main tout au long du processus de croissance, Luv Affair repr\u00e9sente le summum de la production artisanale de cannabis avec des cocottes denses et glac\u00e9es qui ne subissent jamais d&rsquo;irradiation.<\/p>\n<h4>Caract\u00e9ristiques principales<\/h4>\n<ul>\n<li>Souche exclusive Odyssey Genetics combinant Frosted Fruit Cake x Petrol genetics<\/li>\n<li>Cultiv\u00e9 dans un sol organique vivant avec des m\u00e9thodes de culture manuelles<\/li>\n<li>Des cocottes denses et givr\u00e9es avec des profils aromatiques audacieux.<\/li>\n<li>Emball\u00e9 \u00e0 la main dans un format de 7g, garantissant que seules les cocottes de qualit\u00e9 sup\u00e9rieure sont s\u00e9lectionn\u00e9es.<\/li>\n<li>Jamais irradi\u00e9, pr\u00e9servant les profils naturels de terp\u00e8nes et de cannabino\u00efdes.<\/li>\n<\/ul>\n<h4>Saveurs, ar\u00f4mes et profil des terp\u00e8nes<\/h4>\n<p>Luv Affair offre une exp\u00e9rience sensorielle complexe avec des notes fruit\u00e9es et gazeuses\/diesel prononc\u00e9es qui se traduisent de mani\u00e8re transparente de l&rsquo;ar\u00f4me au go\u00fbt. Le profil aromatique pr\u00e9sente des \u00e9l\u00e9ments distincts de fruits, de skunk et de gaz qui remplissent la pi\u00e8ce de senteurs audacieuses et m\u00e9morables. Le profil terp\u00e9nique est domin\u00e9 par le farn\u00e9s\u00e8ne, le limon\u00e8ne et le trans-caryophyll\u00e8ne, qui contribuent \u00e0 la fois au caract\u00e8re distinctif de la vari\u00e9t\u00e9 et \u00e0 ses effets relaxants potentiels.<\/p>\n<h4>Pourquoi choisir Flower ?<\/h4>\n<p>La fleur de cannabis offre aux utilisateurs m\u00e9dicaux la m\u00e9thode de consommation la plus polyvalente, avec un effet imm\u00e9diat et un contr\u00f4le pr\u00e9cis du dosage. Le spectre complet des cannabino\u00efdes et des terp\u00e8nes contenus dans les fleurs de qualit\u00e9 sup\u00e9rieure comme Luv Affair peut contribuer \u00e0 la relaxation et au bien-\u00eatre g\u00e9n\u00e9ral des patients qui consomment du cannabis \u00e0 des fins m\u00e9dicales.<\/p>\n<h4>Exp\u00e9dition dans tout le Canada<\/h4>\n<p>Luv Affair livre rapidement \u00e0 travers le Canada gr\u00e2ce \u00e0 notre r\u00e9seau de livraison s\u00e9curis\u00e9. Profitez de notre offre de livraison gratuite pour les commandes de plus de 150 $, en apportant du cannabis biologique de premi\u00e8re qualit\u00e9 de la Colombie-Britannique directement \u00e0 votre porte avec un service fiable et discret.<\/p>\n<h4>Avantages et couverture pour les anciens combattants<\/h4>\n<p>Luv Affair est admissible \u00e0 la couverture d&rsquo;Anciens Combattants Canada (ACC) et \u00e0 la facturation directe par l&rsquo;entremise de la Croix Bleue, ce qui permet aux anciens combattants admissibles de n&rsquo;avoir aucuns frais \u00e0 d\u00e9bourser. Si vous n&rsquo;avez pas encore de carte m\u00e9dicale, vous pouvez <a href=\"https:\/\/mendomedical.ca\/fr\/carte-medicale\/\">obtenir votre carte m\u00e9dicale gratuite rapidement et facilement<\/a> pour acc\u00e9der \u00e0 ces avantages et options de couverture pr\u00e9cieux.<\/p>\n<\/div>\n","protected":false},"featured_media":264291,"comment_status":"open","ping_status":"closed","template":"","meta":{"_acf_changed":false,"site-sidebar-layout":"default","site-content-layout":"","ast-site-content-layout":"default","site-content-style":"default","site-sidebar-style":"default","ast-global-header-display":"","ast-banner-title-visibility":"","ast-main-header-display":"","ast-hfb-above-header-display":"","ast-hfb-below-header-display":"","ast-hfb-mobile-header-display":"","site-post-title":"","ast-breadcrumbs-content":"","ast-featured-img":"","footer-sml-layout":"","ast-disable-related-posts":"","theme-transparent-header-meta":"default","adv-header-id-meta":"","stick-header-meta":"","header-above-stick-meta":"","header-main-stick-meta":"","header-below-stick-meta":"","astra-migrate-meta-layouts":"set","ast-page-background-enabled":"default","ast-page-background-meta":{"desktop":{"background-color":"var(--ast-global-color-4)","background-image":"","background-repeat":"repeat","background-position":"center center","background-size":"auto","background-attachment":"scroll","background-type":"","background-media":"","overlay-type":"","overlay-color":"","overlay-opacity":"","overlay-gradient":""},"tablet":{"background-color":"","background-image":"","background-repeat":"repeat","background-position":"center center","background-size":"auto","background-attachment":"scroll","background-type":"","background-media":"","overlay-type":"","overlay-color":"","overlay-opacity":"","overlay-gradient":""},"mobile":{"background-color":"","background-image":"","background-repeat":"repeat","background-position":"center center","background-size":"auto","background-attachment":"scroll","background-type":"","background-media":"","overlay-type":"","overlay-color":"","overlay-opacity":"","overlay-gradient":""}},"ast-content-background-meta":{"desktop":{"background-color":"var(--ast-global-color-5)","background-image":"","background-repeat":"repeat","background-position":"center center","background-size":"auto","background-attachment":"scroll","background-type":"","background-media":"","overlay-type":"","overlay-color":"","overlay-opacity":"","overlay-gradient":""},"tablet":{"background-color":"var(--ast-global-color-5)","background-image":"","background-repeat":"repeat","background-position":"center center","background-size":"auto","background-attachment":"scroll","background-type":"","background-media":"","overlay-type":"","overlay-color":"","overlay-opacity":"","overlay-gradient":""},"mobile":{"background-color":"var(--ast-global-color-5)","background-image":"","background-repeat":"repeat","background-position":"center center","background-size":"auto","background-attachment":"scroll","background-type":"","background-media":"","overlay-type":"","overlay-color":"","overlay-opacity":"","overlay-gradient":""}}},"product_brand":[],"product_cat":[1137],"product_tag":[],"product_format_filter":[6373],"class_list":{"0":"post-264295","1":"product","2":"type-product","3":"status-publish","4":"has-post-thumbnail","6":"product_cat-fleur","7":"pa_flavours-fruite","8":"pa_flavours-gazole-diesel","9":"pa_intensity-low-thcv-fr","10":"pa_intensity-thc-eleve","11":"pa_intensity-low-cbc-fr","12":"pa_intensity-low-cbg-fr","13":"pa_marques-simply-bare-organic-fr","14":"pa_origin-colombie-britannique-fr","15":"pa_packaging-date-02-2026","16":"pa_type-de-plante-hybride-indica-fr","17":"product_format_filter-7g","18":"desktop-align-left","19":"tablet-align-left","20":"mobile-align-left","22":"first","23":"outofstock","24":"taxable","25":"shipping-taxable","26":"purchasable","27":"product-type-simple"},"group_of_quantity":0,"min_quantity":0,"max_quantity":"","exclude_order_quantity_value_rules":"no","exclude_category_quantity_rules":"no","combine_variations":"no","acf":[],"_links":{"self":[{"href":"https:\/\/mendomedical.ca\/fr\/wp-json\/wp\/v2\/product\/264295","targetHints":{"allow":["GET"]}}],"collection":[{"href":"https:\/\/mendomedical.ca\/fr\/wp-json\/wp\/v2\/product"}],"about":[{"href":"https:\/\/mendomedical.ca\/fr\/wp-json\/wp\/v2\/types\/product"}],"replies":[{"embeddable":true,"href":"https:\/\/mendomedical.ca\/fr\/wp-json\/wp\/v2\/comments?post=264295"}],"wp:featuredmedia":[{"embeddable":true,"href":"https:\/\/mendomedical.ca\/fr\/wp-json\/wp\/v2\/media\/264291"}],"wp:attachment":[{"href":"https:\/\/mendomedical.ca\/fr\/wp-json\/wp\/v2\/media?parent=264295"}],"wp:term":[{"taxonomy":"product_brand","embeddable":true,"href":"https:\/\/mendomedical.ca\/fr\/wp-json\/wp\/v2\/product_brand?post=264295"},{"taxonomy":"product_cat","embeddable":true,"href":"https:\/\/mendomedical.ca\/fr\/wp-json\/wp\/v2\/product_cat?post=264295"},{"taxonomy":"product_tag","embeddable":true,"href":"https:\/\/mendomedical.ca\/fr\/wp-json\/wp\/v2\/product_tag?post=264295"},{"taxonomy":"product_format_filter","embeddable":true,"href":"https:\/\/mendomedical.ca\/fr\/wp-json\/wp\/v2\/product_format_filter?post=264295"}],"curies":[{"name":"wp","href":"https:\/\/api.w.org\/{rel}","templated":true}]}}