{"id":264294,"date":"2025-09-17T16:04:49","date_gmt":"2025-09-17T20:04:49","guid":{"rendered":"https:\/\/mendomedical.ca\/product\/zoap-noir\/"},"modified":"2026-03-07T15:33:42","modified_gmt":"2026-03-07T20:33:42","slug":"black-zoap-fr","status":"publish","type":"product","link":"https:\/\/mendomedical.ca\/fr\/produit\/black-zoap-fr\/","title":{"rendered":"Black Zoap"},"content":{"rendered":"","protected":false},"excerpt":{"rendered":"<div class=\"ExternalClassF5DAF9D6A2C7404C957866669B858325\">\n<h3>Black Zoap<\/h3>\n<h3>Terp\u00e8nes totaux : 3,66%.<\/h3>\n<p>Black Zoap de Simply Bare pr\u00e9sente une fleur hybride indica sophistiqu\u00e9e \u00e9labor\u00e9e \u00e0 partir du croisement g\u00e9n\u00e9tique unique de Rainbow Sherbet et de Pink Guava. Ce format de 7g offre une exp\u00e9rience sensorielle complexe avec son m\u00e9lange distinctif de caract\u00e9ristiques sucr\u00e9es, savonneuses et gazeuses. S\u00e9lectionn\u00e9e par Odyssey Genetics et cultiv\u00e9e dans le sol vivant organique de la Colombie-Britannique, Black Zoap offre aux consommateurs de cannabis m\u00e9dical une option de fleur de premi\u00e8re qualit\u00e9 avec des profils de saveur robustes et des effets calmants.  <\/p>\n<h4>Caract\u00e9ristiques principales<\/h4>\n<ul>\n<li>Souche hybride indica combinant les g\u00e9n\u00e9tiques Rainbow Sherbet et Pink Guava<\/li>\n<li>Cultiv\u00e9 biologiquement dans un sol vivant et entretenu \u00e0 la main pour une qualit\u00e9 optimale<\/li>\n<li>Profil de saveur complexe avec des notes de gazole \u00e9quilibr\u00e9es par des nuances sucr\u00e9es.<\/li>\n<li>Conditionn\u00e9 dans des pots en verre de premi\u00e8re qualit\u00e9 pour pr\u00e9server la fra\u00eecheur et l&rsquo;efficacit\u00e9.<\/li>\n<li>Peut favoriser des effets calmes, gigantesques et lourds pour la relaxation.<\/li>\n<\/ul>\n<h4>Saveurs, ar\u00f4mes, profils des cannabino\u00efdes et des terp\u00e8nes<\/h4>\n<p>Black Zoap pr\u00e9sente une combinaison distinctive de diesel gazeux et de notes sucr\u00e9es qui se traduisent magnifiquement de l&rsquo;ar\u00f4me au go\u00fbt. Le profil aromatique pr\u00e9sente des caract\u00e9ristiques sucr\u00e9es, savonneuses et gazeuses qui cr\u00e9ent une exp\u00e9rience olfactive unique. La composition en terp\u00e8nes comprend du trans-caryophyll\u00e8ne, du limon\u00e8ne et du farn\u00e9s\u00e8ne, qui contribuent \u00e0 la fois au profil aromatique complexe de la vari\u00e9t\u00e9 et \u00e0 ses propri\u00e9t\u00e9s th\u00e9rapeutiques potentielles. Ces terp\u00e8nes agissent en synergie pour produire les effets calmes, giggly et cors\u00e9s caract\u00e9ristiques de la vari\u00e9t\u00e9.   <\/p>\n<h4>Pourquoi choisir la fleur<\/h4>\n<p>La fleur reste le format de cannabis le plus polyvalent pour les utilisateurs m\u00e9dicaux, offrant un contr\u00f4le pr\u00e9cis du dosage et une apparition imm\u00e9diate des effets. La pr\u00e9servation des terp\u00e8nes naturels dans la fleur de qualit\u00e9 sup\u00e9rieure comme Black Zoap peut aider \u00e0 soutenir la relaxation et le soulagement du stress tout en fournissant l&rsquo;effet d&rsquo;entourage complet. <\/p>\n<h4>Exp\u00e9dition dans tout le Canada<\/h4>\n<p>Black Zoap exp\u00e9die rapidement \u00e0 travers le Canada gr\u00e2ce \u00e0 notre r\u00e9seau de livraison fiable. Nous offrons une livraison gratuite pour toutes les commandes de plus de 150 $, assurant ainsi un acc\u00e8s pratique \u00e0 vos besoins en cannabis m\u00e9dical d&rsquo;un oc\u00e9an \u00e0 l&rsquo;autre. <\/p>\n<h4>Avantages et couverture pour les anciens combattants<\/h4>\n<p>Black Zoap est admissible \u00e0 la couverture d&rsquo;ACC (Anciens Combattants Canada) et \u00e0 la facturation directe par l&rsquo;entremise de la Croix Bleue, ce qui signifie qu&rsquo;il n&rsquo;y a pas de frais \u00e0 d\u00e9bourser pour les anciens combattants admissibles. Si vous n&rsquo;avez pas encore votre carte de cannabis m\u00e9dical, vous pouvez obtenir votre <a href=\"https:\/\/mendomedical.ca\/fr\/carte-medicale\/\">carte m\u00e9dicale gratuite rapidement et facilement<\/a> pour acc\u00e9der \u00e0 ces avantages et commencer votre traitement. <\/p>\n<\/div>\n","protected":false},"featured_media":264293,"comment_status":"open","ping_status":"closed","template":"","meta":{"_acf_changed":false,"site-sidebar-layout":"default","site-content-layout":"","ast-site-content-layout":"default","site-content-style":"default","site-sidebar-style":"default","ast-global-header-display":"","ast-banner-title-visibility":"","ast-main-header-display":"","ast-hfb-above-header-display":"","ast-hfb-below-header-display":"","ast-hfb-mobile-header-display":"","site-post-title":"","ast-breadcrumbs-content":"","ast-featured-img":"","footer-sml-layout":"","ast-disable-related-posts":"","theme-transparent-header-meta":"default","adv-header-id-meta":"","stick-header-meta":"","header-above-stick-meta":"","header-main-stick-meta":"","header-below-stick-meta":"","astra-migrate-meta-layouts":"set","ast-page-background-enabled":"default","ast-page-background-meta":{"desktop":{"background-color":"var(--ast-global-color-4)","background-image":"","background-repeat":"repeat","background-position":"center center","background-size":"auto","background-attachment":"scroll","background-type":"","background-media":"","overlay-type":"","overlay-color":"","overlay-opacity":"","overlay-gradient":""},"tablet":{"background-color":"","background-image":"","background-repeat":"repeat","background-position":"center center","background-size":"auto","background-attachment":"scroll","background-type":"","background-media":"","overlay-type":"","overlay-color":"","overlay-opacity":"","overlay-gradient":""},"mobile":{"background-color":"","background-image":"","background-repeat":"repeat","background-position":"center center","background-size":"auto","background-attachment":"scroll","background-type":"","background-media":"","overlay-type":"","overlay-color":"","overlay-opacity":"","overlay-gradient":""}},"ast-content-background-meta":{"desktop":{"background-color":"var(--ast-global-color-5)","background-image":"","background-repeat":"repeat","background-position":"center center","background-size":"auto","background-attachment":"scroll","background-type":"","background-media":"","overlay-type":"","overlay-color":"","overlay-opacity":"","overlay-gradient":""},"tablet":{"background-color":"var(--ast-global-color-5)","background-image":"","background-repeat":"repeat","background-position":"center center","background-size":"auto","background-attachment":"scroll","background-type":"","background-media":"","overlay-type":"","overlay-color":"","overlay-opacity":"","overlay-gradient":""},"mobile":{"background-color":"var(--ast-global-color-5)","background-image":"","background-repeat":"repeat","background-position":"center center","background-size":"auto","background-attachment":"scroll","background-type":"","background-media":"","overlay-type":"","overlay-color":"","overlay-opacity":"","overlay-gradient":""}}},"product_brand":[],"product_cat":[1137],"product_tag":[],"product_format_filter":[6373],"class_list":{"0":"post-264294","1":"product","2":"type-product","3":"status-publish","4":"has-post-thumbnail","6":"product_cat-fleur","7":"pa_flavours-gazole-diesel","8":"pa_flavours-doux","9":"pa_intensity-thc-eleve","10":"pa_marques-simply-bare-organic-fr","11":"pa_origin-colombie-britannique-fr","12":"pa_packaging-date-02-04-2026","13":"pa_prix-par-gramme-928-fr","14":"pa_type-de-plante-hybride-indica-fr","15":"product_format_filter-7g","16":"desktop-align-left","17":"tablet-align-left","18":"mobile-align-left","20":"first","21":"outofstock","22":"taxable","23":"shipping-taxable","24":"purchasable","25":"product-type-simple"},"group_of_quantity":0,"min_quantity":0,"max_quantity":"","exclude_order_quantity_value_rules":"no","exclude_category_quantity_rules":"no","combine_variations":"no","acf":[],"_links":{"self":[{"href":"https:\/\/mendomedical.ca\/fr\/wp-json\/wp\/v2\/product\/264294","targetHints":{"allow":["GET"]}}],"collection":[{"href":"https:\/\/mendomedical.ca\/fr\/wp-json\/wp\/v2\/product"}],"about":[{"href":"https:\/\/mendomedical.ca\/fr\/wp-json\/wp\/v2\/types\/product"}],"replies":[{"embeddable":true,"href":"https:\/\/mendomedical.ca\/fr\/wp-json\/wp\/v2\/comments?post=264294"}],"wp:featuredmedia":[{"embeddable":true,"href":"https:\/\/mendomedical.ca\/fr\/wp-json\/wp\/v2\/media\/264293"}],"wp:attachment":[{"href":"https:\/\/mendomedical.ca\/fr\/wp-json\/wp\/v2\/media?parent=264294"}],"wp:term":[{"taxonomy":"product_brand","embeddable":true,"href":"https:\/\/mendomedical.ca\/fr\/wp-json\/wp\/v2\/product_brand?post=264294"},{"taxonomy":"product_cat","embeddable":true,"href":"https:\/\/mendomedical.ca\/fr\/wp-json\/wp\/v2\/product_cat?post=264294"},{"taxonomy":"product_tag","embeddable":true,"href":"https:\/\/mendomedical.ca\/fr\/wp-json\/wp\/v2\/product_tag?post=264294"},{"taxonomy":"product_format_filter","embeddable":true,"href":"https:\/\/mendomedical.ca\/fr\/wp-json\/wp\/v2\/product_format_filter?post=264294"}],"curies":[{"name":"wp","href":"https:\/\/api.w.org\/{rel}","templated":true}]}}