{"id":264289,"date":"2025-09-05T18:28:47","date_gmt":"2025-09-05T22:28:47","guid":{"rendered":"https:\/\/mendomedical.ca\/product\/comatose-fse-resine-tout-en-un-vape\/"},"modified":"2026-03-18T12:30:35","modified_gmt":"2026-03-18T16:30:35","slug":"comatose-fse-resine-tout-en-un-vape","status":"publish","type":"product","link":"https:\/\/mendomedical.ca\/fr\/produit\/comatose-fse-resine-tout-en-un-vape\/","title":{"rendered":"Comatose FSE R\u00e9sine Tout-en-Un Vape"},"content":{"rendered":"","protected":false},"excerpt":{"rendered":"<div class=\"ExternalClass699EFC3FDA3C48ADBD04A950700AD7C5\">\n<h3>Comatose FSE R\u00e9sine Tout-en-Un Vape de 1964<\/h3>\n<h3>Terp\u00e8nes totaux : 3-4%.<\/h3>\n<p>Faites l&rsquo;exp\u00e9rience de la puissante relaxation de l&rsquo;indica pr\u00e9f\u00e9r\u00e9e des Canadiens avec la Comatose FSE Resin All-In-One Vape de 1964. Cette vape de 0,5 g combine une technologie d&rsquo;extraction \u00e0 spectre complet avec un mat\u00e9riel tout-en-un pratique, d\u00e9livrant les effets s\u00e9datifs de la g\u00e9n\u00e9tique OG Kush dans un format portable et pr\u00eat \u00e0 l&#8217;emploi. Avec 3-4% de terp\u00e8nes totaux, ce concentr\u00e9 offre une exp\u00e9rience savoureuse et lourde, parfaite pour une utilisation en soir\u00e9e et une relaxation profonde.<\/p>\n<h4>Caract\u00e9ristiques principales et points forts du produit<\/h4>\n<ul>\n<li>La r\u00e9sine d&rsquo;extraction \u00e0 spectre complet (FSE) pr\u00e9serve le profil complet des cannabino\u00efdes et des terp\u00e8nes.<\/li>\n<li>Le format pratique de 0,5 g tout-en-un ne n\u00e9cessite aucun mat\u00e9riel suppl\u00e9mentaire.<\/li>\n<li>La teneur \u00e9lev\u00e9e en terp\u00e8nes (3-4%) permet d&rsquo;am\u00e9liorer la saveur et les effets d&rsquo;entourage potentiels.<\/li>\n<li>La g\u00e9n\u00e9tique OG Kush offre une relaxation indica classique et des propri\u00e9t\u00e9s s\u00e9datives.<\/li>\n<li>Conception portative parfaite pour une utilisation m\u00e9dicale discr\u00e8te en d\u00e9placement<\/li>\n<\/ul>\n<h4>Saveur, ar\u00f4me et profil des terp\u00e8nes<\/h4>\n<p>La vape Comatose offre un profil d&rsquo;ar\u00f4me de cannabis classique avec des notes sucr\u00e9es et terreuses qui refl\u00e8tent son h\u00e9ritage OG Kush. L&rsquo;ar\u00f4me pr\u00e9sente de riches caract\u00e9ristiques terreuses et kushy que les amateurs d&rsquo;indica reconna\u00eetront et appr\u00e9cieront.<\/p>\n<p>Cette r\u00e9sine \u00e0 spectre complet contient un m\u00e9lange de terp\u00e8nes soigneusement pr\u00e9serv\u00e9 comprenant du trans-caryophyll\u00e8ne, de l&rsquo;alpha-bisabolol, du limon\u00e8ne et de l&rsquo;alpha-humul\u00e8ne. Ces compos\u00e9s naturels travaillent ensemble pour cr\u00e9er le profil sensoriel distinctif de la souche tout en soutenant potentiellement les effets d\u00e9tendus, calmes et s\u00e9datifs associ\u00e9s \u00e0 cette dominance indica.<\/p>\n<h4>Pourquoi choisir Vapes ?<\/h4>\n<p>Les vaporisateurs offrent aux consommateurs de cannabis m\u00e9dical un contr\u00f4le pr\u00e9cis du dosage et une apparition rapide des effets, ce qui les rend id\u00e9aux pour g\u00e9rer les sympt\u00f4mes qui n\u00e9cessitent un soulagement imm\u00e9diat. La nature portable des vaporisateurs tout-en-un offre discr\u00e9tion et commodit\u00e9 aux patients qui ont besoin d&rsquo;un acc\u00e8s constant \u00e0 leurs m\u00e9dicaments tout au long de la journ\u00e9e.<\/p>\n<h4>Exp\u00e9dition dans tout le Canada<\/h4>\n<p>Le Comatose FSE Resin All-In-One Vape est exp\u00e9di\u00e9 rapidement \u00e0 travers le Canada gr\u00e2ce \u00e0 notre r\u00e9seau de livraison national. Nous offrons une livraison gratuite pour toutes les commandes de plus de 150 $, assurant ainsi un acc\u00e8s pratique \u00e0 vos produits de cannabis m\u00e9dical, peu importe o\u00f9 vous vous trouvez.<\/p>\n<h4>Avantages et couverture pour les anciens combattants<\/h4>\n<p>Le Comatose FSE Resin All-In-One Vape est admissible \u00e0 la couverture d&rsquo;Anciens Combattants Canada (ACC) et \u00e0 la facturation directe par l&rsquo;entremise de la Croix Bleue, ce qui signifie que les anciens combattants admissibles peuvent avoir acc\u00e8s \u00e0 ce produit sans avoir \u00e0 d\u00e9bourser quoi que ce soit. Si vous n&rsquo;avez pas encore de carte de cannabis m\u00e9dical, vous pouvez <a href=\"https:\/\/mendomedical.ca\/fr\/carte-medicale\/\">obtenir votre carte m\u00e9dicale gratuite rapidement et facilement<\/a> pour acc\u00e9der \u00e0 ces avantages et commencer votre traitement.<\/p>\n<\/div>\n","protected":false},"featured_media":264283,"comment_status":"open","ping_status":"closed","template":"","meta":{"_acf_changed":false,"site-sidebar-layout":"default","site-content-layout":"","ast-site-content-layout":"default","site-content-style":"default","site-sidebar-style":"default","ast-global-header-display":"","ast-banner-title-visibility":"","ast-main-header-display":"","ast-hfb-above-header-display":"","ast-hfb-below-header-display":"","ast-hfb-mobile-header-display":"","site-post-title":"","ast-breadcrumbs-content":"","ast-featured-img":"","footer-sml-layout":"","ast-disable-related-posts":"","theme-transparent-header-meta":"default","adv-header-id-meta":"","stick-header-meta":"","header-above-stick-meta":"","header-main-stick-meta":"","header-below-stick-meta":"","astra-migrate-meta-layouts":"set","ast-page-background-enabled":"default","ast-page-background-meta":{"desktop":{"background-color":"var(--ast-global-color-4)","background-image":"","background-repeat":"repeat","background-position":"center center","background-size":"auto","background-attachment":"scroll","background-type":"","background-media":"","overlay-type":"","overlay-color":"","overlay-opacity":"","overlay-gradient":""},"tablet":{"background-color":"","background-image":"","background-repeat":"repeat","background-position":"center center","background-size":"auto","background-attachment":"scroll","background-type":"","background-media":"","overlay-type":"","overlay-color":"","overlay-opacity":"","overlay-gradient":""},"mobile":{"background-color":"","background-image":"","background-repeat":"repeat","background-position":"center center","background-size":"auto","background-attachment":"scroll","background-type":"","background-media":"","overlay-type":"","overlay-color":"","overlay-opacity":"","overlay-gradient":""}},"ast-content-background-meta":{"desktop":{"background-color":"var(--ast-global-color-5)","background-image":"","background-repeat":"repeat","background-position":"center center","background-size":"auto","background-attachment":"scroll","background-type":"","background-media":"","overlay-type":"","overlay-color":"","overlay-opacity":"","overlay-gradient":""},"tablet":{"background-color":"var(--ast-global-color-5)","background-image":"","background-repeat":"repeat","background-position":"center center","background-size":"auto","background-attachment":"scroll","background-type":"","background-media":"","overlay-type":"","overlay-color":"","overlay-opacity":"","overlay-gradient":""},"mobile":{"background-color":"var(--ast-global-color-5)","background-image":"","background-repeat":"repeat","background-position":"center center","background-size":"auto","background-attachment":"scroll","background-type":"","background-media":"","overlay-type":"","overlay-color":"","overlay-opacity":"","overlay-gradient":""}}},"product_brand":[],"product_cat":[1163,1530,1159,1161],"product_tag":[],"product_format_filter":[6374],"class_list":{"0":"post-264289","1":"product","2":"type-product","3":"status-publish","4":"has-post-thumbnail","6":"product_cat-cured-et-resine-vivante-fr","7":"product_cat-spectre-complet1","8":"product_cat-vapoteuses","9":"product_cat-tout-en-un","10":"pa_flavours-doux","11":"pa_flavours-terreux","12":"pa_intensity-thc-eleve","13":"pa_marques-1964-fr","14":"pa_origin-colombie-britannique-fr","15":"pa_profil-terpene-bisabolol-fr","16":"pa_profil-terpene-caryophyllene","17":"pa_profil-terpene-humulene-fr","18":"pa_profil-terpene-linalol-fr","19":"pa_profil-terpene-myrcene","20":"pa_type-de-plante-indica-fr","21":"product_format_filter-0-5g","22":"desktop-align-left","23":"tablet-align-left","24":"mobile-align-left","26":"first","27":"instock","28":"taxable","29":"shipping-taxable","30":"purchasable","31":"product-type-simple"},"group_of_quantity":0,"min_quantity":0,"max_quantity":"","exclude_order_quantity_value_rules":"no","exclude_category_quantity_rules":"no","combine_variations":"no","acf":[],"_links":{"self":[{"href":"https:\/\/mendomedical.ca\/fr\/wp-json\/wp\/v2\/product\/264289","targetHints":{"allow":["GET"]}}],"collection":[{"href":"https:\/\/mendomedical.ca\/fr\/wp-json\/wp\/v2\/product"}],"about":[{"href":"https:\/\/mendomedical.ca\/fr\/wp-json\/wp\/v2\/types\/product"}],"replies":[{"embeddable":true,"href":"https:\/\/mendomedical.ca\/fr\/wp-json\/wp\/v2\/comments?post=264289"}],"wp:featuredmedia":[{"embeddable":true,"href":"https:\/\/mendomedical.ca\/fr\/wp-json\/wp\/v2\/media\/264283"}],"wp:attachment":[{"href":"https:\/\/mendomedical.ca\/fr\/wp-json\/wp\/v2\/media?parent=264289"}],"wp:term":[{"taxonomy":"product_brand","embeddable":true,"href":"https:\/\/mendomedical.ca\/fr\/wp-json\/wp\/v2\/product_brand?post=264289"},{"taxonomy":"product_cat","embeddable":true,"href":"https:\/\/mendomedical.ca\/fr\/wp-json\/wp\/v2\/product_cat?post=264289"},{"taxonomy":"product_tag","embeddable":true,"href":"https:\/\/mendomedical.ca\/fr\/wp-json\/wp\/v2\/product_tag?post=264289"},{"taxonomy":"product_format_filter","embeddable":true,"href":"https:\/\/mendomedical.ca\/fr\/wp-json\/wp\/v2\/product_format_filter?post=264289"}],"curies":[{"name":"wp","href":"https:\/\/api.w.org\/{rel}","templated":true}]}}