{"id":263916,"date":"2025-08-15T15:35:55","date_gmt":"2025-08-15T19:35:55","guid":{"rendered":"https:\/\/mendomedical.ca\/product\/chemical-candy-live-rosin-rosine-vivante\/"},"modified":"2026-01-14T11:07:50","modified_gmt":"2026-01-14T16:07:50","slug":"chemical-candy-live-rosin-fr","status":"publish","type":"product","link":"https:\/\/mendomedical.ca\/fr\/produit\/chemical-candy-live-rosin-fr\/","title":{"rendered":"Chemical Candy Live Rosin (Rosine vivante)"},"content":{"rendered":"","protected":false},"excerpt":{"rendered":"<div class=\"ExternalClass9295C670E41B4EABB07AC670FE399730\">\n<h3>Chemical Candy Live Rosin (Rosine vivante)<\/h3>\n<h3>Terp\u00e8nes totaux : 11,67%.<\/h3>\n<p>Chemical Candy Live Rosin offre une exp\u00e9rience de concentr\u00e9 de premi\u00e8re qualit\u00e9 gr\u00e2ce \u00e0 son m\u00e9lange distinctif de g\u00e9n\u00e9tiques Chemdawg et Gassy Taffy. Cet hybride \u00e0 dominance sativa offre un impressionnant 11,67% de terp\u00e8nes totaux, fournissant un concentr\u00e9 puissant et savoureux qui combine des notes de diesel gazeux avec de d\u00e9licieuses nuances sucr\u00e9es. Parfait pour les consommateurs de cannabis m\u00e9dical \u00e0 la recherche d&rsquo;une exp\u00e9rience lucide et stimulante dans un format pratique de 1g.  <\/p>\n<h4>Caract\u00e9ristiques principales<\/h4>\n<ul>\n<li>La m\u00e9thode d&rsquo;extraction de la rosine vivante sans solvant de premi\u00e8re qualit\u00e9 permet de pr\u00e9server une teneur maximale en terp\u00e8nes.<\/li>\n<li>Profil terp\u00e9nique \u00e9lev\u00e9 \u00e0 11,67 % pour une saveur et des effets am\u00e9lior\u00e9s<\/li>\n<li>Hybride \u00e0 dominante sativa id\u00e9al pour la journ\u00e9e et les activit\u00e9s cr\u00e9atives<\/li>\n<li>G\u00e9n\u00e9tique unique Chemdawg x Gassy Taffy offrant un profil de saveur doux et gazeux distinctif.<\/li>\n<li>Concentr\u00e9 de source unique garantissant une qualit\u00e9 et une puret\u00e9 constantes<\/li>\n<\/ul>\n<h4>Saveur, ar\u00f4me et profil des terp\u00e8nes<\/h4>\n<p>Chemical Candy Live Rosin pr\u00e9sente un profil aromatique complexe qui \u00e9quilibre parfaitement les notes de diesel gazeux avec des nuances sucr\u00e9es, semblables \u00e0 celles d&rsquo;un bonbon. L&rsquo;ar\u00f4me refl\u00e8te ces saveurs avec des caract\u00e9ristiques gazeuses et sucr\u00e9es pro\u00e9minentes qui sont imm\u00e9diatement reconnaissables \u00e0 l&rsquo;ouverture. <\/p>\n<p>Le profil terp\u00e9nique est domin\u00e9 par le caryophyll\u00e8ne, le myrc\u00e8ne et le limon\u00e8ne, qui contribuent \u00e0 la fois \u00e0 la saveur distinctive et aux effets potentiels du concentr\u00e9. Cette combinaison peut favoriser les sentiments d&rsquo;euphorie et de clart\u00e9 mentale tout en maintenant une exp\u00e9rience stimulante et concentr\u00e9e, id\u00e9ale pour les activit\u00e9s cr\u00e9atives. <\/p>\n<h4>Pourquoi choisir les concentr\u00e9s ?<\/h4>\n<p>Les concentr\u00e9s tels que Chemical Candy Live Rosin offrent aux consommateurs de cannabis m\u00e9dical un contr\u00f4le pr\u00e9cis du dosage et une apparition rapide des effets. La teneur \u00e9lev\u00e9e en terp\u00e8nes et le profil puissant des cannabino\u00efdes font des concentr\u00e9s un choix efficace pour ceux qui ont besoin d&rsquo;avantages th\u00e9rapeutiques plus importants en plus petites quantit\u00e9s. <\/p>\n<h4>Exp\u00e9dition dans tout le Canada<\/h4>\n<p>Chemical Candy Live Rosin est exp\u00e9di\u00e9 rapidement \u00e0 travers le Canada avec une livraison rapide et discr\u00e8te \u00e0 votre porte. Nous offrons une livraison gratuite pour toutes les commandes de plus de 150 $, ce qui rend pratique et abordable l&rsquo;acc\u00e8s \u00e0 vos concentr\u00e9s de cannabis m\u00e9dical dans tout le pays. <\/p>\n<h4>Avantages et couverture pour les anciens combattants<\/h4>\n<p>Chemical Candy Live Rosin est admissible \u00e0 la couverture d&rsquo;ACC (Anciens Combattants Canada) et \u00e0 la facturation directe par l&rsquo;entremise de la Croix Bleue, ce qui fait en sorte que les anciens combattants admissibles n&rsquo;ont aucuns frais \u00e0 d\u00e9bourser. Si vous n&rsquo;avez pas encore votre carte m\u00e9dicale, vous pouvez <a href=\"https:\/\/mendomedical.ca\/fr\/carte-medicale\/\">l&rsquo;obtenir rapidement et facilement<\/a> pour acc\u00e9der \u00e0 ces avantages. <\/p>\n<h4>Ingr\u00e9dients<\/h4>\n<p>100% Solventless Single Source Live Rosin (Rosine vivante sans solvant)<\/p>\n<\/div>\n","protected":false},"featured_media":263909,"comment_status":"open","ping_status":"closed","template":"","meta":{"_acf_changed":false,"site-sidebar-layout":"default","site-content-layout":"","ast-site-content-layout":"default","site-content-style":"default","site-sidebar-style":"default","ast-global-header-display":"","ast-banner-title-visibility":"","ast-main-header-display":"","ast-hfb-above-header-display":"","ast-hfb-below-header-display":"","ast-hfb-mobile-header-display":"","site-post-title":"","ast-breadcrumbs-content":"","ast-featured-img":"","footer-sml-layout":"","ast-disable-related-posts":"","theme-transparent-header-meta":"default","adv-header-id-meta":"","stick-header-meta":"","header-above-stick-meta":"","header-main-stick-meta":"","header-below-stick-meta":"","astra-migrate-meta-layouts":"set","ast-page-background-enabled":"default","ast-page-background-meta":{"desktop":{"background-color":"var(--ast-global-color-4)","background-image":"","background-repeat":"repeat","background-position":"center center","background-size":"auto","background-attachment":"scroll","background-type":"","background-media":"","overlay-type":"","overlay-color":"","overlay-opacity":"","overlay-gradient":""},"tablet":{"background-color":"","background-image":"","background-repeat":"repeat","background-position":"center center","background-size":"auto","background-attachment":"scroll","background-type":"","background-media":"","overlay-type":"","overlay-color":"","overlay-opacity":"","overlay-gradient":""},"mobile":{"background-color":"","background-image":"","background-repeat":"repeat","background-position":"center center","background-size":"auto","background-attachment":"scroll","background-type":"","background-media":"","overlay-type":"","overlay-color":"","overlay-opacity":"","overlay-gradient":""}},"ast-content-background-meta":{"desktop":{"background-color":"var(--ast-global-color-5)","background-image":"","background-repeat":"repeat","background-position":"center center","background-size":"auto","background-attachment":"scroll","background-type":"","background-media":"","overlay-type":"","overlay-color":"","overlay-opacity":"","overlay-gradient":""},"tablet":{"background-color":"var(--ast-global-color-5)","background-image":"","background-repeat":"repeat","background-position":"center center","background-size":"auto","background-attachment":"scroll","background-type":"","background-media":"","overlay-type":"","overlay-color":"","overlay-opacity":"","overlay-gradient":""},"mobile":{"background-color":"var(--ast-global-color-5)","background-image":"","background-repeat":"repeat","background-position":"center center","background-size":"auto","background-attachment":"scroll","background-type":"","background-media":"","overlay-type":"","overlay-color":"","overlay-opacity":"","overlay-gradient":""}}},"product_brand":[],"product_cat":[3926,1125,1118,1119],"product_tag":[],"product_format_filter":[6369],"class_list":{"0":"post-263916","1":"product","2":"type-product","3":"status-publish","4":"has-post-thumbnail","6":"product_cat-cbd-minors-2-fr","7":"product_cat-rosin-vivante","8":"product_cat-concentres","9":"product_cat-tout-sans-solvant","10":"pa_flavours-gazole-diesel","11":"pa_flavours-doux","12":"pa_intensity-thc-eleve","13":"pa_intensity-low-cbg-fr","14":"pa_marques-unlicensed-producer-fr","15":"pa_origin-manitoba-fr","16":"pa_profil-terpene-caryophyllene","17":"pa_profil-terpene-humulene-fr","18":"pa_profil-terpene-limonene-fr","19":"pa_profil-terpene-linalol-fr","20":"pa_profil-terpene-myrcene","21":"pa_profil-terpene-nerolidol","22":"pa_profil-terpene-pinene-fr","23":"pa_type-de-plante-hybride-sativa-fr","24":"product_format_filter-1g","25":"desktop-align-left","26":"tablet-align-left","27":"mobile-align-left","29":"first","30":"outofstock","31":"taxable","32":"shipping-taxable","33":"purchasable","34":"product-type-simple"},"group_of_quantity":0,"min_quantity":0,"max_quantity":"","exclude_order_quantity_value_rules":"no","exclude_category_quantity_rules":"no","combine_variations":"no","acf":[],"_links":{"self":[{"href":"https:\/\/mendomedical.ca\/fr\/wp-json\/wp\/v2\/product\/263916","targetHints":{"allow":["GET"]}}],"collection":[{"href":"https:\/\/mendomedical.ca\/fr\/wp-json\/wp\/v2\/product"}],"about":[{"href":"https:\/\/mendomedical.ca\/fr\/wp-json\/wp\/v2\/types\/product"}],"replies":[{"embeddable":true,"href":"https:\/\/mendomedical.ca\/fr\/wp-json\/wp\/v2\/comments?post=263916"}],"wp:featuredmedia":[{"embeddable":true,"href":"https:\/\/mendomedical.ca\/fr\/wp-json\/wp\/v2\/media\/263909"}],"wp:attachment":[{"href":"https:\/\/mendomedical.ca\/fr\/wp-json\/wp\/v2\/media?parent=263916"}],"wp:term":[{"taxonomy":"product_brand","embeddable":true,"href":"https:\/\/mendomedical.ca\/fr\/wp-json\/wp\/v2\/product_brand?post=263916"},{"taxonomy":"product_cat","embeddable":true,"href":"https:\/\/mendomedical.ca\/fr\/wp-json\/wp\/v2\/product_cat?post=263916"},{"taxonomy":"product_tag","embeddable":true,"href":"https:\/\/mendomedical.ca\/fr\/wp-json\/wp\/v2\/product_tag?post=263916"},{"taxonomy":"product_format_filter","embeddable":true,"href":"https:\/\/mendomedical.ca\/fr\/wp-json\/wp\/v2\/product_format_filter?post=263916"}],"curies":[{"name":"wp","href":"https:\/\/api.w.org\/{rel}","templated":true}]}}