{"id":263723,"date":"2025-08-22T17:20:43","date_gmt":"2025-08-22T21:20:43","guid":{"rendered":"https:\/\/mendomedical.ca\/product\/pre-rolls-infuses-de-bulles-titanesques\/"},"modified":"2026-04-21T10:09:35","modified_gmt":"2026-04-21T14:09:35","slug":"titanimal-bubble-hash-infused-pre-rolls-fr","status":"publish","type":"product","link":"https:\/\/mendomedical.ca\/fr\/produit\/titanimal-bubble-hash-infused-pre-rolls-fr\/","title":{"rendered":"Titanimal Bubble Hash Infused Pr\u00e9-rolls"},"content":{"rendered":"","protected":false},"excerpt":{"rendered":"<div class=\"ExternalClass2FEF567C72164BA8853F0913DD296700\">\n<h3>Titanimal Bubble Hash Infused Pr\u00e9-rolls<\/h3>\n<p>Truro Cannabis pr\u00e9sente les Pr\u00e9-rolls infus\u00e9s Titanimal Bubble, une collection premium de cinq joints infus\u00e9s de 0,5g qui combinent un savoir-faire de qualit\u00e9 avec une puissance \u00e9lev\u00e9e. Ce m\u00e9lange hybride \u00e0 dominance indica d&rsquo;Animal Cookies x Platinum Kush Mints est rehauss\u00e9 de bubble hash sans solvant, cr\u00e9ant une exp\u00e9rience douce et riche en terp con\u00e7ue pour les amateurs de hash et ceux qui recherchent des options \u00e0 puissance \u00e9lev\u00e9e.<\/p>\n<h4>Caract\u00e9ristiques principales<\/h4>\n<ul>\n<li>M\u00e9lange 50\/50 de fleurs enti\u00e8res Titanimal et de bubble hash maison sans solvant.<\/li>\n<li>Petit lot cultiv\u00e9 \u00e0 Truro, en Nouvelle-\u00c9cosse, avec un parage \u00e0 la main et une maturation lente.<\/li>\n<li>Souche hybride \u00e0 dominance indica combinant les g\u00e9n\u00e9tiques Animal Cookies x Platinum Kush Mints.<\/li>\n<li>Le processus d&rsquo;extraction \u00e0 l&rsquo;eau glac\u00e9e pr\u00e9serve la puissance et les profils terp\u00e9niques propres.<\/li>\n<li>Format pratique de 5&#215;0,5g pour un dosage coh\u00e9rent et une bonne portabilit\u00e9<\/li>\n<\/ul>\n<h4>Saveur, ar\u00f4me et profil des terp\u00e8nes<\/h4>\n<p>Titanimal offre un profil aromatique complexe avec des notes de gazole compl\u00e9t\u00e9es par des nuances de biscuits sucr\u00e9s et des accents de menthe rafra\u00eechissants. L&rsquo;ar\u00f4me se pr\u00e9sente sous la forme d&rsquo;un gaz piquant d&rsquo;une intensit\u00e9 particuli\u00e8re. Le profil terp\u00e9nique est domin\u00e9 par le limon\u00e8ne, le caryophyll\u00e8ne et le linalol, qui contribuent au caract\u00e8re distinctif de la vari\u00e9t\u00e9 et \u00e0 ses effets relaxants potentiels. L&rsquo;infusion de bubble hash renforce ces terp\u00e8nes naturels tout en ajoutant une puissance propre et une profondeur aromatique.<\/p>\n<h4>Pourquoi choisir les pr\u00e9-roul\u00e9s infus\u00e9s ?<\/h4>\n<p>Les Pr\u00e9-rolls infus\u00e9s offrent aux consommateurs de cannabis m\u00e9dical une puissance et une commodit\u00e9 accrues dans un format pr\u00eat \u00e0 l&#8217;emploi. La combinaison de fleurs de qualit\u00e9 et de concentr\u00e9s sans solvant peut contribuer \u00e0 produire des effets plus prononc\u00e9s, ce qui les rend appropri\u00e9s pour les patients qui ont besoin d&rsquo;options plus puissantes ou pour ceux qui ont des niveaux de tol\u00e9rance \u00e9tablis.<\/p>\n<h4>Exp\u00e9dition dans tout le Canada<\/h4>\n<p>Les Pr\u00e9-rolls infus\u00e9s Titanimal Bubble sont exp\u00e9di\u00e9s rapidement \u00e0 travers le Canada gr\u00e2ce \u00e0 notre r\u00e9seau de livraison s\u00e9curis\u00e9. Profitez de la livraison gratuite pour les commandes de plus de 150 $, ce qui vous assure un acc\u00e8s pratique \u00e0 vos produits de cannabis m\u00e9dical dans tout le pays.<\/p>\n<h4>Avantages et couverture pour les anciens combattants<\/h4>\n<p>Les Pr\u00e9-rolls infus\u00e9s de Titanimal Bubble sont admissibles \u00e0 la couverture d&rsquo;Anciens Combattants Canada (ACC) et \u00e0 la facturation directe par l&rsquo;entremise de la Croix Bleue, ce qui \u00e9limine les frais remboursables pour les anciens combattants admissibles. Si vous n&rsquo;avez pas encore de carte de cannabis m\u00e9dical, vous pouvez <a href=\"https:\/\/mendomedical.ca\/fr\/carte-medicale\/\">obtenir votre carte m\u00e9dicale gratuite rapidement et facilement<\/a> pour acc\u00e9der \u00e0 ces avantages.<\/p>\n<h4>Ingr\u00e9dients<\/h4>\n<p>Cannabis s\u00e9ch\u00e9, Bubble Hash<\/p>\n<\/div>\n","protected":false},"featured_media":263718,"comment_status":"open","ping_status":"closed","template":"","meta":{"_acf_changed":false,"site-sidebar-layout":"default","site-content-layout":"","ast-site-content-layout":"default","site-content-style":"default","site-sidebar-style":"default","ast-global-header-display":"","ast-banner-title-visibility":"","ast-main-header-display":"","ast-hfb-above-header-display":"","ast-hfb-below-header-display":"","ast-hfb-mobile-header-display":"","site-post-title":"","ast-breadcrumbs-content":"","ast-featured-img":"","footer-sml-layout":"","ast-disable-related-posts":"","theme-transparent-header-meta":"default","adv-header-id-meta":"","stick-header-meta":"","header-above-stick-meta":"","header-main-stick-meta":"","header-below-stick-meta":"","astra-migrate-meta-layouts":"set","ast-page-background-enabled":"default","ast-page-background-meta":{"desktop":{"background-color":"var(--ast-global-color-4)","background-image":"","background-repeat":"repeat","background-position":"center center","background-size":"auto","background-attachment":"scroll","background-type":"","background-media":"","overlay-type":"","overlay-color":"","overlay-opacity":"","overlay-gradient":""},"tablet":{"background-color":"","background-image":"","background-repeat":"repeat","background-position":"center center","background-size":"auto","background-attachment":"scroll","background-type":"","background-media":"","overlay-type":"","overlay-color":"","overlay-opacity":"","overlay-gradient":""},"mobile":{"background-color":"","background-image":"","background-repeat":"repeat","background-position":"center center","background-size":"auto","background-attachment":"scroll","background-type":"","background-media":"","overlay-type":"","overlay-color":"","overlay-opacity":"","overlay-gradient":""}},"ast-content-background-meta":{"desktop":{"background-color":"var(--ast-global-color-5)","background-image":"","background-repeat":"repeat","background-position":"center center","background-size":"auto","background-attachment":"scroll","background-type":"","background-media":"","overlay-type":"","overlay-color":"","overlay-opacity":"","overlay-gradient":""},"tablet":{"background-color":"var(--ast-global-color-5)","background-image":"","background-repeat":"repeat","background-position":"center center","background-size":"auto","background-attachment":"scroll","background-type":"","background-media":"","overlay-type":"","overlay-color":"","overlay-opacity":"","overlay-gradient":""},"mobile":{"background-color":"var(--ast-global-color-5)","background-image":"","background-repeat":"repeat","background-position":"center center","background-size":"auto","background-attachment":"scroll","background-type":"","background-media":"","overlay-type":"","overlay-color":"","overlay-opacity":"","overlay-gradient":""}}},"product_brand":[],"product_cat":[1147,1144],"product_tag":[],"product_format_filter":[6374],"class_list":{"0":"post-263723","1":"product","2":"type-product","3":"status-publish","4":"has-post-thumbnail","6":"product_cat-pre-roules-infuses","7":"product_cat-pre-roules","8":"pa_flavours-gazole-diesel","9":"pa_flavours-mint","10":"pa_flavours-doux","11":"pa_intensity-thc-eleve","12":"pa_intensity-low-cbg-fr","13":"pa_marques-truro-cannabis-fr","14":"pa_origin-nouvelle-ecosse","15":"pa_profil-terpene-caryophyllene","16":"pa_profil-terpene-limonene-fr","17":"pa_profil-terpene-linalol-fr","18":"pa_type-de-plante-hybride-indica-fr","19":"product_format_filter-0-5g","20":"desktop-align-left","21":"tablet-align-left","22":"mobile-align-left","24":"first","25":"instock","26":"taxable","27":"shipping-taxable","28":"purchasable","29":"product-type-simple"},"group_of_quantity":0,"min_quantity":0,"max_quantity":"","exclude_order_quantity_value_rules":"no","exclude_category_quantity_rules":"no","combine_variations":"no","acf":[],"_links":{"self":[{"href":"https:\/\/mendomedical.ca\/fr\/wp-json\/wp\/v2\/product\/263723","targetHints":{"allow":["GET"]}}],"collection":[{"href":"https:\/\/mendomedical.ca\/fr\/wp-json\/wp\/v2\/product"}],"about":[{"href":"https:\/\/mendomedical.ca\/fr\/wp-json\/wp\/v2\/types\/product"}],"replies":[{"embeddable":true,"href":"https:\/\/mendomedical.ca\/fr\/wp-json\/wp\/v2\/comments?post=263723"}],"wp:featuredmedia":[{"embeddable":true,"href":"https:\/\/mendomedical.ca\/fr\/wp-json\/wp\/v2\/media\/263718"}],"wp:attachment":[{"href":"https:\/\/mendomedical.ca\/fr\/wp-json\/wp\/v2\/media?parent=263723"}],"wp:term":[{"taxonomy":"product_brand","embeddable":true,"href":"https:\/\/mendomedical.ca\/fr\/wp-json\/wp\/v2\/product_brand?post=263723"},{"taxonomy":"product_cat","embeddable":true,"href":"https:\/\/mendomedical.ca\/fr\/wp-json\/wp\/v2\/product_cat?post=263723"},{"taxonomy":"product_tag","embeddable":true,"href":"https:\/\/mendomedical.ca\/fr\/wp-json\/wp\/v2\/product_tag?post=263723"},{"taxonomy":"product_format_filter","embeddable":true,"href":"https:\/\/mendomedical.ca\/fr\/wp-json\/wp\/v2\/product_format_filter?post=263723"}],"curies":[{"name":"wp","href":"https:\/\/api.w.org\/{rel}","templated":true}]}}