{"id":263701,"date":"2025-09-30T15:00:39","date_gmt":"2025-09-30T19:00:39","guid":{"rendered":"https:\/\/mendomedical.ca\/product\/super-boof\/"},"modified":"2026-04-24T10:17:47","modified_gmt":"2026-04-24T14:17:47","slug":"super-boof","status":"publish","type":"product","link":"https:\/\/mendomedical.ca\/fr\/produit\/super-boof\/","title":{"rendered":"Super Boof"},"content":{"rendered":"","protected":false},"excerpt":{"rendered":"<div class=\"ExternalClassFD7A189D46A14C4DA7EF0373F9336B91\">\n<h3>Super Boof<\/h3>\n<h3>Terp\u00e8nes totaux : 2,39%.<\/h3>\n<p>Super Boof de Truro Cannabis offre une exp\u00e9rience hybride premium \u00e0 haute teneur en THC avec un attrait exceptionnel pour le sac et des profils de saveurs audacieux. Cette fleur de 7 g soigneusement \u00e9labor\u00e9e combine les g\u00e9n\u00e9tiques de Black Cherry Punch et de Tropicana Cookies pour cr\u00e9er une vari\u00e9t\u00e9 \u00e9quilibr\u00e9e qui met en valeur les v\u00e9ritables m\u00e9thodes de culture artisanale. Cultiv\u00e9e en int\u00e9rieur \u00e0 Truro, en Nouvelle-\u00c9cosse, cette vari\u00e9t\u00e9 subit un processus m\u00e9ticuleux de slow cure de 28 jours pour maximiser son impressionnante teneur en terp\u00e8nes totaux de 2,39 %.<\/p>\n<h4>Caract\u00e9ristiques principales et points forts du produit<\/h4>\n<ul>\n<li>Souche hybride \u00e0 haute teneur en THC avec des effets potentiels \u00e9quilibr\u00e9s<\/li>\n<li>Format premium de 7g pr\u00e9sentant des cocottes denses aux teintes vertes et lavande profondes.<\/li>\n<li>Par\u00e9 \u00e0 la main et s\u00e9ch\u00e9 lentement pendant 28 jours pour pr\u00e9server la saveur et la puissance.<\/li>\n<li>Croisement de Black Cherry Punch x Tropicana Cookies genetics<\/li>\n<li>Cannabis artisanal cultiv\u00e9 en int\u00e9rieur \u00e0 Truro, Nouvelle-\u00c9cosse<\/li>\n<\/ul>\n<h4>Saveurs, ar\u00f4mes, profils des cannabino\u00efdes et des terp\u00e8nes<\/h4>\n<p>La Super Boof pr\u00e9sente un profil aromatique complexe avec des notes de prune aigre, de funk skunky et d&rsquo;agrumes subtils. Cette vari\u00e9t\u00e9 offre une fum\u00e9e fruit\u00e9e et audacieuse, compl\u00e9t\u00e9e par des notes terreuses, pour une exp\u00e9rience douce et m\u00e9morable. En tant qu&rsquo;hybride \u00e0 haute teneur en THC, elle pr\u00e9sente des niveaux \u00e9lev\u00e9s de myrc\u00e8ne, de limon\u00e8ne et de caryophyll\u00e8ne, ce qui contribue \u00e0 son caract\u00e8re distinctif et \u00e0 l&rsquo;\u00e9quilibre de ses effets.<\/p>\n<h4>Pourquoi choisir Flower ?<\/h4>\n<p>Les produits \u00e0 base de fleurs offrent aux consommateurs de cannabis m\u00e9dical un contr\u00f4le pr\u00e9cis du dosage et des effets imm\u00e9diats par le biais de m\u00e9thodes d&rsquo;inhalation. Les profils terp\u00e9niques naturels restent intacts, ce qui peut am\u00e9liorer les b\u00e9n\u00e9fices th\u00e9rapeutiques gr\u00e2ce \u00e0 l&rsquo;effet d&rsquo;entourage.<\/p>\n<h4>Exp\u00e9dition dans tout le Canada<\/h4>\n<p>Super Boof livre rapidement \u00e0 travers le Canada gr\u00e2ce \u00e0 notre r\u00e9seau de livraison s\u00e9curis\u00e9. Nous offrons une livraison gratuite pour toutes les commandes de plus de 150 $, assurant ainsi un acc\u00e8s pratique \u00e0 vos produits de cannabis m\u00e9dical dans tout le pays.<\/p>\n<h4>Avantages et couverture pour les anciens combattants<\/h4>\n<p>Super Boof est admissible \u00e0 la couverture d&rsquo;Anciens Combattants Canada (ACC) avec facturation directe par l&rsquo;entremise de la Croix Bleue, ce qui \u00e9limine les frais \u00e0 la charge des anciens combattants admissibles. Si vous n&rsquo;avez pas encore de carte de cannabis m\u00e9dical, vous pouvez en obtenir une rapidement et facilement gr\u00e2ce \u00e0 notre <a href=\"https:\/\/mendomedical.ca\/fr\/carte-medicale\/\">processus de demande simplifi\u00e9<\/a>.<\/p>\n<h4>Ingr\u00e9dients<\/h4>\n<p>Fleur s\u00e9ch\u00e9e<\/p>\n<\/div>\n","protected":false},"featured_media":263700,"comment_status":"open","ping_status":"closed","template":"","meta":{"_acf_changed":false,"site-sidebar-layout":"default","site-content-layout":"","ast-site-content-layout":"default","site-content-style":"default","site-sidebar-style":"default","ast-global-header-display":"","ast-banner-title-visibility":"","ast-main-header-display":"","ast-hfb-above-header-display":"","ast-hfb-below-header-display":"","ast-hfb-mobile-header-display":"","site-post-title":"","ast-breadcrumbs-content":"","ast-featured-img":"","footer-sml-layout":"","ast-disable-related-posts":"","theme-transparent-header-meta":"default","adv-header-id-meta":"","stick-header-meta":"","header-above-stick-meta":"","header-main-stick-meta":"","header-below-stick-meta":"","astra-migrate-meta-layouts":"set","ast-page-background-enabled":"default","ast-page-background-meta":{"desktop":{"background-color":"var(--ast-global-color-4)","background-image":"","background-repeat":"repeat","background-position":"center center","background-size":"auto","background-attachment":"scroll","background-type":"","background-media":"","overlay-type":"","overlay-color":"","overlay-opacity":"","overlay-gradient":""},"tablet":{"background-color":"","background-image":"","background-repeat":"repeat","background-position":"center center","background-size":"auto","background-attachment":"scroll","background-type":"","background-media":"","overlay-type":"","overlay-color":"","overlay-opacity":"","overlay-gradient":""},"mobile":{"background-color":"","background-image":"","background-repeat":"repeat","background-position":"center center","background-size":"auto","background-attachment":"scroll","background-type":"","background-media":"","overlay-type":"","overlay-color":"","overlay-opacity":"","overlay-gradient":""}},"ast-content-background-meta":{"desktop":{"background-color":"var(--ast-global-color-5)","background-image":"","background-repeat":"repeat","background-position":"center center","background-size":"auto","background-attachment":"scroll","background-type":"","background-media":"","overlay-type":"","overlay-color":"","overlay-opacity":"","overlay-gradient":""},"tablet":{"background-color":"var(--ast-global-color-5)","background-image":"","background-repeat":"repeat","background-position":"center center","background-size":"auto","background-attachment":"scroll","background-type":"","background-media":"","overlay-type":"","overlay-color":"","overlay-opacity":"","overlay-gradient":""},"mobile":{"background-color":"var(--ast-global-color-5)","background-image":"","background-repeat":"repeat","background-position":"center center","background-size":"auto","background-attachment":"scroll","background-type":"","background-media":"","overlay-type":"","overlay-color":"","overlay-opacity":"","overlay-gradient":""}}},"product_brand":[],"product_cat":[1137],"product_tag":[],"product_format_filter":[6373],"class_list":{"0":"post-263701","1":"product","2":"type-product","3":"status-publish","4":"has-post-thumbnail","6":"product_cat-fleur","7":"pa_flavours-fruite","8":"pa_flavours-terreux","9":"pa_intensity-thc-eleve","10":"pa_intensity-low-cbc-fr","11":"pa_intensity-low-cbg-fr","12":"pa_marques-truro-cannabis-fr","13":"pa_origin-nouvelle-ecosse","14":"pa_packaging-date-02-9-2026","15":"pa_prix-par-gramme-8-57","16":"pa_profil-terpene-caryophyllene","17":"pa_profil-terpene-humulene-fr","18":"pa_profil-terpene-limonene-fr","19":"pa_profil-terpene-myrcene","20":"pa_type-de-plante-hybride-fr","21":"product_format_filter-7g","22":"desktop-align-left","23":"tablet-align-left","24":"mobile-align-left","26":"first","27":"outofstock","28":"taxable","29":"shipping-taxable","30":"purchasable","31":"product-type-simple"},"group_of_quantity":0,"min_quantity":0,"max_quantity":"","exclude_order_quantity_value_rules":"no","exclude_category_quantity_rules":"no","combine_variations":"no","acf":[],"_links":{"self":[{"href":"https:\/\/mendomedical.ca\/fr\/wp-json\/wp\/v2\/product\/263701","targetHints":{"allow":["GET"]}}],"collection":[{"href":"https:\/\/mendomedical.ca\/fr\/wp-json\/wp\/v2\/product"}],"about":[{"href":"https:\/\/mendomedical.ca\/fr\/wp-json\/wp\/v2\/types\/product"}],"replies":[{"embeddable":true,"href":"https:\/\/mendomedical.ca\/fr\/wp-json\/wp\/v2\/comments?post=263701"}],"wp:featuredmedia":[{"embeddable":true,"href":"https:\/\/mendomedical.ca\/fr\/wp-json\/wp\/v2\/media\/263700"}],"wp:attachment":[{"href":"https:\/\/mendomedical.ca\/fr\/wp-json\/wp\/v2\/media?parent=263701"}],"wp:term":[{"taxonomy":"product_brand","embeddable":true,"href":"https:\/\/mendomedical.ca\/fr\/wp-json\/wp\/v2\/product_brand?post=263701"},{"taxonomy":"product_cat","embeddable":true,"href":"https:\/\/mendomedical.ca\/fr\/wp-json\/wp\/v2\/product_cat?post=263701"},{"taxonomy":"product_tag","embeddable":true,"href":"https:\/\/mendomedical.ca\/fr\/wp-json\/wp\/v2\/product_tag?post=263701"},{"taxonomy":"product_format_filter","embeddable":true,"href":"https:\/\/mendomedical.ca\/fr\/wp-json\/wp\/v2\/product_format_filter?post=263701"}],"curies":[{"name":"wp","href":"https:\/\/api.w.org\/{rel}","templated":true}]}}