{"id":263108,"date":"2025-08-20T06:00:01","date_gmt":"2025-08-20T10:00:01","guid":{"rendered":"https:\/\/mendomedical.ca\/?post_type=product&#038;p=263108"},"modified":"2026-04-16T11:49:14","modified_gmt":"2026-04-16T15:49:14","slug":"jointment-cbd-cbn-bath-salts-fr-2","status":"publish","type":"product","link":"https:\/\/mendomedical.ca\/fr\/produit\/jointment-cbd-cbn-bath-salts-fr-2\/","title":{"rendered":"Jointment CBD\/CBN Sels de bain"},"content":{"rendered":"<div class=\"description_toggle\">\n<div class=\"the_content active_toggle\">\n<div class=\"description_toggle\">\n<div class=\"the_content active_toggle\">\n<p>&nbsp;<\/p>\n<\/div>\n<\/div>\n<p class=\"format_produit\"\/>\n<\/div>\n<\/div>\n<p>&nbsp;<\/p>\n","protected":false},"excerpt":{"rendered":"<div class=\"ExternalClass08839825E8C840B48746718A663A0BC4\">\n<h3>Sels de bain Jointment CBD\/CBN - Blunt Botanicals<\/h3>\n<p>Faites l&rsquo;exp\u00e9rience de la relaxation th\u00e9rapeutique avec les sels de bain Jointment CBD\/CBN de Blunt Botanicals, un m\u00e9lange soigneusement con\u00e7u pour transformer votre bain en un rituel de bien-\u00eatre r\u00e9parateur. Avec 250 mg de CBD et 100 mg de CBN par sachet, ces sels de bain de qualit\u00e9 sup\u00e9rieure associent les propri\u00e9t\u00e9s apaisantes des cannabino\u00efdes aux sels d&rsquo;Epsom et aux sels min\u00e9raux roses canadiens pour une relaxation musculaire profonde et un sommeil r\u00e9parateur. La formule solubilis\u00e9e se disperse uniform\u00e9ment dans l&rsquo;eau pour une exp\u00e9rience de bain propre qui commence \u00e0 agir en 15 minutes.  <\/p>\n<div>\n<p><strong>Utilisation topique uniquement<\/strong><\/p>\n<p><strong>NE PAS MANGER LES SELS DE BAIN \/ LES DISSOUDRE DANS L&rsquo;EAU AVANT DE LES IMMERGER \/ NE PAS UTILISER SUR DES PLAIES OUVERTES.<\/strong><\/p>\n<p><strong><em>Mode d&#8217;emploi du sel de bain :<\/em><\/strong><br \/>\n<strong>Pour garantir un bain s\u00fbr et agr\u00e9able, nous vous recommandons d&rsquo;utiliser jusqu&rsquo;\u00e0 la moiti\u00e9 du sachet, ce qui est suffisant pour trois bains. Commencez par une petite quantit\u00e9, environ 1\/4 \u00e0 1\/2 du sachet, et ajoutez-en selon vos pr\u00e9f\u00e9rences. Cela vous permettra de profiter pleinement des bienfaits des sels tout en \u00e9vitant les d\u00e9rapages.  <\/strong><\/p>\n<\/div>\n<h4>Caract\u00e9ristiques principales<\/h4>\n<ul>\n<li>250 mg de CBD et 100 mg de CBN par sachet pour de puissants b\u00e9n\u00e9fices th\u00e9rapeutiques<\/li>\n<li>Enrichi en terp\u00e8nes, dont le linalol, le pin\u00e8ne, le myrc\u00e8ne et l&rsquo;humul\u00e8ne, pour des effets renforc\u00e9s.<\/li>\n<li>Contient des sels d&rsquo;Epsom et des sels min\u00e9raux roses canadiens pour hydrater et nourrir la peau.<\/li>\n<li>Emballage \u00e9cologique z\u00e9ro d\u00e9chet avec de fins cristaux roses et blancs<\/li>\n<li>Formule propre et solubilis\u00e9e<\/li>\n<\/ul>\n<h4>Profil aromatique et terp\u00e9nique<\/h4>\n<p>Les sels de bain Jointment ont un parfum d&rsquo;herbes calmant avec des notes de lavande et de pin, cr\u00e9ant une atmosph\u00e8re de spa dans votre propre maison. Le profil terp\u00e9nique soigneusement s\u00e9lectionn\u00e9 renforce les bienfaits th\u00e9rapeutiques : <\/p>\n<p><strong>Linalol :<\/strong> Ar\u00f4me floral, semblable \u00e0 celui de la lavande, qui favorise la relaxation et encourage un sommeil r\u00e9parateur.<br \/>\n<strong>Pin\u00e8ne :<\/strong> Parfum frais de pin qui aide \u00e0 clarifier l&rsquo;esprit tout en r\u00e9duisant l&rsquo;inflammation.<br \/>\n<strong>Myrc\u00e8ne :<\/strong> Terp\u00e8ne terreux aux propri\u00e9t\u00e9s s\u00e9datives qui renforcent les effets calmants.<br \/>\n<strong>Humul\u00e8ne :<\/strong> Terp\u00e8ne ligneux offrant des avantages anti-inflammatoires pour une relaxation musculaire profonde.<\/p>\n<p>D&rsquo;autres plantes, comme l&rsquo;huile de marjolaine, l&rsquo;\u00e9corce de bouleau noir, l&rsquo;huile de poivre noir et l&rsquo;huile d&rsquo;eucalyptus, agissent en synergie pour soulager les tensions musculaires, am\u00e9liorer la circulation et favoriser une respiration profonde.<\/p>\n<h4>Pourquoi choisir les sels de bain CBD\/CBN ?<\/h4>\n<p>Les sels de bain CBD\/CBN offrent aux utilisateurs m\u00e9dicaux une approche cibl\u00e9e du soulagement de l&rsquo;ensemble du corps par absorption topique. Cette m\u00e9thode d&rsquo;administration peut contribuer \u00e0 la r\u00e9cup\u00e9ration musculaire, au confort des articulations et \u00e0 l&rsquo;am\u00e9lioration de la qualit\u00e9 du sommeil, tout en offrant un rituel apaisant qui r\u00e9pond \u00e0 la fois \u00e0 l&rsquo;inconfort physique et au stress mental. <\/p>\n<h4>Exp\u00e9dition dans tout le Canada<\/h4>\n<p>Les sels de bain CBD\/CBN de Jointment sont exp\u00e9di\u00e9s rapidement au Canada. Nous offrons une livraison gratuite pour les commandes de plus de 150 $, ce qui vous assure de recevoir vos produits de bien-\u00eatre \u00e0 votre porte. <\/p>\n<h4>Avantages et couverture pour les anciens combattants<\/h4>\n<p>Les sels de bain CBD\/CBN de Jointment sont admissibles \u00e0 la couverture d&rsquo;ACC (Anciens Combattants Canada) avec facturation directe par l&rsquo;entremise de la Croix Bleue, ce qui signifie que les anciens combattants admissibles n&rsquo;ont pas \u00e0 d\u00e9bourser d&rsquo;argent. Si vous n&rsquo;avez pas encore d&rsquo;ordonnance de cannabis m\u00e9dical, vous pouvez <a href=\"https:\/\/mendomedical.ca\/fr\/carte-medicale\/\">obtenir votre carte m\u00e9dicale gratuite rapidement et facilement<\/a>. <\/p>\n<\/div>\n","protected":false},"featured_media":131736,"comment_status":"closed","ping_status":"closed","template":"","meta":{"_acf_changed":false,"site-sidebar-layout":"default","site-content-layout":"","ast-site-content-layout":"default","site-content-style":"default","site-sidebar-style":"default","ast-global-header-display":"","ast-banner-title-visibility":"","ast-main-header-display":"","ast-hfb-above-header-display":"","ast-hfb-below-header-display":"","ast-hfb-mobile-header-display":"","site-post-title":"","ast-breadcrumbs-content":"","ast-featured-img":"","footer-sml-layout":"","ast-disable-related-posts":"","theme-transparent-header-meta":"default","adv-header-id-meta":"","stick-header-meta":"","header-above-stick-meta":"","header-main-stick-meta":"","header-below-stick-meta":"","astra-migrate-meta-layouts":"set","ast-page-background-enabled":"default","ast-page-background-meta":{"desktop":{"background-color":"var(--ast-global-color-4)","background-image":"","background-repeat":"repeat","background-position":"center center","background-size":"auto","background-attachment":"scroll","background-type":"","background-media":"","overlay-type":"","overlay-color":"","overlay-opacity":"","overlay-gradient":""},"tablet":{"background-color":"","background-image":"","background-repeat":"repeat","background-position":"center center","background-size":"auto","background-attachment":"scroll","background-type":"","background-media":"","overlay-type":"","overlay-color":"","overlay-opacity":"","overlay-gradient":""},"mobile":{"background-color":"","background-image":"","background-repeat":"repeat","background-position":"center center","background-size":"auto","background-attachment":"scroll","background-type":"","background-media":"","overlay-type":"","overlay-color":"","overlay-opacity":"","overlay-gradient":""}},"ast-content-background-meta":{"desktop":{"background-color":"var(--ast-global-color-5)","background-image":"","background-repeat":"repeat","background-position":"center center","background-size":"auto","background-attachment":"scroll","background-type":"","background-media":"","overlay-type":"","overlay-color":"","overlay-opacity":"","overlay-gradient":""},"tablet":{"background-color":"var(--ast-global-color-5)","background-image":"","background-repeat":"repeat","background-position":"center center","background-size":"auto","background-attachment":"scroll","background-type":"","background-media":"","overlay-type":"","overlay-color":"","overlay-opacity":"","overlay-gradient":""},"mobile":{"background-color":"var(--ast-global-color-5)","background-image":"","background-repeat":"repeat","background-position":"center center","background-size":"auto","background-attachment":"scroll","background-type":"","background-media":"","overlay-type":"","overlay-color":"","overlay-opacity":"","overlay-gradient":""}}},"product_brand":[],"product_cat":[1152,1150],"product_tag":[3997],"product_format_filter":[6686],"class_list":{"0":"post-263108","1":"product","2":"type-product","3":"status-publish","4":"has-post-thumbnail","6":"product_cat-bains","7":"product_cat-topiques","8":"product_tag-blunt-botanicals-fr","9":"pa_format-222g-fr","10":"pa_intensity-cbd-moyen","11":"pa_intensity-med-cbn-fr","12":"pa_marques-blunt-botanicals-fr","13":"pa_origin-alberta-fr","14":"product_format_filter-222g","15":"desktop-align-left","16":"tablet-align-left","17":"mobile-align-left","19":"first","20":"instock","21":"taxable","22":"shipping-taxable","23":"purchasable","24":"product-type-simple"},"group_of_quantity":0,"min_quantity":0,"max_quantity":"","exclude_order_quantity_value_rules":"no","exclude_category_quantity_rules":"no","combine_variations":"no","acf":[],"_links":{"self":[{"href":"https:\/\/mendomedical.ca\/fr\/wp-json\/wp\/v2\/product\/263108","targetHints":{"allow":["GET"]}}],"collection":[{"href":"https:\/\/mendomedical.ca\/fr\/wp-json\/wp\/v2\/product"}],"about":[{"href":"https:\/\/mendomedical.ca\/fr\/wp-json\/wp\/v2\/types\/product"}],"replies":[{"embeddable":true,"href":"https:\/\/mendomedical.ca\/fr\/wp-json\/wp\/v2\/comments?post=263108"}],"wp:featuredmedia":[{"embeddable":true,"href":"https:\/\/mendomedical.ca\/fr\/wp-json\/wp\/v2\/media\/131736"}],"wp:attachment":[{"href":"https:\/\/mendomedical.ca\/fr\/wp-json\/wp\/v2\/media?parent=263108"}],"wp:term":[{"taxonomy":"product_brand","embeddable":true,"href":"https:\/\/mendomedical.ca\/fr\/wp-json\/wp\/v2\/product_brand?post=263108"},{"taxonomy":"product_cat","embeddable":true,"href":"https:\/\/mendomedical.ca\/fr\/wp-json\/wp\/v2\/product_cat?post=263108"},{"taxonomy":"product_tag","embeddable":true,"href":"https:\/\/mendomedical.ca\/fr\/wp-json\/wp\/v2\/product_tag?post=263108"},{"taxonomy":"product_format_filter","embeddable":true,"href":"https:\/\/mendomedical.ca\/fr\/wp-json\/wp\/v2\/product_format_filter?post=263108"}],"curies":[{"name":"wp","href":"https:\/\/api.w.org\/{rel}","templated":true}]}}