{"id":263105,"date":"2025-08-20T06:10:58","date_gmt":"2025-08-20T10:10:58","guid":{"rendered":"https:\/\/mendomedical.ca\/?post_type=product&#038;p=263105"},"modified":"2026-03-27T18:14:57","modified_gmt":"2026-03-27T22:14:57","slug":"jointment-massage-butter-2-fr","status":"publish","type":"product","link":"https:\/\/mendomedical.ca\/fr\/produit\/jointment-massage-butter-2-fr\/","title":{"rendered":"Jointment Massage Butter"},"content":{"rendered":"<div class=\"description_toggle\">\n<div class=\"the_content active_toggle\">\n<div class=\"description_toggle\">\n<div class=\"the_content active_toggle\">\n<p>&nbsp;<\/p>\n<\/div>\n<\/div>\n<p class=\"format_produit\">\n<\/div>\n<\/div>\n<p>&nbsp;<\/p>\n","protected":false},"excerpt":{"rendered":"<div class=\"ExternalClass42D18B4EC0564854A611DD008B40AF03\">\n<h3>Beurre de massage pour les articulations par Blunt Botanicals<\/h3>\n<p>Faites l&rsquo;exp\u00e9rience d&rsquo;un soulagement cibl\u00e9 avec le beurre de massage Jointment, une formulation topique haut de gamme \u00e0 spectre complet qui aide les v\u00e9t\u00e9rans et les patients du cannabis m\u00e9dical \u00e0 g\u00e9rer la douleur depuis plus de trois ans. Ce luxueux beurre de massage fouett\u00e9 combine 250 mg de THC et 50 mg de CBD dans un rapport optimal de 5:1, enrichi de terp\u00e8nes th\u00e9rapeutiques, dont le b\u00eata-caryophyll\u00e8ne, pour un meilleur soutien anti-inflammatoire. Fabriqu\u00e9e \u00e0 partir d&rsquo;ingr\u00e9dients botaniques 100 % naturels et \u00e9co-certifi\u00e9s, sans eau, colorants, ingr\u00e9dients synth\u00e9tiques ou camphre, cette formule non transdermique procure un soulagement \u00e0 action rapide qui commence dans les 10 \u00e0 15 minutes et dure des heures.<\/p>\n<h4>Caract\u00e9ristiques principales<\/h4>\n<ul>\n<li>Rapport THC\/CBD puissant de 5:1 (250 mg de THC, 50 mg de CBD) pour une gestion synergique de la douleur.<\/li>\n<li>Renforc\u00e9 par le terp\u00e8ne b\u00eata-caryophyll\u00e8ne pour des effets anti-inflammatoires am\u00e9lior\u00e9s.<\/li>\n<li>Formule 100 % naturelle avec des plantes certifi\u00e9es \u00e9cologiques - sans eau, colorants ou ingr\u00e9dients synth\u00e9tiques<\/li>\n<li>Soulagement rapide en 10 \u00e0 15 minutes avec des effets qui durent plusieurs heures<\/li>\n<li>Ar\u00f4me l\u00e9ger et rafra\u00eechissant sans odeur de cannabis - Texture fouett\u00e9e moelleuse pour une application facile<\/li>\n<\/ul>\n<h4>Ar\u00f4me et profil cannabique<\/h4>\n<p>Le beurre de massage Jointment poss\u00e8de un ar\u00f4me naturel l\u00e9ger et rafra\u00eechissant qui transmet imm\u00e9diatement la qualit\u00e9 sans l&rsquo;odeur typique du cannabis. Le profil cannabino\u00efde soigneusement \u00e9labor\u00e9 fournit 250 mg de THC et 50 mg de CBD, cr\u00e9ant un puissant rapport 5:1 qui agit en synergie avec votre syst\u00e8me endocannabino\u00efde. Enrichie de b\u00eata-caryophyll\u00e8ne et d&rsquo;autres terp\u00e8nes th\u00e9rapeutiques, cette formulation est sp\u00e9cialement con\u00e7ue pour renforcer les propri\u00e9t\u00e9s anti-inflammatoires et anti-douleur pour une efficacit\u00e9 maximale.<\/p>\n<h4>Pourquoi choisir les produits topiques \u00e0 base de cannabis ?<\/h4>\n<p>Les produits topiques \u00e0 base de cannabis offrent aux utilisateurs m\u00e9dicaux une option non intoxicante pour un soulagement localis\u00e9. Appliqu\u00e9s directement sur les zones affect\u00e9es, les produits topiques comme le beurre de massage Jointment peuvent aider \u00e0 g\u00e9rer la douleur, l&rsquo;inflammation et l&rsquo;inconfort sans effets syst\u00e9miques, ce qui les rend id\u00e9aux pour un usage diurne ou pour ceux qui recherchent un soulagement cibl\u00e9.<\/p>\n<h4>Exp\u00e9dition dans tout le Canada<\/h4>\n<p>Le beurre de massage Jointment est exp\u00e9di\u00e9 rapidement partout au Canada, et la livraison est gratuite pour les commandes de plus de 150 $. Nous assurons une livraison rapide et discr\u00e8te \u00e0 votre porte, ce qui facilite l&rsquo;acc\u00e8s au soulagement dont vous avez besoin quand vous en avez besoin.<\/p>\n<h4>Avantages et couverture pour les anciens combattants<\/h4>\n<p>Jointment Massage Butter est admissible \u00e0 la couverture d&rsquo;ACC (Anciens Combattants Canada) et \u00e0 la facturation directe par l&rsquo;entremise de la Croix Bleue, ce qui signifie que les anciens combattants admissibles n&rsquo;ont rien \u00e0 d\u00e9bourser. Si vous n&rsquo;avez pas encore de carte de cannabis m\u00e9dical, vous pouvez <a href=\"https:\/\/mendomedical.ca\/fr\/carte-medicale\/\">obtenir votre carte m\u00e9dicale gratuite rapidement et facilement<\/a> pour acc\u00e9der \u00e0 la couverture et aux avantages.<\/p>\n<\/div>\n","protected":false},"featured_media":265365,"comment_status":"closed","ping_status":"closed","template":"","meta":{"_acf_changed":false,"site-sidebar-layout":"default","site-content-layout":"","ast-site-content-layout":"default","site-content-style":"default","site-sidebar-style":"default","ast-global-header-display":"","ast-banner-title-visibility":"","ast-main-header-display":"","ast-hfb-above-header-display":"","ast-hfb-below-header-display":"","ast-hfb-mobile-header-display":"","site-post-title":"","ast-breadcrumbs-content":"","ast-featured-img":"","footer-sml-layout":"","ast-disable-related-posts":"","theme-transparent-header-meta":"default","adv-header-id-meta":"","stick-header-meta":"","header-above-stick-meta":"","header-main-stick-meta":"","header-below-stick-meta":"","astra-migrate-meta-layouts":"set","ast-page-background-enabled":"default","ast-page-background-meta":{"desktop":{"background-color":"var(--ast-global-color-4)","background-image":"","background-repeat":"repeat","background-position":"center center","background-size":"auto","background-attachment":"scroll","background-type":"","background-media":"","overlay-type":"","overlay-color":"","overlay-opacity":"","overlay-gradient":""},"tablet":{"background-color":"","background-image":"","background-repeat":"repeat","background-position":"center center","background-size":"auto","background-attachment":"scroll","background-type":"","background-media":"","overlay-type":"","overlay-color":"","overlay-opacity":"","overlay-gradient":""},"mobile":{"background-color":"","background-image":"","background-repeat":"repeat","background-position":"center center","background-size":"auto","background-attachment":"scroll","background-type":"","background-media":"","overlay-type":"","overlay-color":"","overlay-opacity":"","overlay-gradient":""}},"ast-content-background-meta":{"desktop":{"background-color":"var(--ast-global-color-5)","background-image":"","background-repeat":"repeat","background-position":"center center","background-size":"auto","background-attachment":"scroll","background-type":"","background-media":"","overlay-type":"","overlay-color":"","overlay-opacity":"","overlay-gradient":""},"tablet":{"background-color":"var(--ast-global-color-5)","background-image":"","background-repeat":"repeat","background-position":"center center","background-size":"auto","background-attachment":"scroll","background-type":"","background-media":"","overlay-type":"","overlay-color":"","overlay-opacity":"","overlay-gradient":""},"mobile":{"background-color":"var(--ast-global-color-5)","background-image":"","background-repeat":"repeat","background-position":"center center","background-size":"auto","background-attachment":"scroll","background-type":"","background-media":"","overlay-type":"","overlay-color":"","overlay-opacity":"","overlay-gradient":""}}},"product_brand":[],"product_cat":[1152,1150],"product_tag":[3997],"product_format_filter":[6417],"class_list":{"0":"post-263105","1":"product","2":"type-product","3":"status-publish","4":"has-post-thumbnail","6":"product_cat-bains","7":"product_cat-topiques","8":"product_tag-blunt-botanicals-fr","9":"pa_intensity-faible-cbd","10":"pa_intensity-thc-moyen","11":"pa_marques-blunt-botanicals-fr","12":"pa_origin-alberta-fr","13":"pa_type-de-plante-cbd-fr","14":"pa_type-de-plante-thc-fr","15":"product_format_filter-28g","16":"desktop-align-left","17":"tablet-align-left","18":"mobile-align-left","20":"first","21":"instock","22":"taxable","23":"shipping-taxable","24":"purchasable","25":"product-type-simple"},"group_of_quantity":0,"min_quantity":0,"max_quantity":"","exclude_order_quantity_value_rules":"no","exclude_category_quantity_rules":"no","combine_variations":"no","acf":[],"_links":{"self":[{"href":"https:\/\/mendomedical.ca\/fr\/wp-json\/wp\/v2\/product\/263105","targetHints":{"allow":["GET"]}}],"collection":[{"href":"https:\/\/mendomedical.ca\/fr\/wp-json\/wp\/v2\/product"}],"about":[{"href":"https:\/\/mendomedical.ca\/fr\/wp-json\/wp\/v2\/types\/product"}],"replies":[{"embeddable":true,"href":"https:\/\/mendomedical.ca\/fr\/wp-json\/wp\/v2\/comments?post=263105"}],"wp:featuredmedia":[{"embeddable":true,"href":"https:\/\/mendomedical.ca\/fr\/wp-json\/wp\/v2\/media\/265365"}],"wp:attachment":[{"href":"https:\/\/mendomedical.ca\/fr\/wp-json\/wp\/v2\/media?parent=263105"}],"wp:term":[{"taxonomy":"product_brand","embeddable":true,"href":"https:\/\/mendomedical.ca\/fr\/wp-json\/wp\/v2\/product_brand?post=263105"},{"taxonomy":"product_cat","embeddable":true,"href":"https:\/\/mendomedical.ca\/fr\/wp-json\/wp\/v2\/product_cat?post=263105"},{"taxonomy":"product_tag","embeddable":true,"href":"https:\/\/mendomedical.ca\/fr\/wp-json\/wp\/v2\/product_tag?post=263105"},{"taxonomy":"product_format_filter","embeddable":true,"href":"https:\/\/mendomedical.ca\/fr\/wp-json\/wp\/v2\/product_format_filter?post=263105"}],"curies":[{"name":"wp","href":"https:\/\/api.w.org\/{rel}","templated":true}]}}