{"id":263104,"date":"2025-08-20T06:15:56","date_gmt":"2025-08-20T10:15:56","guid":{"rendered":"https:\/\/mendomedical.ca\/?post_type=product&#038;p=263104"},"modified":"2026-03-30T08:16:20","modified_gmt":"2026-03-30T12:16:20","slug":"alaskan-tf-zero-waste-bath-bomb-2","status":"publish","type":"product","link":"https:\/\/mendomedical.ca\/fr\/produit\/alaskan-tf-zero-waste-bath-bomb-2\/","title":{"rendered":"Bombe de bain Alaskan TF Zero Waste"},"content":{"rendered":"<div class=\"description_toggle\">\n<div class=\"the_content active_toggle\">\n<div class=\"description_toggle\">\n<div class=\"the_content active_toggle\">\n<p>&nbsp;<\/p>\n<\/div>\n<\/div>\n<p class=\"format_produit\"\/>\n<\/div>\n<\/div>\n<p>&nbsp;<\/p>\n","protected":false},"excerpt":{"rendered":"<div class=\"ExternalClassB794AA8509BE4D48857AB4BDB025927C\">\n<h3>Bombe de bain Alaskan TF Zero Waste de Blunt Botanicals<\/h3>\n<p>Transformez votre rituel de bain avec la bombe de bain Alaskan TF Zero Waste de Blunt Botanicals. Cette bombe de bain innovante infus\u00e9e au CBD d\u00e9livre 50 mg de CBD pur tout en conservant une approche \u00e9cologique avec un emballage enti\u00e8rement compostable. La couche interne soluble dans l&rsquo;eau garantit une exp\u00e9rience sans r\u00e9sidu, tandis que des terp\u00e8nes soigneusement s\u00e9lectionn\u00e9s comme le b\u00eata-caryophyll\u00e8ne et le terpinol\u00e8ne agissent en synergie pour cr\u00e9er un bain th\u00e9rapeutique qui peut contribuer \u00e0 la relaxation et au soulagement musculaire.  <\/p>\n<div>\n<p><strong>Utilisation topique uniquement<\/strong><\/p>\n<p><strong>NE PAS MANGER LES SELS DE BAIN \/ LES DISSOUDRE DANS L&rsquo;EAU AVANT DE LES IMMERGER \/ NE PAS UTILISER SUR DES PLAIES OUVERTES.<\/strong><\/p>\n<p><strong><em>Mode d&#8217;emploi du sel de bain :<\/em><\/strong><br \/>\n<strong>Pour garantir un bain s\u00fbr et agr\u00e9able, nous vous recommandons d&rsquo;utiliser jusqu&rsquo;\u00e0 la moiti\u00e9 du sachet, ce qui est suffisant pour trois bains. Commencez par une petite quantit\u00e9, environ 1\/4 \u00e0 1\/2 du sachet, et ajoutez-en selon vos pr\u00e9f\u00e9rences. Cela vous permettra de profiter pleinement des bienfaits des sels tout en \u00e9vitant les d\u00e9rapages.  <\/strong><\/p>\n<\/div>\n<h3>Caract\u00e9ristiques principales<\/h3>\n<ul>\n<li>Conception z\u00e9ro d\u00e9chet avec un sachet ext\u00e9rieur compostable et un emballage int\u00e9rieur soluble dans l&rsquo;eau<\/li>\n<li>50 mg de CBD par bombe de bain, en suspension uniforme dans l&rsquo;eau du bain gr\u00e2ce \u00e0 des solubilisants avanc\u00e9s.<\/li>\n<li>Enrichi en terp\u00e8nes stimulant l&rsquo;humeur, dont le b\u00eata-caryophyll\u00e8ne et le terpinol\u00e8ne.<\/li>\n<li>Les effets commencent g\u00e9n\u00e9ralement \u00e0 se faire sentir dans les 15 minutes et peuvent durer plusieurs heures.<\/li>\n<\/ul>\n<h3>Profil aromatique et terp\u00e9nique<\/h3>\n<p>Faites l&rsquo;exp\u00e9rience d&rsquo;un voyage revigorant dans la nature sauvage de l&rsquo;Alaska avec des notes de pin frais et d&rsquo;herbes terreuses. Le profil terp\u00e9nique soigneusement s\u00e9lectionn\u00e9 comprend du b\u00eata-caryophyll\u00e8ne, qui peut aider \u00e0 soutenir les r\u00e9ponses anti-inflammatoires en s&rsquo;engageant dans le syst\u00e8me endocannabino\u00efde, et du terpinol\u00e8ne, connu pour son parfum frais et \u00e9pic\u00e9 qui peut am\u00e9liorer l&rsquo;humeur et la relaxation. Cette formulation \u00e0 base de CBD uniquement combine les huiles de bois de c\u00e8dre, de patchouli, de bergamote, d&rsquo;orange, de sapin de Sib\u00e9rie et de citron pour cr\u00e9er une exp\u00e9rience d&rsquo;aromath\u00e9rapie semblable \u00e0 celle d&rsquo;un spa.  <\/p>\n<h3>Pourquoi choisir les bombes de bain au CBD<\/h3>\n<p>Les bombes de bain au CBD offrent aux consommateurs de cannabis m\u00e9dical un moyen luxueux de favoriser la relaxation musculaire et le soulagement du stress par une application topique. L&rsquo;eau chaude aide \u00e0 ouvrir les pores pour une meilleure absorption, tandis que l&rsquo;exp\u00e9rience immersive favorise la relaxation de tout le corps. <\/p>\n<h3>Exp\u00e9dition dans tout le Canada<\/h3>\n<p>La bombe de bain Alaskan TF Zero Waste est exp\u00e9di\u00e9e rapidement \u00e0 travers le Canada avec une livraison gratuite pour les commandes de plus de 150 $. Notre livraison efficace garantit que vos produits de bien-\u00eatre arrivent rapidement pour soutenir votre routine th\u00e9rapeutique. <\/p>\n<h3>Avantages et couverture pour les anciens combattants<\/h3>\n<p>La bombe de bain Alaskan TF Zero Waste est admissible \u00e0 la couverture d&rsquo;ACC (Anciens Combattants Canada) avec facturation directe par l&rsquo;entremise de la Croix Bleue, ce qui signifie que les anciens combattants admissibles n&rsquo;ont pas \u00e0 d\u00e9bourser d&rsquo;argent. Si vous n&rsquo;avez pas encore de carte de cannabis m\u00e9dical, obtenez-la rapidement et facilement sur <a href=\"https:\/\/mendomedical.ca\/fr\/carte-medicale\/\">https:\/\/mendomedical.ca\/medical-card\/.<\/a> <\/p>\n<h3>Ingr\u00e9dients<\/h3>\n<p>Bicarbonate de sodium, acide citrique, sulfate de magn\u00e9sium, amidon de Zea Mays (ma\u00efs), huile de graines de Cannabis Sativa, polysorbate 20, huile de Cedrus Atlantica (bois de c\u00e8dre), huile de Pogostemon Cablin (patchouli), huile de Citrus Bergamia (bergamote), Citrus Aurantium Dulcis (Orange) Oil, Abies Sibirica (Siberian Fir) Oil, Citrus Limon (Lemon) Oil, Linalool, Alpha-Pinene, Myrcene, Beta-Caryophyllene, D-Limonene, Terpinolene, Parfum, Cannabis Extract.<\/p>\n<\/div>\n","protected":false},"featured_media":265363,"comment_status":"closed","ping_status":"closed","template":"","meta":{"_acf_changed":false,"site-sidebar-layout":"default","site-content-layout":"","ast-site-content-layout":"default","site-content-style":"default","site-sidebar-style":"default","ast-global-header-display":"","ast-banner-title-visibility":"","ast-main-header-display":"","ast-hfb-above-header-display":"","ast-hfb-below-header-display":"","ast-hfb-mobile-header-display":"","site-post-title":"","ast-breadcrumbs-content":"","ast-featured-img":"","footer-sml-layout":"","ast-disable-related-posts":"","theme-transparent-header-meta":"default","adv-header-id-meta":"","stick-header-meta":"","header-above-stick-meta":"","header-main-stick-meta":"","header-below-stick-meta":"","astra-migrate-meta-layouts":"set","ast-page-background-enabled":"default","ast-page-background-meta":{"desktop":{"background-color":"var(--ast-global-color-4)","background-image":"","background-repeat":"repeat","background-position":"center center","background-size":"auto","background-attachment":"scroll","background-type":"","background-media":"","overlay-type":"","overlay-color":"","overlay-opacity":"","overlay-gradient":""},"tablet":{"background-color":"","background-image":"","background-repeat":"repeat","background-position":"center center","background-size":"auto","background-attachment":"scroll","background-type":"","background-media":"","overlay-type":"","overlay-color":"","overlay-opacity":"","overlay-gradient":""},"mobile":{"background-color":"","background-image":"","background-repeat":"repeat","background-position":"center center","background-size":"auto","background-attachment":"scroll","background-type":"","background-media":"","overlay-type":"","overlay-color":"","overlay-opacity":"","overlay-gradient":""}},"ast-content-background-meta":{"desktop":{"background-color":"var(--ast-global-color-5)","background-image":"","background-repeat":"repeat","background-position":"center center","background-size":"auto","background-attachment":"scroll","background-type":"","background-media":"","overlay-type":"","overlay-color":"","overlay-opacity":"","overlay-gradient":""},"tablet":{"background-color":"var(--ast-global-color-5)","background-image":"","background-repeat":"repeat","background-position":"center center","background-size":"auto","background-attachment":"scroll","background-type":"","background-media":"","overlay-type":"","overlay-color":"","overlay-opacity":"","overlay-gradient":""},"mobile":{"background-color":"var(--ast-global-color-5)","background-image":"","background-repeat":"repeat","background-position":"center center","background-size":"auto","background-attachment":"scroll","background-type":"","background-media":"","overlay-type":"","overlay-color":"","overlay-opacity":"","overlay-gradient":""}}},"product_brand":[],"product_cat":[1152,1150],"product_tag":[3997],"product_format_filter":[6685],"class_list":{"0":"post-263104","1":"product","2":"type-product","3":"status-publish","4":"has-post-thumbnail","6":"product_cat-bains","7":"product_cat-topiques","8":"product_tag-blunt-botanicals-fr","9":"pa_intensity-faible-cbd","10":"pa_marques-blunt-botanicals-fr","11":"pa_type-de-plante-cbd-fr","12":"product_format_filter-9g","13":"desktop-align-left","14":"tablet-align-left","15":"mobile-align-left","17":"first","18":"instock","19":"taxable","20":"shipping-taxable","21":"purchasable","22":"product-type-simple"},"group_of_quantity":0,"min_quantity":0,"max_quantity":"","exclude_order_quantity_value_rules":"no","exclude_category_quantity_rules":"no","combine_variations":"no","acf":[],"_links":{"self":[{"href":"https:\/\/mendomedical.ca\/fr\/wp-json\/wp\/v2\/product\/263104","targetHints":{"allow":["GET"]}}],"collection":[{"href":"https:\/\/mendomedical.ca\/fr\/wp-json\/wp\/v2\/product"}],"about":[{"href":"https:\/\/mendomedical.ca\/fr\/wp-json\/wp\/v2\/types\/product"}],"replies":[{"embeddable":true,"href":"https:\/\/mendomedical.ca\/fr\/wp-json\/wp\/v2\/comments?post=263104"}],"wp:featuredmedia":[{"embeddable":true,"href":"https:\/\/mendomedical.ca\/fr\/wp-json\/wp\/v2\/media\/265363"}],"wp:attachment":[{"href":"https:\/\/mendomedical.ca\/fr\/wp-json\/wp\/v2\/media?parent=263104"}],"wp:term":[{"taxonomy":"product_brand","embeddable":true,"href":"https:\/\/mendomedical.ca\/fr\/wp-json\/wp\/v2\/product_brand?post=263104"},{"taxonomy":"product_cat","embeddable":true,"href":"https:\/\/mendomedical.ca\/fr\/wp-json\/wp\/v2\/product_cat?post=263104"},{"taxonomy":"product_tag","embeddable":true,"href":"https:\/\/mendomedical.ca\/fr\/wp-json\/wp\/v2\/product_tag?post=263104"},{"taxonomy":"product_format_filter","embeddable":true,"href":"https:\/\/mendomedical.ca\/fr\/wp-json\/wp\/v2\/product_format_filter?post=263104"}],"curies":[{"name":"wp","href":"https:\/\/api.w.org\/{rel}","templated":true}]}}