{"id":262063,"date":"2025-08-31T17:15:05","date_gmt":"2025-08-31T21:15:05","guid":{"rendered":"https:\/\/mendomedical.ca\/product\/zoap-73u-live-rosin\/"},"modified":"2026-01-18T20:43:26","modified_gmt":"2026-01-19T01:43:26","slug":"zoap-73u-live-rosin","status":"publish","type":"product","link":"https:\/\/mendomedical.ca\/fr\/produit\/zoap-73u-live-rosin\/","title":{"rendered":"Zoap - 73u Live Rosin"},"content":{"rendered":"","protected":false},"excerpt":{"rendered":"<div class=\"ExternalClass011659E407E84E9A840BF0C6788143C1\">\n<h3>Zoap - 73u Premium Live Rosin<\/h3>\n<div>\n<h3>Terp\u00e8nes totaux : 11,28%.<\/h3>\n<p><strong>Goyave rose #16 X Sherbet arc-en-ciel<\/strong><\/p>\n<\/div>\n<p>D\u00e9couvrez la qualit\u00e9 exceptionnelle de la Zoap 73u Live Rosin de 1Above, un concentr\u00e9 haut de gamme \u00e9labor\u00e9 \u00e0 partir de la souche Zoap, un clone rare. Cette portion de 1 g pr\u00e9sente un profil terp\u00e9nique extraordinaire de 11,28 %, offrant aux consommateurs de cannabis m\u00e9dical un concentr\u00e9 puissant et savoureux aux effets rapides. Obtenue par Deo Farms gr\u00e2ce \u00e0 une s\u00e9lection Rainbow Sherbet, cette Live Rosin repr\u00e9sente le summum des techniques d&rsquo;extraction sans solvant.  <\/p>\n<h4>Caract\u00e9ristiques principales<\/h4>\n<ul>\n<li>Extraction de Live Rosin 73u de premi\u00e8re qualit\u00e9 \u00e0 partir de la souche Zoap rare et clon\u00e9e.<\/li>\n<li>Une teneur en terp\u00e8nes exceptionnellement \u00e9lev\u00e9e (11,28 %) pour des bienfaits th\u00e9rapeutiques accrus.<\/li>\n<li>Effets rapides combinant euphorie mentale et sensations corporelles relaxantes<\/li>\n<li>Profil de saveur unique avec des notes cr\u00e9meuses, gazeuses et sucr\u00e9es<\/li>\n<li>Effets hybrides polyvalents convenant \u00e0 la fois \u00e0 la cr\u00e9ativit\u00e9 en journ\u00e9e et \u00e0 la relaxation en soir\u00e9e<\/li>\n<\/ul>\n<h4>Saveurs, ar\u00f4mes et profil cannabique<\/h4>\n<p>La composition terp\u00e9nique particuli\u00e8re de la Zoap cr\u00e9e une exp\u00e9rience sensorielle complexe avec des notes cr\u00e9meuses, gazeuses, diesel et sucr\u00e9es. Les terp\u00e8nes uniques de la vari\u00e9t\u00e9 produisent un ar\u00f4me piquant et gazeux avec des notes fruit\u00e9es d&rsquo;agrumes, de pommes et d&rsquo;abricots, coupl\u00e9es \u00e0 une touche chimique rappelant les parfums fruit\u00e9s et le savon. Ce Live Rosin contient des niveaux \u00e9lev\u00e9s de THC avec un faible taux de CBD et pr\u00e9sente un profil terp\u00e9nique complexe mis en \u00e9vidence par le caryophyll\u00e8ne, l&rsquo;humul\u00e8ne et le limon\u00e8ne, ce qui contribue \u00e0 son potentiel th\u00e9rapeutique et \u00e0 son caract\u00e8re distinctif.  <\/p>\n<h4>Pourquoi choisir le Live Rosin ?<\/h4>\n<p>Les concentr\u00e9s de Live Rosin offrent aux consommateurs de cannabis m\u00e9dical une exp\u00e9rience sans solvant, \u00e0 spectre complet, qui pr\u00e9serve le profil terp\u00e9nique naturel de la plante. Cette m\u00e9thode d&rsquo;extraction peut contribuer \u00e0 renforcer les bienfaits th\u00e9rapeutiques gr\u00e2ce \u00e0 l&rsquo;effet d&rsquo;entourage, tout en permettant un contr\u00f4le pr\u00e9cis du dosage pour un traitement m\u00e9dical personnalis\u00e9. <\/p>\n<h4>Exp\u00e9dition dans tout le Canada<\/h4>\n<p>Zoap - 73u Live Rosin est exp\u00e9di\u00e9 rapidement \u00e0 travers le Canada avec une livraison rapide et discr\u00e8te \u00e0 votre porte. Profitez de la livraison gratuite pour les commandes de plus de 150 $, ce qui rend pratique et abordable l&rsquo;acc\u00e8s \u00e0 vos concentr\u00e9s de cannabis m\u00e9dical dans tout le pays. <\/p>\n<h4>Avantages et couverture pour les anciens combattants<\/h4>\n<p>Zoap - 73u Live Rosin est admissible \u00e0 la couverture d&rsquo;ACC (Anciens Combattants Canada) et \u00e0 la facturation directe par l&rsquo;entremise de la Croix Bleue, ce qui signifie que les anciens combattants admissibles n&rsquo;ont aucuns frais \u00e0 d\u00e9bourser. Si vous n&rsquo;avez pas encore votre carte m\u00e9dicale, vous pouvez <a href=\"https:\/\/mendomedical.ca\/fr\/carte-medicale\/\">l&rsquo;obtenir rapidement et facilement<\/a> pour acc\u00e9der \u00e0 ces avantages et commencer votre traitement. <\/p>\n<\/div>\n","protected":false},"featured_media":262062,"comment_status":"open","ping_status":"closed","template":"","meta":{"_acf_changed":false,"site-sidebar-layout":"default","site-content-layout":"","ast-site-content-layout":"default","site-content-style":"default","site-sidebar-style":"default","ast-global-header-display":"","ast-banner-title-visibility":"","ast-main-header-display":"","ast-hfb-above-header-display":"","ast-hfb-below-header-display":"","ast-hfb-mobile-header-display":"","site-post-title":"","ast-breadcrumbs-content":"","ast-featured-img":"","footer-sml-layout":"","ast-disable-related-posts":"","theme-transparent-header-meta":"default","adv-header-id-meta":"","stick-header-meta":"","header-above-stick-meta":"","header-main-stick-meta":"","header-below-stick-meta":"","astra-migrate-meta-layouts":"set","ast-page-background-enabled":"default","ast-page-background-meta":{"desktop":{"background-color":"var(--ast-global-color-4)","background-image":"","background-repeat":"repeat","background-position":"center center","background-size":"auto","background-attachment":"scroll","background-type":"","background-media":"","overlay-type":"","overlay-color":"","overlay-opacity":"","overlay-gradient":""},"tablet":{"background-color":"","background-image":"","background-repeat":"repeat","background-position":"center center","background-size":"auto","background-attachment":"scroll","background-type":"","background-media":"","overlay-type":"","overlay-color":"","overlay-opacity":"","overlay-gradient":""},"mobile":{"background-color":"","background-image":"","background-repeat":"repeat","background-position":"center center","background-size":"auto","background-attachment":"scroll","background-type":"","background-media":"","overlay-type":"","overlay-color":"","overlay-opacity":"","overlay-gradient":""}},"ast-content-background-meta":{"desktop":{"background-color":"var(--ast-global-color-5)","background-image":"","background-repeat":"repeat","background-position":"center center","background-size":"auto","background-attachment":"scroll","background-type":"","background-media":"","overlay-type":"","overlay-color":"","overlay-opacity":"","overlay-gradient":""},"tablet":{"background-color":"var(--ast-global-color-5)","background-image":"","background-repeat":"repeat","background-position":"center center","background-size":"auto","background-attachment":"scroll","background-type":"","background-media":"","overlay-type":"","overlay-color":"","overlay-opacity":"","overlay-gradient":""},"mobile":{"background-color":"var(--ast-global-color-5)","background-image":"","background-repeat":"repeat","background-position":"center center","background-size":"auto","background-attachment":"scroll","background-type":"","background-media":"","overlay-type":"","overlay-color":"","overlay-opacity":"","overlay-gradient":""}}},"product_brand":[],"product_cat":[1125,1118],"product_tag":[],"product_format_filter":[6369],"class_list":{"0":"post-262063","1":"product","2":"type-product","3":"status-publish","4":"has-post-thumbnail","6":"product_cat-rosin-vivante","7":"product_cat-concentres","8":"pa_flavours-cremeux","9":"pa_flavours-gazole-diesel","10":"pa_flavours-doux","11":"pa_intensity-thc-eleve","12":"pa_intensity-low-cbg-fr","13":"pa_marques-1above-fr","14":"pa_origin-ontario-fr","15":"pa_profil-terpene-bisabolol-fr","16":"pa_profil-terpene-caryophyllene","17":"pa_profil-terpene-farnesene-fr","18":"pa_profil-terpene-humulene-fr","19":"pa_profil-terpene-limonene-fr","20":"pa_profil-terpene-linalol-fr","21":"pa_profil-terpene-myrcene","22":"pa_profil-terpene-ocimene-fr","23":"pa_profil-terpene-pinene-fr","24":"pa_profil-terpene-terpineol-fr","25":"pa_type-de-plante-hybride-fr","26":"product_format_filter-1g","27":"desktop-align-left","28":"tablet-align-left","29":"mobile-align-left","31":"first","32":"outofstock","33":"taxable","34":"shipping-taxable","35":"purchasable","36":"product-type-simple"},"group_of_quantity":0,"min_quantity":0,"max_quantity":"","exclude_order_quantity_value_rules":"no","exclude_category_quantity_rules":"no","combine_variations":"no","acf":[],"_links":{"self":[{"href":"https:\/\/mendomedical.ca\/fr\/wp-json\/wp\/v2\/product\/262063","targetHints":{"allow":["GET"]}}],"collection":[{"href":"https:\/\/mendomedical.ca\/fr\/wp-json\/wp\/v2\/product"}],"about":[{"href":"https:\/\/mendomedical.ca\/fr\/wp-json\/wp\/v2\/types\/product"}],"replies":[{"embeddable":true,"href":"https:\/\/mendomedical.ca\/fr\/wp-json\/wp\/v2\/comments?post=262063"}],"wp:featuredmedia":[{"embeddable":true,"href":"https:\/\/mendomedical.ca\/fr\/wp-json\/wp\/v2\/media\/262062"}],"wp:attachment":[{"href":"https:\/\/mendomedical.ca\/fr\/wp-json\/wp\/v2\/media?parent=262063"}],"wp:term":[{"taxonomy":"product_brand","embeddable":true,"href":"https:\/\/mendomedical.ca\/fr\/wp-json\/wp\/v2\/product_brand?post=262063"},{"taxonomy":"product_cat","embeddable":true,"href":"https:\/\/mendomedical.ca\/fr\/wp-json\/wp\/v2\/product_cat?post=262063"},{"taxonomy":"product_tag","embeddable":true,"href":"https:\/\/mendomedical.ca\/fr\/wp-json\/wp\/v2\/product_tag?post=262063"},{"taxonomy":"product_format_filter","embeddable":true,"href":"https:\/\/mendomedical.ca\/fr\/wp-json\/wp\/v2\/product_format_filter?post=262063"}],"curies":[{"name":"wp","href":"https:\/\/api.w.org\/{rel}","templated":true}]}}