{"id":261993,"date":"2025-09-21T18:00:36","date_gmt":"2025-09-21T22:00:36","guid":{"rendered":"https:\/\/mendomedical.ca\/product\/beignets-de-raisin\/"},"modified":"2026-03-02T12:51:11","modified_gmt":"2026-03-02T17:51:11","slug":"grape-fritter-mendo-select-phatpharmer-charliess-co-fr","status":"publish","type":"product","link":"https:\/\/mendomedical.ca\/fr\/produit\/grape-fritter-mendo-select-phatpharmer-charliess-co-fr\/","title":{"rendered":"Grape Fritter"},"content":{"rendered":"","protected":false},"excerpt":{"rendered":"<div class=\"ExternalClass6592988718B2433B9A7611E09D82BE8E\">\n<h3>Grape Fritter by Mendo Select - Cultiv\u00e9 par : Phat Pharms<\/h3>\n<h3>Terp\u00e8nes totaux : 2,29%.<\/h3>\n<p>Grape Fritter est une vari\u00e9t\u00e9 de cannabis hybride parfaitement \u00e9quilibr\u00e9e (50% sativa\/50% indica), magistralement \u00e9labor\u00e9e en croisant Grape Ape avec Apple Fritter soigneusement s\u00e9lectionn\u00e9e par Charlie&rsquo;s Cannabis Co, qui vous est pr\u00e9sent\u00e9e par Mendo Select. <span data-teams=\"true\">Cette vari\u00e9t\u00e9 de qualit\u00e9 sup\u00e9rieure cultiv\u00e9e par le 18x champion de la Karma Cup, Phat Pharmer<\/span>, offre un m\u00e9lange harmonieux d&rsquo;ar\u00f4mes de raisin sucr\u00e9 et de pomme acidul\u00e9e, ce qui en fait un choix distinctif pour les consommateurs de cannabis m\u00e9dical \u00e0 la recherche d&rsquo;une exp\u00e9rience \u00e9quilibr\u00e9e.<\/p>\n<\/div>\n<h4><strong>Caract\u00e9ristiques principales<\/strong><\/h4>\n<div class=\"ExternalClass6592988718B2433B9A7611E09D82BE8E\">\n<p>- G\u00e9n\u00e9tique hybride parfaitement \u00e9quilibr\u00e9e issue de souches parentales prestigieuses<br \/>\n- Profil terp\u00e9nique riche (2,29% de terp\u00e8nes totaux)<br \/>\n- Disponible en format pratique de 7g<br \/>\n- Fleur de premi\u00e8re qualit\u00e9 cultiv\u00e9e \u00e0 la main par Phat Pharms.<\/p>\n<h4>Profil aromatique et gustatif<\/h4>\n<p>Le profil aromatique se caract\u00e9rise par des notes de raisin sucr\u00e9 et de pomme acidul\u00e9e, compl\u00e9t\u00e9es par des nuances subtiles de noix et de p\u00e2te. Une l\u00e9g\u00e8re note gazeuse en fin de bouche compl\u00e8te ce profil terp\u00e9nique complexe, qui comprend notamment de l&rsquo;alpha-pin\u00e8ne, du farn\u00e9s\u00e8ne, du camph\u00e8ne et du terpinol\u00e8ne.<\/p>\n<h4>Effets et exp\u00e9rience<\/h4>\n<p>Les utilisateurs rapportent g\u00e9n\u00e9ralement une exp\u00e9rience bien \u00e9quilibr\u00e9e, commen\u00e7ant par une l\u00e9g\u00e8re \u00e9l\u00e9vation c\u00e9r\u00e9brale et une sociabilit\u00e9 accrue, passant progressivement \u00e0 une relaxation physique apaisante sans s\u00e9dation excessive. Le profil d&rsquo;effets \u00e9quilibr\u00e9s fait de cette vari\u00e9t\u00e9 un produit adapt\u00e9 \u00e0 la fois \u00e0 la journ\u00e9e et \u00e0 la soir\u00e9e.<\/p>\n<h4>Pourquoi choisir Premium Flower ?<\/h4>\n<p>La fleur de cannabis de qualit\u00e9 sup\u00e9rieure offre l&rsquo;exp\u00e9rience la plus authentique et la plus compl\u00e8te, en pr\u00e9servant le profil terp\u00e9nique naturel de la plante et en permettant aux utilisateurs de choisir leur m\u00e9thode de consommation pr\u00e9f\u00e9r\u00e9e. Lorsqu&rsquo;elle est correctement conserv\u00e9e, la fleur conserve efficacement ses propri\u00e9t\u00e9s th\u00e9rapeutiques et ses qualit\u00e9s aromatiques.<\/p>\n<h4>Exp\u00e9dition dans tout le Canada<\/h4>\n<p>Nous offrons un service d&rsquo;exp\u00e9dition rapide et discret partout au Canada pour Grape Fritter, avec livraison gratuite \u00e0 partir de 150 $ d&rsquo;achats. Tous les produits sont soigneusement emball\u00e9s pour en assurer la fra\u00eecheur et en maintenir l&rsquo;int\u00e9grit\u00e9 pendant le transport.<\/p>\n<h4>Avantages et couverture pour les anciens combattants<\/h4>\n<p>Grape Fritter est admissible \u00e0 la couverture d&rsquo;Anciens Combattants Canada (ACC) avec facturation directe par l&rsquo;entremise de la Croix Bleue, ce qui signifie que les anciens combattants admissibles n&rsquo;ont pas \u00e0 d\u00e9bourser d&rsquo;argent. Vous n&rsquo;avez pas encore votre carte m\u00e9dicale ? <a href=\"https:\/\/mendomedical.ca\/fr\/carte-medicale\/\">Cliquez ici pour obtenir rapidement et facilement votre carte m\u00e9dicale gratuite<\/a>.<\/p>\n<\/div>\n","protected":false},"featured_media":261992,"comment_status":"open","ping_status":"closed","template":"","meta":{"_acf_changed":false,"site-sidebar-layout":"default","site-content-layout":"","ast-site-content-layout":"default","site-content-style":"default","site-sidebar-style":"default","ast-global-header-display":"","ast-banner-title-visibility":"","ast-main-header-display":"","ast-hfb-above-header-display":"","ast-hfb-below-header-display":"","ast-hfb-mobile-header-display":"","site-post-title":"","ast-breadcrumbs-content":"","ast-featured-img":"","footer-sml-layout":"","ast-disable-related-posts":"","theme-transparent-header-meta":"default","adv-header-id-meta":"","stick-header-meta":"","header-above-stick-meta":"","header-main-stick-meta":"","header-below-stick-meta":"","astra-migrate-meta-layouts":"set","ast-page-background-enabled":"default","ast-page-background-meta":{"desktop":{"background-color":"var(--ast-global-color-4)","background-image":"","background-repeat":"repeat","background-position":"center center","background-size":"auto","background-attachment":"scroll","background-type":"","background-media":"","overlay-type":"","overlay-color":"","overlay-opacity":"","overlay-gradient":""},"tablet":{"background-color":"","background-image":"","background-repeat":"repeat","background-position":"center center","background-size":"auto","background-attachment":"scroll","background-type":"","background-media":"","overlay-type":"","overlay-color":"","overlay-opacity":"","overlay-gradient":""},"mobile":{"background-color":"","background-image":"","background-repeat":"repeat","background-position":"center center","background-size":"auto","background-attachment":"scroll","background-type":"","background-media":"","overlay-type":"","overlay-color":"","overlay-opacity":"","overlay-gradient":""}},"ast-content-background-meta":{"desktop":{"background-color":"var(--ast-global-color-5)","background-image":"","background-repeat":"repeat","background-position":"center center","background-size":"auto","background-attachment":"scroll","background-type":"","background-media":"","overlay-type":"","overlay-color":"","overlay-opacity":"","overlay-gradient":""},"tablet":{"background-color":"var(--ast-global-color-5)","background-image":"","background-repeat":"repeat","background-position":"center center","background-size":"auto","background-attachment":"scroll","background-type":"","background-media":"","overlay-type":"","overlay-color":"","overlay-opacity":"","overlay-gradient":""},"mobile":{"background-color":"var(--ast-global-color-5)","background-image":"","background-repeat":"repeat","background-position":"center center","background-size":"auto","background-attachment":"scroll","background-type":"","background-media":"","overlay-type":"","overlay-color":"","overlay-opacity":"","overlay-gradient":""}}},"product_brand":[],"product_cat":[1140,1137],"product_tag":[],"product_format_filter":[6373],"class_list":{"0":"post-261993","1":"product","2":"type-product","3":"status-publish","4":"has-post-thumbnail","6":"product_cat-selection-mendo","7":"product_cat-fleur","8":"pa_flavours-baies","9":"pa_flavours-fruite","10":"pa_flavours-doux","11":"pa_intensity-thc-eleve","12":"pa_intensity-low-cbg-fr","13":"pa_marques-charlies-cannabis-co","14":"pa_marques-mendo-select-fr","15":"pa_origin-ontario-fr","16":"pa_packaging-date-01-18-2026","17":"pa_prix-par-gramme-8-57","18":"pa_profil-terpene-caryophyllene","19":"pa_profil-terpene-limonene-fr","20":"pa_profil-terpene-linalol-fr","21":"pa_profil-terpene-myrcene","22":"pa_type-de-plante-hybride-fr","23":"product_format_filter-7g","24":"desktop-align-left","25":"tablet-align-left","26":"mobile-align-left","28":"first","29":"outofstock","30":"taxable","31":"shipping-taxable","32":"purchasable","33":"product-type-simple"},"group_of_quantity":0,"min_quantity":0,"max_quantity":"","exclude_order_quantity_value_rules":"no","exclude_category_quantity_rules":"no","combine_variations":"no","acf":[],"_links":{"self":[{"href":"https:\/\/mendomedical.ca\/fr\/wp-json\/wp\/v2\/product\/261993","targetHints":{"allow":["GET"]}}],"collection":[{"href":"https:\/\/mendomedical.ca\/fr\/wp-json\/wp\/v2\/product"}],"about":[{"href":"https:\/\/mendomedical.ca\/fr\/wp-json\/wp\/v2\/types\/product"}],"replies":[{"embeddable":true,"href":"https:\/\/mendomedical.ca\/fr\/wp-json\/wp\/v2\/comments?post=261993"}],"wp:featuredmedia":[{"embeddable":true,"href":"https:\/\/mendomedical.ca\/fr\/wp-json\/wp\/v2\/media\/261992"}],"wp:attachment":[{"href":"https:\/\/mendomedical.ca\/fr\/wp-json\/wp\/v2\/media?parent=261993"}],"wp:term":[{"taxonomy":"product_brand","embeddable":true,"href":"https:\/\/mendomedical.ca\/fr\/wp-json\/wp\/v2\/product_brand?post=261993"},{"taxonomy":"product_cat","embeddable":true,"href":"https:\/\/mendomedical.ca\/fr\/wp-json\/wp\/v2\/product_cat?post=261993"},{"taxonomy":"product_tag","embeddable":true,"href":"https:\/\/mendomedical.ca\/fr\/wp-json\/wp\/v2\/product_tag?post=261993"},{"taxonomy":"product_format_filter","embeddable":true,"href":"https:\/\/mendomedical.ca\/fr\/wp-json\/wp\/v2\/product_format_filter?post=261993"}],"curies":[{"name":"wp","href":"https:\/\/api.w.org\/{rel}","templated":true}]}}