{"id":261259,"date":"2025-09-22T15:30:23","date_gmt":"2025-09-22T19:30:23","guid":{"rendered":"https:\/\/mendomedical.ca\/?post_type=product&#038;p=261259"},"modified":"2026-04-16T16:05:11","modified_gmt":"2026-04-16T20:05:11","slug":"black-soft-hash-fr","status":"publish","type":"product","link":"https:\/\/mendomedical.ca\/fr\/produit\/black-soft-hash-fr\/","title":{"rendered":"Black Soft Hash"},"content":{"rendered":"","protected":false},"excerpt":{"rendered":"<div class=\"ExternalClass234A1DF3EE614EDCBA08DB0E4B9FC3BB\">\n<h3>Black Soft Hash par Six One Charlie<\/h3>\n<p>Faites l&rsquo;exp\u00e9rience de la tradition authentique de la fabrication de haschisch classique avec Six One Charlie&rsquo;s Black Soft Hash. Ce concentr\u00e9 de 2g offre une texture riche et huileuse et un profil aromatique doux que les vrais amateurs de haschisch appr\u00e9cient. Avec sa consistance souple et sa puissante teneur en THC de 43,3 %, ce haschisch traditionnel offre une exp\u00e9rience raffin\u00e9e et nostalgique du cannabis qui honore l&rsquo;h\u00e9ritage de la culture classique du haschisch.  <\/p>\n<h4>Caract\u00e9ristiques principales<\/h4>\n<ul>\n<li>Le haschisch doux de premi\u00e8re qualit\u00e9, \u00e0 la texture authentiquement souple, est facile \u00e0 manipuler et polyvalent.<\/li>\n<li>Une teneur en THC de 43,3 % pour une exp\u00e9rience de haschisch traditionnelle et cors\u00e9e.<\/li>\n<li>Profil terp\u00e9nique riche \u00e0 1,8 % comprenant le \u03b2-caryophyll\u00e8ne, le linalol et le d-limon\u00e8ne.<\/li>\n<li>Profil de saveur complexe combinant des notes de gazole avec des nuances de pin et d&rsquo;\u00e9pices.<\/li>\n<li>Format polyvalent parfait pour garnir les bols, les joints roulants ou les m\u00e9thodes de consommation traditionnelles.<\/li>\n<\/ul>\n<h4>Saveur, ar\u00f4me, profils des cannabino\u00efdes et des terp\u00e8nes<\/h4>\n<p>Le Black Soft Hash de Six One Charlie pr\u00e9sente un profil aromatique profond, \u00e0 la fois riche et terreux. L&rsquo;ar\u00f4me r\u00e9v\u00e8le des notes d&rsquo;\u00e9pices et de bois compl\u00e9t\u00e9es par de subtiles nuances d&rsquo;agrumes, tandis que des touches de douceur florale et de chaleur v\u00e9g\u00e9tale cr\u00e9ent un parfum de hasch \u00e9quilibr\u00e9 et classique, \u00e0 la fois nostalgique et raffin\u00e9. <\/p>\n<p>Le profil de saveur offre des caract\u00e9ristiques de diesel gazeux avec des notes d&rsquo;herbes de pin et d&rsquo;\u00e9pices, cr\u00e9ant une exp\u00e9rience gustative complexe fid\u00e8le au haschisch traditionnel. Avec 43,3 % de THC et 0,5 % de CBD, ce concentr\u00e9 offre un profil cannabino\u00efde puissant. La teneur en terp\u00e8nes de 1,8 % est domin\u00e9e par le \u03b2-caryophyll\u00e8ne, le linalol et le d-limon\u00e8ne, soutenus par le bisabolol, l&rsquo;humul\u00e8ne et le myrc\u00e8ne, ce qui donne un caract\u00e8re profond et terreux caract\u00e9ristique avec des qualit\u00e9s chaudes et aromatiques.  <\/p>\n<h4>Pourquoi choisir les concentr\u00e9s ?<\/h4>\n<p>Les concentr\u00e9s comme Black Soft Hash offrent aux consommateurs de cannabis m\u00e9dical un dosage puissant et coh\u00e9rent dans un format polyvalent. Les profils concentr\u00e9s de cannabino\u00efdes et de terp\u00e8nes peuvent aider \u00e0 r\u00e9pondre \u00e0 divers besoins th\u00e9rapeutiques tout en n\u00e9cessitant de plus petites quantit\u00e9s que les produits \u00e0 base de fleurs, ce qui en fait un choix efficace pour les utilisateurs m\u00e9dicaux exp\u00e9riment\u00e9s. <\/p>\n<h4>Exp\u00e9dition dans tout le Canada<\/h4>\n<p>Black Soft Hash est exp\u00e9di\u00e9 rapidement \u00e0 travers le Canada gr\u00e2ce \u00e0 notre r\u00e9seau de livraison s\u00e9curis\u00e9. Profitez de la livraison gratuite pour les commandes de plus de 150 $, ce qui garantit que vos concentr\u00e9s de qualit\u00e9 sup\u00e9rieure arrivent en toute s\u00e9curit\u00e9 et en toute discr\u00e9tion \u00e0 votre porte. <\/p>\n<h4>Avantages et couverture pour les anciens combattants<\/h4>\n<p>Black Soft Hash est admissible \u00e0 la couverture d&rsquo;ACC (Anciens Combattants Canada) et \u00e0 la facturation directe par l&rsquo;entremise de la Croix Bleue, ce qui signifie qu&rsquo;aucun d\u00e9bours\u00e9 n&rsquo;est n\u00e9cessaire pour les anciens combattants admissibles. Si vous n&rsquo;avez pas encore votre carte m\u00e9dicale, vous pouvez l&rsquo;obtenir <a href=\"https:\/\/mendomedical.ca\/fr\/carte-medicale\/\">rapidement et facilement<\/a> pour acc\u00e9der \u00e0 ces avantages et commencer votre voyage vers le cannabis m\u00e9dical. <\/p>\n<\/div>\n","protected":false},"featured_media":261256,"comment_status":"open","ping_status":"closed","template":"","meta":{"_acf_changed":false,"site-sidebar-layout":"default","site-content-layout":"","ast-site-content-layout":"default","site-content-style":"default","site-sidebar-style":"default","ast-global-header-display":"","ast-banner-title-visibility":"","ast-main-header-display":"","ast-hfb-above-header-display":"","ast-hfb-below-header-display":"","ast-hfb-mobile-header-display":"","site-post-title":"","ast-breadcrumbs-content":"","ast-featured-img":"","footer-sml-layout":"","ast-disable-related-posts":"","theme-transparent-header-meta":"default","adv-header-id-meta":"","stick-header-meta":"","header-above-stick-meta":"","header-main-stick-meta":"","header-below-stick-meta":"","astra-migrate-meta-layouts":"set","ast-page-background-enabled":"default","ast-page-background-meta":{"desktop":{"background-color":"var(--ast-global-color-4)","background-image":"","background-repeat":"repeat","background-position":"center center","background-size":"auto","background-attachment":"scroll","background-type":"","background-media":"","overlay-type":"","overlay-color":"","overlay-opacity":"","overlay-gradient":""},"tablet":{"background-color":"","background-image":"","background-repeat":"repeat","background-position":"center center","background-size":"auto","background-attachment":"scroll","background-type":"","background-media":"","overlay-type":"","overlay-color":"","overlay-opacity":"","overlay-gradient":""},"mobile":{"background-color":"","background-image":"","background-repeat":"repeat","background-position":"center center","background-size":"auto","background-attachment":"scroll","background-type":"","background-media":"","overlay-type":"","overlay-color":"","overlay-opacity":"","overlay-gradient":""}},"ast-content-background-meta":{"desktop":{"background-color":"var(--ast-global-color-5)","background-image":"","background-repeat":"repeat","background-position":"center center","background-size":"auto","background-attachment":"scroll","background-type":"","background-media":"","overlay-type":"","overlay-color":"","overlay-opacity":"","overlay-gradient":""},"tablet":{"background-color":"var(--ast-global-color-5)","background-image":"","background-repeat":"repeat","background-position":"center center","background-size":"auto","background-attachment":"scroll","background-type":"","background-media":"","overlay-type":"","overlay-color":"","overlay-opacity":"","overlay-gradient":""},"mobile":{"background-color":"var(--ast-global-color-5)","background-image":"","background-repeat":"repeat","background-position":"center center","background-size":"auto","background-attachment":"scroll","background-type":"","background-media":"","overlay-type":"","overlay-color":"","overlay-opacity":"","overlay-gradient":""}}},"product_brand":[],"product_cat":[3926,1121,4801,1118,1119],"product_tag":[],"product_format_filter":[6391],"class_list":{"0":"post-261259","1":"product","2":"type-product","3":"status-publish","4":"has-post-thumbnail","6":"product_cat-cbd-minors-2-fr","7":"product_cat-haschisch","8":"product_cat-six-one-charlie-fr","9":"product_cat-concentres","10":"product_cat-tout-sans-solvant","11":"pa_flavours-pimenter","12":"pa_flavours-gazole-diesel","13":"pa_flavours-a-base-de-plantes","14":"pa_flavours-pin","15":"pa_intensity-thc-eleve","16":"pa_marques-six-one-charlie-fr","17":"pa_origin-quebec-fr","18":"pa_type-de-plante-hybride-fr","19":"product_format_filter-2g","20":"desktop-align-left","21":"tablet-align-left","22":"mobile-align-left","24":"first","25":"instock","26":"taxable","27":"shipping-taxable","28":"purchasable","29":"product-type-simple"},"group_of_quantity":0,"min_quantity":0,"max_quantity":"","exclude_order_quantity_value_rules":"no","exclude_category_quantity_rules":"no","combine_variations":"no","acf":[],"_links":{"self":[{"href":"https:\/\/mendomedical.ca\/fr\/wp-json\/wp\/v2\/product\/261259","targetHints":{"allow":["GET"]}}],"collection":[{"href":"https:\/\/mendomedical.ca\/fr\/wp-json\/wp\/v2\/product"}],"about":[{"href":"https:\/\/mendomedical.ca\/fr\/wp-json\/wp\/v2\/types\/product"}],"replies":[{"embeddable":true,"href":"https:\/\/mendomedical.ca\/fr\/wp-json\/wp\/v2\/comments?post=261259"}],"wp:featuredmedia":[{"embeddable":true,"href":"https:\/\/mendomedical.ca\/fr\/wp-json\/wp\/v2\/media\/261256"}],"wp:attachment":[{"href":"https:\/\/mendomedical.ca\/fr\/wp-json\/wp\/v2\/media?parent=261259"}],"wp:term":[{"taxonomy":"product_brand","embeddable":true,"href":"https:\/\/mendomedical.ca\/fr\/wp-json\/wp\/v2\/product_brand?post=261259"},{"taxonomy":"product_cat","embeddable":true,"href":"https:\/\/mendomedical.ca\/fr\/wp-json\/wp\/v2\/product_cat?post=261259"},{"taxonomy":"product_tag","embeddable":true,"href":"https:\/\/mendomedical.ca\/fr\/wp-json\/wp\/v2\/product_tag?post=261259"},{"taxonomy":"product_format_filter","embeddable":true,"href":"https:\/\/mendomedical.ca\/fr\/wp-json\/wp\/v2\/product_format_filter?post=261259"}],"curies":[{"name":"wp","href":"https:\/\/api.w.org\/{rel}","templated":true}]}}