{"id":261228,"date":"2025-08-16T16:05:58","date_gmt":"2025-08-16T20:05:58","guid":{"rendered":"https:\/\/mendomedical.ca\/?post_type=product&#038;p=261228"},"modified":"2025-12-07T19:03:22","modified_gmt":"2025-12-08T00:03:22","slug":"lemon-loopz-fr","status":"publish","type":"product","link":"https:\/\/mendomedical.ca\/fr\/produit\/lemon-loopz-fr\/","title":{"rendered":"Lemon Loopz"},"content":{"rendered":"","protected":false},"excerpt":{"rendered":"<div class=\"ExternalClass4B997C486F044C9986718E3D711A7140\">\n<h2>Lemon Loopz by Simply Bare - Fleur de cannabis biologique de premi\u00e8re qualit\u00e9<\/h2>\n<h4>Terp\u00e8nes totaux : 3-5%.<\/h4>\n<p>Faites l&rsquo;exp\u00e9rience de la qualit\u00e9 exceptionnelle de Lemon Loopz, un hybride indica m\u00e9ticuleusement con\u00e7u, issu de la collection biologique de premi\u00e8re qualit\u00e9 de Simply Bare. Issu de Gastown Genetics, ce ph\u00e9notype soigneusement s\u00e9lectionn\u00e9 est un mariage de Lemon Candy Fuel x Animal Mints. Ses ar\u00f4mes se caract\u00e9risent par des notes d&rsquo;agrumes acidul\u00e9es, suivies de notes gazeuses et sucr\u00e9es. Cette g\u00e9n\u00e9tique exclusive est cultiv\u00e9e dans un sol organique vivant et suit notre traitement post-r\u00e9colte rigoureux avec un long s\u00e9chage en suspension, une coupe \u00e0 la main et un traitement \u00e0 froid. Les chasseurs d&rsquo;ar\u00f4mes trouveront ce qu&rsquo;ils cherchent, avec ces cocottes couvertes de trichomes et emball\u00e9es en toute s\u00e9curit\u00e9 dans nos pots en verre de premi\u00e8re qualit\u00e9.<\/p>\n<h3><strong>Caract\u00e9ristiques principales du produit<\/strong><\/h3>\n<ul>\n<li>Cultiv\u00e9 biologiquement dans un sol vivant dans la serre de Delta, en Colombie-Britannique.<\/li>\n<li>Trimm\u00e9 \u00e0 la main et s\u00e9ch\u00e9 \u00e0 froid pour une conservation optimale<\/li>\n<li>L&#8217;emballage en verre de premi\u00e8re qualit\u00e9 pr\u00e9serve la fra\u00eecheur<\/li>\n<li>Une teneur en terp\u00e8nes totaux impressionnante de 3 \u00e0 5 %.<\/li>\n<\/ul>\n<h3>Profil aromatique et terp\u00e8nes<\/h3>\n<p>Lemon Loopz offre un m\u00e9lange sophistiqu\u00e9 de notes de bonbons sucr\u00e9s, compl\u00e9t\u00e9es par des nuances de gaz et de citron. Le profil terp\u00e9nique pr\u00e9sente une combinaison harmonieuse de Trans-Caryophyllene, Linalool, Limonene et Farnsene contribuant \u00e0 sa signature aromatique unique.<\/p>\n<h3>Effets potentiels<\/h3>\n<p>Les utilisateurs d\u00e9clarent g\u00e9n\u00e9ralement se sentir d\u00e9tendus, calmes et \u00e9prouver des moments de gaiet\u00e9. Ces effets font de Lemon Loopz un choix appropri\u00e9 pour une utilisation en soir\u00e9e lors de la relaxation.<\/p>\n<h3>Pourquoi choisir les fleurs de cannabis de qualit\u00e9 sup\u00e9rieure ?<\/h3>\n<p>La fleur s\u00e9ch\u00e9e de premi\u00e8re qualit\u00e9 offre l&rsquo;exp\u00e9rience la plus authentique et la plus pure du cannabis. L&rsquo;engagement de Simply Bare en mati\u00e8re de culture biologique et de traitement soigneux vous garantit un produit qui conserve ses propri\u00e9t\u00e9s naturelles et son potentiel th\u00e9rapeutique.<\/p>\n<h3>Exp\u00e9dition dans tout le Canada<\/h3>\n<p>Profitez d&rsquo;une livraison rapide et discr\u00e8te dans tout le Canada. Les commandes de plus de 150 $ sont admissibles \u00e0 la livraison gratuite, ce qui vous permet de recevoir vos produits de cannabis de qualit\u00e9 sup\u00e9rieure directement \u00e0 votre porte.<\/p>\n<h3>Avantages et couverture pour les anciens combattants<\/h3>\n<p>Lemon Loopz est admissible \u00e0 la couverture d&rsquo;Anciens Combattants Canada (ACC) avec facturation directe par l&rsquo;entremise de la Croix Bleue, ce qui signifie que les anciens combattants admissibles n&rsquo;ont pas \u00e0 d\u00e9bourser d&rsquo;argent. Vous n&rsquo;avez pas encore votre carte m\u00e9dicale ? <a href=\"https:\/\/mendomedical.ca\/fr\/carte-medicale\/\">Obtenez votre carte m\u00e9dicale gratuite rapidement et facilement gr\u00e2ce \u00e0 notre plateforme<\/a>.<\/p>\n<\/div>\n","protected":false},"featured_media":261232,"comment_status":"open","ping_status":"closed","template":"","meta":{"_acf_changed":false,"site-sidebar-layout":"default","site-content-layout":"","ast-site-content-layout":"default","site-content-style":"default","site-sidebar-style":"default","ast-global-header-display":"","ast-banner-title-visibility":"","ast-main-header-display":"","ast-hfb-above-header-display":"","ast-hfb-below-header-display":"","ast-hfb-mobile-header-display":"","site-post-title":"","ast-breadcrumbs-content":"","ast-featured-img":"","footer-sml-layout":"","ast-disable-related-posts":"","theme-transparent-header-meta":"default","adv-header-id-meta":"","stick-header-meta":"","header-above-stick-meta":"","header-main-stick-meta":"","header-below-stick-meta":"","astra-migrate-meta-layouts":"set","ast-page-background-enabled":"default","ast-page-background-meta":{"desktop":{"background-color":"var(--ast-global-color-4)","background-image":"","background-repeat":"repeat","background-position":"center center","background-size":"auto","background-attachment":"scroll","background-type":"","background-media":"","overlay-type":"","overlay-color":"","overlay-opacity":"","overlay-gradient":""},"tablet":{"background-color":"","background-image":"","background-repeat":"repeat","background-position":"center center","background-size":"auto","background-attachment":"scroll","background-type":"","background-media":"","overlay-type":"","overlay-color":"","overlay-opacity":"","overlay-gradient":""},"mobile":{"background-color":"","background-image":"","background-repeat":"repeat","background-position":"center center","background-size":"auto","background-attachment":"scroll","background-type":"","background-media":"","overlay-type":"","overlay-color":"","overlay-opacity":"","overlay-gradient":""}},"ast-content-background-meta":{"desktop":{"background-color":"var(--ast-global-color-5)","background-image":"","background-repeat":"repeat","background-position":"center center","background-size":"auto","background-attachment":"scroll","background-type":"","background-media":"","overlay-type":"","overlay-color":"","overlay-opacity":"","overlay-gradient":""},"tablet":{"background-color":"var(--ast-global-color-5)","background-image":"","background-repeat":"repeat","background-position":"center center","background-size":"auto","background-attachment":"scroll","background-type":"","background-media":"","overlay-type":"","overlay-color":"","overlay-opacity":"","overlay-gradient":""},"mobile":{"background-color":"var(--ast-global-color-5)","background-image":"","background-repeat":"repeat","background-position":"center center","background-size":"auto","background-attachment":"scroll","background-type":"","background-media":"","overlay-type":"","overlay-color":"","overlay-opacity":"","overlay-gradient":""}}},"product_brand":[],"product_cat":[1137],"product_tag":[],"product_format_filter":[6373],"class_list":{"0":"post-261228","1":"product","2":"type-product","3":"status-publish","4":"has-post-thumbnail","6":"product_cat-fleur","7":"pa_flavours-bonbons","8":"pa_flavours-citron","9":"pa_flavours-doux","10":"pa_intensity-thc-eleve","11":"pa_marques-simply-bare-organic-fr","12":"pa_origin-colombie-britannique-fr","13":"pa_packaging-date-10-22-2025","14":"pa_profil-terpene-caryophyllene","15":"pa_profil-terpene-farnesene-fr","16":"pa_profil-terpene-humulene-fr","17":"pa_profil-terpene-limonene-fr","18":"pa_profil-terpene-linalol-fr","19":"pa_type-de-plante-hybride-indica-fr","20":"product_format_filter-7g","21":"desktop-align-left","22":"tablet-align-left","23":"mobile-align-left","25":"first","26":"outofstock","27":"taxable","28":"shipping-taxable","29":"purchasable","30":"product-type-simple"},"group_of_quantity":0,"min_quantity":0,"max_quantity":"","exclude_order_quantity_value_rules":"no","exclude_category_quantity_rules":"no","combine_variations":"no","acf":[],"_links":{"self":[{"href":"https:\/\/mendomedical.ca\/fr\/wp-json\/wp\/v2\/product\/261228","targetHints":{"allow":["GET"]}}],"collection":[{"href":"https:\/\/mendomedical.ca\/fr\/wp-json\/wp\/v2\/product"}],"about":[{"href":"https:\/\/mendomedical.ca\/fr\/wp-json\/wp\/v2\/types\/product"}],"replies":[{"embeddable":true,"href":"https:\/\/mendomedical.ca\/fr\/wp-json\/wp\/v2\/comments?post=261228"}],"wp:featuredmedia":[{"embeddable":true,"href":"https:\/\/mendomedical.ca\/fr\/wp-json\/wp\/v2\/media\/261232"}],"wp:attachment":[{"href":"https:\/\/mendomedical.ca\/fr\/wp-json\/wp\/v2\/media?parent=261228"}],"wp:term":[{"taxonomy":"product_brand","embeddable":true,"href":"https:\/\/mendomedical.ca\/fr\/wp-json\/wp\/v2\/product_brand?post=261228"},{"taxonomy":"product_cat","embeddable":true,"href":"https:\/\/mendomedical.ca\/fr\/wp-json\/wp\/v2\/product_cat?post=261228"},{"taxonomy":"product_tag","embeddable":true,"href":"https:\/\/mendomedical.ca\/fr\/wp-json\/wp\/v2\/product_tag?post=261228"},{"taxonomy":"product_format_filter","embeddable":true,"href":"https:\/\/mendomedical.ca\/fr\/wp-json\/wp\/v2\/product_format_filter?post=261228"}],"curies":[{"name":"wp","href":"https:\/\/api.w.org\/{rel}","templated":true}]}}