{"id":261180,"date":"2025-08-16T08:00:14","date_gmt":"2025-08-16T12:00:14","guid":{"rendered":"https:\/\/mendomedical.ca\/?post_type=product&#038;p=261180"},"modified":"2026-04-20T00:18:16","modified_gmt":"2026-04-20T04:18:16","slug":"the-hive-live-rosin-vape-cart-fr","status":"publish","type":"product","link":"https:\/\/mendomedical.ca\/fr\/produit\/the-hive-live-rosin-vape-cart-fr\/","title":{"rendered":"La Ruche Live Rosin Vape Cart"},"content":{"rendered":"","protected":false},"excerpt":{"rendered":"<div class=\"ExternalClass9AD56605C83D455C9C2C5BBFC7DC5206\">\n<h3>The Hive Live Rosin Vape Cart par Brindle Farms Inc.<\/h3>\n<h3>Terp\u00e8nes totaux : 7-10%.<\/h3>\n<p>D\u00e9couvrez le summum de l&rsquo;extraction sans solvant avec The Hive Live Rosin Vape Cart de Brindle Farms Inc. Ce concentr\u00e9 exceptionnel met en valeur la g\u00e9n\u00e9tique rare Honey Banana x Papaya, d\u00e9livrant un impressionnant 7-10% de terp\u00e8nes totaux dans un format de live rosin vape cart de premi\u00e8re qualit\u00e9. Apr\u00e8s avoir test\u00e9 des centaines de cultivars, Brindle Farms a mis au point cet extrait extraordinaire qui combine des saveurs sucr\u00e9es avec des effets puissants \u00e0 dominante sativa.  <\/p>\n<h4>Caract\u00e9ristiques principales<\/h4>\n<ul>\n<li>Sans solvant de premi\u00e8re qualit\u00e9 utilis\u00e9 pour remplir les chariots avec 7 \u00e0 10 % de terp\u00e8nes totaux issus de la g\u00e9n\u00e9tique Honey Banana x Papaya.<\/li>\n<li>Vapeur douce et savoureuse id\u00e9ale pour le vapotage<\/li>\n<li>Fabriqu\u00e9 par Brindle Farms Inc \u00e0 partir de mat\u00e9riaux fra\u00eechement congel\u00e9s.<\/li>\n<li>Les effets dominants de la sativa offrent une euphorie exaltante, une cr\u00e9ativit\u00e9 accrue et une clart\u00e9 mentale.<\/li>\n<li>\u00c9labor\u00e9 par des experts gr\u00e2ce \u00e0 des processus de culture et d&rsquo;extraction m\u00e9ticuleux pour une puret\u00e9 maximale.<\/li>\n<\/ul>\n<h4>Profil aromatique et terp\u00e8nes<\/h4>\n<p>La Live Rosin Vape Cart de la Ruche offre une exp\u00e9rience sensorielle bouleversante avec ses profils de saveurs dominantes de bonbons, de miel et de sucreries. La teneur \u00e9lev\u00e9e en terp\u00e8nes (7-10%) cr\u00e9e une puissance aromatique imm\u00e9diatement perceptible \u00e0 l&rsquo;ouverture. Le go\u00fbt sucr\u00e9, semblable \u00e0 celui d&rsquo;un bonbon, s&rsquo;associe \u00e0 des notes de miel et de sucre pour cr\u00e9er une exp\u00e9rience qui met l&rsquo;eau \u00e0 la bouche. Le profil des terp\u00e8nes procure une sensation d&rsquo;enrobage qui persiste longtemps apr\u00e8s la consommation, offrant des sessions douces et savoureuses \u00e0 chaque utilisation.   <\/p>\n<h4>Pourquoi choisir Live Rosin Vape Cart ?<\/h4>\n<p>Les concentr\u00e9s de vape cart de Live Rosin offrent aux utilisateurs m\u00e9dicaux une option pure, sans solvant, qui pr\u00e9serve le spectre complet des cannabino\u00efdes et des terp\u00e8nes. Le format concentr\u00e9 permet un dosage pr\u00e9cis tout en conservant les propri\u00e9t\u00e9s th\u00e9rapeutiques naturelles de la plante. <\/p>\n<h4>Exp\u00e9dition dans tout le Canada<\/h4>\n<p>Le chariot de vape Live Rosin de la Ruche est exp\u00e9di\u00e9 rapidement dans tout le Canada. Nous offrons la livraison gratuite pour toutes les commandes de plus de 150 $, ce qui vous assure de recevoir vos concentr\u00e9s de qualit\u00e9 sup\u00e9rieure rapidement et discr\u00e8tement. <\/p>\n<h4>Avantages et couverture pour les anciens combattants<\/h4>\n<p>La vape cart de Live Rosin de Hive est admissible \u00e0 la couverture d&rsquo;ACC (Anciens Combattants Canada) avec facturation directe par la Croix Bleue, ce qui signifie qu&rsquo;il n&rsquo;y a pas de frais \u00e0 d\u00e9bourser pour les anciens combattants admissibles. Si vous n&rsquo;avez pas encore votre carte m\u00e9dicale, vous pouvez <a href=\"https:\/\/mendomedical.ca\/fr\/carte-medicale\/\">l&rsquo;obtenir rapidement et facilement<\/a> pour acc\u00e9der \u00e0 ces avantages. <\/p>\n<\/div>\n","protected":false},"featured_media":261464,"comment_status":"closed","ping_status":"closed","template":"","meta":{"_acf_changed":false,"site-sidebar-layout":"default","site-content-layout":"","ast-site-content-layout":"default","site-content-style":"default","site-sidebar-style":"default","ast-global-header-display":"","ast-banner-title-visibility":"","ast-main-header-display":"","ast-hfb-above-header-display":"","ast-hfb-below-header-display":"","ast-hfb-mobile-header-display":"","site-post-title":"","ast-breadcrumbs-content":"","ast-featured-img":"","footer-sml-layout":"","ast-disable-related-posts":"","theme-transparent-header-meta":"default","adv-header-id-meta":"","stick-header-meta":"","header-above-stick-meta":"","header-main-stick-meta":"","header-below-stick-meta":"","astra-migrate-meta-layouts":"set","ast-page-background-enabled":"default","ast-page-background-meta":{"desktop":{"background-color":"var(--ast-global-color-4)","background-image":"","background-repeat":"repeat","background-position":"center center","background-size":"auto","background-attachment":"scroll","background-type":"","background-media":"","overlay-type":"","overlay-color":"","overlay-opacity":"","overlay-gradient":""},"tablet":{"background-color":"","background-image":"","background-repeat":"repeat","background-position":"center center","background-size":"auto","background-attachment":"scroll","background-type":"","background-media":"","overlay-type":"","overlay-color":"","overlay-opacity":"","overlay-gradient":""},"mobile":{"background-color":"","background-image":"","background-repeat":"repeat","background-position":"center center","background-size":"auto","background-attachment":"scroll","background-type":"","background-media":"","overlay-type":"","overlay-color":"","overlay-opacity":"","overlay-gradient":""}},"ast-content-background-meta":{"desktop":{"background-color":"var(--ast-global-color-5)","background-image":"","background-repeat":"repeat","background-position":"center center","background-size":"auto","background-attachment":"scroll","background-type":"","background-media":"","overlay-type":"","overlay-color":"","overlay-opacity":"","overlay-gradient":""},"tablet":{"background-color":"var(--ast-global-color-5)","background-image":"","background-repeat":"repeat","background-position":"center center","background-size":"auto","background-attachment":"scroll","background-type":"","background-media":"","overlay-type":"","overlay-color":"","overlay-opacity":"","overlay-gradient":""},"mobile":{"background-color":"var(--ast-global-color-5)","background-image":"","background-repeat":"repeat","background-position":"center center","background-size":"auto","background-attachment":"scroll","background-type":"","background-media":"","overlay-type":"","overlay-color":"","overlay-opacity":"","overlay-gradient":""}}},"product_brand":[],"product_cat":[2334,1160,1164,1530,1159,1119],"product_tag":[2775],"product_format_filter":[6369],"class_list":{"0":"post-261180","1":"product","2":"type-product","3":"status-publish","4":"has-post-thumbnail","6":"product_cat-cannabinoides-mineurs","7":"product_cat-cart-fil-510","8":"product_cat-cured-et-rosin-vivante-fr","9":"product_cat-spectre-complet1","10":"product_cat-vapoteuses","11":"product_cat-tout-sans-solvant","12":"product_tag-brindle-farms-fr","13":"pa_flavours-bonbons","14":"pa_flavours-honey-fr","15":"pa_flavours-doux","16":"pa_intensity-thc-eleve","17":"pa_marques-brindle-farms-inc-fr","18":"pa_origin-colombie-britannique-fr","19":"pa_profil-terpene-caryophyllene","20":"pa_profil-terpene-farnesene-fr","21":"pa_profil-terpene-limonene-fr","22":"pa_profil-terpene-myrcene","23":"pa_type-de-plante-hybride-fr","24":"product_format_filter-1g","25":"desktop-align-left","26":"tablet-align-left","27":"mobile-align-left","29":"first","30":"instock","31":"taxable","32":"shipping-taxable","33":"purchasable","34":"product-type-simple"},"group_of_quantity":0,"min_quantity":0,"max_quantity":"","exclude_order_quantity_value_rules":"no","exclude_category_quantity_rules":"no","combine_variations":"no","acf":[],"_links":{"self":[{"href":"https:\/\/mendomedical.ca\/fr\/wp-json\/wp\/v2\/product\/261180","targetHints":{"allow":["GET"]}}],"collection":[{"href":"https:\/\/mendomedical.ca\/fr\/wp-json\/wp\/v2\/product"}],"about":[{"href":"https:\/\/mendomedical.ca\/fr\/wp-json\/wp\/v2\/types\/product"}],"replies":[{"embeddable":true,"href":"https:\/\/mendomedical.ca\/fr\/wp-json\/wp\/v2\/comments?post=261180"}],"wp:featuredmedia":[{"embeddable":true,"href":"https:\/\/mendomedical.ca\/fr\/wp-json\/wp\/v2\/media\/261464"}],"wp:attachment":[{"href":"https:\/\/mendomedical.ca\/fr\/wp-json\/wp\/v2\/media?parent=261180"}],"wp:term":[{"taxonomy":"product_brand","embeddable":true,"href":"https:\/\/mendomedical.ca\/fr\/wp-json\/wp\/v2\/product_brand?post=261180"},{"taxonomy":"product_cat","embeddable":true,"href":"https:\/\/mendomedical.ca\/fr\/wp-json\/wp\/v2\/product_cat?post=261180"},{"taxonomy":"product_tag","embeddable":true,"href":"https:\/\/mendomedical.ca\/fr\/wp-json\/wp\/v2\/product_tag?post=261180"},{"taxonomy":"product_format_filter","embeddable":true,"href":"https:\/\/mendomedical.ca\/fr\/wp-json\/wp\/v2\/product_format_filter?post=261180"}],"curies":[{"name":"wp","href":"https:\/\/api.w.org\/{rel}","templated":true}]}}