{"id":261172,"date":"2025-08-25T00:15:40","date_gmt":"2025-08-25T04:15:40","guid":{"rendered":"https:\/\/mendomedical.ca\/?post_type=product&#038;p=261172"},"modified":"2026-04-16T11:12:53","modified_gmt":"2026-04-16T15:12:53","slug":"ampoules-blue-moon-rehausseur-de-boisson","status":"publish","type":"product","link":"https:\/\/mendomedical.ca\/fr\/produit\/ampoules-blue-moon-rehausseur-de-boisson\/","title":{"rendered":"Blue Moon Ampoule Boissons exaltantes"},"content":{"rendered":"","protected":false},"excerpt":{"rendered":"<div class=\"ExternalClassCE74862FF0124B83B6D40620FC24C6AA\">\n<h3>Blue Moon Ampoule Boissons exaltantes<\/h3>\n<p>Jane &amp; Juice Blue Moon Ampule Beverage Enhancer offre un moyen pratique et pr\u00e9cis d&rsquo;incorporer le CBD dans votre routine de bien-\u00eatre. Ces infusions ing\u00e9rables \u00e0 action rapide se pr\u00e9sentent sous forme d&rsquo;ampoules portables de 1 ml, chacune contenant 25 mg de CBD dans un m\u00e9lange liquide soluble dans l&rsquo;eau. Con\u00e7u pour la relaxation et le calme, ce produit polyvalent peut \u00eatre pris directement ou m\u00e9lang\u00e9 \u00e0 votre boisson pr\u00e9f\u00e9r\u00e9e pour une exp\u00e9rience personnalis\u00e9e.  <\/p>\n<h4>Caract\u00e9ristiques principales et points forts du produit<\/h4>\n<ul>\n<li>Formule de CBD hydrosoluble \u00ab\u00a0Quickvibe\u00a0\u00bb \u00e0 action rapide pour une meilleure biodisponibilit\u00e9<\/li>\n<li>Ampoules pratiques de 1 ml, refermables et dosables, parfaites pour une utilisation en d\u00e9placement.<\/li>\n<li>25 mg de CBD par ampoule, con\u00e7u pour favoriser le calme et la relaxation<\/li>\n<li>Formule enti\u00e8rement naturelle sans \u00e9dulcorants ni ar\u00f4mes ajout\u00e9s<\/li>\n<li>Options de consommation polyvalentes - \u00e0 prendre directement ou \u00e0 m\u00e9langer avec des boissons<\/li>\n<\/ul>\n<h4>Pourquoi choisir les plantes comestibles ?<\/h4>\n<p>Les edibles CBD comme Blue Moon Ampule Beverage Enhancer offrent aux utilisateurs m\u00e9dicaux un dosage pr\u00e9cis et des effets plus durables que les autres m\u00e9thodes de consommation. La formulation hydrosoluble garantit des temps d&rsquo;action plus rapides tout en conservant la discr\u00e9tion et la commodit\u00e9 qui font des edibles des produits id\u00e9aux pour une utilisation th\u00e9rapeutique coh\u00e9rente. <\/p>\n<h4>Exp\u00e9dition dans tout le Canada<\/h4>\n<p>Blue Moon Ampule est exp\u00e9di\u00e9 rapidement \u00e0 travers le Canada avec une livraison gratuite disponible pour les commandes de plus de \u00a3150. Veuillez noter que les produits liquides peuvent \u00eatre affect\u00e9s par des temp\u00e9ratures extr\u00eames pendant le transport. Malheureusement, nous ne pouvons pas offrir de remboursement ou de remplacement pour les produits endommag\u00e9s en raison de fluctuations de temp\u00e9rature pendant le transport.   Nous vous remercions de votre compr\u00e9hension.<\/p>\n<h4>Avantages et couverture pour les anciens combattants<\/h4>\n<p>Blue Moon Ampule est admissible \u00e0 la couverture d&rsquo;ACC (Anciens Combattants Canada) et \u00e0 la facturation directe par l&rsquo;entremise de la Croix Bleue, ce qui signifie que les anciens combattants admissibles n&rsquo;ont pas \u00e0 d\u00e9bourser d&rsquo;argent. Si vous n&rsquo;avez pas encore de carte de cannabis m\u00e9dical, vous pouvez <a href=\"https:\/\/mendomedical.ca\/fr\/carte-medicale\/\">obtenir votre carte m\u00e9dicale gratuite rapidement et facilement<\/a> pour acc\u00e9der \u00e0 ces avantages. <\/p>\n<h4>Ingr\u00e9dients<\/h4>\n<p>Eau purifi\u00e9e, huile de coco, vitamine E, l\u00e9cithine, acide sorbique, benzoate de sodium, 1,3 propanediol, gomme arabique, extrait de CBD.<\/p>\n<\/div>\n","protected":false},"featured_media":261174,"comment_status":"open","ping_status":"closed","template":"","meta":{"_acf_changed":false,"site-sidebar-layout":"default","site-content-layout":"","ast-site-content-layout":"default","site-content-style":"default","site-sidebar-style":"default","ast-global-header-display":"","ast-banner-title-visibility":"","ast-main-header-display":"","ast-hfb-above-header-display":"","ast-hfb-below-header-display":"","ast-hfb-mobile-header-display":"","site-post-title":"","ast-breadcrumbs-content":"","ast-featured-img":"","footer-sml-layout":"","ast-disable-related-posts":"","theme-transparent-header-meta":"default","adv-header-id-meta":"","stick-header-meta":"","header-above-stick-meta":"","header-main-stick-meta":"","header-below-stick-meta":"","astra-migrate-meta-layouts":"set","ast-page-background-enabled":"default","ast-page-background-meta":{"desktop":{"background-color":"var(--ast-global-color-4)","background-image":"","background-repeat":"repeat","background-position":"center center","background-size":"auto","background-attachment":"scroll","background-type":"","background-media":"","overlay-type":"","overlay-color":"","overlay-opacity":"","overlay-gradient":""},"tablet":{"background-color":"","background-image":"","background-repeat":"repeat","background-position":"center center","background-size":"auto","background-attachment":"scroll","background-type":"","background-media":"","overlay-type":"","overlay-color":"","overlay-opacity":"","overlay-gradient":""},"mobile":{"background-color":"","background-image":"","background-repeat":"repeat","background-position":"center center","background-size":"auto","background-attachment":"scroll","background-type":"","background-media":"","overlay-type":"","overlay-color":"","overlay-opacity":"","overlay-gradient":""}},"ast-content-background-meta":{"desktop":{"background-color":"var(--ast-global-color-5)","background-image":"","background-repeat":"repeat","background-position":"center center","background-size":"auto","background-attachment":"scroll","background-type":"","background-media":"","overlay-type":"","overlay-color":"","overlay-opacity":"","overlay-gradient":""},"tablet":{"background-color":"var(--ast-global-color-5)","background-image":"","background-repeat":"repeat","background-position":"center center","background-size":"auto","background-attachment":"scroll","background-type":"","background-media":"","overlay-type":"","overlay-color":"","overlay-opacity":"","overlay-gradient":""},"mobile":{"background-color":"var(--ast-global-color-5)","background-image":"","background-repeat":"repeat","background-position":"center center","background-size":"auto","background-attachment":"scroll","background-type":"","background-media":"","overlay-type":"","overlay-color":"","overlay-opacity":"","overlay-gradient":""}}},"product_brand":[],"product_cat":[1131,3825,1135,1128],"product_tag":[],"product_format_filter":[6593],"class_list":{"0":"post-261172","1":"product","2":"type-product","3":"status-publish","4":"has-post-thumbnail","6":"product_cat-boissons","7":"product_cat-cbd-minors-3-fr","8":"product_cat-sans-sucre","9":"product_cat-comestibles","10":"pa_intensity-faible-cbd","11":"pa_marques-jane-juice-fr","12":"pa_origin-quebec-fr","13":"pa_type-de-plante-cbd-fr","14":"product_format_filter-1ml","15":"desktop-align-left","16":"tablet-align-left","17":"mobile-align-left","19":"first","20":"outofstock","21":"taxable","22":"shipping-taxable","23":"purchasable","24":"product-type-simple"},"group_of_quantity":0,"min_quantity":0,"max_quantity":"","exclude_order_quantity_value_rules":"no","exclude_category_quantity_rules":"no","combine_variations":"no","acf":[],"_links":{"self":[{"href":"https:\/\/mendomedical.ca\/fr\/wp-json\/wp\/v2\/product\/261172","targetHints":{"allow":["GET"]}}],"collection":[{"href":"https:\/\/mendomedical.ca\/fr\/wp-json\/wp\/v2\/product"}],"about":[{"href":"https:\/\/mendomedical.ca\/fr\/wp-json\/wp\/v2\/types\/product"}],"replies":[{"embeddable":true,"href":"https:\/\/mendomedical.ca\/fr\/wp-json\/wp\/v2\/comments?post=261172"}],"wp:featuredmedia":[{"embeddable":true,"href":"https:\/\/mendomedical.ca\/fr\/wp-json\/wp\/v2\/media\/261174"}],"wp:attachment":[{"href":"https:\/\/mendomedical.ca\/fr\/wp-json\/wp\/v2\/media?parent=261172"}],"wp:term":[{"taxonomy":"product_brand","embeddable":true,"href":"https:\/\/mendomedical.ca\/fr\/wp-json\/wp\/v2\/product_brand?post=261172"},{"taxonomy":"product_cat","embeddable":true,"href":"https:\/\/mendomedical.ca\/fr\/wp-json\/wp\/v2\/product_cat?post=261172"},{"taxonomy":"product_tag","embeddable":true,"href":"https:\/\/mendomedical.ca\/fr\/wp-json\/wp\/v2\/product_tag?post=261172"},{"taxonomy":"product_format_filter","embeddable":true,"href":"https:\/\/mendomedical.ca\/fr\/wp-json\/wp\/v2\/product_format_filter?post=261172"}],"curies":[{"name":"wp","href":"https:\/\/api.w.org\/{rel}","templated":true}]}}