{"id":260413,"date":"2025-08-16T01:30:56","date_gmt":"2025-08-16T05:30:56","guid":{"rendered":"https:\/\/mendomedical.ca\/product\/pieces-de-rosin-yuzu-20-x-5mg\/"},"modified":"2026-04-10T15:35:07","modified_gmt":"2026-04-10T19:35:07","slug":"hash-rosin-coins-yuzu-20-x-5mg","status":"publish","type":"product","link":"https:\/\/mendomedical.ca\/fr\/produit\/hash-rosin-coins-yuzu-20-x-5mg\/","title":{"rendered":"Pi\u00e8ces de Rosin - Yuzu (20 x 5mg)"},"content":{"rendered":"","protected":false},"excerpt":{"rendered":"<div class=\"ExternalClass3B1FFDAE4C2849BE98CCE190409A8E09\">\n<h2>Hash Rosin Coins Yuzu - 20 x 5mg par Rosin Heads<\/h2>\n<h3>Souche utilis\u00e9e : Strawberry Cough<\/h3>\n<p>Faites l&rsquo;exp\u00e9rience d&rsquo;un m\u00e9lange parfait d&rsquo;artisanat et de dosage pr\u00e9cis avec les Rosin Coins Yuzu Hash de Rosin Heads. Chaque paquet contient 20 pi\u00e8ces pr\u00e9cis\u00e9ment dos\u00e9es, r\u00e9parties en 10 paquets de 2 pi\u00e8ces, contenant 5mg de Live Rosin sp\u00e9cifique \u00e0 la vari\u00e9t\u00e9, combin\u00e9e \u00e0 une couverture de yuzu de premi\u00e8re qualit\u00e9 pour une exp\u00e9rience de cannabis sophistiqu\u00e9e.<\/p>\n<h3><strong>Caract\u00e9ristiques principales du produit<\/strong><\/h3>\n<ul>\n<li>Dosage pr\u00e9cis de 5 mg par pi\u00e8ce pour des effets constants<\/li>\n<li>Fabriqu\u00e9 avec de la Live Rosin de premi\u00e8re qualit\u00e9, sp\u00e9cifique \u00e0 la souche.<\/li>\n<li>Profil d&rsquo;ar\u00f4me vibrant d&rsquo;agrumes yuzu<\/li>\n<li>20 pi\u00e8ces en portions individuelles par paquet<\/li>\n<li>Confiserie artisanale<\/li>\n<\/ul>\n<h3>Profil aromatique et gustatif<\/h3>\n<p>Ces pi\u00e8ces m\u00e9ticuleusement fabriqu\u00e9es offrent une exp\u00e9rience gustative sophistiqu\u00e9e domin\u00e9e par des notes d&rsquo;agrumes piquantes de pamplemousse et de citron. La couverture de yuzu fournit un compl\u00e9ment parfait \u00e0 la Live Rosin soigneusement s\u00e9lectionn\u00e9e, cr\u00e9ant un profil gustatif \u00e9quilibr\u00e9 et agr\u00e9able. Les utilisateurs peuvent ressentir des effets euphoriques, relaxants et cr\u00e9atifs.<\/p>\n<h3>Pourquoi choisir les produits comestibles Hash Rosin ?<\/h3>\n<p>Les edibles Hash Rosin offrent un moyen discret et pr\u00e9cis de consommer du cannabis. Le dosage de 5 mg permet de g\u00e9rer facilement la dose, tandis que le format pratique de la pi\u00e8ce de monnaie permet de l&rsquo;incorporer facilement \u00e0 votre routine de bien-\u00eatre. Ces edibles de qualit\u00e9 sup\u00e9rieure offrent une exp\u00e9rience coh\u00e9rente et fiable.<\/p>\n<h3>Exp\u00e9dition dans tout le Canada<\/h3>\n<p>Nous offrons une livraison rapide dans tout le Canada, avec une livraison gratuite pour les commandes de plus de 150 $. Veuillez noter que ces produits \u00e0 base de chocolat peuvent \u00eatre affect\u00e9s par la chaleur durant les mois d&rsquo;\u00e9t\u00e9. Tenez-en compte lorsque vous passez votre commande, car nous ne pouvons pas offrir de remboursement ou de remplacement pour les produits qui fondent pendant le transport.<\/p>\n<h3>Avantages et couverture pour les anciens combattants<\/h3>\n<p>Ce produit est admissible \u00e0 la couverture d&rsquo;ACC et \u00e0 la facturation directe par la Croix Bleue, ce qui signifie que les anciens combattants admissibles n&rsquo;ont pas \u00e0 d\u00e9bourser d&rsquo;argent. Vous n&rsquo;avez pas encore votre carte m\u00e9dicale ? Obtenez votre carte m\u00e9dicale gratuite rapidement et facilement gr\u00e2ce \u00e0 notre plateforme https:\/\/mendomedical.ca\/medical-card\/.<\/p>\n<h3>Ingr\u00e9dients<\/h3>\n<p>Couverture de yuzu (sucre, beurre de cacao, maltodextrine, jus de yuzu, l\u00e9cithine de tournesol), Rosin de Hash. Peut contenir : Cacahu\u00e8tes, lait, bl\u00e9, noix, soja.<\/p>\n<\/div>\n","protected":false},"featured_media":260410,"comment_status":"open","ping_status":"closed","template":"","meta":{"_acf_changed":false,"site-sidebar-layout":"default","site-content-layout":"","ast-site-content-layout":"default","site-content-style":"default","site-sidebar-style":"default","ast-global-header-display":"","ast-banner-title-visibility":"","ast-main-header-display":"","ast-hfb-above-header-display":"","ast-hfb-below-header-display":"","ast-hfb-mobile-header-display":"","site-post-title":"","ast-breadcrumbs-content":"","ast-featured-img":"","footer-sml-layout":"","ast-disable-related-posts":"","theme-transparent-header-meta":"default","adv-header-id-meta":"","stick-header-meta":"","header-above-stick-meta":"","header-main-stick-meta":"","header-below-stick-meta":"","astra-migrate-meta-layouts":"set","ast-page-background-enabled":"default","ast-page-background-meta":{"desktop":{"background-color":"var(--ast-global-color-4)","background-image":"","background-repeat":"repeat","background-position":"center center","background-size":"auto","background-attachment":"scroll","background-type":"","background-media":"","overlay-type":"","overlay-color":"","overlay-opacity":"","overlay-gradient":""},"tablet":{"background-color":"","background-image":"","background-repeat":"repeat","background-position":"center center","background-size":"auto","background-attachment":"scroll","background-type":"","background-media":"","overlay-type":"","overlay-color":"","overlay-opacity":"","overlay-gradient":""},"mobile":{"background-color":"","background-image":"","background-repeat":"repeat","background-position":"center center","background-size":"auto","background-attachment":"scroll","background-type":"","background-media":"","overlay-type":"","overlay-color":"","overlay-opacity":"","overlay-gradient":""}},"ast-content-background-meta":{"desktop":{"background-color":"var(--ast-global-color-5)","background-image":"","background-repeat":"repeat","background-position":"center center","background-size":"auto","background-attachment":"scroll","background-type":"","background-media":"","overlay-type":"","overlay-color":"","overlay-opacity":"","overlay-gradient":""},"tablet":{"background-color":"var(--ast-global-color-5)","background-image":"","background-repeat":"repeat","background-position":"center center","background-size":"auto","background-attachment":"scroll","background-type":"","background-media":"","overlay-type":"","overlay-color":"","overlay-opacity":"","overlay-gradient":""},"mobile":{"background-color":"var(--ast-global-color-5)","background-image":"","background-repeat":"repeat","background-position":"center center","background-size":"auto","background-attachment":"scroll","background-type":"","background-media":"","overlay-type":"","overlay-color":"","overlay-opacity":"","overlay-gradient":""}}},"product_brand":[],"product_cat":[1130,1133,1511,1128],"product_tag":[],"product_format_filter":[6498],"class_list":{"0":"post-260413","1":"product","2":"type-product","3":"status-publish","4":"has-post-thumbnail","6":"product_cat-chocolats","7":"product_cat-thc-eleve","8":"product_cat-full-spectrum-fr","9":"product_cat-comestibles","10":"pa_flavours-agrume","11":"pa_flavours-aigre","12":"pa_flavours-doux","13":"pa_intensity-thc-eleve","14":"pa_marques-rosin-heads-fr","15":"pa_origin-ontario-fr","16":"pa_type-de-plante-hybride-fr","17":"product_format_filter-2units","18":"desktop-align-left","19":"tablet-align-left","20":"mobile-align-left","22":"first","23":"instock","24":"taxable","25":"shipping-taxable","26":"purchasable","27":"product-type-simple"},"group_of_quantity":0,"min_quantity":0,"max_quantity":"","exclude_order_quantity_value_rules":"no","exclude_category_quantity_rules":"no","combine_variations":"no","acf":[],"_links":{"self":[{"href":"https:\/\/mendomedical.ca\/fr\/wp-json\/wp\/v2\/product\/260413","targetHints":{"allow":["GET"]}}],"collection":[{"href":"https:\/\/mendomedical.ca\/fr\/wp-json\/wp\/v2\/product"}],"about":[{"href":"https:\/\/mendomedical.ca\/fr\/wp-json\/wp\/v2\/types\/product"}],"replies":[{"embeddable":true,"href":"https:\/\/mendomedical.ca\/fr\/wp-json\/wp\/v2\/comments?post=260413"}],"wp:featuredmedia":[{"embeddable":true,"href":"https:\/\/mendomedical.ca\/fr\/wp-json\/wp\/v2\/media\/260410"}],"wp:attachment":[{"href":"https:\/\/mendomedical.ca\/fr\/wp-json\/wp\/v2\/media?parent=260413"}],"wp:term":[{"taxonomy":"product_brand","embeddable":true,"href":"https:\/\/mendomedical.ca\/fr\/wp-json\/wp\/v2\/product_brand?post=260413"},{"taxonomy":"product_cat","embeddable":true,"href":"https:\/\/mendomedical.ca\/fr\/wp-json\/wp\/v2\/product_cat?post=260413"},{"taxonomy":"product_tag","embeddable":true,"href":"https:\/\/mendomedical.ca\/fr\/wp-json\/wp\/v2\/product_tag?post=260413"},{"taxonomy":"product_format_filter","embeddable":true,"href":"https:\/\/mendomedical.ca\/fr\/wp-json\/wp\/v2\/product_format_filter?post=260413"}],"curies":[{"name":"wp","href":"https:\/\/api.w.org\/{rel}","templated":true}]}}