{"id":260264,"date":"2025-08-14T15:30:08","date_gmt":"2025-08-14T19:30:08","guid":{"rendered":"https:\/\/mendomedical.ca\/product\/huile-synergique-11\/"},"modified":"2026-04-16T16:03:36","modified_gmt":"2026-04-16T20:03:36","slug":"huile-synergie-11","status":"publish","type":"product","link":"https:\/\/mendomedical.ca\/fr\/produit\/huile-synergie-11\/","title":{"rendered":"Huile Synergy 1:1"},"content":{"rendered":"","protected":false},"excerpt":{"rendered":"<div class=\"ExternalClass58A3FE79C8034FDD818307386F1FB1F6\">\n<h3>Huile Synergy EarthWolf Farms : Un \u00e9quilibre bien pens\u00e9<\/h3>\n<p>D\u00e9couvrez le m\u00e9lange harmonieux de l&rsquo;huile Synergy d&rsquo;EarthWolf Farms, qui pr\u00e9sente un rapport parfaitement \u00e9quilibr\u00e9 de 1:1 entre le THC et le CBD. Cette huile de qualit\u00e9 sup\u00e9rieure est m\u00e9ticuleusement fabriqu\u00e9e \u00e0 partir de bubble hash biologique et d&rsquo;huiles de support de haute qualit\u00e9, offrant une approche sophistiqu\u00e9e du soutien au bien-\u00eatre. <\/p>\n<h3><strong>Caract\u00e9ristiques principales du produit<\/strong><\/h3>\n<ul>\n<li>Rapport 1:1 parfaitement \u00e9quilibr\u00e9 (10mg\/ml THC, 10mg\/ml CBD)<\/li>\n<li>Formule \u00e0 spectre complet contenant des terp\u00e8nes naturels<\/li>\n<li>Fabriqu\u00e9 \u00e0 partir de bubble hash et d&rsquo;huiles press\u00e9es \u00e0 froid biologiques.<\/li>\n<li>Profil de saveur l\u00e9ger et bien \u00e9quilibr\u00e9<\/li>\n<li>Format premium de 30 ml pour un dosage r\u00e9gulier<\/li>\n<\/ul>\n<ul>\n<li style=\"list-style-type: none;\">\n<\/li>\n<\/ul>\n<h4>Profil des terp\u00e8nes et des cannabino\u00efdes<\/h4>\n<p>Cette huile \u00e9quilibr\u00e9e pr\u00e9sente un riche profil terp\u00e9nique (1,61 mg\/g au total), domin\u00e9 par le \u03b2-Myrc\u00e8ne (0,54 mg\/g), l&rsquo;\u03b1-Bisabolol (0,41 mg\/g), le \u03b2-Ocim\u00e8ne (0,13 mg\/g), le \u03b2-Caryophyll\u00e8ne (0,11 mg\/g) et le d-Limon\u00e8ne (0,11 mg\/g). Le profil d&rsquo;ar\u00f4me v\u00e9g\u00e9tal offre une repr\u00e9sentation fid\u00e8le de la plante de cannabis sous forme liquide, avec des formes brutes et d\u00e9carboxyl\u00e9es de cannabino\u00efdes. <\/p>\n<p>Terp\u00e8nes totaux 1,61 mg\/g<\/p>\n<p>Principaux terp\u00e8nes<\/p>\n<p>\u03b2-Myrc\u00e8ne - 0,54 mg\/g<br \/>\n\u03b1-Bisabolol - 0,41 mg\/g<br \/>\n\u03b2-Ocim\u00e8ne - 0,13 mg\/g<br \/>\n\u03b2-Caryophyll\u00e8ne - 0,11 mg\/g<br \/>\nd-Limon\u00e8ne - 0,11 mg\/g<\/p>\n<h4>Pourquoi choisir les huiles de cannabis ?<\/h4>\n<p>Les huiles de cannabis constituent une m\u00e9thode de dosage discr\u00e8te et pr\u00e9cise pour les utilisateurs m\u00e9dicaux. Le rapport \u00e9quilibr\u00e9 de 1:1 les rend particuli\u00e8rement adapt\u00e9es \u00e0 ceux qui recherchent les avantages th\u00e9rapeutiques potentiels du THC et du CBD, tandis que le format liquide permet une consommation facile et des ajustements de dose. <\/p>\n<h4>Exp\u00e9dition dans tout le Canada<\/h4>\n<p>Nous offrons un service de livraison rapide et fiable \u00e0 travers le Canada pour Synergy Oil 1:1. Profitez de la livraison gratuite pour toutes les commandes de plus de 150 $. Notre emballage soign\u00e9 garantit que votre produit arrive en toute s\u00e9curit\u00e9 et qu&rsquo;il conserve sa qualit\u00e9 pendant le transport.  <\/p>\n<h4>Avantages et couverture pour les anciens combattants<\/h4>\n<p>Synergy Oil 1:1 est admissible \u00e0 la couverture d&rsquo;Anciens Combattants Canada (ACC) avec facturation directe par l&rsquo;entremise de la Croix Bleue, ce qui signifie que les anciens combattants admissibles n&rsquo;ont pas \u00e0 d\u00e9bourser d&rsquo;argent. Vous n&rsquo;avez pas encore votre carte m\u00e9dicale ? <a href=\"https:\/\/mendomedical.ca\/fr\/carte-medicale\/\">Obtenez votre carte m\u00e9dicale gratuite rapidement et facilement ici<\/a>. <\/p>\n<h4>Ingr\u00e9dients<\/h4>\n<p>Huile d&rsquo;olive extra vierge biologique, huile de noix de coco biologique, extrait de cannabis biologique (Bubble hash).<\/p>\n<\/div>\n","protected":false},"featured_media":260259,"comment_status":"open","ping_status":"closed","template":"","meta":{"_acf_changed":false,"site-sidebar-layout":"default","site-content-layout":"","ast-site-content-layout":"default","site-content-style":"default","site-sidebar-style":"default","ast-global-header-display":"","ast-banner-title-visibility":"","ast-main-header-display":"","ast-hfb-above-header-display":"","ast-hfb-below-header-display":"","ast-hfb-mobile-header-display":"","site-post-title":"","ast-breadcrumbs-content":"","ast-featured-img":"","footer-sml-layout":"","ast-disable-related-posts":"","theme-transparent-header-meta":"default","adv-header-id-meta":"","stick-header-meta":"","header-above-stick-meta":"","header-main-stick-meta":"","header-below-stick-meta":"","astra-migrate-meta-layouts":"set","ast-page-background-enabled":"default","ast-page-background-meta":{"desktop":{"background-color":"var(--ast-global-color-4)","background-image":"","background-repeat":"repeat","background-position":"center center","background-size":"auto","background-attachment":"scroll","background-type":"","background-media":"","overlay-type":"","overlay-color":"","overlay-opacity":"","overlay-gradient":""},"tablet":{"background-color":"","background-image":"","background-repeat":"repeat","background-position":"center center","background-size":"auto","background-attachment":"scroll","background-type":"","background-media":"","overlay-type":"","overlay-color":"","overlay-opacity":"","overlay-gradient":""},"mobile":{"background-color":"","background-image":"","background-repeat":"repeat","background-position":"center center","background-size":"auto","background-attachment":"scroll","background-type":"","background-media":"","overlay-type":"","overlay-color":"","overlay-opacity":"","overlay-gradient":""}},"ast-content-background-meta":{"desktop":{"background-color":"var(--ast-global-color-5)","background-image":"","background-repeat":"repeat","background-position":"center center","background-size":"auto","background-attachment":"scroll","background-type":"","background-media":"","overlay-type":"","overlay-color":"","overlay-opacity":"","overlay-gradient":""},"tablet":{"background-color":"var(--ast-global-color-5)","background-image":"","background-repeat":"repeat","background-position":"center center","background-size":"auto","background-attachment":"scroll","background-type":"","background-media":"","overlay-type":"","overlay-color":"","overlay-opacity":"","overlay-gradient":""},"mobile":{"background-color":"var(--ast-global-color-5)","background-image":"","background-repeat":"repeat","background-position":"center center","background-size":"auto","background-attachment":"scroll","background-type":"","background-media":"","overlay-type":"","overlay-color":"","overlay-opacity":"","overlay-gradient":""}}},"product_brand":[],"product_cat":[3837,1143],"product_tag":[],"product_format_filter":[6400],"class_list":{"0":"post-260264","1":"product","2":"type-product","3":"status-publish","4":"has-post-thumbnail","6":"product_cat-cbd-minors-4-fr","7":"product_cat-huiles-et-teintures","8":"pa_flavours-a-base-de-plantes","9":"pa_intensity-faible-thc","10":"pa_intensity-faible-cbd","11":"pa_marques-earthwolf-farms-fr","12":"pa_origin-colombie-britannique-fr","13":"pa_profil-terpene-bisabolol-fr","14":"pa_profil-terpene-caryophyllene","15":"pa_profil-terpene-limonene-fr","16":"pa_profil-terpene-myrcene","17":"pa_profil-terpene-ocimene-fr","18":"pa_type-de-plante-cbd-fr","19":"pa_type-de-plante-hybride-fr","20":"pa_type-de-plante-thc-fr","21":"product_format_filter-3ml","22":"desktop-align-left","23":"tablet-align-left","24":"mobile-align-left","26":"first","27":"instock","28":"taxable","29":"shipping-taxable","30":"purchasable","31":"product-type-simple"},"group_of_quantity":0,"min_quantity":0,"max_quantity":"","exclude_order_quantity_value_rules":"no","exclude_category_quantity_rules":"no","combine_variations":"no","acf":[],"_links":{"self":[{"href":"https:\/\/mendomedical.ca\/fr\/wp-json\/wp\/v2\/product\/260264","targetHints":{"allow":["GET"]}}],"collection":[{"href":"https:\/\/mendomedical.ca\/fr\/wp-json\/wp\/v2\/product"}],"about":[{"href":"https:\/\/mendomedical.ca\/fr\/wp-json\/wp\/v2\/types\/product"}],"replies":[{"embeddable":true,"href":"https:\/\/mendomedical.ca\/fr\/wp-json\/wp\/v2\/comments?post=260264"}],"wp:featuredmedia":[{"embeddable":true,"href":"https:\/\/mendomedical.ca\/fr\/wp-json\/wp\/v2\/media\/260259"}],"wp:attachment":[{"href":"https:\/\/mendomedical.ca\/fr\/wp-json\/wp\/v2\/media?parent=260264"}],"wp:term":[{"taxonomy":"product_brand","embeddable":true,"href":"https:\/\/mendomedical.ca\/fr\/wp-json\/wp\/v2\/product_brand?post=260264"},{"taxonomy":"product_cat","embeddable":true,"href":"https:\/\/mendomedical.ca\/fr\/wp-json\/wp\/v2\/product_cat?post=260264"},{"taxonomy":"product_tag","embeddable":true,"href":"https:\/\/mendomedical.ca\/fr\/wp-json\/wp\/v2\/product_tag?post=260264"},{"taxonomy":"product_format_filter","embeddable":true,"href":"https:\/\/mendomedical.ca\/fr\/wp-json\/wp\/v2\/product_format_filter?post=260264"}],"curies":[{"name":"wp","href":"https:\/\/api.w.org\/{rel}","templated":true}]}}