{"id":260249,"date":"2025-08-14T17:30:38","date_gmt":"2025-08-14T21:30:38","guid":{"rendered":"https:\/\/mendomedical.ca\/?post_type=product&#038;p=260249"},"modified":"2026-02-05T10:56:59","modified_gmt":"2026-02-05T15:56:59","slug":"crystal-cascade-pre-rolls-fr","status":"publish","type":"product","link":"https:\/\/mendomedical.ca\/fr\/produit\/crystal-cascade-pre-rolls-fr\/","title":{"rendered":"Pr\u00e9-rolls Crystal Cascade"},"content":{"rendered":"","protected":false},"excerpt":{"rendered":"<div class=\"ExternalClass8FDA7DDBCBE843E3B37BC004191EDBFD\">\n<h3>Crystal Cascade Pr\u00e9-rolls by Choklit Park - Premium 7g Flower<\/h3>\n<p>D\u00e9couvrez la qualit\u00e9 exceptionnelle de Crystal Cascade, une offre florale distingu\u00e9e de Choklit Park. Cette vari\u00e9t\u00e9 m\u00e9ticuleusement cultiv\u00e9e pr\u00e9sente une teneur totale en terp\u00e8nes impressionnante, offrant un m\u00e9lange sophistiqu\u00e9 d&rsquo;ar\u00f4mes de pin et de notes gazeuses robustes que les connaisseurs de cannabis appr\u00e9cieront. Les terp\u00e8nes dominants sont le limon\u00e8ne, l&rsquo;ocim\u00e8ne et l&rsquo;humul\u00e8ne.  <\/p>\n<h3>Caract\u00e9ristiques principales du produit<\/h3>\n<ul>\n<li>\n<ul>  Format pr\u00e9-rolls de qualit\u00e9 sup\u00e9rieure offrant un dosage constant et une grande commodit\u00e9 d&rsquo;utilisation.<\/ul>\n<\/li>\n<\/ul>\n<ul>\n<li>\n<ul>  M\u00e9lange savant de Gushers et de g\u00e8nes Gelato<\/ul>\n<\/li>\n<\/ul>\n<ul>\n<li>\n<ul>Profil terp\u00e9nique riche<\/ul>\n<\/li>\n<\/ul>\n<ul>\n<li>\n<ul>Chaque paquet contient cinq Pr\u00e9-rolls de 0,5g mesur\u00e9s avec pr\u00e9cision.<\/ul>\n<\/li>\n<\/ul>\n<ul>  Les fleurs s\u00e9lectionn\u00e9es \u00e0 la main garantissent une qualit\u00e9 sup\u00e9rieure dans chaque joint.<\/ul>\n<h4>Profil des terp\u00e8nes et des ar\u00f4mes<\/h4>\n<p>Crystal Cascade Pr\u00e9-rolls pr\u00e9sente un bouquet aromatique complexe domin\u00e9 par des notes de pin frais compl\u00e9t\u00e9es par des nuances diesel prononc\u00e9es. Le profil terp\u00e9nique robuste de la vari\u00e9t\u00e9 contribue \u00e0 son caract\u00e8re distinctif, offrant une exp\u00e9rience propre et revigorante \u00e0 chaque session. <\/p>\n<h3>Pourquoi choisir les pr\u00e9-rolls ?<\/h3>\n<p>Les Pr\u00e9-rolls offrent aux patients de cannabis m\u00e9dical une option pratique et pr\u00e9cis\u00e9ment dos\u00e9e sans qu&rsquo;il soit n\u00e9cessaire de les broyer ou de les rouler. Ils sont particuli\u00e8rement b\u00e9n\u00e9fiques pour les personnes ayant des probl\u00e8mes de dext\u00e9rit\u00e9 ou pour celles qui recherchent une certaine r\u00e9gularit\u00e9 dans leur traitement. Chaque Pr\u00e9-roll est fabriqu\u00e9 de mani\u00e8re professionnelle afin de garantir une combustion homog\u00e8ne et une exp\u00e9rience optimale.  <\/p>\n<h4>Exp\u00e9dition dans tout le Canada<\/h4>\n<p>Profitez d&rsquo;une livraison rapide et discr\u00e8te \u00e0 travers le Canada avec Crystal Cascade. Les commandes de plus de 150 $ sont admissibles \u00e0 la livraison gratuite, ce qui vous assure un acc\u00e8s pratique \u00e0 vos besoins en cannabis m\u00e9dical. <\/p>\n<h4>Avantages et couverture pour les anciens combattants<\/h4>\n<p>Crystal Cascade Pr\u00e9-rolls est admissible \u00e0 la couverture d&rsquo;Anciens Combattants Canada (ACC) et \u00e0 la facturation directe par l&rsquo;entremise de la Croix Bleue, ce qui \u00e9limine les frais remboursables pour les personnes admissibles. Vous n&rsquo;avez pas encore votre carte de cannabis m\u00e9dical ? <a href=\"https:\/\/mendomedical.ca\/fr\/carte-medicale\/\">Cliquez ici<\/a> pour obtenir rapidement et facilement votre carte m\u00e9dicale gratuite. <\/p>\n<h4>D\u00e9tails du produit<\/h4>\n<p>Marque : Choklit Park<br \/>\nFormat : 10&#215;0.5g<br \/>\nCat\u00e9gorie : Pr\u00e9-rolls<br \/>\nEffets potentiels : Effets positifs<br \/>\nAr\u00f4me : pin \u00e0 l&rsquo;\u00e9tat pur avec des notes gazeuses.<\/p>\n<\/div>\n","protected":false},"featured_media":258008,"comment_status":"open","ping_status":"closed","template":"","meta":{"_acf_changed":false,"site-sidebar-layout":"default","site-content-layout":"","ast-site-content-layout":"default","site-content-style":"default","site-sidebar-style":"default","ast-global-header-display":"","ast-banner-title-visibility":"","ast-main-header-display":"","ast-hfb-above-header-display":"","ast-hfb-below-header-display":"","ast-hfb-mobile-header-display":"","site-post-title":"","ast-breadcrumbs-content":"","ast-featured-img":"","footer-sml-layout":"","ast-disable-related-posts":"","theme-transparent-header-meta":"default","adv-header-id-meta":"","stick-header-meta":"","header-above-stick-meta":"","header-main-stick-meta":"","header-below-stick-meta":"","astra-migrate-meta-layouts":"set","ast-page-background-enabled":"default","ast-page-background-meta":{"desktop":{"background-color":"var(--ast-global-color-4)","background-image":"","background-repeat":"repeat","background-position":"center center","background-size":"auto","background-attachment":"scroll","background-type":"","background-media":"","overlay-type":"","overlay-color":"","overlay-opacity":"","overlay-gradient":""},"tablet":{"background-color":"","background-image":"","background-repeat":"repeat","background-position":"center center","background-size":"auto","background-attachment":"scroll","background-type":"","background-media":"","overlay-type":"","overlay-color":"","overlay-opacity":"","overlay-gradient":""},"mobile":{"background-color":"","background-image":"","background-repeat":"repeat","background-position":"center center","background-size":"auto","background-attachment":"scroll","background-type":"","background-media":"","overlay-type":"","overlay-color":"","overlay-opacity":"","overlay-gradient":""}},"ast-content-background-meta":{"desktop":{"background-color":"var(--ast-global-color-5)","background-image":"","background-repeat":"repeat","background-position":"center center","background-size":"auto","background-attachment":"scroll","background-type":"","background-media":"","overlay-type":"","overlay-color":"","overlay-opacity":"","overlay-gradient":""},"tablet":{"background-color":"var(--ast-global-color-5)","background-image":"","background-repeat":"repeat","background-position":"center center","background-size":"auto","background-attachment":"scroll","background-type":"","background-media":"","overlay-type":"","overlay-color":"","overlay-opacity":"","overlay-gradient":""},"mobile":{"background-color":"var(--ast-global-color-5)","background-image":"","background-repeat":"repeat","background-position":"center center","background-size":"auto","background-attachment":"scroll","background-type":"","background-media":"","overlay-type":"","overlay-color":"","overlay-opacity":"","overlay-gradient":""}}},"product_brand":[],"product_cat":[4803,1144],"product_tag":[],"product_format_filter":[6374],"class_list":{"0":"post-260249","1":"product","2":"type-product","3":"status-publish","4":"has-post-thumbnail","6":"product_cat-pre-rolls-non-infuses","7":"product_cat-pre-roules","8":"pa_flavours-gazole-diesel","9":"pa_intensity-thc-eleve","10":"pa_marques-parc-choklit","11":"pa_origin-colombie-britannique-fr","12":"pa_profil-terpene-humulene-fr","13":"pa_profil-terpene-limonene-fr","14":"pa_profil-terpene-ocimene-fr","15":"pa_type-de-plante-hybride-fr","16":"product_format_filter-0-5g","17":"desktop-align-left","18":"tablet-align-left","19":"mobile-align-left","21":"first","22":"instock","23":"taxable","24":"shipping-taxable","25":"purchasable","26":"product-type-simple"},"group_of_quantity":0,"min_quantity":0,"max_quantity":"","exclude_order_quantity_value_rules":"no","exclude_category_quantity_rules":"no","combine_variations":"no","acf":[],"_links":{"self":[{"href":"https:\/\/mendomedical.ca\/fr\/wp-json\/wp\/v2\/product\/260249","targetHints":{"allow":["GET"]}}],"collection":[{"href":"https:\/\/mendomedical.ca\/fr\/wp-json\/wp\/v2\/product"}],"about":[{"href":"https:\/\/mendomedical.ca\/fr\/wp-json\/wp\/v2\/types\/product"}],"replies":[{"embeddable":true,"href":"https:\/\/mendomedical.ca\/fr\/wp-json\/wp\/v2\/comments?post=260249"}],"wp:featuredmedia":[{"embeddable":true,"href":"https:\/\/mendomedical.ca\/fr\/wp-json\/wp\/v2\/media\/258008"}],"wp:attachment":[{"href":"https:\/\/mendomedical.ca\/fr\/wp-json\/wp\/v2\/media?parent=260249"}],"wp:term":[{"taxonomy":"product_brand","embeddable":true,"href":"https:\/\/mendomedical.ca\/fr\/wp-json\/wp\/v2\/product_brand?post=260249"},{"taxonomy":"product_cat","embeddable":true,"href":"https:\/\/mendomedical.ca\/fr\/wp-json\/wp\/v2\/product_cat?post=260249"},{"taxonomy":"product_tag","embeddable":true,"href":"https:\/\/mendomedical.ca\/fr\/wp-json\/wp\/v2\/product_tag?post=260249"},{"taxonomy":"product_format_filter","embeddable":true,"href":"https:\/\/mendomedical.ca\/fr\/wp-json\/wp\/v2\/product_format_filter?post=260249"}],"curies":[{"name":"wp","href":"https:\/\/api.w.org\/{rel}","templated":true}]}}