{"id":259638,"date":"2025-08-14T21:10:52","date_gmt":"2025-08-15T01:10:52","guid":{"rendered":"https:\/\/mendomedical.ca\/?post_type=product&#038;p=259638"},"modified":"2025-11-19T15:51:58","modified_gmt":"2025-11-19T20:51:58","slug":"flawless-victory-rosin-vape-cart-fr","status":"publish","type":"product","link":"https:\/\/mendomedical.ca\/fr\/produit\/flawless-victory-rosin-vape-cart-fr\/","title":{"rendered":"Flawless Victory Rosin Vape Cart"},"content":{"rendered":"","protected":false},"excerpt":{"rendered":"<div class=\"ExternalClass56829A768774412FAFB8234136065F69\">\n<h3>Flawless Victory Rosin Vape Cart - Premium Cured Rosin 510 Thread<\/h3>\n<h4>Terp\u00e8nes totaux : 3.44%<\/h4>\n<p>Faites l&rsquo;exp\u00e9rience de l&rsquo;excellence pure et non alt\u00e9r\u00e9e du cannabis avec la Flawless Victory Cured Rosin Vape Cart de Cannonfire. Cette cartouche de qualit\u00e9 sup\u00e9rieure \u00e0 filetage 510 combine les vari\u00e9t\u00e9s Ice Cream Cake et Cherry Cheesecake, offrant un profil cr\u00e9meux et kushy gr\u00e2ce \u00e0 une extraction sans solvant. Fabriqu\u00e9e selon les m\u00e9thodes traditionnelles de hachage \u00e0 l&rsquo;eau glac\u00e9e et press\u00e9e \u00e0 chaud pour obtenir une rosine lisse, cette cartouche ne contient aucun agent de remplissage ni terp\u00e8nes ajout\u00e9s - juste de la rosine de hachage pure avec plus de 75 % de THC et 3,44 % de terp\u00e8nes totaux.<\/p>\n<h4>Caract\u00e9ristiques principales<\/h4>\n<ul>\n<li>Extraction de la rosine cur\u00e9e sans solvant par hachage \u00e0 l&rsquo;eau glac\u00e9e et pressage \u00e0 chaud<\/li>\n<li>G\u00e9n\u00e9tique de qualit\u00e9 sup\u00e9rieure : M\u00e9lange hybride Ice Cream Cake x Cherry Cheesecake<\/li>\n<li>Puissance \u00e9lev\u00e9e avec plus de 75% de THC et 3,44% de Terp\u00e8nes totaux.<\/li>\n<li>Belle couleur rouge ambr\u00e9e et consistance de sirop d&rsquo;\u00e9rable pour des pulls doux.<\/li>\n<li>Compatible avec les piles standard \u00e0 filetage 510 utilisant le mat\u00e9riel GT-GO<\/li>\n<\/ul>\n<h4>Profil aromatique et terp\u00e9nique<\/h4>\n<p>Flawless Victory offre une exp\u00e9rience sensorielle complexe avec des notes g\u00e2teaux, kushy, compl\u00e9t\u00e9es par des nuances subtiles de fromage. Les terp\u00e8nes dominants sont le myrc\u00e8ne, le n\u00e9rolidol, le camph\u00e8ne, le born\u00e9ol et le farn\u00e9sol, cr\u00e9ant ainsi un profil unique qui rehausse \u00e0 la fois la saveur et les effets potentiels. Les utilisateurs rapportent avoir ressenti une forte relaxation physique qui peut aider \u00e0 soulager le stress, \u00e0 \u00e9lever l&rsquo;humeur et \u00e0 soutenir potentiellement l&rsquo;inflammation ou la gestion de la douleur chronique. Les effets \u00e9quilibr\u00e9s font que ce produit peut \u00eatre consomm\u00e9 aussi bien en journ\u00e9e qu&rsquo;en soir\u00e9e.<\/p>\n<h4>Pourquoi choisir les carts \u00e0 fils 510<\/h4>\n<p>Les cartouches \u00e0 filetage 510 offrent aux consommateurs de cannabis m\u00e9dical un contr\u00f4le pr\u00e9cis du dosage et une portabilit\u00e9 pratique. Le filetage standardis\u00e9 assure la compatibilit\u00e9 avec la plupart des batteries de vaporisation, tandis que le format pr\u00e9-rempli \u00e9limine le temps de pr\u00e9paration, ce qui les rend id\u00e9ales pour une gestion coh\u00e9rente des sympt\u00f4mes tout au long de la journ\u00e9e.<\/p>\n<h4>Exp\u00e9dition dans tout le Canada<\/h4>\n<p>Flawless Victory Rosin Vape Cart est exp\u00e9di\u00e9 rapidement \u00e0 travers le Canada. Nous offrons une livraison gratuite pour toutes les commandes de plus de 150 $, ce qui vous assure de recevoir vos produits de cannabis m\u00e9dical rapidement et discr\u00e8tement.<\/p>\n<h4>Avantages et couverture pour les anciens combattants<\/h4>\n<p>Le Flawless Victory Rosin Vape Cart est admissible \u00e0 la couverture d&rsquo;ACC (Anciens Combattants Canada) avec facturation directe par l&rsquo;entremise de la Croix Bleue, ce qui signifie qu&rsquo;il n&rsquo;y a pas de frais \u00e0 d\u00e9bourser pour les anciens combattants admissibles. Si vous n&rsquo;avez pas encore d&rsquo;ordonnance de cannabis m\u00e9dical, <a href=\"https:\/\/mendomedical.ca\/fr\/carte-medicale\/\">obtenez votre carte m\u00e9dicale gratuite rapidement et facilement<\/a> pour acc\u00e9der aux avantages de la couverture.<\/p>\n<\/div>\n","protected":false},"featured_media":264014,"comment_status":"closed","ping_status":"closed","template":"","meta":{"_acf_changed":false,"site-sidebar-layout":"default","site-content-layout":"","ast-site-content-layout":"default","site-content-style":"default","site-sidebar-style":"default","ast-global-header-display":"","ast-banner-title-visibility":"","ast-main-header-display":"","ast-hfb-above-header-display":"","ast-hfb-below-header-display":"","ast-hfb-mobile-header-display":"","site-post-title":"","ast-breadcrumbs-content":"","ast-featured-img":"","footer-sml-layout":"","ast-disable-related-posts":"","theme-transparent-header-meta":"default","adv-header-id-meta":"","stick-header-meta":"","header-above-stick-meta":"","header-main-stick-meta":"","header-below-stick-meta":"","astra-migrate-meta-layouts":"set","ast-page-background-enabled":"default","ast-page-background-meta":{"desktop":{"background-color":"var(--ast-global-color-4)","background-image":"","background-repeat":"repeat","background-position":"center center","background-size":"auto","background-attachment":"scroll","background-type":"","background-media":"","overlay-type":"","overlay-color":"","overlay-opacity":"","overlay-gradient":""},"tablet":{"background-color":"","background-image":"","background-repeat":"repeat","background-position":"center center","background-size":"auto","background-attachment":"scroll","background-type":"","background-media":"","overlay-type":"","overlay-color":"","overlay-opacity":"","overlay-gradient":""},"mobile":{"background-color":"","background-image":"","background-repeat":"repeat","background-position":"center center","background-size":"auto","background-attachment":"scroll","background-type":"","background-media":"","overlay-type":"","overlay-color":"","overlay-opacity":"","overlay-gradient":""}},"ast-content-background-meta":{"desktop":{"background-color":"var(--ast-global-color-5)","background-image":"","background-repeat":"repeat","background-position":"center center","background-size":"auto","background-attachment":"scroll","background-type":"","background-media":"","overlay-type":"","overlay-color":"","overlay-opacity":"","overlay-gradient":""},"tablet":{"background-color":"var(--ast-global-color-5)","background-image":"","background-repeat":"repeat","background-position":"center center","background-size":"auto","background-attachment":"scroll","background-type":"","background-media":"","overlay-type":"","overlay-color":"","overlay-opacity":"","overlay-gradient":""},"mobile":{"background-color":"var(--ast-global-color-5)","background-image":"","background-repeat":"repeat","background-position":"center center","background-size":"auto","background-attachment":"scroll","background-type":"","background-media":"","overlay-type":"","overlay-color":"","overlay-opacity":"","overlay-gradient":""}}},"product_brand":[],"product_cat":[1160,1164,1159],"product_tag":[2220],"product_format_filter":[6369],"class_list":{"0":"post-259638","1":"product","2":"type-product","3":"status-publish","4":"has-post-thumbnail","6":"product_cat-cart-fil-510","7":"product_cat-cured-et-rosin-vivante-fr","8":"product_cat-vapoteuses","9":"product_tag-cannonfire-fr","10":"pa_cbc--1-5-fr","11":"pa_cbg--1-5-fr","12":"pa_flavours-cheese-fr","13":"pa_flavours-cake-fr","14":"pa_flavours-kush","15":"pa_format-1g-2-fr","16":"pa_intensity-thc-eleve","17":"pa_intensity-low-cbc-fr","18":"pa_intensity-low-cbg-fr","19":"pa_marques-cannonfire-fr","20":"pa_origin-quebec-fr","21":"pa_thc-75-02-fr","22":"pa_type-de-plante-indica-fr","23":"product_format_filter-1g","24":"desktop-align-left","25":"tablet-align-left","26":"mobile-align-left","28":"first","29":"outofstock","30":"taxable","31":"shipping-taxable","32":"purchasable","33":"product-type-simple"},"group_of_quantity":0,"min_quantity":0,"max_quantity":"","exclude_order_quantity_value_rules":"no","exclude_category_quantity_rules":"no","combine_variations":"no","acf":[],"_links":{"self":[{"href":"https:\/\/mendomedical.ca\/fr\/wp-json\/wp\/v2\/product\/259638","targetHints":{"allow":["GET"]}}],"collection":[{"href":"https:\/\/mendomedical.ca\/fr\/wp-json\/wp\/v2\/product"}],"about":[{"href":"https:\/\/mendomedical.ca\/fr\/wp-json\/wp\/v2\/types\/product"}],"replies":[{"embeddable":true,"href":"https:\/\/mendomedical.ca\/fr\/wp-json\/wp\/v2\/comments?post=259638"}],"wp:featuredmedia":[{"embeddable":true,"href":"https:\/\/mendomedical.ca\/fr\/wp-json\/wp\/v2\/media\/264014"}],"wp:attachment":[{"href":"https:\/\/mendomedical.ca\/fr\/wp-json\/wp\/v2\/media?parent=259638"}],"wp:term":[{"taxonomy":"product_brand","embeddable":true,"href":"https:\/\/mendomedical.ca\/fr\/wp-json\/wp\/v2\/product_brand?post=259638"},{"taxonomy":"product_cat","embeddable":true,"href":"https:\/\/mendomedical.ca\/fr\/wp-json\/wp\/v2\/product_cat?post=259638"},{"taxonomy":"product_tag","embeddable":true,"href":"https:\/\/mendomedical.ca\/fr\/wp-json\/wp\/v2\/product_tag?post=259638"},{"taxonomy":"product_format_filter","embeddable":true,"href":"https:\/\/mendomedical.ca\/fr\/wp-json\/wp\/v2\/product_format_filter?post=259638"}],"curies":[{"name":"wp","href":"https:\/\/api.w.org\/{rel}","templated":true}]}}