{"id":259633,"date":"2025-08-14T21:20:47","date_gmt":"2025-08-15T01:20:47","guid":{"rendered":"https:\/\/mendomedical.ca\/?post_type=product&#038;p=259633"},"modified":"2026-04-09T21:40:16","modified_gmt":"2026-04-10T01:40:16","slug":"3-blue-kings-rosin-vape-cart-fr","status":"publish","type":"product","link":"https:\/\/mendomedical.ca\/fr\/produit\/3-blue-kings-rosin-vape-cart-fr\/","title":{"rendered":"3 Blue Kings Rosin Vape Cart"},"content":{"rendered":"","protected":false},"excerpt":{"rendered":"<div class=\"ExternalClass88C3EFF59BE14CB98E901B9DBD2CEAA1\">\n<h3>3 Blue Kings Rosin Vape Cart par Cannonfire<\/h3>\n<h4>Terp\u00e8nes totaux : 4-5%<\/h4>\n<p>D\u00e9couvrez l&rsquo;essence pure du cannabis avec la 3 Blue Kings Rosin Vape Cart de Cannonfire. Cette cartouche premium \u00e0 filetage 510 offre un vaping authentique et sans solvant gr\u00e2ce \u00e0 l&rsquo;extraction de Rosin cured soigneusement \u00e9labor\u00e9e. Avec l&rsquo;h\u00e9ritage d&rsquo;une vari\u00e9t\u00e9 hybride complexe de Humboldt Seed Organization, cette cartouche de 1g combine les g\u00e9n\u00e9tiques l\u00e9gendaires de Blue Dream et Three Kings (Headband x Sour Diesel x OG Kush) pour une exp\u00e9rience puissante et savoureuse.<\/p>\n<h4>Caract\u00e9ristiques principales<\/h4>\n<ul>\n<li>Extraction de la rosine cur\u00e9e sans solvant \u00e0 100 %, sans agent de remplissage, sans additif et sans m\u00e9lange de souches<\/li>\n<li>Une capacit\u00e9 de 1g pour un plaisir prolong\u00e9 \u00e0 un prix accessible<\/li>\n<li>Compatible avec les piles standard \u00e0 filetage 510<\/li>\n<li>Fabriqu\u00e9 \u00e0 partir de mati\u00e8res premi\u00e8res de haute qualit\u00e9 afin de pr\u00e9server les caract\u00e9ristiques authentiques de la souche.<\/li>\n<li>Effets lourds et intenses caract\u00e9ristiques de sa g\u00e9n\u00e9tique hybride de qualit\u00e9 sup\u00e9rieure<\/li>\n<\/ul>\n<h4>Profil aromatique et ar\u00f4mes<\/h4>\n<p>La vari\u00e9t\u00e9 3 Blue Kings offre une exp\u00e9rience sensorielle sophistiqu\u00e9e avec son agr\u00e9able base fruit\u00e9e compl\u00e9t\u00e9e par des notes distinctes de carburant, de citron et de pin. Ce profil terp\u00e9nique complexe refl\u00e8te la diversit\u00e9 de sa lign\u00e9e g\u00e9n\u00e9tique, offrant \u00e0 la fois les caract\u00e9ristiques sucr\u00e9es et fruit\u00e9es de la Blue Dream et la complexit\u00e9 du diesel et du pin de son h\u00e9ritage Three Kings.<\/p>\n<h4>Pourquoi choisir les carts \u00e0 fils 510<\/h4>\n<p>Les cartouches \u00e0 filetage 510 offrent aux utilisateurs m\u00e9dicaux un dosage pr\u00e9cis et pratique avec une odeur minimale et une portabilit\u00e9 maximale. Le filetage standardis\u00e9 garantit la compatibilit\u00e9 avec la plupart des batteries de vapotage, tandis que le format pr\u00e9rempli \u00e9limine le temps de pr\u00e9paration et permet d&rsquo;obtenir des effets constants.<\/p>\n<h4>Exp\u00e9dition dans tout le Canada<\/h4>\n<p>3 Blue Kings Rosin Vape Cart est exp\u00e9di\u00e9 rapidement \u00e0 travers le Canada, avec une livraison gratuite sur les commandes de plus de 150 $. Votre commande sera soigneusement emball\u00e9e pour assurer une livraison s\u00e9curitaire \u00e0 votre porte.<\/p>\n<h4>Avantages et couverture pour les anciens combattants<\/h4>\n<p>3 Blue Kings Rosin Vape Cart est admissible \u00e0 la couverture d&rsquo;ACC (Anciens Combattants Canada) avec facturation directe par l&rsquo;entremise de la Croix Bleue, ce qui signifie qu&rsquo;il n&rsquo;y a pas de frais \u00e0 d\u00e9bourser pour les anciens combattants admissibles. Si vous n&rsquo;avez pas encore de carte m\u00e9dicale, obtenez-la rapidement et facilement \u00e0 l&rsquo;<a href=\"https:\/\/mendomedical.ca\/fr\/carte-medicale\/\">adresse https:\/\/mendomedical.ca\/medical-card\/.<\/a><\/p>\n<\/div>\n","protected":false},"featured_media":264000,"comment_status":"closed","ping_status":"closed","template":"","meta":{"_acf_changed":false,"site-sidebar-layout":"default","site-content-layout":"","ast-site-content-layout":"default","site-content-style":"default","site-sidebar-style":"default","ast-global-header-display":"","ast-banner-title-visibility":"","ast-main-header-display":"","ast-hfb-above-header-display":"","ast-hfb-below-header-display":"","ast-hfb-mobile-header-display":"","site-post-title":"","ast-breadcrumbs-content":"","ast-featured-img":"","footer-sml-layout":"","ast-disable-related-posts":"","theme-transparent-header-meta":"default","adv-header-id-meta":"","stick-header-meta":"","header-above-stick-meta":"","header-main-stick-meta":"","header-below-stick-meta":"","astra-migrate-meta-layouts":"set","ast-page-background-enabled":"default","ast-page-background-meta":{"desktop":{"background-color":"var(--ast-global-color-4)","background-image":"","background-repeat":"repeat","background-position":"center center","background-size":"auto","background-attachment":"scroll","background-type":"","background-media":"","overlay-type":"","overlay-color":"","overlay-opacity":"","overlay-gradient":""},"tablet":{"background-color":"","background-image":"","background-repeat":"repeat","background-position":"center center","background-size":"auto","background-attachment":"scroll","background-type":"","background-media":"","overlay-type":"","overlay-color":"","overlay-opacity":"","overlay-gradient":""},"mobile":{"background-color":"","background-image":"","background-repeat":"repeat","background-position":"center center","background-size":"auto","background-attachment":"scroll","background-type":"","background-media":"","overlay-type":"","overlay-color":"","overlay-opacity":"","overlay-gradient":""}},"ast-content-background-meta":{"desktop":{"background-color":"var(--ast-global-color-5)","background-image":"","background-repeat":"repeat","background-position":"center center","background-size":"auto","background-attachment":"scroll","background-type":"","background-media":"","overlay-type":"","overlay-color":"","overlay-opacity":"","overlay-gradient":""},"tablet":{"background-color":"var(--ast-global-color-5)","background-image":"","background-repeat":"repeat","background-position":"center center","background-size":"auto","background-attachment":"scroll","background-type":"","background-media":"","overlay-type":"","overlay-color":"","overlay-opacity":"","overlay-gradient":""},"mobile":{"background-color":"var(--ast-global-color-5)","background-image":"","background-repeat":"repeat","background-position":"center center","background-size":"auto","background-attachment":"scroll","background-type":"","background-media":"","overlay-type":"","overlay-color":"","overlay-opacity":"","overlay-gradient":""}}},"product_brand":[],"product_cat":[1160,1164,1530,1159],"product_tag":[],"product_format_filter":[6369],"class_list":{"0":"post-259633","1":"product","2":"type-product","3":"status-publish","4":"has-post-thumbnail","6":"product_cat-cart-fil-510","7":"product_cat-cured-et-rosin-vivante-fr","8":"product_cat-spectre-complet1","9":"product_cat-vapoteuses","10":"pa_flavours-carburant","11":"pa_flavours-citron","12":"pa_flavours-pin","13":"pa_intensity-thc-eleve","14":"pa_marques-cannonfire-fr","15":"pa_origin-quebec-fr","16":"pa_profil-terpene-limonene-fr","17":"pa_profil-terpene-myrcene","18":"pa_profil-terpene-pinene-fr","19":"pa_type-de-plante-hybride-indica-fr","20":"product_format_filter-1g","21":"desktop-align-left","22":"tablet-align-left","23":"mobile-align-left","25":"first","26":"instock","27":"taxable","28":"shipping-taxable","29":"purchasable","30":"product-type-simple"},"group_of_quantity":0,"min_quantity":0,"max_quantity":"","exclude_order_quantity_value_rules":"no","exclude_category_quantity_rules":"no","combine_variations":"no","acf":[],"_links":{"self":[{"href":"https:\/\/mendomedical.ca\/fr\/wp-json\/wp\/v2\/product\/259633","targetHints":{"allow":["GET"]}}],"collection":[{"href":"https:\/\/mendomedical.ca\/fr\/wp-json\/wp\/v2\/product"}],"about":[{"href":"https:\/\/mendomedical.ca\/fr\/wp-json\/wp\/v2\/types\/product"}],"replies":[{"embeddable":true,"href":"https:\/\/mendomedical.ca\/fr\/wp-json\/wp\/v2\/comments?post=259633"}],"wp:featuredmedia":[{"embeddable":true,"href":"https:\/\/mendomedical.ca\/fr\/wp-json\/wp\/v2\/media\/264000"}],"wp:attachment":[{"href":"https:\/\/mendomedical.ca\/fr\/wp-json\/wp\/v2\/media?parent=259633"}],"wp:term":[{"taxonomy":"product_brand","embeddable":true,"href":"https:\/\/mendomedical.ca\/fr\/wp-json\/wp\/v2\/product_brand?post=259633"},{"taxonomy":"product_cat","embeddable":true,"href":"https:\/\/mendomedical.ca\/fr\/wp-json\/wp\/v2\/product_cat?post=259633"},{"taxonomy":"product_tag","embeddable":true,"href":"https:\/\/mendomedical.ca\/fr\/wp-json\/wp\/v2\/product_tag?post=259633"},{"taxonomy":"product_format_filter","embeddable":true,"href":"https:\/\/mendomedical.ca\/fr\/wp-json\/wp\/v2\/product_format_filter?post=259633"}],"curies":[{"name":"wp","href":"https:\/\/api.w.org\/{rel}","templated":true}]}}