{"id":259617,"date":"2025-08-14T22:20:07","date_gmt":"2025-08-15T02:20:07","guid":{"rendered":"https:\/\/mendomedical.ca\/?post_type=product&#038;p=259617"},"modified":"2025-11-14T18:22:46","modified_gmt":"2025-11-14T23:22:46","slug":"zoap-dulce-banana-infused-hash-hole","status":"publish","type":"product","link":"https:\/\/mendomedical.ca\/fr\/produit\/zoap-dulce-banana-infused-hash-hole\/","title":{"rendered":"Zoap + Ice Cream Runtz Infused Hash Hole"},"content":{"rendered":"","protected":false},"excerpt":{"rendered":"<div class=\"ExternalClassADBBCB4274D3437AA4984359D0B0120A\">\n<h1>Zoap + Ice Cream Runtz Infused Hash Hole de 1Above<\/h1>\n<p><strong>Zoap Flower (1.5g) + Ice Cream Runtz Live Rosin (0.5g)<\/strong><\/p>\n<p>D\u00e9couvrez l&rsquo;artisanat m\u00e9ticuleux de 1Above&rsquo;s Zoap + Ice Cream Runtz Infused Hash Hole, un preroll premium de 2g qui combine une fleur d&rsquo;int\u00e9rieur de haute qualit\u00e9 avec de la rosine de hash riche en terp\u00e8nes. Cette cr\u00e9ation artisanale est dot\u00e9e d&rsquo;un embout en bois et d&rsquo;un centre de haschisch positionn\u00e9 de mani\u00e8re experte, offrant une exp\u00e9rience de cannabis sophistiqu\u00e9e. <\/p>\n<h3><strong>Points forts du produit<\/strong><\/h3>\n<ul>\n<li>Roul\u00e9e \u00e0 la main avec des fleurs enti\u00e8res d&rsquo;int\u00e9rieur de premi\u00e8re qualit\u00e9<\/li>\n<li>La rosine centr\u00e9e cr\u00e9e l&rsquo;effet \u00ab\u00a0trou de beigne\u00a0\u00bb.<\/li>\n<li>\u00c9l\u00e9gant embout en bois pour une meilleure exp\u00e9rience de fumage<\/li>\n<li>Portion pr\u00e9cise de 2 g pour un plaisir constant<\/li>\n<li>La technique de roulage professionnelle garantit une combustion uniforme<\/li>\n<\/ul>\n<h3>Profil aromatique et gustatif<\/h3>\n<p>Ce m\u00e9lange unique offre un profil aromatique complexe domin\u00e9 par des notes de baies sucr\u00e9es, compl\u00e9t\u00e9es par des notes d&rsquo;agrumes et tropicales. La combinaison soigneusement s\u00e9lectionn\u00e9e des souches Zoap + Ice Cream Runtz cr\u00e9e un \u00e9quilibre harmonieux d&rsquo;ar\u00f4mes fruit\u00e9s et peut produire des effets euphorisants. <\/p>\n<h3>Pourquoi choisir les Infused Prerolls ?<\/h3>\n<p>Les prerolls infus\u00e9s offrent aux consommateurs de cannabis m\u00e9dical un moyen pratique et pr\u00e9cis de consommer leur m\u00e9dicament. La combinaison de fleurs de qualit\u00e9 sup\u00e9rieure et de rosin de haschisch offre une exp\u00e9rience coh\u00e9rente, tandis que le roulage expert assure un flux d&rsquo;air optimal et une combustion uniforme, ce qui en fait un excellent choix pour les consommateurs de cannabis m\u00e9dical, qu&rsquo;ils soient nouveaux ou exp\u00e9riment\u00e9s. <\/p>\n<h3>Exp\u00e9dition dans tout le Canada<\/h3>\n<p>Nous offrons un service de livraison rapide et discret \u00e0 travers le Canada pour le Zoap + Ice Cream Runtz Infused Hash Hole. Profitez de la livraison gratuite pour les commandes de plus de 150 $. Notre emballage s\u00e9curis\u00e9 garantit que votre produit arrive en parfait \u00e9tat.  <\/p>\n<h3>Avantages et couverture pour les anciens combattants<\/h3>\n<p>Ce produit est admissible \u00e0 la couverture d&rsquo;Anciens Combattants Canada (ACC) et \u00e0 la facturation directe par l&rsquo;entremise de la Croix Bleue, ce qui signifie qu&rsquo;il n&rsquo;y a pas de frais \u00e0 d\u00e9bourser. Vous n&rsquo;avez pas encore votre carte m\u00e9dicale ? <a href=\"https:\/\/mendomedical.ca\/fr\/carte-medicale\/\">Obtenez votre carte m\u00e9dicale gratuite rapidement et facilement gr\u00e2ce \u00e0 notre processus en ligne<\/a>. <\/p>\n<\/div>\n","protected":false},"featured_media":249306,"comment_status":"open","ping_status":"closed","template":"","meta":{"_acf_changed":false,"site-sidebar-layout":"default","site-content-layout":"","ast-site-content-layout":"default","site-content-style":"default","site-sidebar-style":"default","ast-global-header-display":"","ast-banner-title-visibility":"","ast-main-header-display":"","ast-hfb-above-header-display":"","ast-hfb-below-header-display":"","ast-hfb-mobile-header-display":"","site-post-title":"","ast-breadcrumbs-content":"","ast-featured-img":"","footer-sml-layout":"","ast-disable-related-posts":"","theme-transparent-header-meta":"default","adv-header-id-meta":"","stick-header-meta":"","header-above-stick-meta":"","header-main-stick-meta":"","header-below-stick-meta":"","astra-migrate-meta-layouts":"set","ast-page-background-enabled":"default","ast-page-background-meta":{"desktop":{"background-color":"var(--ast-global-color-4)","background-image":"","background-repeat":"repeat","background-position":"center center","background-size":"auto","background-attachment":"scroll","background-type":"","background-media":"","overlay-type":"","overlay-color":"","overlay-opacity":"","overlay-gradient":""},"tablet":{"background-color":"","background-image":"","background-repeat":"repeat","background-position":"center center","background-size":"auto","background-attachment":"scroll","background-type":"","background-media":"","overlay-type":"","overlay-color":"","overlay-opacity":"","overlay-gradient":""},"mobile":{"background-color":"","background-image":"","background-repeat":"repeat","background-position":"center center","background-size":"auto","background-attachment":"scroll","background-type":"","background-media":"","overlay-type":"","overlay-color":"","overlay-opacity":"","overlay-gradient":""}},"ast-content-background-meta":{"desktop":{"background-color":"var(--ast-global-color-5)","background-image":"","background-repeat":"repeat","background-position":"center center","background-size":"auto","background-attachment":"scroll","background-type":"","background-media":"","overlay-type":"","overlay-color":"","overlay-opacity":"","overlay-gradient":""},"tablet":{"background-color":"var(--ast-global-color-5)","background-image":"","background-repeat":"repeat","background-position":"center center","background-size":"auto","background-attachment":"scroll","background-type":"","background-media":"","overlay-type":"","overlay-color":"","overlay-opacity":"","overlay-gradient":""},"mobile":{"background-color":"var(--ast-global-color-5)","background-image":"","background-repeat":"repeat","background-position":"center center","background-size":"auto","background-attachment":"scroll","background-type":"","background-media":"","overlay-type":"","overlay-color":"","overlay-opacity":"","overlay-gradient":""}}},"product_brand":[],"product_cat":[1147,1144],"product_tag":[],"product_format_filter":[6391],"class_list":{"0":"post-259617","1":"product","2":"type-product","3":"status-publish","4":"has-post-thumbnail","6":"product_cat-pre-roules-infuses","7":"product_cat-pre-roules","8":"pa_flavours-agrume","9":"pa_flavours-baies","10":"pa_flavours-fruite","11":"pa_flavours-doux","12":"pa_flavours-tropical-fr","13":"pa_intensity-thc-eleve","14":"pa_marques-1above-fr","15":"pa_origin-ontario-fr","16":"pa_type-de-plante-hybride-fr","17":"product_format_filter-2g","18":"desktop-align-left","19":"tablet-align-left","20":"mobile-align-left","22":"first","23":"outofstock","24":"taxable","25":"shipping-taxable","26":"purchasable","27":"product-type-simple"},"group_of_quantity":0,"min_quantity":0,"max_quantity":"","exclude_order_quantity_value_rules":"no","exclude_category_quantity_rules":"no","combine_variations":"no","acf":[],"_links":{"self":[{"href":"https:\/\/mendomedical.ca\/fr\/wp-json\/wp\/v2\/product\/259617","targetHints":{"allow":["GET"]}}],"collection":[{"href":"https:\/\/mendomedical.ca\/fr\/wp-json\/wp\/v2\/product"}],"about":[{"href":"https:\/\/mendomedical.ca\/fr\/wp-json\/wp\/v2\/types\/product"}],"replies":[{"embeddable":true,"href":"https:\/\/mendomedical.ca\/fr\/wp-json\/wp\/v2\/comments?post=259617"}],"wp:featuredmedia":[{"embeddable":true,"href":"https:\/\/mendomedical.ca\/fr\/wp-json\/wp\/v2\/media\/249306"}],"wp:attachment":[{"href":"https:\/\/mendomedical.ca\/fr\/wp-json\/wp\/v2\/media?parent=259617"}],"wp:term":[{"taxonomy":"product_brand","embeddable":true,"href":"https:\/\/mendomedical.ca\/fr\/wp-json\/wp\/v2\/product_brand?post=259617"},{"taxonomy":"product_cat","embeddable":true,"href":"https:\/\/mendomedical.ca\/fr\/wp-json\/wp\/v2\/product_cat?post=259617"},{"taxonomy":"product_tag","embeddable":true,"href":"https:\/\/mendomedical.ca\/fr\/wp-json\/wp\/v2\/product_tag?post=259617"},{"taxonomy":"product_format_filter","embeddable":true,"href":"https:\/\/mendomedical.ca\/fr\/wp-json\/wp\/v2\/product_format_filter?post=259617"}],"curies":[{"name":"wp","href":"https:\/\/api.w.org\/{rel}","templated":true}]}}