{"id":259316,"date":"2025-08-16T20:00:48","date_gmt":"2025-08-17T00:00:48","guid":{"rendered":"https:\/\/mendomedical.ca\/product\/24-js-for-the-holidays-pre-rolls\/"},"modified":"2025-11-06T14:22:46","modified_gmt":"2025-11-06T19:22:46","slug":"24-js-for-the-holidays-pre-rolls","status":"publish","type":"product","link":"https:\/\/mendomedical.ca\/fr\/produit\/24-js-for-the-holidays-pre-rolls\/","title":{"rendered":"24 Js for the Holidays"},"content":{"rendered":"","protected":false},"excerpt":{"rendered":"<div class=\"ExternalClassC7B5D020745D4B6EA645089B08222E9B\">\n<h3>24 Js for the Holidays Pr\u00e9-rolls de Choklit Park - Quantit\u00e9 limit\u00e9<\/h3>\n<p>Faites l&rsquo;exp\u00e9rience d&rsquo;un voyage festif \u00e0 travers l&rsquo;histoire du cannabis avec cette collection unique de Pr\u00e9-rolls dans le style de l&rsquo;Avent. Choklit Park pr\u00e9sente une s\u00e9lection de 24 joints individuels de 0,5 g, avec des vari\u00e9t\u00e9s l\u00e9gendaires qui ont fa\u00e7onn\u00e9 la culture contemporaine du cannabis.<\/p>\n<h3><strong>Points forts du produit<\/strong><\/h3>\n<ul>\n<li>24 Pr\u00e9-rolls de 0,5g emball\u00e9s individuellement<\/li>\n<li>Collection de cultivars classiques indica et sativa<\/li>\n<li>Un format quotidien pratique, id\u00e9al pour les f\u00eates de fin d&rsquo;ann\u00e9e<\/li>\n<li>Un roulement professionnel pour une exp\u00e9rience coh\u00e9rente<\/li>\n<li>Vari\u00e9t\u00e9 de souches l\u00e9gendaires dans chaque paquet<\/li>\n<\/ul>\n<h4>D\u00e9tails du profil<\/h4>\n<p>Cette collection offre des profils vari\u00e9s \u00e0 travers diff\u00e9rentes vari\u00e9t\u00e9s classiques, offrant une gamme d&rsquo;exp\u00e9riences. Chaque Pr\u00e9-rolls peut pr\u00e9senter des ar\u00f4mes et des effets uniques, vous permettant d&rsquo;explorer l&rsquo;h\u00e9ritage du cannabis \u00e0 travers des cultivars soigneusement s\u00e9lectionn\u00e9s. Le principal effet rapport\u00e9 dans la collection tend \u00e0 favoriser un \u00e9tat de calme.<\/p>\n<h4>Pourquoi choisir les pr\u00e9-rolls ?<\/h4>\n<p>Les Pr\u00e9-rolls offrent aux consommateurs de cannabis m\u00e9dical une option pratique et pr\u00e9cis\u00e9ment portionn\u00e9e pour les m\u00e9dicaments. Ils \u00e9liminent la n\u00e9cessit\u00e9 de moudre et de rouler, ce qui les rend id\u00e9aux pour les patients ayant des probl\u00e8mes de dext\u00e9rit\u00e9 ou ceux qui pr\u00e9f\u00e8rent les formats pr\u00eats \u00e0 l&#8217;emploi. L&#8217;emballage individuel garantit la fra\u00eecheur et facilite le dosage.<\/p>\n<h4>Exp\u00e9dition dans tout le Canada<\/h4>\n<p>Nous offrons une livraison rapide et discr\u00e8te \u00e0 travers le Canada pour les 24 Js for the Holidays Pr\u00e9-rolls. Les commandes de plus de 150 $ sont admissibles \u00e0 la livraison gratuite. Chaque colis est manipul\u00e9 avec soin afin de pr\u00e9server l&rsquo;int\u00e9grit\u00e9 du produit pendant le transport.<\/p>\n<h4>Avantages et couverture pour les anciens combattants<\/h4>\n<p>Ce produit est admissible \u00e0 la couverture d&rsquo;ACC avec facturation directe par la Croix Bleue, ce qui signifie que les anciens combattants admissibles n&rsquo;ont pas \u00e0 d\u00e9bourser d&rsquo;argent. Vous n&rsquo;avez pas encore votre carte m\u00e9dicale ? Vous pouvez facilement en obtenir un gr\u00e2ce \u00e0 notre proc\u00e9dure simple et rapide chez <a href=\"https:\/\/mendomedical.ca\/fr\/carte-medicale\/\">Mendo Medical.<\/a><\/p>\n<\/div>\n","protected":false},"featured_media":259339,"comment_status":"open","ping_status":"closed","template":"","meta":{"_acf_changed":false,"site-sidebar-layout":"default","site-content-layout":"","ast-site-content-layout":"default","site-content-style":"default","site-sidebar-style":"default","ast-global-header-display":"","ast-banner-title-visibility":"","ast-main-header-display":"","ast-hfb-above-header-display":"","ast-hfb-below-header-display":"","ast-hfb-mobile-header-display":"","site-post-title":"","ast-breadcrumbs-content":"","ast-featured-img":"","footer-sml-layout":"","ast-disable-related-posts":"","theme-transparent-header-meta":"default","adv-header-id-meta":"","stick-header-meta":"","header-above-stick-meta":"","header-main-stick-meta":"","header-below-stick-meta":"","astra-migrate-meta-layouts":"set","ast-page-background-enabled":"default","ast-page-background-meta":{"desktop":{"background-color":"var(--ast-global-color-4)","background-image":"","background-repeat":"repeat","background-position":"center center","background-size":"auto","background-attachment":"scroll","background-type":"","background-media":"","overlay-type":"","overlay-color":"","overlay-opacity":"","overlay-gradient":""},"tablet":{"background-color":"","background-image":"","background-repeat":"repeat","background-position":"center center","background-size":"auto","background-attachment":"scroll","background-type":"","background-media":"","overlay-type":"","overlay-color":"","overlay-opacity":"","overlay-gradient":""},"mobile":{"background-color":"","background-image":"","background-repeat":"repeat","background-position":"center center","background-size":"auto","background-attachment":"scroll","background-type":"","background-media":"","overlay-type":"","overlay-color":"","overlay-opacity":"","overlay-gradient":""}},"ast-content-background-meta":{"desktop":{"background-color":"var(--ast-global-color-5)","background-image":"","background-repeat":"repeat","background-position":"center center","background-size":"auto","background-attachment":"scroll","background-type":"","background-media":"","overlay-type":"","overlay-color":"","overlay-opacity":"","overlay-gradient":""},"tablet":{"background-color":"var(--ast-global-color-5)","background-image":"","background-repeat":"repeat","background-position":"center center","background-size":"auto","background-attachment":"scroll","background-type":"","background-media":"","overlay-type":"","overlay-color":"","overlay-opacity":"","overlay-gradient":""},"mobile":{"background-color":"var(--ast-global-color-5)","background-image":"","background-repeat":"repeat","background-position":"center center","background-size":"auto","background-attachment":"scroll","background-type":"","background-media":"","overlay-type":"","overlay-color":"","overlay-opacity":"","overlay-gradient":""}}},"product_brand":[],"product_cat":[4803,1144],"product_tag":[],"product_format_filter":[6374],"class_list":{"0":"post-259316","1":"product","2":"type-product","3":"status-publish","4":"has-post-thumbnail","6":"product_cat-pre-rolls-non-infuses","7":"product_cat-pre-roules","8":"pa_intensity-thc-eleve","9":"pa_intensity-thc-moyen","10":"pa_marques-parc-choklit","11":"pa_origin-ontario-fr","12":"pa_type-de-plante-indica-fr","13":"pa_type-de-plante-sativa-fr","14":"product_format_filter-0-5g","15":"desktop-align-left","16":"tablet-align-left","17":"mobile-align-left","19":"first","20":"outofstock","21":"taxable","22":"shipping-taxable","23":"purchasable","24":"product-type-simple"},"group_of_quantity":0,"min_quantity":0,"max_quantity":"","exclude_order_quantity_value_rules":"no","exclude_category_quantity_rules":"no","combine_variations":"no","acf":[],"_links":{"self":[{"href":"https:\/\/mendomedical.ca\/fr\/wp-json\/wp\/v2\/product\/259316","targetHints":{"allow":["GET"]}}],"collection":[{"href":"https:\/\/mendomedical.ca\/fr\/wp-json\/wp\/v2\/product"}],"about":[{"href":"https:\/\/mendomedical.ca\/fr\/wp-json\/wp\/v2\/types\/product"}],"replies":[{"embeddable":true,"href":"https:\/\/mendomedical.ca\/fr\/wp-json\/wp\/v2\/comments?post=259316"}],"wp:featuredmedia":[{"embeddable":true,"href":"https:\/\/mendomedical.ca\/fr\/wp-json\/wp\/v2\/media\/259339"}],"wp:attachment":[{"href":"https:\/\/mendomedical.ca\/fr\/wp-json\/wp\/v2\/media?parent=259316"}],"wp:term":[{"taxonomy":"product_brand","embeddable":true,"href":"https:\/\/mendomedical.ca\/fr\/wp-json\/wp\/v2\/product_brand?post=259316"},{"taxonomy":"product_cat","embeddable":true,"href":"https:\/\/mendomedical.ca\/fr\/wp-json\/wp\/v2\/product_cat?post=259316"},{"taxonomy":"product_tag","embeddable":true,"href":"https:\/\/mendomedical.ca\/fr\/wp-json\/wp\/v2\/product_tag?post=259316"},{"taxonomy":"product_format_filter","embeddable":true,"href":"https:\/\/mendomedical.ca\/fr\/wp-json\/wp\/v2\/product_format_filter?post=259316"}],"curies":[{"name":"wp","href":"https:\/\/api.w.org\/{rel}","templated":true}]}}