{"id":259162,"date":"2025-10-06T21:00:54","date_gmt":"2025-10-07T01:00:54","guid":{"rendered":"https:\/\/mendomedical.ca\/product\/arcs-en-ciel-de-cadillac\/"},"modified":"2026-04-29T10:52:51","modified_gmt":"2026-04-29T14:52:51","slug":"blackout-drive-fr","status":"publish","type":"product","link":"https:\/\/mendomedical.ca\/fr\/produit\/blackout-drive-fr\/","title":{"rendered":"Blackout Drive"},"content":{"rendered":"","protected":false},"excerpt":{"rendered":"<div class=\"ExternalClassD3BC533CDCFB491685845285F3C2F223\">\n<h3>Blackout Drive par Six One Charlie - Fleur de cannabis hybride de qualit\u00e9 sup\u00e9rieure - Cultiv\u00e9e par : Meridian 125 W<\/h3>\n<h4>Terp\u00e8nes totaux : 2,3%.<\/h4>\n<p>D\u00e9couvrez la qualit\u00e9 exceptionnelle de Blackout Drive, un hybride \u00e0 dominance indica magistralement con\u00e7u de Meridian 125 W, soigneusement s\u00e9lectionn\u00e9 pour vous par Six One Charlie. Cette vari\u00e9t\u00e9 remarquable combine les g\u00e9n\u00e9tiques bien-aim\u00e9es de Pure Michigan et de Runtz, cr\u00e9ant un m\u00e9lange sophistiqu\u00e9 qui offre une exp\u00e9rience th\u00e9rapeutique compl\u00e8te. Cultiv\u00e9e avec pr\u00e9cision en Colombie Britannique, cette offre de 7g pr\u00e9sente un profil terp\u00e9nique impressionnant et des effets sophistiqu\u00e9s.<\/p>\n<h3><strong>Caract\u00e9ristiques principales<\/strong><\/h3>\n<ul>\n<li>Puissance \u00e9lev\u00e9e en THC avec une teneur en terp\u00e8nes totaux de 2,3 %.<\/li>\n<li>Profil terp\u00e9nique complexe comprenant du limon\u00e8ne, du caryophyll\u00e8ne et du myrc\u00e8ne<\/li>\n<li>Cultiv\u00e9 \u00e0 Powell River, en Colombie-Britannique, sous des contr\u00f4les de qualit\u00e9 stricts.<\/li>\n<li>Lign\u00e9e g\u00e9n\u00e9tique unique combinant les souches Pure Michigan et Runtz<\/li>\n<\/ul>\n<h4>Profil sensoriel<\/h4>\n<p>Blackout Drive offre une exp\u00e9rience aromatique sophistiqu\u00e9e, avec des notes gazeuses prononc\u00e9es, compl\u00e9t\u00e9es par des notes d&rsquo;agrumes vives et de cerises douces. Le profil de saveur pr\u00e9sente un m\u00e9lange complexe de notes d&rsquo;agrumes, d&rsquo;acidit\u00e9, d&rsquo;\u00e9pices et de douceur, cr\u00e9ant une exp\u00e9rience sensorielle \u00e0 plusieurs niveaux. Le profil terp\u00e9nique pro\u00e9minent, compos\u00e9 de limon\u00e8ne, de caryophyll\u00e8ne et de myrc\u00e8ne, contribue \u00e0 la fois \u00e0 son ar\u00f4me distinctif et \u00e0 ses effets th\u00e9rapeutiques potentiels.<\/p>\n<h4>Pourquoi choisir les fleurs de cannabis de qualit\u00e9 sup\u00e9rieure ?<\/h4>\n<p>La fleur de cannabis de qualit\u00e9 sup\u00e9rieure offre aux utilisateurs m\u00e9dicaux la forme la plus naturelle et la plus compl\u00e8te des compos\u00e9s th\u00e9rapeutiques de la plante. Le spectre complet des cannabino\u00efdes et des terp\u00e8nes agit en synergie, offrant potentiellement un soulagement plus complet des diff\u00e9rents sympt\u00f4mes tout en permettant un contr\u00f4le pr\u00e9cis du dosage par le biais de diverses m\u00e9thodes de consommation.<\/p>\n<h4>Exp\u00e9dition dans tout le Canada<\/h4>\n<p>Nous offrons un service de livraison rapide et discret au Canada pour Blackout Drive. Les commandes de plus de 150 $ sont admissibles \u00e0 la livraison gratuite, ce qui vous assure un acc\u00e8s pratique \u00e0 vos m\u00e9dicaments dans tout le pays.<\/p>\n<h4>Avantages et couverture pour les anciens combattants<\/h4>\n<p>Blackout Drive est admissible \u00e0 la couverture d&rsquo;ACC avec facturation directe par l&rsquo;entremise de la Croix Bleue, ce qui signifie qu&rsquo;il n&rsquo;y a pas de frais \u00e0 d\u00e9bourser pour les anciens combattants admissibles. Si vous n&rsquo;avez pas encore obtenu votre carte m\u00e9dicale, vous pouvez l&rsquo;obtenir rapidement et facilement gr\u00e2ce \u00e0 notre partenaire <a href=\"https:\/\/mendomedical.ca\/fr\/carte-medicale\/\">Mendo Medical.<\/a><\/p>\n<\/div>\n","protected":false},"featured_media":259161,"comment_status":"open","ping_status":"closed","template":"","meta":{"_acf_changed":false,"site-sidebar-layout":"default","site-content-layout":"","ast-site-content-layout":"default","site-content-style":"default","site-sidebar-style":"default","ast-global-header-display":"","ast-banner-title-visibility":"","ast-main-header-display":"","ast-hfb-above-header-display":"","ast-hfb-below-header-display":"","ast-hfb-mobile-header-display":"","site-post-title":"","ast-breadcrumbs-content":"","ast-featured-img":"","footer-sml-layout":"","ast-disable-related-posts":"","theme-transparent-header-meta":"default","adv-header-id-meta":"","stick-header-meta":"","header-above-stick-meta":"","header-main-stick-meta":"","header-below-stick-meta":"","astra-migrate-meta-layouts":"set","ast-page-background-enabled":"default","ast-page-background-meta":{"desktop":{"background-color":"var(--ast-global-color-4)","background-image":"","background-repeat":"repeat","background-position":"center center","background-size":"auto","background-attachment":"scroll","background-type":"","background-media":"","overlay-type":"","overlay-color":"","overlay-opacity":"","overlay-gradient":""},"tablet":{"background-color":"","background-image":"","background-repeat":"repeat","background-position":"center center","background-size":"auto","background-attachment":"scroll","background-type":"","background-media":"","overlay-type":"","overlay-color":"","overlay-opacity":"","overlay-gradient":""},"mobile":{"background-color":"","background-image":"","background-repeat":"repeat","background-position":"center center","background-size":"auto","background-attachment":"scroll","background-type":"","background-media":"","overlay-type":"","overlay-color":"","overlay-opacity":"","overlay-gradient":""}},"ast-content-background-meta":{"desktop":{"background-color":"var(--ast-global-color-5)","background-image":"","background-repeat":"repeat","background-position":"center center","background-size":"auto","background-attachment":"scroll","background-type":"","background-media":"","overlay-type":"","overlay-color":"","overlay-opacity":"","overlay-gradient":""},"tablet":{"background-color":"var(--ast-global-color-5)","background-image":"","background-repeat":"repeat","background-position":"center center","background-size":"auto","background-attachment":"scroll","background-type":"","background-media":"","overlay-type":"","overlay-color":"","overlay-opacity":"","overlay-gradient":""},"mobile":{"background-color":"var(--ast-global-color-5)","background-image":"","background-repeat":"repeat","background-position":"center center","background-size":"auto","background-attachment":"scroll","background-type":"","background-media":"","overlay-type":"","overlay-color":"","overlay-opacity":"","overlay-gradient":""}}},"product_brand":[],"product_cat":[4801,1137],"product_tag":[],"product_format_filter":[6373],"class_list":{"0":"post-259162","1":"product","2":"type-product","3":"status-publish","4":"has-post-thumbnail","6":"product_cat-six-one-charlie-fr","7":"product_cat-fleur","8":"pa_flavours-agrume","9":"pa_flavours-aigre","10":"pa_flavours-pimenter","11":"pa_flavours-doux","12":"pa_intensity-thc-eleve","13":"pa_marques-six-one-charlie-fr","14":"pa_origin-colombie-britannique-fr","15":"pa_packaging-date-04-20-2026","16":"pa_prix-par-gramme-8-57","17":"pa_profil-terpene-caryophyllene","18":"pa_profil-terpene-farnesene-fr","19":"pa_profil-terpene-humulene-fr","20":"pa_profil-terpene-limonene-fr","21":"pa_profil-terpene-myrcene","22":"pa_profil-terpene-pinene-fr","23":"pa_type-de-plante-hybride-indica-fr","24":"product_format_filter-7g","25":"desktop-align-left","26":"tablet-align-left","27":"mobile-align-left","29":"first","30":"instock","31":"taxable","32":"shipping-taxable","33":"purchasable","34":"product-type-simple"},"group_of_quantity":0,"min_quantity":0,"max_quantity":"","exclude_order_quantity_value_rules":"no","exclude_category_quantity_rules":"no","combine_variations":"no","acf":[],"_links":{"self":[{"href":"https:\/\/mendomedical.ca\/fr\/wp-json\/wp\/v2\/product\/259162","targetHints":{"allow":["GET"]}}],"collection":[{"href":"https:\/\/mendomedical.ca\/fr\/wp-json\/wp\/v2\/product"}],"about":[{"href":"https:\/\/mendomedical.ca\/fr\/wp-json\/wp\/v2\/types\/product"}],"replies":[{"embeddable":true,"href":"https:\/\/mendomedical.ca\/fr\/wp-json\/wp\/v2\/comments?post=259162"}],"wp:featuredmedia":[{"embeddable":true,"href":"https:\/\/mendomedical.ca\/fr\/wp-json\/wp\/v2\/media\/259161"}],"wp:attachment":[{"href":"https:\/\/mendomedical.ca\/fr\/wp-json\/wp\/v2\/media?parent=259162"}],"wp:term":[{"taxonomy":"product_brand","embeddable":true,"href":"https:\/\/mendomedical.ca\/fr\/wp-json\/wp\/v2\/product_brand?post=259162"},{"taxonomy":"product_cat","embeddable":true,"href":"https:\/\/mendomedical.ca\/fr\/wp-json\/wp\/v2\/product_cat?post=259162"},{"taxonomy":"product_tag","embeddable":true,"href":"https:\/\/mendomedical.ca\/fr\/wp-json\/wp\/v2\/product_tag?post=259162"},{"taxonomy":"product_format_filter","embeddable":true,"href":"https:\/\/mendomedical.ca\/fr\/wp-json\/wp\/v2\/product_format_filter?post=259162"}],"curies":[{"name":"wp","href":"https:\/\/api.w.org\/{rel}","templated":true}]}}