{"id":259105,"date":"2025-09-27T03:20:08","date_gmt":"2025-09-27T07:20:08","guid":{"rendered":"https:\/\/mendomedical.ca\/product\/barre-de-chocolat-au-lait\/"},"modified":"2026-04-05T17:39:38","modified_gmt":"2026-04-05T21:39:38","slug":"barre-de-chocolat-au-lait","status":"publish","type":"product","link":"https:\/\/mendomedical.ca\/fr\/produit\/barre-de-chocolat-au-lait\/","title":{"rendered":"Barre de chocolat au lait"},"content":{"rendered":"","protected":false},"excerpt":{"rendered":"<div class=\"ExternalClass76B95B495FE349A0B5FBF4F4CDF4152F\">\n<h2>Tablette de chocolat au lait - Chocolat belge infus\u00e9 au THC<\/h2>\n<p>Faites-vous plaisir avec la barre de chocolat au lait belge de premi\u00e8re qualit\u00e9 Balcony. Ce chocolat artisanal infus\u00e9 au cannabis associe le meilleur chocolat au lait belge \u00e0 un dosage pr\u00e9cis de THC, cr\u00e9ant ainsi une d\u00e9licieuse friandise parfaite pour les patients qui consomment du cannabis m\u00e9dical et qui recherchent une exp\u00e9rience douce et savoureuse.<\/p>\n<h3>Caract\u00e9ristiques principales<\/h3>\n<ul>\n<li style=\"list-style-type: none;\">\n<ul>- Fabriqu\u00e9 avec du chocolat au lait belge de premi\u00e8re qualit\u00e9 aux riches notes de caramel.<\/ul>\n<\/li>\n<\/ul>\n<ul>\n<li style=\"list-style-type: none;\">\n<ul>- Contient 10mg de THC par barre de 30g, extrait par des m\u00e9thodes CO2 propres.<\/ul>\n<\/li>\n<\/ul>\n<ul>\n<li style=\"list-style-type: none;\">\n<ul>- Format polyvalent id\u00e9al pour partager, cuisiner ou d\u00e9guster seul<\/ul>\n<\/li>\n<\/ul>\n<ul>\n<li style=\"list-style-type: none;\">\n<ul>- Fabriqu\u00e9 \u00e0 partir d&rsquo;extraits de fleurs enti\u00e8res pour une qualit\u00e9 sup\u00e9rieure<\/ul>\n<\/li>\n<\/ul>\n<ul>\u00a0 \u00a0 \u00a0 - Parfait \u00e9quilibre entre texture cr\u00e9meuse et dosage contr\u00f4l\u00e9<\/ul>\n<h3>Profil<\/h3>\n<p>Le chocolat offre un profil lisse et cr\u00e9meux avec de d\u00e9licates nuances de caramel. Le profil terp\u00e9nique comprend l&rsquo;alpha-bisabolol, le born\u00e9ol, le caryophyll\u00e8ne, le ga\u00efol et le trans-n\u00e9rol, qui peuvent contribuer \u00e0 ses propri\u00e9t\u00e9s calmantes.<\/p>\n<h3>Pourquoi choisir le chocolat infus\u00e9 au cannabis ?<\/h3>\n<p>Les edibles au chocolat sont un moyen discret et agr\u00e9able de consommer du cannabis. La teneur en graisses du chocolat s&rsquo;associe naturellement aux cannabino\u00efdes, ce qui peut favoriser une absorption efficace. Ce format permet un dosage pr\u00e9cis et peut \u00eatre particuli\u00e8rement adapt\u00e9 aux patients qui recherchent des effets plus durables.<\/p>\n<h3>Exp\u00e9dition dans tout le Canada<\/h3>\n<p>Nous offrons une livraison rapide dans tout le Canada, avec une livraison gratuite pour les commandes de plus de 150 $. Veuillez noter que les produits de chocolat peuvent fondre pendant le transport estival. Nous ne pouvons pas offrir de remboursement ou de remplacement pour les produits qui fondent pendant le transport. Veuillez en tenir compte lorsque vous commandez pendant les mois les plus chauds.<\/p>\n<h3>Avantages et couverture pour les anciens combattants<\/h3>\n<p>Ce produit est admissible \u00e0 la couverture d&rsquo;Anciens Combattants Canada (ACC) avec facturation directe par l&rsquo;entremise de la Croix Bleue, ne n\u00e9cessitant aucun d\u00e9bours\u00e9. Vous n&rsquo;avez pas encore votre carte m\u00e9dicale ? Obtenez rapidement votre carte m\u00e9dicale gratuite gr\u00e2ce \u00e0 notre <a href=\"https:\/\/mendomedical.ca\/fr\/carte-medicale\/\">proc\u00e9dure simple en ligne<\/a>.<\/p>\n<h3>Ingr\u00e9dients<\/h3>\n<p>Sucre, beurre de cacao, lait entier en poudre, chocolat non sucr\u00e9, l\u00e9cithine de soja, ar\u00f4me naturel de vanille, extrait de cannabis.<\/p>\n<p>Contient : Lait, soja<br \/>\nPeut contenir : Cacahu\u00e8tes, fruits \u00e0 coque<\/p>\n<\/div>\n","protected":false},"featured_media":259102,"comment_status":"open","ping_status":"closed","template":"","meta":{"_acf_changed":false,"site-sidebar-layout":"default","site-content-layout":"","ast-site-content-layout":"default","site-content-style":"default","site-sidebar-style":"default","ast-global-header-display":"","ast-banner-title-visibility":"","ast-main-header-display":"","ast-hfb-above-header-display":"","ast-hfb-below-header-display":"","ast-hfb-mobile-header-display":"","site-post-title":"","ast-breadcrumbs-content":"","ast-featured-img":"","footer-sml-layout":"","ast-disable-related-posts":"","theme-transparent-header-meta":"default","adv-header-id-meta":"","stick-header-meta":"","header-above-stick-meta":"","header-main-stick-meta":"","header-below-stick-meta":"","astra-migrate-meta-layouts":"set","ast-page-background-enabled":"default","ast-page-background-meta":{"desktop":{"background-color":"var(--ast-global-color-4)","background-image":"","background-repeat":"repeat","background-position":"center center","background-size":"auto","background-attachment":"scroll","background-type":"","background-media":"","overlay-type":"","overlay-color":"","overlay-opacity":"","overlay-gradient":""},"tablet":{"background-color":"","background-image":"","background-repeat":"repeat","background-position":"center center","background-size":"auto","background-attachment":"scroll","background-type":"","background-media":"","overlay-type":"","overlay-color":"","overlay-opacity":"","overlay-gradient":""},"mobile":{"background-color":"","background-image":"","background-repeat":"repeat","background-position":"center center","background-size":"auto","background-attachment":"scroll","background-type":"","background-media":"","overlay-type":"","overlay-color":"","overlay-opacity":"","overlay-gradient":""}},"ast-content-background-meta":{"desktop":{"background-color":"var(--ast-global-color-5)","background-image":"","background-repeat":"repeat","background-position":"center center","background-size":"auto","background-attachment":"scroll","background-type":"","background-media":"","overlay-type":"","overlay-color":"","overlay-opacity":"","overlay-gradient":""},"tablet":{"background-color":"var(--ast-global-color-5)","background-image":"","background-repeat":"repeat","background-position":"center center","background-size":"auto","background-attachment":"scroll","background-type":"","background-media":"","overlay-type":"","overlay-color":"","overlay-opacity":"","overlay-gradient":""},"mobile":{"background-color":"var(--ast-global-color-5)","background-image":"","background-repeat":"repeat","background-position":"center center","background-size":"auto","background-attachment":"scroll","background-type":"","background-media":"","overlay-type":"","overlay-color":"","overlay-opacity":"","overlay-gradient":""}}},"product_brand":[],"product_cat":[1130,1511,1128],"product_tag":[],"product_format_filter":[6366],"class_list":{"0":"post-259105","1":"product","2":"type-product","3":"status-publish","4":"has-post-thumbnail","6":"product_cat-chocolats","7":"product_cat-full-spectrum-fr","8":"product_cat-comestibles","9":"pa_flavours-milk-chocolate-fr","10":"pa_intensity-thc-moyen","11":"pa_marques-balcon","12":"pa_origin-ontario-fr","13":"pa_profil-terpene-bisabolol-fr","14":"pa_profil-terpene-borneol-fr","15":"pa_profil-terpene-caryophyllene","16":"pa_profil-terpene-guaiol-fr","17":"pa_profil-terpene-nerolidol","18":"pa_type-de-plante-thc-fr","19":"product_format_filter-1units","20":"desktop-align-left","21":"tablet-align-left","22":"mobile-align-left","24":"first","25":"instock","26":"taxable","27":"shipping-taxable","28":"purchasable","29":"product-type-simple"},"group_of_quantity":0,"min_quantity":0,"max_quantity":"","exclude_order_quantity_value_rules":"no","exclude_category_quantity_rules":"no","combine_variations":"no","acf":[],"_links":{"self":[{"href":"https:\/\/mendomedical.ca\/fr\/wp-json\/wp\/v2\/product\/259105","targetHints":{"allow":["GET"]}}],"collection":[{"href":"https:\/\/mendomedical.ca\/fr\/wp-json\/wp\/v2\/product"}],"about":[{"href":"https:\/\/mendomedical.ca\/fr\/wp-json\/wp\/v2\/types\/product"}],"replies":[{"embeddable":true,"href":"https:\/\/mendomedical.ca\/fr\/wp-json\/wp\/v2\/comments?post=259105"}],"wp:featuredmedia":[{"embeddable":true,"href":"https:\/\/mendomedical.ca\/fr\/wp-json\/wp\/v2\/media\/259102"}],"wp:attachment":[{"href":"https:\/\/mendomedical.ca\/fr\/wp-json\/wp\/v2\/media?parent=259105"}],"wp:term":[{"taxonomy":"product_brand","embeddable":true,"href":"https:\/\/mendomedical.ca\/fr\/wp-json\/wp\/v2\/product_brand?post=259105"},{"taxonomy":"product_cat","embeddable":true,"href":"https:\/\/mendomedical.ca\/fr\/wp-json\/wp\/v2\/product_cat?post=259105"},{"taxonomy":"product_tag","embeddable":true,"href":"https:\/\/mendomedical.ca\/fr\/wp-json\/wp\/v2\/product_tag?post=259105"},{"taxonomy":"product_format_filter","embeddable":true,"href":"https:\/\/mendomedical.ca\/fr\/wp-json\/wp\/v2\/product_format_filter?post=259105"}],"curies":[{"name":"wp","href":"https:\/\/api.w.org\/{rel}","templated":true}]}}