{"id":259100,"date":"2025-09-27T03:15:27","date_gmt":"2025-09-27T07:15:27","guid":{"rendered":"https:\/\/mendomedical.ca\/product\/bouchee-unique-aux-noisettes\/"},"modified":"2026-04-17T14:38:26","modified_gmt":"2026-04-17T18:38:26","slug":"bouchee-aux-noisettes","status":"publish","type":"product","link":"https:\/\/mendomedical.ca\/fr\/produit\/bouchee-aux-noisettes\/","title":{"rendered":"Bouch\u00e9e aux noisettes"},"content":{"rendered":"","protected":false},"excerpt":{"rendered":"<div class=\"ExternalClass6DAB189CDCA74E998A8F83A3032EBE69\">\n<h3>Bouch\u00e9e unique aux noisettes par Balcony<\/h3>\n<p>Faites l&rsquo;exp\u00e9rience de la gourmandise pure avec le Hazelnut Single Bite de Balcony, un produit comestible m\u00e9ticuleusement con\u00e7u qui combine des noisettes italiennes de premi\u00e8re qualit\u00e9 avec du chocolat au lait belge. Chaque bouch\u00e9e contient 10 mg de THC \u00e0 spectre complet, offrant une dose parfaitement mesur\u00e9e dans une exquise confiserie au chocolat. <\/p>\n<h4>Caract\u00e9ristiques principales<\/h4>\n<ul>\n<li style=\"list-style-type: none;\">\n<ul>- Noisettes italiennes de premi\u00e8re qualit\u00e9 grill\u00e9es et broy\u00e9es en une p\u00e2te lisse<\/ul>\n<\/li>\n<\/ul>\n<ul>\n<li style=\"list-style-type: none;\">\n<ul>- Enrobage authentique de chocolat au lait belge<\/ul>\n<\/li>\n<\/ul>\n<ul>\n<li style=\"list-style-type: none;\">\n<ul>- 10 mg de THC \u00e0 spectre complet par bouch\u00e9e<\/ul>\n<\/li>\n<\/ul>\n<ul>\n<li style=\"list-style-type: none;\">\n<ul>- Fabriqu\u00e9 \u00e0 la main en petites quantit\u00e9s par Rouge River Chocolate \u00e0 Toronto.<\/ul>\n<\/li>\n<\/ul>\n<ul>  - Pr\u00e9paration traditionnelle \u00e0 la Gianduja pour une texture et un go\u00fbt optimaux<\/ul>\n<h4>Profil aromatique et terp\u00e9nique<\/h4>\n<p>Ce chocolat artisanal pr\u00e9sente un riche profil de saveur de chocolat aux noisettes, compl\u00e9t\u00e9 par un m\u00e9lange de terp\u00e8nes divers comprenant l&rsquo;alpha-bisabolol, le born\u00e9ol, le caryophyll\u00e8ne, le ga\u00efol et le trans-n\u00e9rol. Cette combinaison cr\u00e9e une exp\u00e9rience potentiellement apaisante tout en offrant un go\u00fbt sup\u00e9rieur. <\/p>\n<h4>Pourquoi choisir les plantes comestibles ?<\/h4>\n<p>Les edibles constituent une option discr\u00e8te et pr\u00e9cis\u00e9ment dos\u00e9e pour les consommateurs de cannabis m\u00e9dical. Ils offrent une m\u00e9thode d&rsquo;administration coh\u00e9rente avec des effets potentiels plus durables que les autres m\u00e9thodes de consommation, ce qui les rend particuli\u00e8rement adapt\u00e9s \u00e0 la gestion de divers sympt\u00f4mes tout au long de la journ\u00e9e. <\/p>\n<h4>Exp\u00e9dition dans tout le Canada<\/h4>\n<p>Nous offrons une livraison rapide dans tout le Canada et une livraison gratuite pour les commandes de plus de 150 $. Veuillez noter que les produits chocolat\u00e9s peuvent fondre pendant le transport par temps chaud. Nous ne pouvons pas offrir de remboursement ou de remplacement pour les produits qui fondent pendant le transport. Veuillez en tenir compte lorsque vous passez votre commande pendant les mois d&rsquo;\u00e9t\u00e9.   <\/p>\n<h4>Avantages et couverture pour les anciens combattants<\/h4>\n<p>La bouch\u00e9e unique aux noisettes est admissible \u00e0 la couverture d&rsquo;Anciens Combattants Canada (ACC) avec facturation directe par l&rsquo;entremise de la Croix Bleue, ce qui signifie qu&rsquo;il n&rsquo;y a pas de frais \u00e0 d\u00e9bourser. Vous n&rsquo;avez pas encore votre carte m\u00e9dicale ? Obtenez votre carte m\u00e9dicale gratuite rapidement et facilement gr\u00e2ce \u00e0 <a href=\"https:\/\/mendomedical.ca\/fr\/carte-medicale\/\">notre processus d&rsquo;enregistrement simple.<\/a><\/p>\n<h4>Ingr\u00e9dients<\/h4>\n<p>Chocolat au lait (sucre, beurre de cacao, lait entier en poudre, chocolat non sucr\u00e9, l\u00e9cithine de soja, ar\u00f4me naturel de vanille), p\u00e2te de noisettes (noisettes, huile de palme [0,6%]), chocolat semi-doux (chocolat non sucr\u00e9, sucre, beurre de cacao, l\u00e9cithine de soja, ar\u00f4me naturel de vanille), extrait de cannabis.<\/p>\n<h4>Informations sur les allerg\u00e8nes<\/h4>\n<p>Contient : Noisette, lait, soja. Peut contenir : Arachides, noix. <\/p>\n<\/div>\n","protected":false},"featured_media":258155,"comment_status":"open","ping_status":"closed","template":"","meta":{"_acf_changed":false,"site-sidebar-layout":"default","site-content-layout":"","ast-site-content-layout":"default","site-content-style":"default","site-sidebar-style":"default","ast-global-header-display":"","ast-banner-title-visibility":"","ast-main-header-display":"","ast-hfb-above-header-display":"","ast-hfb-below-header-display":"","ast-hfb-mobile-header-display":"","site-post-title":"","ast-breadcrumbs-content":"","ast-featured-img":"","footer-sml-layout":"","ast-disable-related-posts":"","theme-transparent-header-meta":"default","adv-header-id-meta":"","stick-header-meta":"","header-above-stick-meta":"","header-main-stick-meta":"","header-below-stick-meta":"","astra-migrate-meta-layouts":"set","ast-page-background-enabled":"default","ast-page-background-meta":{"desktop":{"background-color":"var(--ast-global-color-4)","background-image":"","background-repeat":"repeat","background-position":"center center","background-size":"auto","background-attachment":"scroll","background-type":"","background-media":"","overlay-type":"","overlay-color":"","overlay-opacity":"","overlay-gradient":""},"tablet":{"background-color":"","background-image":"","background-repeat":"repeat","background-position":"center center","background-size":"auto","background-attachment":"scroll","background-type":"","background-media":"","overlay-type":"","overlay-color":"","overlay-opacity":"","overlay-gradient":""},"mobile":{"background-color":"","background-image":"","background-repeat":"repeat","background-position":"center center","background-size":"auto","background-attachment":"scroll","background-type":"","background-media":"","overlay-type":"","overlay-color":"","overlay-opacity":"","overlay-gradient":""}},"ast-content-background-meta":{"desktop":{"background-color":"var(--ast-global-color-5)","background-image":"","background-repeat":"repeat","background-position":"center center","background-size":"auto","background-attachment":"scroll","background-type":"","background-media":"","overlay-type":"","overlay-color":"","overlay-opacity":"","overlay-gradient":""},"tablet":{"background-color":"var(--ast-global-color-5)","background-image":"","background-repeat":"repeat","background-position":"center center","background-size":"auto","background-attachment":"scroll","background-type":"","background-media":"","overlay-type":"","overlay-color":"","overlay-opacity":"","overlay-gradient":""},"mobile":{"background-color":"var(--ast-global-color-5)","background-image":"","background-repeat":"repeat","background-position":"center center","background-size":"auto","background-attachment":"scroll","background-type":"","background-media":"","overlay-type":"","overlay-color":"","overlay-opacity":"","overlay-gradient":""}}},"product_brand":[],"product_cat":[1130,1511,1128],"product_tag":[],"product_format_filter":[6366],"class_list":{"0":"post-259100","1":"product","2":"type-product","3":"status-publish","4":"has-post-thumbnail","6":"product_cat-chocolats","7":"product_cat-full-spectrum-fr","8":"product_cat-comestibles","9":"pa_flavours-chocolat-aux-noisettes","10":"pa_intensity-thc-moyen","11":"pa_marques-balcon","12":"pa_origin-ontario-fr","13":"pa_profil-terpene-bisabolol-fr","14":"pa_profil-terpene-borneol-fr","15":"pa_profil-terpene-caryophyllene","16":"pa_profil-terpene-guaiol-fr","17":"pa_profil-terpene-nerolidol","18":"pa_type-de-plante-thc-fr","19":"product_format_filter-1units","20":"desktop-align-left","21":"tablet-align-left","22":"mobile-align-left","24":"first","25":"instock","26":"taxable","27":"shipping-taxable","28":"purchasable","29":"product-type-simple"},"group_of_quantity":0,"min_quantity":0,"max_quantity":"","exclude_order_quantity_value_rules":"no","exclude_category_quantity_rules":"no","combine_variations":"no","acf":[],"_links":{"self":[{"href":"https:\/\/mendomedical.ca\/fr\/wp-json\/wp\/v2\/product\/259100","targetHints":{"allow":["GET"]}}],"collection":[{"href":"https:\/\/mendomedical.ca\/fr\/wp-json\/wp\/v2\/product"}],"about":[{"href":"https:\/\/mendomedical.ca\/fr\/wp-json\/wp\/v2\/types\/product"}],"replies":[{"embeddable":true,"href":"https:\/\/mendomedical.ca\/fr\/wp-json\/wp\/v2\/comments?post=259100"}],"wp:featuredmedia":[{"embeddable":true,"href":"https:\/\/mendomedical.ca\/fr\/wp-json\/wp\/v2\/media\/258155"}],"wp:attachment":[{"href":"https:\/\/mendomedical.ca\/fr\/wp-json\/wp\/v2\/media?parent=259100"}],"wp:term":[{"taxonomy":"product_brand","embeddable":true,"href":"https:\/\/mendomedical.ca\/fr\/wp-json\/wp\/v2\/product_brand?post=259100"},{"taxonomy":"product_cat","embeddable":true,"href":"https:\/\/mendomedical.ca\/fr\/wp-json\/wp\/v2\/product_cat?post=259100"},{"taxonomy":"product_tag","embeddable":true,"href":"https:\/\/mendomedical.ca\/fr\/wp-json\/wp\/v2\/product_tag?post=259100"},{"taxonomy":"product_format_filter","embeddable":true,"href":"https:\/\/mendomedical.ca\/fr\/wp-json\/wp\/v2\/product_format_filter?post=259100"}],"curies":[{"name":"wp","href":"https:\/\/api.w.org\/{rel}","templated":true}]}}