{"id":259059,"date":"2025-09-15T21:25:16","date_gmt":"2025-09-16T01:25:16","guid":{"rendered":"https:\/\/mendomedical.ca\/product\/goutte-deau-rose\/"},"modified":"2026-03-04T10:14:01","modified_gmt":"2026-03-04T15:14:01","slug":"pink-drip","status":"publish","type":"product","link":"https:\/\/mendomedical.ca\/fr\/produit\/pink-drip\/","title":{"rendered":"Pink Drip"},"content":{"rendered":"","protected":false},"excerpt":{"rendered":"<div class=\"ExternalClass4B997C486F044C9986718E3D711A7140\">\n<h2>Pink Drip de Simply Bare - Fleur de cannabis biologique de qualit\u00e9 sup\u00e9rieure<\/h2>\n<h4>Terp\u00e8nes totaux : 3,93%.<\/h4>\n<p>D\u00e9couvrez la qualit\u00e9 exceptionnelle de Pink Drip, un hybride indica m\u00e9ticuleusement \u00e9labor\u00e9, issu de la collection biologique haut de gamme de Simply Bare. Cette version exclusive, d\u00e9velopp\u00e9e par Gastown Genetics, combine les g\u00e9n\u00e9tiques Animal Mintz et Skunk pour cr\u00e9er une exp\u00e9rience cannabique remarquable. <\/p>\n<h3><strong>Caract\u00e9ristiques principales du produit<\/strong><\/h3>\n<ul>\n<li>Cultiv\u00e9 biologiquement dans un sol vivant dans la serre de Delta, en Colombie-Britannique.<\/li>\n<li>Par\u00e9s \u00e0 la main et s\u00e9ch\u00e9s \u00e0 froid pour une conservation optimale<\/li>\n<li>L&#8217;emballage en verre de premi\u00e8re qualit\u00e9 pr\u00e9serve la fra\u00eecheur<\/li>\n<li>Teneur totale en terp\u00e8nes totaux impressionnante de 3,65%.<\/li>\n<\/ul>\n<h3>Profil aromatique et terp\u00e8nes<\/h3>\n<p>Pink Drip offre un m\u00e9lange sophistiqu\u00e9 de notes de bonbons sucr\u00e9s, compl\u00e9t\u00e9es par des notes de gaz et de skunk distinctives. Le profil terp\u00e9nique pr\u00e9sente une combinaison harmonieuse de trans-caryophyll\u00e8ne, de linalol et de limon\u00e8ne, contribuant \u00e0 sa signature aromatique unique. <\/p>\n<h3>Effets potentiels<\/h3>\n<p>Les utilisateurs d\u00e9clarent g\u00e9n\u00e9ralement se sentir d\u00e9tendus, calmes et \u00e9prouver des moments de gaiet\u00e9. Ces effets font de Pink Drip un choix appropri\u00e9 pour une utilisation en soir\u00e9e lors de la d\u00e9tente. <\/p>\n<h3>Pourquoi choisir les fleurs de cannabis de qualit\u00e9 sup\u00e9rieure ?<\/h3>\n<p>La fleur s\u00e9ch\u00e9e de premi\u00e8re qualit\u00e9 offre l&rsquo;exp\u00e9rience la plus authentique et la plus pure du cannabis. L&rsquo;engagement de Simply Bare en mati\u00e8re de culture biologique et de traitement soigneux vous garantit un produit qui conserve ses propri\u00e9t\u00e9s naturelles et son potentiel th\u00e9rapeutique. <\/p>\n<h3>Exp\u00e9dition dans tout le Canada<\/h3>\n<p>Profitez d&rsquo;une livraison rapide et discr\u00e8te dans tout le Canada. Les commandes de plus de 150 $ sont admissibles \u00e0 la livraison gratuite, ce qui vous permet de recevoir vos produits de cannabis de qualit\u00e9 sup\u00e9rieure directement \u00e0 votre porte. <\/p>\n<h3>Avantages et couverture pour les anciens combattants<\/h3>\n<p>Pink Drip est admissible \u00e0 la couverture d&rsquo;Anciens Combattants Canada (ACC) avec facturation directe par l&rsquo;entremise de la Croix Bleue, ce qui signifie que les anciens combattants admissibles n&rsquo;ont pas \u00e0 d\u00e9bourser d&rsquo;argent. Vous n&rsquo;avez pas encore votre carte m\u00e9dicale ? <a href=\"https:\/\/mendomedical.ca\/fr\/carte-medicale\/\">Obtenez votre carte m\u00e9dicale gratuite rapidement et facilement gr\u00e2ce \u00e0 notre plateforme<\/a>. <\/p>\n<\/div>\n","protected":false},"featured_media":259055,"comment_status":"open","ping_status":"closed","template":"","meta":{"_acf_changed":false,"site-sidebar-layout":"default","site-content-layout":"","ast-site-content-layout":"default","site-content-style":"default","site-sidebar-style":"default","ast-global-header-display":"","ast-banner-title-visibility":"","ast-main-header-display":"","ast-hfb-above-header-display":"","ast-hfb-below-header-display":"","ast-hfb-mobile-header-display":"","site-post-title":"","ast-breadcrumbs-content":"","ast-featured-img":"","footer-sml-layout":"","ast-disable-related-posts":"","theme-transparent-header-meta":"default","adv-header-id-meta":"","stick-header-meta":"","header-above-stick-meta":"","header-main-stick-meta":"","header-below-stick-meta":"","astra-migrate-meta-layouts":"set","ast-page-background-enabled":"default","ast-page-background-meta":{"desktop":{"background-color":"var(--ast-global-color-4)","background-image":"","background-repeat":"repeat","background-position":"center center","background-size":"auto","background-attachment":"scroll","background-type":"","background-media":"","overlay-type":"","overlay-color":"","overlay-opacity":"","overlay-gradient":""},"tablet":{"background-color":"","background-image":"","background-repeat":"repeat","background-position":"center center","background-size":"auto","background-attachment":"scroll","background-type":"","background-media":"","overlay-type":"","overlay-color":"","overlay-opacity":"","overlay-gradient":""},"mobile":{"background-color":"","background-image":"","background-repeat":"repeat","background-position":"center center","background-size":"auto","background-attachment":"scroll","background-type":"","background-media":"","overlay-type":"","overlay-color":"","overlay-opacity":"","overlay-gradient":""}},"ast-content-background-meta":{"desktop":{"background-color":"var(--ast-global-color-5)","background-image":"","background-repeat":"repeat","background-position":"center center","background-size":"auto","background-attachment":"scroll","background-type":"","background-media":"","overlay-type":"","overlay-color":"","overlay-opacity":"","overlay-gradient":""},"tablet":{"background-color":"var(--ast-global-color-5)","background-image":"","background-repeat":"repeat","background-position":"center center","background-size":"auto","background-attachment":"scroll","background-type":"","background-media":"","overlay-type":"","overlay-color":"","overlay-opacity":"","overlay-gradient":""},"mobile":{"background-color":"var(--ast-global-color-5)","background-image":"","background-repeat":"repeat","background-position":"center center","background-size":"auto","background-attachment":"scroll","background-type":"","background-media":"","overlay-type":"","overlay-color":"","overlay-opacity":"","overlay-gradient":""}}},"product_brand":[],"product_cat":[1137],"product_tag":[],"product_format_filter":[6373],"class_list":{"0":"post-259059","1":"product","2":"type-product","3":"status-publish","4":"has-post-thumbnail","6":"product_cat-fleur","7":"pa_flavours-doux","8":"pa_intensity-thc-eleve","9":"pa_marques-simply-bare-organic-fr","10":"pa_origin-colombie-britannique-fr","11":"pa_packaging-date-02-04-2026","12":"pa_prix-par-gramme-9-28","13":"pa_profil-terpene-caryophyllene","14":"pa_profil-terpene-farnesene-fr","15":"pa_profil-terpene-humulene-fr","16":"pa_profil-terpene-limonene-fr","17":"pa_profil-terpene-linalol-fr","18":"pa_type-de-plante-hybride-indica-fr","19":"product_format_filter-7g","20":"desktop-align-left","21":"tablet-align-left","22":"mobile-align-left","24":"first","25":"outofstock","26":"taxable","27":"shipping-taxable","28":"purchasable","29":"product-type-simple"},"group_of_quantity":0,"min_quantity":0,"max_quantity":"","exclude_order_quantity_value_rules":"no","exclude_category_quantity_rules":"no","combine_variations":"no","acf":[],"_links":{"self":[{"href":"https:\/\/mendomedical.ca\/fr\/wp-json\/wp\/v2\/product\/259059","targetHints":{"allow":["GET"]}}],"collection":[{"href":"https:\/\/mendomedical.ca\/fr\/wp-json\/wp\/v2\/product"}],"about":[{"href":"https:\/\/mendomedical.ca\/fr\/wp-json\/wp\/v2\/types\/product"}],"replies":[{"embeddable":true,"href":"https:\/\/mendomedical.ca\/fr\/wp-json\/wp\/v2\/comments?post=259059"}],"wp:featuredmedia":[{"embeddable":true,"href":"https:\/\/mendomedical.ca\/fr\/wp-json\/wp\/v2\/media\/259055"}],"wp:attachment":[{"href":"https:\/\/mendomedical.ca\/fr\/wp-json\/wp\/v2\/media?parent=259059"}],"wp:term":[{"taxonomy":"product_brand","embeddable":true,"href":"https:\/\/mendomedical.ca\/fr\/wp-json\/wp\/v2\/product_brand?post=259059"},{"taxonomy":"product_cat","embeddable":true,"href":"https:\/\/mendomedical.ca\/fr\/wp-json\/wp\/v2\/product_cat?post=259059"},{"taxonomy":"product_tag","embeddable":true,"href":"https:\/\/mendomedical.ca\/fr\/wp-json\/wp\/v2\/product_tag?post=259059"},{"taxonomy":"product_format_filter","embeddable":true,"href":"https:\/\/mendomedical.ca\/fr\/wp-json\/wp\/v2\/product_format_filter?post=259059"}],"curies":[{"name":"wp","href":"https:\/\/api.w.org\/{rel}","templated":true}]}}