{"id":259049,"date":"2025-09-09T06:10:46","date_gmt":"2025-09-09T10:10:46","guid":{"rendered":"https:\/\/mendomedical.ca\/product\/gem-hash-infuse-a-lananas-et-au-diamant\/"},"modified":"2026-05-01T08:53:07","modified_gmt":"2026-05-01T12:53:07","slug":"gem-hash-infuse-au-diamonds-a-lananas","status":"publish","type":"product","link":"https:\/\/mendomedical.ca\/fr\/produit\/gem-hash-infuse-au-diamonds-a-lananas\/","title":{"rendered":"Gem - Hash infus\u00e9 au diamonds \u00e0 l&rsquo;ananas"},"content":{"rendered":"","protected":false},"excerpt":{"rendered":"<div class=\"ExternalClassE95B9A1A593A4551B34B9F62A078E6C9\">\n<h3>Gem - Hash infus\u00e9 au diamonds \u00e0 l&rsquo;ananas par Hashtisan<\/h3>\n<p>D\u00e9couvrez le summum du hasch raffin\u00e9 avec le Pineapple Diamond Infused Hash de Hashtisan. Ce concentr\u00e9 de premi\u00e8re qualit\u00e9 combine magistralement le traditionnel bubble hash avec des diamants THCA et de subtils terp\u00e8nes d&rsquo;ananas, d\u00e9livrant une puissance exceptionnelle d&rsquo;environ 85 % de THC.<\/p>\n<h3><strong>Caract\u00e9ristiques principales du produit<\/strong><\/h3>\n<ul>\n<li>M\u00e9lange \u00e0 haute puissance comprenant du bubble hash de premi\u00e8re qualit\u00e9 et des diamants THCA<\/li>\n<li>Profil terp\u00e9nique tropical \u00e9quilibr\u00e9 avec de subtiles notes d&rsquo;ananas.<\/li>\n<li>Une combustion propre et r\u00e9guli\u00e8re avec une puissance accrue<\/li>\n<li>Con\u00e7u par des experts pour compl\u00e9ter et am\u00e9liorer votre exp\u00e9rience florale<\/li>\n<\/ul>\n<h4>Saveur, ar\u00f4me et profil cannabique<\/h4>\n<p>Plongez dans un voyage sensoriel tropical avec des notes fruit\u00e9es et sucr\u00e9es prononc\u00e9es, compl\u00e9t\u00e9es par des nuances hashy classiques. Le profil terp\u00e9nique soigneusement s\u00e9lectionn\u00e9 comprend du b\u00eata-caryophyll\u00e8ne, du farn\u00e9sol-2, du linalol et du d-limon\u00e8ne, cr\u00e9ant un m\u00e9lange harmonieux de notes d&rsquo;ananas, d&rsquo;agrumes, de fleurs et de bois. Ce concentr\u00e9 se targue d&rsquo;une puissance \u00e9lev\u00e9e en THC avec des niveaux de CBD non d\u00e9tect\u00e9s.<\/p>\n<h4>Pourquoi choisir les concentr\u00e9s de haschisch de qualit\u00e9 sup\u00e9rieure ?<\/h4>\n<p>Les concentr\u00e9s de haschisch offrent aux consommateurs de cannabis m\u00e9dical une option puissante et polyvalente pour la gestion des sympt\u00f4mes. Le format concentr\u00e9 permet un dosage pr\u00e9cis et peut \u00eatre particuli\u00e8rement b\u00e9n\u00e9fique pour les utilisateurs qui recherchent des effets plus puissants tout en consommant moins de produit.<\/p>\n<h4>Exp\u00e9dition dans tout le Canada<\/h4>\n<p>Profitez d&rsquo;une livraison rapide et fiable \u00e0 travers le Canada pour votre Gem Pineapple Diamond Infused Hash. Les commandes de plus de 150 $ sont admissibles \u00e0 la livraison gratuite, ce qui vous assure une exp\u00e9rience d&rsquo;achat pratique.<\/p>\n<h4>Avantages et couverture pour les anciens combattants<\/h4>\n<p>Ce produit est admissible \u00e0 la couverture d&rsquo;Anciens Combattants Canada (ACC) avec facturation directe par l&rsquo;entremise de la Croix Bleue, ne n\u00e9cessitant aucun d\u00e9bours\u00e9. Vous n&rsquo;avez pas encore votre carte m\u00e9dicale ? Obtenez rapidement votre carte m\u00e9dicale gratuite gr\u00e2ce \u00e0 la proc\u00e9dure simplifi\u00e9e de <a href=\"https:\/\/mendomedical.ca\/fr\/carte-medicale\/\">Mendo Medical.<\/a><\/p>\n<h4>Ingr\u00e9dients<\/h4>\n<p>- Bubble hash<br \/>\n- Diamants de THCA<br \/>\n- Terp\u00e8nes botaniques<\/p>\n<\/div>\n","protected":false},"featured_media":259046,"comment_status":"open","ping_status":"closed","template":"","meta":{"_acf_changed":false,"site-sidebar-layout":"default","site-content-layout":"","ast-site-content-layout":"default","site-content-style":"default","site-sidebar-style":"default","ast-global-header-display":"","ast-banner-title-visibility":"","ast-main-header-display":"","ast-hfb-above-header-display":"","ast-hfb-below-header-display":"","ast-hfb-mobile-header-display":"","site-post-title":"","ast-breadcrumbs-content":"","ast-featured-img":"","footer-sml-layout":"","ast-disable-related-posts":"","theme-transparent-header-meta":"default","adv-header-id-meta":"","stick-header-meta":"","header-above-stick-meta":"","header-main-stick-meta":"","header-below-stick-meta":"","astra-migrate-meta-layouts":"set","ast-page-background-enabled":"default","ast-page-background-meta":{"desktop":{"background-color":"var(--ast-global-color-4)","background-image":"","background-repeat":"repeat","background-position":"center center","background-size":"auto","background-attachment":"scroll","background-type":"","background-media":"","overlay-type":"","overlay-color":"","overlay-opacity":"","overlay-gradient":""},"tablet":{"background-color":"","background-image":"","background-repeat":"repeat","background-position":"center center","background-size":"auto","background-attachment":"scroll","background-type":"","background-media":"","overlay-type":"","overlay-color":"","overlay-opacity":"","overlay-gradient":""},"mobile":{"background-color":"","background-image":"","background-repeat":"repeat","background-position":"center center","background-size":"auto","background-attachment":"scroll","background-type":"","background-media":"","overlay-type":"","overlay-color":"","overlay-opacity":"","overlay-gradient":""}},"ast-content-background-meta":{"desktop":{"background-color":"var(--ast-global-color-5)","background-image":"","background-repeat":"repeat","background-position":"center center","background-size":"auto","background-attachment":"scroll","background-type":"","background-media":"","overlay-type":"","overlay-color":"","overlay-opacity":"","overlay-gradient":""},"tablet":{"background-color":"var(--ast-global-color-5)","background-image":"","background-repeat":"repeat","background-position":"center center","background-size":"auto","background-attachment":"scroll","background-type":"","background-media":"","overlay-type":"","overlay-color":"","overlay-opacity":"","overlay-gradient":""},"mobile":{"background-color":"var(--ast-global-color-5)","background-image":"","background-repeat":"repeat","background-position":"center center","background-size":"auto","background-attachment":"scroll","background-type":"","background-media":"","overlay-type":"","overlay-color":"","overlay-opacity":"","overlay-gradient":""}}},"product_brand":[],"product_cat":[1120,1121,1118],"product_tag":[],"product_format_filter":[6369],"class_list":{"0":"post-259049","1":"product","2":"type-product","3":"status-publish","4":"has-post-thumbnail","6":"product_cat-diamants","7":"product_cat-haschisch","8":"product_cat-concentres","9":"pa_flavours-fruite","10":"pa_flavours-doux","11":"pa_flavours-tropical-fr","12":"pa_intensity-thc-eleve","13":"pa_marques-hashtisan-fr","14":"pa_origin-quebec-fr","15":"pa_profil-terpene-caryophyllene","16":"pa_profil-terpene-farnesene-fr","17":"pa_profil-terpene-limonene-fr","18":"pa_profil-terpene-linalol-fr","19":"pa_type-de-plante-hybride-fr","20":"product_format_filter-1g","21":"desktop-align-left","22":"tablet-align-left","23":"mobile-align-left","25":"first","26":"instock","27":"taxable","28":"shipping-taxable","29":"purchasable","30":"product-type-simple"},"group_of_quantity":0,"min_quantity":0,"max_quantity":"","exclude_order_quantity_value_rules":"no","exclude_category_quantity_rules":"no","combine_variations":"no","acf":[],"_links":{"self":[{"href":"https:\/\/mendomedical.ca\/fr\/wp-json\/wp\/v2\/product\/259049","targetHints":{"allow":["GET"]}}],"collection":[{"href":"https:\/\/mendomedical.ca\/fr\/wp-json\/wp\/v2\/product"}],"about":[{"href":"https:\/\/mendomedical.ca\/fr\/wp-json\/wp\/v2\/types\/product"}],"replies":[{"embeddable":true,"href":"https:\/\/mendomedical.ca\/fr\/wp-json\/wp\/v2\/comments?post=259049"}],"wp:featuredmedia":[{"embeddable":true,"href":"https:\/\/mendomedical.ca\/fr\/wp-json\/wp\/v2\/media\/259046"}],"wp:attachment":[{"href":"https:\/\/mendomedical.ca\/fr\/wp-json\/wp\/v2\/media?parent=259049"}],"wp:term":[{"taxonomy":"product_brand","embeddable":true,"href":"https:\/\/mendomedical.ca\/fr\/wp-json\/wp\/v2\/product_brand?post=259049"},{"taxonomy":"product_cat","embeddable":true,"href":"https:\/\/mendomedical.ca\/fr\/wp-json\/wp\/v2\/product_cat?post=259049"},{"taxonomy":"product_tag","embeddable":true,"href":"https:\/\/mendomedical.ca\/fr\/wp-json\/wp\/v2\/product_tag?post=259049"},{"taxonomy":"product_format_filter","embeddable":true,"href":"https:\/\/mendomedical.ca\/fr\/wp-json\/wp\/v2\/product_format_filter?post=259049"}],"curies":[{"name":"wp","href":"https:\/\/api.w.org\/{rel}","templated":true}]}}