{"id":258976,"date":"2025-09-03T17:45:16","date_gmt":"2025-09-03T21:45:16","guid":{"rendered":"https:\/\/mendomedical.ca\/?post_type=product&#038;p=258976"},"modified":"2026-02-24T09:35:56","modified_gmt":"2026-02-24T14:35:56","slug":"pure-live-rosin-bar-all-in-one-vape-pen-fr","status":"publish","type":"product","link":"https:\/\/mendomedical.ca\/fr\/produit\/pure-live-rosin-bar-all-in-one-vape-pen-fr\/","title":{"rendered":"Pure Live Rosin Bar - Stylo \u00e0 Vape Trangerine Punch All-In-One"},"content":{"rendered":"","protected":false},"excerpt":{"rendered":"<div class=\"ExternalClass12FDC568353445728DDCB6C196E924EA\">\n<h3>Pure Live Rosin Bar - Trangerine Punch All-In-One Vape Pen by Invader<\/h3>\n<h3>Terpenes totaux: 9,34%<\/h3>\n<p>D\u00e9couvrez le summum de l&rsquo;extraction sans solvant avec le stylo \u00e0 vaper tout-en-un Pure Live Rosin Bar -Trangerine Punch d&rsquo;Invader. Ce dispositif de vapotage haut de gamme offre un taux exceptionnel de 9,34 % de terp\u00e8nes totaux aux c\u00f4t\u00e9s d&rsquo;un profil de saveur robuste de gaz et de diesel. Utilisant la technologie avanc\u00e9e CCELL Rosin Bar et une rosine vivante 100% sans solvant, ce stylo \u00e0 vape tout-en-un offre aux patients de cannabis m\u00e9dical une exp\u00e9rience pure et puissante sans distillats, terp\u00e8nes ajout\u00e9s ou additifs.<\/p>\n<h4>Caract\u00e9ristiques principales<\/h4>\n<ul>\n<li>100% de Live Rosin sans solvant, extraite par des m\u00e9thodes d&rsquo;eau glac\u00e9e et de pressage \u00e0 basse temp\u00e9rature.<\/li>\n<li>Technologie innovante CCELL Rosin Bar avec une conception \u00e0 double chambre pour une r\u00e9partition optimale du THC et des terp\u00e8nes.<\/li>\n<li>Intrants frais congel\u00e9s de premi\u00e8re qualit\u00e9, s\u00e9lectionn\u00e9s sp\u00e9cifiquement pour ce produit et trait\u00e9s par Crop Circle Cannabis.<\/li>\n<li>L&rsquo;ing\u00e9nierie anti-obstruction et anti-fuite garantit des tirages r\u00e9guliers et fluides.<\/li>\n<li>Une teneur en terp\u00e8nes totaux impressionnante pour un potentiel th\u00e9rapeutique accru.<\/li>\n<\/ul>\n<h4>Profil aromatique et gustatif<\/h4>\n<p>La variante Trangerine Punch offre une exp\u00e9rience sensorielle distinctive avec son ar\u00f4me citron\u00e9 et tangy, compl\u00e9t\u00e9 par des nuances sucr\u00e9 audacieuses. Ce profil terp\u00e9nique robuste offre les caract\u00e9ristiques gustatives authentiques d&rsquo;un Live Rosin de premi\u00e8re qualit\u00e9 tout en contribuant potentiellement \u00e0 l&rsquo;effet d&rsquo;entourage.<\/p>\n<h4>Pourquoi choisir All-In-One Vapes<\/h4>\n<p>Les stylos \u00e0 vaper tout-en-un offrent aux patients qui consomment du cannabis m\u00e9dical une commodit\u00e9 et une discr\u00e9tion in\u00e9gal\u00e9es. Ces appareils \u00e9liminent le besoin de piles ou de cartouches s\u00e9par\u00e9es tout en offrant un dosage pr\u00e9cis et constant qui peut aider les patients \u00e0 g\u00e9rer efficacement leurs besoins th\u00e9rapeutiques.<\/p>\n<h4>Exp\u00e9dition dans tout le Canada<\/h4>\n<p>Le stylo \u00e0 vaper tout-en-un Pure Live Rosin Bar - Trangerine Punch est exp\u00e9di\u00e9 rapidement \u00e0 travers le Canada. Nous offrons une livraison gratuite pour toutes les commandes de plus de 150 $, ce qui vous assure de recevoir vos produits de cannabis m\u00e9dical rapidement et \u00e0 un prix abordable.<\/p>\n<h4>Avantages et couverture pour les anciens combattants<\/h4>\n<p>Ce produit est admissible \u00e0 la couverture d&rsquo;ACC (Anciens Combattants Canada) avec facturation directe par l&rsquo;entremise de la Croix Bleue, ce qui signifie que les anciens combattants admissibles n&rsquo;ont pas \u00e0 d\u00e9bourser d&rsquo;argent. Si vous n&rsquo;avez pas encore votre carte de cannabis m\u00e9dical, vous pouvez l&rsquo;obtenir rapidement et facilement gr\u00e2ce \u00e0 <a href=\"https:\/\/mendomedical.ca\/fr\/carte-medicale\/\">notre processus de demande simplifi\u00e9<\/a>.<\/p>\n<\/div>\n","protected":false},"featured_media":241889,"comment_status":"closed","ping_status":"closed","template":"","meta":{"_acf_changed":false,"site-sidebar-layout":"default","site-content-layout":"","ast-site-content-layout":"default","site-content-style":"default","site-sidebar-style":"default","ast-global-header-display":"","ast-banner-title-visibility":"","ast-main-header-display":"","ast-hfb-above-header-display":"","ast-hfb-below-header-display":"","ast-hfb-mobile-header-display":"","site-post-title":"","ast-breadcrumbs-content":"","ast-featured-img":"","footer-sml-layout":"","ast-disable-related-posts":"","theme-transparent-header-meta":"default","adv-header-id-meta":"","stick-header-meta":"","header-above-stick-meta":"","header-main-stick-meta":"","header-below-stick-meta":"","astra-migrate-meta-layouts":"set","ast-page-background-enabled":"default","ast-page-background-meta":{"desktop":{"background-color":"var(--ast-global-color-4)","background-image":"","background-repeat":"repeat","background-position":"center center","background-size":"auto","background-attachment":"scroll","background-type":"","background-media":"","overlay-type":"","overlay-color":"","overlay-opacity":"","overlay-gradient":""},"tablet":{"background-color":"","background-image":"","background-repeat":"repeat","background-position":"center center","background-size":"auto","background-attachment":"scroll","background-type":"","background-media":"","overlay-type":"","overlay-color":"","overlay-opacity":"","overlay-gradient":""},"mobile":{"background-color":"","background-image":"","background-repeat":"repeat","background-position":"center center","background-size":"auto","background-attachment":"scroll","background-type":"","background-media":"","overlay-type":"","overlay-color":"","overlay-opacity":"","overlay-gradient":""}},"ast-content-background-meta":{"desktop":{"background-color":"var(--ast-global-color-5)","background-image":"","background-repeat":"repeat","background-position":"center center","background-size":"auto","background-attachment":"scroll","background-type":"","background-media":"","overlay-type":"","overlay-color":"","overlay-opacity":"","overlay-gradient":""},"tablet":{"background-color":"var(--ast-global-color-5)","background-image":"","background-repeat":"repeat","background-position":"center center","background-size":"auto","background-attachment":"scroll","background-type":"","background-media":"","overlay-type":"","overlay-color":"","overlay-opacity":"","overlay-gradient":""},"mobile":{"background-color":"var(--ast-global-color-5)","background-image":"","background-repeat":"repeat","background-position":"center center","background-size":"auto","background-attachment":"scroll","background-type":"","background-media":"","overlay-type":"","overlay-color":"","overlay-opacity":"","overlay-gradient":""}}},"product_brand":[],"product_cat":[1164,1530,1159,1161],"product_tag":[],"product_format_filter":[6374],"class_list":{"0":"post-258976","1":"product","2":"type-product","3":"status-publish","4":"has-post-thumbnail","6":"product_cat-cured-et-rosin-vivante-fr","7":"product_cat-spectre-complet1","8":"product_cat-vapoteuses","9":"product_cat-tout-en-un","10":"pa_flavours-gazeux-diesel","11":"pa_intensity-thc-eleve","12":"pa_marques-invader-fr","13":"pa_origin-alberta-fr","14":"pa_profil-terpene-caryophyllene","15":"pa_profil-terpene-limonene-fr","16":"pa_profil-terpene-selinene-fr","17":"pa_type-de-plante-hybride-fr","18":"product_format_filter-0-5g","19":"desktop-align-left","20":"tablet-align-left","21":"mobile-align-left","23":"first","24":"outofstock","25":"taxable","26":"shipping-taxable","27":"purchasable","28":"product-type-simple"},"group_of_quantity":0,"min_quantity":0,"max_quantity":"","exclude_order_quantity_value_rules":"no","exclude_category_quantity_rules":"no","combine_variations":"no","acf":[],"_links":{"self":[{"href":"https:\/\/mendomedical.ca\/fr\/wp-json\/wp\/v2\/product\/258976","targetHints":{"allow":["GET"]}}],"collection":[{"href":"https:\/\/mendomedical.ca\/fr\/wp-json\/wp\/v2\/product"}],"about":[{"href":"https:\/\/mendomedical.ca\/fr\/wp-json\/wp\/v2\/types\/product"}],"replies":[{"embeddable":true,"href":"https:\/\/mendomedical.ca\/fr\/wp-json\/wp\/v2\/comments?post=258976"}],"wp:featuredmedia":[{"embeddable":true,"href":"https:\/\/mendomedical.ca\/fr\/wp-json\/wp\/v2\/media\/241889"}],"wp:attachment":[{"href":"https:\/\/mendomedical.ca\/fr\/wp-json\/wp\/v2\/media?parent=258976"}],"wp:term":[{"taxonomy":"product_brand","embeddable":true,"href":"https:\/\/mendomedical.ca\/fr\/wp-json\/wp\/v2\/product_brand?post=258976"},{"taxonomy":"product_cat","embeddable":true,"href":"https:\/\/mendomedical.ca\/fr\/wp-json\/wp\/v2\/product_cat?post=258976"},{"taxonomy":"product_tag","embeddable":true,"href":"https:\/\/mendomedical.ca\/fr\/wp-json\/wp\/v2\/product_tag?post=258976"},{"taxonomy":"product_format_filter","embeddable":true,"href":"https:\/\/mendomedical.ca\/fr\/wp-json\/wp\/v2\/product_format_filter?post=258976"}],"curies":[{"name":"wp","href":"https:\/\/api.w.org\/{rel}","templated":true}]}}