{"id":258568,"date":"2025-08-12T18:10:00","date_gmt":"2025-08-12T22:10:00","guid":{"rendered":"https:\/\/mendomedical.ca\/product\/fruit-punch-liquid-diamond-all-in-one-vape\/"},"modified":"2025-10-29T11:08:22","modified_gmt":"2025-10-29T15:08:22","slug":"fruit-punch-liquid-diamond-all-in-one-vape","status":"publish","type":"product","link":"https:\/\/mendomedical.ca\/fr\/produit\/fruit-punch-liquid-diamond-all-in-one-vape\/","title":{"rendered":"Fruit Punch Liquid Diamond All-In-One Vape"},"content":{"rendered":"","protected":false},"excerpt":{"rendered":"<div class=\"ExternalClass0AE5C48CF7EB453E878A86E54A72D881\">\n<h1>Fruit Punch Liquid Diamond All-In-One Vape by Papa&rsquo;s Herb<\/h1>\n<p>D\u00e9couvrez la commodit\u00e9 et la puissance de Papa&rsquo;s Herb&rsquo;s Fruit Punch Liquid Diamond All-In-One Vape. Ce dispositif jetable de 1 g combine un extrait de cannabis de haute qualit\u00e9 avec des terp\u00e8nes botaniques pour une exp\u00e9rience douce et savoureuse.<\/p>\n<h3>Caract\u00e9ristiques principales<\/h3>\n<ul>\n<li style=\"list-style-type: none;\">\n<ul>- Extrait Liquid Diamond ultra-puissant<\/ul>\n<\/li>\n<\/ul>\n<ul>\n<li style=\"list-style-type: none;\">\n<ul>- Conception jetable tout-en-un pour un maximum de commodit\u00e9<\/ul>\n<\/li>\n<\/ul>\n<ul>\n<li style=\"list-style-type: none;\">\n<ul>- Formule \u00e0 dominante THC contenant du myrc\u00e8ne, du caryophyll\u00e8ne et de l&rsquo;ocim\u00e8ne.<\/ul>\n<\/li>\n<\/ul>\n<ul>\n<li style=\"list-style-type: none;\">\n<ul>- Les effets sativa peuvent favoriser la concentration et l&rsquo;\u00e9nergie.<\/ul>\n<\/li>\n<\/ul>\n<ul>\u00a0 \u00a0 \u00a0 - Format pr\u00eat \u00e0 l&#8217;emploi ne n\u00e9cessitant aucun \u00e9quipement suppl\u00e9mentaire<\/ul>\n<h3>Profil d&rsquo;ar\u00f4me et effets<\/h3>\n<p>Cette vape soigneusement \u00e9labor\u00e9e offre un vibrant m\u00e9lange de fruits tropicaux compl\u00e9t\u00e9 par des notes de baies sucr\u00e9es. Le profil terp\u00e9nique, qui comprend du myrc\u00e8ne, du caryophyll\u00e8ne et de l&rsquo;ocim\u00e8ne, contribue \u00e0 son ar\u00f4me distinctif et \u00e0 ses effets potentiels. Les utilisateurs peuvent ressentir des effets d&rsquo;\u00e9l\u00e9vation et de concentration, ce qui en fait un produit adapt\u00e9 \u00e0 un usage diurne.<\/p>\n<h3>Pourquoi choisir Vapes ?<\/h3>\n<p>Les vaporisateurs offrent un dosage pr\u00e9cis et des effets imm\u00e9diats, ce qui en fait un excellent choix pour les patients qui recherchent un soulagement rapide. La nature discr\u00e8te et l&rsquo;odeur minimale des vaporisateurs les rendent particuli\u00e8rement pratiques pour une utilisation en d\u00e9placement.<\/p>\n<h3>Exp\u00e9dition dans tout le Canada<\/h3>\n<p>Nous offrons un service de livraison rapide et fiable \u00e0 travers le Canada pour le Fruit Punch Liquid Diamond All-In-One Vape. Profitez de la livraison gratuite pour les commandes de plus de 150 $. Notre emballage s\u00e9curis\u00e9 garantit que votre produit arrive en toute s\u00e9curit\u00e9 et en toute discr\u00e9tion.<\/p>\n<h3>Avantages et couverture pour les anciens combattants<\/h3>\n<p>Ce produit est admissible \u00e0 la couverture d&rsquo;ACC et \u00e0 la facturation directe par la Croix Bleue, ce qui signifie que les anciens combattants admissibles n&rsquo;ont pas \u00e0 d\u00e9bourser d&rsquo;argent. Vous n&rsquo;avez pas encore votre carte m\u00e9dicale ? <a href=\"https:\/\/mendomedical.ca\/fr\/carte-medicale\/\">Obtenez votre carte m\u00e9dicale gratuite rapidement et facilement gr\u00e2ce \u00e0 notre plateforme<\/a>.<\/p>\n<h3>Ingr\u00e9dients<\/h3>\n<p>Extrait de cannabis, terp\u00e8nes botaniques<\/p>\n<\/div>\n","protected":false},"featured_media":258561,"comment_status":"open","ping_status":"closed","template":"","meta":{"_acf_changed":false,"site-sidebar-layout":"default","site-content-layout":"","ast-site-content-layout":"default","site-content-style":"default","site-sidebar-style":"default","ast-global-header-display":"","ast-banner-title-visibility":"","ast-main-header-display":"","ast-hfb-above-header-display":"","ast-hfb-below-header-display":"","ast-hfb-mobile-header-display":"","site-post-title":"","ast-breadcrumbs-content":"","ast-featured-img":"","footer-sml-layout":"","ast-disable-related-posts":"","theme-transparent-header-meta":"default","adv-header-id-meta":"","stick-header-meta":"","header-above-stick-meta":"","header-main-stick-meta":"","header-below-stick-meta":"","astra-migrate-meta-layouts":"set","ast-page-background-enabled":"default","ast-page-background-meta":{"desktop":{"background-color":"var(--ast-global-color-4)","background-image":"","background-repeat":"repeat","background-position":"center center","background-size":"auto","background-attachment":"scroll","background-type":"","background-media":"","overlay-type":"","overlay-color":"","overlay-opacity":"","overlay-gradient":""},"tablet":{"background-color":"","background-image":"","background-repeat":"repeat","background-position":"center center","background-size":"auto","background-attachment":"scroll","background-type":"","background-media":"","overlay-type":"","overlay-color":"","overlay-opacity":"","overlay-gradient":""},"mobile":{"background-color":"","background-image":"","background-repeat":"repeat","background-position":"center center","background-size":"auto","background-attachment":"scroll","background-type":"","background-media":"","overlay-type":"","overlay-color":"","overlay-opacity":"","overlay-gradient":""}},"ast-content-background-meta":{"desktop":{"background-color":"var(--ast-global-color-5)","background-image":"","background-repeat":"repeat","background-position":"center center","background-size":"auto","background-attachment":"scroll","background-type":"","background-media":"","overlay-type":"","overlay-color":"","overlay-opacity":"","overlay-gradient":""},"tablet":{"background-color":"var(--ast-global-color-5)","background-image":"","background-repeat":"repeat","background-position":"center center","background-size":"auto","background-attachment":"scroll","background-type":"","background-media":"","overlay-type":"","overlay-color":"","overlay-opacity":"","overlay-gradient":""},"mobile":{"background-color":"var(--ast-global-color-5)","background-image":"","background-repeat":"repeat","background-position":"center center","background-size":"auto","background-attachment":"scroll","background-type":"","background-media":"","overlay-type":"","overlay-color":"","overlay-opacity":"","overlay-gradient":""}}},"product_brand":[],"product_cat":[1159,1161],"product_tag":[],"product_format_filter":[6369],"class_list":{"0":"post-258568","1":"product","2":"type-product","3":"status-publish","4":"has-post-thumbnail","6":"product_cat-vapoteuses","7":"product_cat-tout-en-un","8":"pa_flavours-baies","9":"pa_flavours-fruite","10":"pa_flavours-tropical-fr","11":"pa_intensity-thc-eleve","12":"pa_marques-papas-herb","13":"pa_origin-ontario-fr","14":"pa_profil-terpene-caryophyllene","15":"pa_profil-terpene-linalol-fr","16":"pa_profil-terpene-myrcene","17":"pa_type-de-plante-thc-fr","18":"product_format_filter-1g","19":"desktop-align-left","20":"tablet-align-left","21":"mobile-align-left","23":"first","24":"outofstock","25":"taxable","26":"shipping-taxable","27":"purchasable","28":"product-type-simple"},"group_of_quantity":0,"min_quantity":0,"max_quantity":"","exclude_order_quantity_value_rules":"no","exclude_category_quantity_rules":"no","combine_variations":"no","acf":[],"_links":{"self":[{"href":"https:\/\/mendomedical.ca\/fr\/wp-json\/wp\/v2\/product\/258568","targetHints":{"allow":["GET"]}}],"collection":[{"href":"https:\/\/mendomedical.ca\/fr\/wp-json\/wp\/v2\/product"}],"about":[{"href":"https:\/\/mendomedical.ca\/fr\/wp-json\/wp\/v2\/types\/product"}],"replies":[{"embeddable":true,"href":"https:\/\/mendomedical.ca\/fr\/wp-json\/wp\/v2\/comments?post=258568"}],"wp:featuredmedia":[{"embeddable":true,"href":"https:\/\/mendomedical.ca\/fr\/wp-json\/wp\/v2\/media\/258561"}],"wp:attachment":[{"href":"https:\/\/mendomedical.ca\/fr\/wp-json\/wp\/v2\/media?parent=258568"}],"wp:term":[{"taxonomy":"product_brand","embeddable":true,"href":"https:\/\/mendomedical.ca\/fr\/wp-json\/wp\/v2\/product_brand?post=258568"},{"taxonomy":"product_cat","embeddable":true,"href":"https:\/\/mendomedical.ca\/fr\/wp-json\/wp\/v2\/product_cat?post=258568"},{"taxonomy":"product_tag","embeddable":true,"href":"https:\/\/mendomedical.ca\/fr\/wp-json\/wp\/v2\/product_tag?post=258568"},{"taxonomy":"product_format_filter","embeddable":true,"href":"https:\/\/mendomedical.ca\/fr\/wp-json\/wp\/v2\/product_format_filter?post=258568"}],"curies":[{"name":"wp","href":"https:\/\/api.w.org\/{rel}","templated":true}]}}