{"id":258537,"date":"2025-08-14T18:15:14","date_gmt":"2025-08-14T22:15:14","guid":{"rendered":"https:\/\/mendomedical.ca\/product\/chem-91-live-resin-vape-cart\/"},"modified":"2026-04-26T14:28:38","modified_gmt":"2026-04-26T18:28:38","slug":"chem-91-live-resin-vape-cart","status":"publish","type":"product","link":"https:\/\/mendomedical.ca\/fr\/produit\/chem-91-live-resin-vape-cart\/","title":{"rendered":"Chem 91 Live Resin Vape Cart"},"content":{"rendered":"","protected":false},"excerpt":{"rendered":"<div class=\"ExternalClassAE6939C257884047A5DD135EFD5A495A\">\n<h3>Chem 91 Live Resin Vape Cart by Jonny Chronic Platinum<br \/>\n<b>Terp\u00e8nes totaux : <\/b>14.57%<\/h3>\n<p>D\u00e9couvrez le summum de la technologie d&rsquo;extraction avec la Chem 91 Live Resin Vape Cart. Cette offre \u00e0 dominante sativa de Jonny Chronic Platinum pr\u00e9sente une impressionnante teneur en terp\u00e8nes totaux de 14,57 %, offrant une exp\u00e9rience de cannabis robuste et authentique dans un format de cartouche pratique.<\/p>\n<h4>Caract\u00e9ristiques principales<\/h4>\n<ul>\n<li style=\"list-style-type: none;\">\n<ul>- Fabriqu\u00e9 \u00e0 partir de fleurs Chem 91 fra\u00eechement congel\u00e9es et extraites au butane en circuit ferm\u00e9.<\/ul>\n<\/li>\n<\/ul>\n<ul>\n<li style=\"list-style-type: none;\">\n<ul>- Cartouche de premi\u00e8re qualit\u00e9 \u00e0 filetage 510 fabriqu\u00e9e par Greentank<\/ul>\n<\/li>\n<\/ul>\n<ul>\n<li style=\"list-style-type: none;\">\n<ul>- Extrait \u00e0 spectre complet pr\u00e9servant les cannabino\u00efdes et terp\u00e8nes naturels<\/ul>\n<\/li>\n<\/ul>\n<ul>\n<li style=\"list-style-type: none;\">\n<ul>- Haut en CBD avec une teneur minimale en CBD<\/ul>\n<\/li>\n<\/ul>\n<ul>\u00a0 \u00a0 \u00a0 - Compatible avec les batteries standard \u00e0 filetage 510<\/ul>\n<h4>Profil aromatique et terp\u00e8nes<\/h4>\n<p>La Chem 91 Live Resin pr\u00e9sente un bouquet aromatique complexe domin\u00e9 par des notes vives de diesel et d&rsquo;agrumes piquants, soulign\u00e9es par des notes herbac\u00e9es classiques. Le profil terp\u00e9nique se caract\u00e9rise par la pr\u00e9sence de \u03b2-caryophyll\u00e8ne, de terpinol\u00e8ne et d&rsquo;\u03b1-humul\u00e8ne, cr\u00e9ant un m\u00e9lange harmonieux de notes \u00e9pic\u00e9es, bois\u00e9es et d&rsquo;agrumes vifs. Les utilisateurs peuvent ressentir des effets stimulants conformes \u00e0 l&rsquo;h\u00e9ritage de la souche \u00e0 dominante sativa.<\/p>\n<h4>Pourquoi choisir les Vape Cart en r\u00e9sine vivante ?<\/h4>\n<p>Les cartouches \u00e0 vaper en r\u00e9sine vivante offrent aux consommateurs de cannabis m\u00e9dical une m\u00e9thode de dosage pratique et pr\u00e9cise tout en conservant l&rsquo;ensemble des compos\u00e9s b\u00e9n\u00e9fiques pr\u00e9sents dans la plante d&rsquo;origine. La pr\u00e9servation des terp\u00e8nes et des cannabino\u00efdes naturels gr\u00e2ce \u00e0 l&rsquo;extraction \u00e0 l&rsquo;\u00e9tat frais et congel\u00e9 peut offrir une exp\u00e9rience th\u00e9rapeutique plus compl\u00e8te.<\/p>\n<h4>Exp\u00e9dition dans tout le Canada<\/h4>\n<p>Nous offrons une livraison rapide et discr\u00e8te \u00e0 travers le Canada pour le Chem 91 Live Resin Vape Cart. Profitez de la livraison gratuite pour les commandes de plus de 150 $. Conservez votre cartouche \u00e0 la verticale dans un endroit frais et sec pour maintenir une qualit\u00e9 optimale.<\/p>\n<h4>Avantages et couverture pour les anciens combattants<\/h4>\n<p>Les anciens combattants peuvent acc\u00e9der \u00e0 ce produit gr\u00e2ce \u00e0 la couverture d&rsquo;ACC et \u00e0 la facturation directe par l&rsquo;entremise de la Croix Bleue, ce qui \u00e9limine les frais \u00e0 la charge du client. Vous n&rsquo;avez pas encore votre carte m\u00e9dicale ? Visitez <a href=\"https:\/\/mendomedical.ca\/fr\/carte-medicale\/\">notre page d&rsquo;inscription<\/a> pour obtenir rapidement et facilement votre carte m\u00e9dicale gratuite.<\/p>\n<\/div>\n","protected":false},"featured_media":103687,"comment_status":"open","ping_status":"closed","template":"","meta":{"_acf_changed":false,"site-sidebar-layout":"default","site-content-layout":"","ast-site-content-layout":"default","site-content-style":"default","site-sidebar-style":"default","ast-global-header-display":"","ast-banner-title-visibility":"","ast-main-header-display":"","ast-hfb-above-header-display":"","ast-hfb-below-header-display":"","ast-hfb-mobile-header-display":"","site-post-title":"","ast-breadcrumbs-content":"","ast-featured-img":"","footer-sml-layout":"","ast-disable-related-posts":"","theme-transparent-header-meta":"default","adv-header-id-meta":"","stick-header-meta":"","header-above-stick-meta":"","header-main-stick-meta":"","header-below-stick-meta":"","astra-migrate-meta-layouts":"set","ast-page-background-enabled":"default","ast-page-background-meta":{"desktop":{"background-color":"var(--ast-global-color-4)","background-image":"","background-repeat":"repeat","background-position":"center center","background-size":"auto","background-attachment":"scroll","background-type":"","background-media":"","overlay-type":"","overlay-color":"","overlay-opacity":"","overlay-gradient":""},"tablet":{"background-color":"","background-image":"","background-repeat":"repeat","background-position":"center center","background-size":"auto","background-attachment":"scroll","background-type":"","background-media":"","overlay-type":"","overlay-color":"","overlay-opacity":"","overlay-gradient":""},"mobile":{"background-color":"","background-image":"","background-repeat":"repeat","background-position":"center center","background-size":"auto","background-attachment":"scroll","background-type":"","background-media":"","overlay-type":"","overlay-color":"","overlay-opacity":"","overlay-gradient":""}},"ast-content-background-meta":{"desktop":{"background-color":"var(--ast-global-color-5)","background-image":"","background-repeat":"repeat","background-position":"center center","background-size":"auto","background-attachment":"scroll","background-type":"","background-media":"","overlay-type":"","overlay-color":"","overlay-opacity":"","overlay-gradient":""},"tablet":{"background-color":"var(--ast-global-color-5)","background-image":"","background-repeat":"repeat","background-position":"center center","background-size":"auto","background-attachment":"scroll","background-type":"","background-media":"","overlay-type":"","overlay-color":"","overlay-opacity":"","overlay-gradient":""},"mobile":{"background-color":"var(--ast-global-color-5)","background-image":"","background-repeat":"repeat","background-position":"center center","background-size":"auto","background-attachment":"scroll","background-type":"","background-media":"","overlay-type":"","overlay-color":"","overlay-opacity":"","overlay-gradient":""}}},"product_brand":[],"product_cat":[2334,1160,1163,1159],"product_tag":[],"product_format_filter":[6369],"class_list":{"0":"post-258537","1":"product","2":"type-product","3":"status-publish","4":"has-post-thumbnail","6":"product_cat-cannabinoides-mineurs","7":"product_cat-cart-fil-510","8":"product_cat-cured-et-resine-vivante-fr","9":"product_cat-vapoteuses","10":"pa_flavours-agrume","11":"pa_flavours-gazole-diesel","12":"pa_flavours-a-base-de-plantes","13":"pa_intensity-thc-eleve","14":"pa_intensity-low-cbc-fr","15":"pa_intensity-low-cbg-fr","16":"pa_marques-jonny-chronic-platinum-fr","17":"pa_origin-ontario-fr","18":"pa_profil-terpene-bisabolol-fr","19":"pa_profil-terpene-caryophyllene","20":"pa_profil-terpene-farnesene-fr","21":"pa_profil-terpene-humulene-fr","22":"pa_profil-terpene-limonene-fr","23":"pa_profil-terpene-myrcene","24":"pa_profil-terpene-pinene-fr","25":"pa_profil-terpene-terpinolene-fr","26":"pa_type-de-plante-hybride-sativa-fr","27":"product_format_filter-1g","28":"desktop-align-left","29":"tablet-align-left","30":"mobile-align-left","32":"first","33":"instock","34":"taxable","35":"shipping-taxable","36":"purchasable","37":"product-type-simple"},"group_of_quantity":0,"min_quantity":0,"max_quantity":"","exclude_order_quantity_value_rules":"no","exclude_category_quantity_rules":"no","combine_variations":"no","acf":[],"_links":{"self":[{"href":"https:\/\/mendomedical.ca\/fr\/wp-json\/wp\/v2\/product\/258537","targetHints":{"allow":["GET"]}}],"collection":[{"href":"https:\/\/mendomedical.ca\/fr\/wp-json\/wp\/v2\/product"}],"about":[{"href":"https:\/\/mendomedical.ca\/fr\/wp-json\/wp\/v2\/types\/product"}],"replies":[{"embeddable":true,"href":"https:\/\/mendomedical.ca\/fr\/wp-json\/wp\/v2\/comments?post=258537"}],"wp:featuredmedia":[{"embeddable":true,"href":"https:\/\/mendomedical.ca\/fr\/wp-json\/wp\/v2\/media\/103687"}],"wp:attachment":[{"href":"https:\/\/mendomedical.ca\/fr\/wp-json\/wp\/v2\/media?parent=258537"}],"wp:term":[{"taxonomy":"product_brand","embeddable":true,"href":"https:\/\/mendomedical.ca\/fr\/wp-json\/wp\/v2\/product_brand?post=258537"},{"taxonomy":"product_cat","embeddable":true,"href":"https:\/\/mendomedical.ca\/fr\/wp-json\/wp\/v2\/product_cat?post=258537"},{"taxonomy":"product_tag","embeddable":true,"href":"https:\/\/mendomedical.ca\/fr\/wp-json\/wp\/v2\/product_tag?post=258537"},{"taxonomy":"product_format_filter","embeddable":true,"href":"https:\/\/mendomedical.ca\/fr\/wp-json\/wp\/v2\/product_format_filter?post=258537"}],"curies":[{"name":"wp","href":"https:\/\/api.w.org\/{rel}","templated":true}]}}