{"id":258528,"date":"2025-10-04T19:15:44","date_gmt":"2025-10-04T23:15:44","guid":{"rendered":"https:\/\/mendomedical.ca\/product\/northern-lights-all-in-one-vape\/"},"modified":"2026-04-30T13:53:08","modified_gmt":"2026-04-30T17:53:08","slug":"northern-lights-all-in-one-vape","status":"publish","type":"product","link":"https:\/\/mendomedical.ca\/fr\/produit\/northern-lights-all-in-one-vape\/","title":{"rendered":"Northern Lights All-in-One Vape"},"content":{"rendered":"","protected":false},"excerpt":{"rendered":"<div class=\"ExternalClassE016DEAE65B447FF8A4DCC6DF2641D1B\">\n<h3>Northern Lights All-in-One Vape by Jonny Chronic Platinum<\/h3>\n<h4><strong>Terp\u00e8nes Totaux<\/strong><strong>:<\/strong> 11.52%<\/h4>\n<p>Faites l&rsquo;exp\u00e9rience de la l\u00e9gendaire vari\u00e9t\u00e9 Northern Lights dans un format de vaporisation tout-en-un pratique. Cet extrait \u00e0 dominance indica pr\u00e9sente une puissance \u00e9lev\u00e9e en THC et pr\u00e9serve le spectre complet de cannabino\u00efdes et de terp\u00e8nes de la souche gr\u00e2ce \u00e0 des m\u00e9thodes d&rsquo;extraction avanc\u00e9es.<\/p>\n<h4>Caract\u00e9ristiques principales<\/h4>\n<p>- Dispositif USB-C rechargeable (c\u00e2ble non inclus)<br \/>\n- Extraction de fleurs fra\u00eeches congel\u00e9es \u00e0 l&rsquo;aide d&rsquo;une colonne en circuit ferm\u00e9<br \/>\n- R\u00e9sine vivante de qualit\u00e9 sup\u00e9rieure avec 11,52 % de terp\u00e8nes totaux.<br \/>\n- G\u00e9n\u00e9tique classique des aurores bor\u00e9ales (afghane x tha\u00eflandaise)<\/p>\n<h4>Profil et exp\u00e9rience<\/h4>\n<p>La Northern Lights Live Resin offre une exp\u00e9rience aromatique riche avec des terp\u00e8nes dominants tels que le caryophyll\u00e8ne, le limon\u00e8ne et l&rsquo;humul\u00e8ne. Le profil pr\u00e9sente des notes d&rsquo;\u00e9pices terreuses et de pin doux, compl\u00e9t\u00e9es par des notes herbac\u00e9es douces. Cette combinaison d&rsquo;\u00e9l\u00e9ments \u00e9pic\u00e9s, citriques et bois\u00e9s peut favoriser la relaxation et l&rsquo;enracinement.<\/p>\n<h4>Pourquoi choisir All-in-One Vapes ?<\/h4>\n<p>Les vapes tout-en-un offrent aux utilisateurs m\u00e9dicaux une m\u00e9thode de consommation pr\u00e9cise, pratique et discr\u00e8te. Le dispositif pr\u00e9-rempli ne n\u00e9cessite ni assemblage ni entretien, ce qui le rend id\u00e9al pour les nouveaux utilisateurs comme pour les utilisateurs exp\u00e9riment\u00e9s qui recherchent un dosage r\u00e9gulier et des effets imm\u00e9diats.<\/p>\n<h4>Exp\u00e9dition dans tout le Canada<\/h4>\n<p>Nous offrons une livraison rapide \u00e0 travers le Canada pour le Northern Lights All-in-One Vape. Profitez de la livraison gratuite pour les commandes de plus de 150 $. Pour une conservation optimale du produit, conservez-le debout dans un endroit frais et sec.<\/p>\n<h4>Avantages et couverture pour les anciens combattants<\/h4>\n<p>Le Northern Lights All-in-One Vape est admissible \u00e0 la couverture d&rsquo;ACC et \u00e0 la facturation directe par l&rsquo;entremise de la Croix Bleue, ce qui \u00e9limine les frais \u00e0 la charge des anciens combattants admissibles. Vous n&rsquo;avez pas encore votre carte m\u00e9dicale ? <a href=\"https:\/\/mendomedical.ca\/fr\/carte-medicale\/\">Obtenez votre carte m\u00e9dicale gratuite rapidement et facilement gr\u00e2ce \u00e0 notre plateforme<\/a>.<\/p>\n<\/div>\n","protected":false},"featured_media":258530,"comment_status":"open","ping_status":"closed","template":"","meta":{"_acf_changed":false,"site-sidebar-layout":"default","site-content-layout":"","ast-site-content-layout":"default","site-content-style":"default","site-sidebar-style":"default","ast-global-header-display":"","ast-banner-title-visibility":"","ast-main-header-display":"","ast-hfb-above-header-display":"","ast-hfb-below-header-display":"","ast-hfb-mobile-header-display":"","site-post-title":"","ast-breadcrumbs-content":"","ast-featured-img":"","footer-sml-layout":"","ast-disable-related-posts":"","theme-transparent-header-meta":"default","adv-header-id-meta":"","stick-header-meta":"","header-above-stick-meta":"","header-main-stick-meta":"","header-below-stick-meta":"","astra-migrate-meta-layouts":"set","ast-page-background-enabled":"default","ast-page-background-meta":{"desktop":{"background-color":"var(--ast-global-color-4)","background-image":"","background-repeat":"repeat","background-position":"center center","background-size":"auto","background-attachment":"scroll","background-type":"","background-media":"","overlay-type":"","overlay-color":"","overlay-opacity":"","overlay-gradient":""},"tablet":{"background-color":"","background-image":"","background-repeat":"repeat","background-position":"center center","background-size":"auto","background-attachment":"scroll","background-type":"","background-media":"","overlay-type":"","overlay-color":"","overlay-opacity":"","overlay-gradient":""},"mobile":{"background-color":"","background-image":"","background-repeat":"repeat","background-position":"center center","background-size":"auto","background-attachment":"scroll","background-type":"","background-media":"","overlay-type":"","overlay-color":"","overlay-opacity":"","overlay-gradient":""}},"ast-content-background-meta":{"desktop":{"background-color":"var(--ast-global-color-5)","background-image":"","background-repeat":"repeat","background-position":"center center","background-size":"auto","background-attachment":"scroll","background-type":"","background-media":"","overlay-type":"","overlay-color":"","overlay-opacity":"","overlay-gradient":""},"tablet":{"background-color":"var(--ast-global-color-5)","background-image":"","background-repeat":"repeat","background-position":"center center","background-size":"auto","background-attachment":"scroll","background-type":"","background-media":"","overlay-type":"","overlay-color":"","overlay-opacity":"","overlay-gradient":""},"mobile":{"background-color":"var(--ast-global-color-5)","background-image":"","background-repeat":"repeat","background-position":"center center","background-size":"auto","background-attachment":"scroll","background-type":"","background-media":"","overlay-type":"","overlay-color":"","overlay-opacity":"","overlay-gradient":""}}},"product_brand":[],"product_cat":[2334,1163,1159,1161],"product_tag":[],"product_format_filter":[6374],"class_list":{"0":"post-258528","1":"product","2":"type-product","3":"status-publish","4":"has-post-thumbnail","6":"product_cat-cannabinoides-mineurs","7":"product_cat-cured-et-resine-vivante-fr","8":"product_cat-vapoteuses","9":"product_cat-tout-en-un","10":"pa_flavours-pimenter","11":"pa_flavours-a-base-de-plantes","12":"pa_flavours-pin","13":"pa_flavours-doux","14":"pa_intensity-thc-eleve","15":"pa_intensity-low-cbc-fr","16":"pa_intensity-low-cbg-fr","17":"pa_marques-jonny-chronic-platinum-fr","18":"pa_origin-ontario-fr","19":"pa_profil-terpene-bisabolol-fr","20":"pa_profil-terpene-caryophyllene","21":"pa_profil-terpene-humulene-fr","22":"pa_profil-terpene-limonene-fr","23":"pa_profil-terpene-myrcene","24":"pa_profil-terpene-pinene-fr","25":"pa_type-de-plante-indica-fr","26":"product_format_filter-0-5g","27":"desktop-align-left","28":"tablet-align-left","29":"mobile-align-left","31":"first","32":"instock","33":"taxable","34":"shipping-taxable","35":"purchasable","36":"product-type-simple"},"group_of_quantity":0,"min_quantity":0,"max_quantity":"","exclude_order_quantity_value_rules":"no","exclude_category_quantity_rules":"no","combine_variations":"no","acf":[],"_links":{"self":[{"href":"https:\/\/mendomedical.ca\/fr\/wp-json\/wp\/v2\/product\/258528","targetHints":{"allow":["GET"]}}],"collection":[{"href":"https:\/\/mendomedical.ca\/fr\/wp-json\/wp\/v2\/product"}],"about":[{"href":"https:\/\/mendomedical.ca\/fr\/wp-json\/wp\/v2\/types\/product"}],"replies":[{"embeddable":true,"href":"https:\/\/mendomedical.ca\/fr\/wp-json\/wp\/v2\/comments?post=258528"}],"wp:featuredmedia":[{"embeddable":true,"href":"https:\/\/mendomedical.ca\/fr\/wp-json\/wp\/v2\/media\/258530"}],"wp:attachment":[{"href":"https:\/\/mendomedical.ca\/fr\/wp-json\/wp\/v2\/media?parent=258528"}],"wp:term":[{"taxonomy":"product_brand","embeddable":true,"href":"https:\/\/mendomedical.ca\/fr\/wp-json\/wp\/v2\/product_brand?post=258528"},{"taxonomy":"product_cat","embeddable":true,"href":"https:\/\/mendomedical.ca\/fr\/wp-json\/wp\/v2\/product_cat?post=258528"},{"taxonomy":"product_tag","embeddable":true,"href":"https:\/\/mendomedical.ca\/fr\/wp-json\/wp\/v2\/product_tag?post=258528"},{"taxonomy":"product_format_filter","embeddable":true,"href":"https:\/\/mendomedical.ca\/fr\/wp-json\/wp\/v2\/product_format_filter?post=258528"}],"curies":[{"name":"wp","href":"https:\/\/api.w.org\/{rel}","templated":true}]}}