{"id":258178,"date":"2025-09-27T03:00:57","date_gmt":"2025-09-27T07:00:57","guid":{"rendered":"https:\/\/mendomedical.ca\/product\/bouchees-thc-aux-noisettes\/"},"modified":"2026-04-17T14:38:26","modified_gmt":"2026-04-17T18:38:26","slug":"bouchees-thc-aux-noisettes","status":"publish","type":"product","link":"https:\/\/mendomedical.ca\/fr\/produit\/bouchees-thc-aux-noisettes\/","title":{"rendered":"Bouch\u00e9es aux noisettes"},"content":{"rendered":"","protected":false},"excerpt":{"rendered":"<div class=\"ExternalClassFC27CCC5C7D84E63AF1D9A82744A4C07\">\n<h3>Bouch\u00e9es THC \u00e0 la noisette de Balcony<\/h3>\n<p>Faites l&rsquo;exp\u00e9rience d&rsquo;un m\u00e9lange parfait de luxe et de dosage pr\u00e9cis avec les bouch\u00e9es THC aux noisettes de Balcony. Ces edibles artisanaux combinent du beurre de noisette italien de premi\u00e8re qualit\u00e9 avec du chocolat au lait belge, cr\u00e9ant ainsi une g\u00e2terie sophistiqu\u00e9e infus\u00e9e au cannabis qui offre une exp\u00e9rience constante.<\/p>\n<h4>Points forts du produit<\/h4>\n<p>- Chaque paquet contient 2 bouch\u00e9es de 14 grammes chacune<br \/>\n- Pr\u00e9cis\u00e9ment dos\u00e9 \u00e0 5mg de THC par bouch\u00e9e (10mg au total)<br \/>\n- Fabriqu\u00e9 \u00e0 partir d&rsquo;un extrait de CO2 \u00e0 spectre complet provenant de la fleur enti\u00e8re<br \/>\n- Fabriqu\u00e9 avec du beurre de noisette italien import\u00e9 et du chocolat au lait belge.<\/p>\n<h4>Profil aromatique et terp\u00e9nique<\/h4>\n<p>Ces bouch\u00e9es d\u00e9cadentes pr\u00e9sentent un riche ar\u00f4me de chocolat au lait et de noisette, compl\u00e9t\u00e9 par un profil terp\u00e9nique complexe comprenant du ga\u00efol, du caryophyll\u00e8ne, du born\u00e9ol, du trans-n\u00e9rol et de l&rsquo;alpha-bisabolol. Le centre cr\u00e9meux fond dans la bouche, offrant une exp\u00e9rience luxueuse de chocolat-noisette.<\/p>\n<h4>Pourquoi choisir les produits comestibles \u00e0 base de cannabis ?<\/h4>\n<p>Les edibles offrent un moyen discret et pr\u00e9cis de consommer du cannabis, avec un dosage coh\u00e9rent et des effets plus durables que les autres m\u00e9thodes de consommation. Ils peuvent offrir une exp\u00e9rience plus douce, ce qui les rend appropri\u00e9s pour les patients de cannabis m\u00e9dical qui recherchent d&rsquo;autres options de consommation.<\/p>\n<h4>Exp\u00e9dition dans tout le Canada<\/h4>\n<p>Nous offrons une livraison rapide dans tout le Canada, avec une livraison gratuite pour les commandes de plus de 150 $. Veuillez noter que les produits chocolat\u00e9s peuvent fondre pendant l&rsquo;exp\u00e9dition par temps chaud. Nous vous recommandons d&rsquo;en tenir compte lorsque vous passez votre commande pendant les mois d&rsquo;\u00e9t\u00e9. Malheureusement, nous ne pouvons pas offrir de remboursement ou de remplacement pour les produits qui fondent pendant le transport.<\/p>\n<h4>Avantages et couverture pour les anciens combattants<\/h4>\n<p>Les bouch\u00e9es THC aux noisettes sont admissibles \u00e0 la couverture d&rsquo;Anciens Combattants Canada (ACC) avec facturation directe par l&rsquo;entremise de la Croix Bleue, ce qui signifie que les anciens combattants admissibles n&rsquo;ont pas \u00e0 d\u00e9bourser d&rsquo;argent. Vous n&rsquo;avez pas encore votre carte m\u00e9dicale ? <a href=\"https:\/\/mendomedical.ca\/fr\/carte-medicale\/\">Obtenez votre carte m\u00e9dicale gratuite rapidement et facilement gr\u00e2ce \u00e0 notre plateforme<\/a>.<\/p>\n<p><b>Ingr\u00e9dients<\/b>: Chocolat au lait (sucre, beurre de cacao, lait entier en poudre, chocolat non sucr\u00e9, l\u00e9cithine de soja, ar\u00f4me naturel de vanille), beurre de noisette (noisettes, huile de palme), chocolat mi-sucr\u00e9 (chocolat non sucr\u00e9, sucre, beurre de cacao, l\u00e9cithine de soja, ar\u00f4me naturel de vanille, ingr\u00e9dient du lait), extrait de cannabis.<\/p>\n<p>Contient : Noisette, lait, soja. Peut contenir : Arachides, noix.<\/p>\n<\/div>\n","protected":false},"featured_media":258177,"comment_status":"open","ping_status":"closed","template":"","meta":{"_acf_changed":false,"site-sidebar-layout":"default","site-content-layout":"","ast-site-content-layout":"default","site-content-style":"default","site-sidebar-style":"default","ast-global-header-display":"","ast-banner-title-visibility":"","ast-main-header-display":"","ast-hfb-above-header-display":"","ast-hfb-below-header-display":"","ast-hfb-mobile-header-display":"","site-post-title":"","ast-breadcrumbs-content":"","ast-featured-img":"","footer-sml-layout":"","ast-disable-related-posts":"","theme-transparent-header-meta":"default","adv-header-id-meta":"","stick-header-meta":"","header-above-stick-meta":"","header-main-stick-meta":"","header-below-stick-meta":"","astra-migrate-meta-layouts":"set","ast-page-background-enabled":"default","ast-page-background-meta":{"desktop":{"background-color":"var(--ast-global-color-4)","background-image":"","background-repeat":"repeat","background-position":"center center","background-size":"auto","background-attachment":"scroll","background-type":"","background-media":"","overlay-type":"","overlay-color":"","overlay-opacity":"","overlay-gradient":""},"tablet":{"background-color":"","background-image":"","background-repeat":"repeat","background-position":"center center","background-size":"auto","background-attachment":"scroll","background-type":"","background-media":"","overlay-type":"","overlay-color":"","overlay-opacity":"","overlay-gradient":""},"mobile":{"background-color":"","background-image":"","background-repeat":"repeat","background-position":"center center","background-size":"auto","background-attachment":"scroll","background-type":"","background-media":"","overlay-type":"","overlay-color":"","overlay-opacity":"","overlay-gradient":""}},"ast-content-background-meta":{"desktop":{"background-color":"var(--ast-global-color-5)","background-image":"","background-repeat":"repeat","background-position":"center center","background-size":"auto","background-attachment":"scroll","background-type":"","background-media":"","overlay-type":"","overlay-color":"","overlay-opacity":"","overlay-gradient":""},"tablet":{"background-color":"var(--ast-global-color-5)","background-image":"","background-repeat":"repeat","background-position":"center center","background-size":"auto","background-attachment":"scroll","background-type":"","background-media":"","overlay-type":"","overlay-color":"","overlay-opacity":"","overlay-gradient":""},"mobile":{"background-color":"var(--ast-global-color-5)","background-image":"","background-repeat":"repeat","background-position":"center center","background-size":"auto","background-attachment":"scroll","background-type":"","background-media":"","overlay-type":"","overlay-color":"","overlay-opacity":"","overlay-gradient":""}}},"product_brand":[],"product_cat":[1130,1511,1128],"product_tag":[],"product_format_filter":[],"class_list":{"0":"post-258178","1":"product","2":"type-product","3":"status-publish","4":"has-post-thumbnail","6":"product_cat-chocolats","7":"product_cat-full-spectrum-fr","8":"product_cat-comestibles","9":"pa_flavours-chocolat-aux-noisettes","10":"pa_intensity-thc-moyen","11":"pa_marques-balcon","12":"pa_origin-ontario-fr","13":"pa_profil-terpene-bisabolol-fr","14":"pa_profil-terpene-borneol-fr","15":"pa_profil-terpene-caryophyllene","16":"pa_profil-terpene-guaiol-fr","17":"pa_profil-terpene-nerolidol","18":"pa_type-de-plante-thc-fr","19":"desktop-align-left","20":"tablet-align-left","21":"mobile-align-left","23":"first","24":"instock","25":"taxable","26":"shipping-taxable","27":"purchasable","28":"product-type-simple"},"group_of_quantity":0,"min_quantity":0,"max_quantity":"","exclude_order_quantity_value_rules":"no","exclude_category_quantity_rules":"no","combine_variations":"no","acf":[],"_links":{"self":[{"href":"https:\/\/mendomedical.ca\/fr\/wp-json\/wp\/v2\/product\/258178","targetHints":{"allow":["GET"]}}],"collection":[{"href":"https:\/\/mendomedical.ca\/fr\/wp-json\/wp\/v2\/product"}],"about":[{"href":"https:\/\/mendomedical.ca\/fr\/wp-json\/wp\/v2\/types\/product"}],"replies":[{"embeddable":true,"href":"https:\/\/mendomedical.ca\/fr\/wp-json\/wp\/v2\/comments?post=258178"}],"wp:featuredmedia":[{"embeddable":true,"href":"https:\/\/mendomedical.ca\/fr\/wp-json\/wp\/v2\/media\/258177"}],"wp:attachment":[{"href":"https:\/\/mendomedical.ca\/fr\/wp-json\/wp\/v2\/media?parent=258178"}],"wp:term":[{"taxonomy":"product_brand","embeddable":true,"href":"https:\/\/mendomedical.ca\/fr\/wp-json\/wp\/v2\/product_brand?post=258178"},{"taxonomy":"product_cat","embeddable":true,"href":"https:\/\/mendomedical.ca\/fr\/wp-json\/wp\/v2\/product_cat?post=258178"},{"taxonomy":"product_tag","embeddable":true,"href":"https:\/\/mendomedical.ca\/fr\/wp-json\/wp\/v2\/product_tag?post=258178"},{"taxonomy":"product_format_filter","embeddable":true,"href":"https:\/\/mendomedical.ca\/fr\/wp-json\/wp\/v2\/product_format_filter?post=258178"}],"curies":[{"name":"wp","href":"https:\/\/api.w.org\/{rel}","templated":true}]}}