{"id":258159,"date":"2025-09-27T03:10:15","date_gmt":"2025-09-27T07:10:15","guid":{"rendered":"https:\/\/mendomedical.ca\/product\/bouchee-au-beurre-de-cacahuete-et-au-thc\/"},"modified":"2026-04-17T14:38:26","modified_gmt":"2026-04-17T18:38:26","slug":"bouchee-au-beurre-de-cacahuete-et-au-thc","status":"publish","type":"product","link":"https:\/\/mendomedical.ca\/fr\/produit\/bouchee-au-beurre-de-cacahuete-et-au-thc\/","title":{"rendered":"Bouch\u00e9e au beurre d&rsquo;arachide"},"content":{"rendered":"","protected":false},"excerpt":{"rendered":"<div class=\"ExternalClass01256499B17F4341950CB3B14110AC7E\">\n<h3>Bouch\u00e9e au beurre d&rsquo;arachides THC par Balcony<\/h3>\n<p>Faites l&rsquo;exp\u00e9rience d&rsquo;un pur plaisir avec la Bouch\u00e9e THC au beurre d&rsquo;arachides du Balcon, un produit comestible magistralement con\u00e7u qui combine des ingr\u00e9dients europ\u00e9ens de premi\u00e8re qualit\u00e9 avec un dosage pr\u00e9cis du cannabis. Chaque bouch\u00e9e de 14 grammes d\u00e9livre 10 mg de THC par le biais d&rsquo;un extrait de CO2 \u00e0 spectre complet, garantissant une exp\u00e9rience coh\u00e9rente et fiable.<\/p>\n<h4>Caract\u00e9ristiques principales<\/h4>\n<ul>\n<li style=\"list-style-type: none;\">\n<ul>\n<li style=\"list-style-type: none;\">\n<ul>\n<li style=\"list-style-type: none;\">\n<ul>- Fabriqu\u00e9 avec du beurre d&rsquo;arachides<\/ul>\n<\/li>\n<\/ul>\n<p><span style=\"font-size: 16px;\">import\u00e9 d&rsquo;Italie, grill\u00e9 et fonc\u00e9.<\/span><\/li>\n<\/ul>\n<\/li>\n<\/ul>\n<ul>\n<li style=\"list-style-type: none;\">\n<ul>\u00a0 \u00a0 \u00a0 - Fabriqu\u00e9 avec du chocolat au lait belge de premi\u00e8re qualit\u00e9<\/ul>\n<\/li>\n<\/ul>\n<ul>\n<li style=\"list-style-type: none;\">\n<ul>\u00a0 \u00a0 \u00a0 - Extrait CO2 \u00e0 spectre complet de la fleur enti\u00e8re<\/ul>\n<\/li>\n<\/ul>\n<ul>\n<li style=\"list-style-type: none;\">\n<ul>\u00a0 \u00a0 \u00a0 - Dosage pr\u00e9cis de 10 mg de THC par bouch\u00e9e<\/ul>\n<\/li>\n<\/ul>\n<ul>\u00a0 \u00a0 \u00a0 \u00a0 \u00a0 \u00a0 - Centre cr\u00e9meux riche et fondant<\/ul>\n<h4>Profil aromatique et gustatif<\/h4>\n<p>Ce produit comestible artisanal pr\u00e9sente un m\u00e9lange harmonieux d&rsquo;ar\u00f4mes de chocolat au lait et d&rsquo;arachides, compl\u00e9t\u00e9 par une texture luxueusement cr\u00e9meuse. La combinaison de chocolat au lait belge de premi\u00e8re qualit\u00e9 et d&rsquo;arachides italien cr\u00e9e un profil aromatique sophistiqu\u00e9 qui rehausse l&rsquo;exp\u00e9rience globale. La teneur en terp\u00e8nes comprend le ga\u00efol, le caryophyll\u00e8ne, le born\u00e9ol, le trans-n\u00e9rol et l&rsquo;alpha-bisabolol.<\/p>\n<h4>Pourquoi choisir les produits comestibles \u00e0 base de cannabis ?<\/h4>\n<p>Les edibles sont un moyen discret et pratique de consommer du cannabis, avec des effets qui peuvent durer plus longtemps que d&rsquo;autres m\u00e9thodes de consommation. Ils fournissent une dose pr\u00e9cise et contr\u00f4l\u00e9e, ce qui les rend particuli\u00e8rement adapt\u00e9s aux consommateurs de cannabis m\u00e9dical \u00e0 la recherche d&rsquo;un soulagement constant.<\/p>\n<h4>Exp\u00e9dition dans tout le Canada<\/h4>\n<p>Nous offrons une livraison rapide dans tout le Canada, avec une livraison gratuite pour les commandes de plus de 150 $. Veuillez noter que les produits de chocolat peuvent \u00eatre affect\u00e9s par le temps chaud pendant l&rsquo;exp\u00e9dition durant les mois d&rsquo;\u00e9t\u00e9. Nous ne pouvons pas rembourser ou remplacer les produits qui fondent pendant le transport. Veuillez en tenir compte lorsque vous passez votre commande.<\/p>\n<h4>Avantages et couverture pour les anciens combattants<\/h4>\n<p>La bouch\u00e9e au beurre d&rsquo;arachide et au THC est admissible \u00e0 la couverture d&rsquo;Anciens Combattants Canada (ACC) et \u00e0 la facturation directe par l&rsquo;entremise de la Croix Bleue, ce qui signifie que les personnes admissibles n&rsquo;ont pas \u00e0 d\u00e9bourser d&rsquo;argent. Vous n&rsquo;avez pas encore votre carte m\u00e9dicale ? <a href=\"https:\/\/mendomedical.ca\/fr\/carte-medicale\/\">Obtenez votre carte m\u00e9dicale gratuite rapidement et facilement gr\u00e2ce \u00e0 notre processus simple<\/a>.<\/p>\n<p><b>Ingr\u00e9dients<\/b>: Chocolat au lait (sucre, beurre de cacao, lait entier en poudre, chocolat non sucr\u00e9, l\u00e9cithine de soja, ar\u00f4me naturel de vanille), beurre d&rsquo;arachides (arachides, huile de palme), chocolat mi-sucr\u00e9 (chocolat non sucr\u00e9, sucre, beurre de cacao, l\u00e9cithine de soja, ar\u00f4me naturel de vanille, ingr\u00e9dient du lait), extrait de cannabis.<\/p>\n<p>Contient : Arachides, lait, soja. Peut contenir : Noisette, Noix.<\/p>\n<\/div>\n","protected":false},"featured_media":258155,"comment_status":"open","ping_status":"closed","template":"","meta":{"_acf_changed":false,"site-sidebar-layout":"default","site-content-layout":"","ast-site-content-layout":"default","site-content-style":"default","site-sidebar-style":"default","ast-global-header-display":"","ast-banner-title-visibility":"","ast-main-header-display":"","ast-hfb-above-header-display":"","ast-hfb-below-header-display":"","ast-hfb-mobile-header-display":"","site-post-title":"","ast-breadcrumbs-content":"","ast-featured-img":"","footer-sml-layout":"","ast-disable-related-posts":"","theme-transparent-header-meta":"default","adv-header-id-meta":"","stick-header-meta":"","header-above-stick-meta":"","header-main-stick-meta":"","header-below-stick-meta":"","astra-migrate-meta-layouts":"set","ast-page-background-enabled":"default","ast-page-background-meta":{"desktop":{"background-color":"var(--ast-global-color-4)","background-image":"","background-repeat":"repeat","background-position":"center center","background-size":"auto","background-attachment":"scroll","background-type":"","background-media":"","overlay-type":"","overlay-color":"","overlay-opacity":"","overlay-gradient":""},"tablet":{"background-color":"","background-image":"","background-repeat":"repeat","background-position":"center center","background-size":"auto","background-attachment":"scroll","background-type":"","background-media":"","overlay-type":"","overlay-color":"","overlay-opacity":"","overlay-gradient":""},"mobile":{"background-color":"","background-image":"","background-repeat":"repeat","background-position":"center center","background-size":"auto","background-attachment":"scroll","background-type":"","background-media":"","overlay-type":"","overlay-color":"","overlay-opacity":"","overlay-gradient":""}},"ast-content-background-meta":{"desktop":{"background-color":"var(--ast-global-color-5)","background-image":"","background-repeat":"repeat","background-position":"center center","background-size":"auto","background-attachment":"scroll","background-type":"","background-media":"","overlay-type":"","overlay-color":"","overlay-opacity":"","overlay-gradient":""},"tablet":{"background-color":"var(--ast-global-color-5)","background-image":"","background-repeat":"repeat","background-position":"center center","background-size":"auto","background-attachment":"scroll","background-type":"","background-media":"","overlay-type":"","overlay-color":"","overlay-opacity":"","overlay-gradient":""},"mobile":{"background-color":"var(--ast-global-color-5)","background-image":"","background-repeat":"repeat","background-position":"center center","background-size":"auto","background-attachment":"scroll","background-type":"","background-media":"","overlay-type":"","overlay-color":"","overlay-opacity":"","overlay-gradient":""}}},"product_brand":[],"product_cat":[1130,1511,1128],"product_tag":[],"product_format_filter":[],"class_list":{"0":"post-258159","1":"product","2":"type-product","3":"status-publish","4":"has-post-thumbnail","6":"product_cat-chocolats","7":"product_cat-full-spectrum-fr","8":"product_cat-comestibles","9":"pa_flavours-beurre-de-cacahuete-et-chocolat","10":"pa_intensity-thc-moyen","11":"pa_marques-balcon","12":"pa_origin-ontario-fr","13":"pa_profil-terpene-borneol-fr","14":"pa_profil-terpene-caryophyllene","15":"pa_profil-terpene-guaiol-fr","16":"pa_profil-terpene-nerolidol","17":"pa_type-de-plante-thc-fr","18":"desktop-align-left","19":"tablet-align-left","20":"mobile-align-left","22":"first","23":"instock","24":"taxable","25":"shipping-taxable","26":"purchasable","27":"product-type-simple"},"group_of_quantity":0,"min_quantity":0,"max_quantity":"","exclude_order_quantity_value_rules":"no","exclude_category_quantity_rules":"no","combine_variations":"no","acf":[],"_links":{"self":[{"href":"https:\/\/mendomedical.ca\/fr\/wp-json\/wp\/v2\/product\/258159","targetHints":{"allow":["GET"]}}],"collection":[{"href":"https:\/\/mendomedical.ca\/fr\/wp-json\/wp\/v2\/product"}],"about":[{"href":"https:\/\/mendomedical.ca\/fr\/wp-json\/wp\/v2\/types\/product"}],"replies":[{"embeddable":true,"href":"https:\/\/mendomedical.ca\/fr\/wp-json\/wp\/v2\/comments?post=258159"}],"wp:featuredmedia":[{"embeddable":true,"href":"https:\/\/mendomedical.ca\/fr\/wp-json\/wp\/v2\/media\/258155"}],"wp:attachment":[{"href":"https:\/\/mendomedical.ca\/fr\/wp-json\/wp\/v2\/media?parent=258159"}],"wp:term":[{"taxonomy":"product_brand","embeddable":true,"href":"https:\/\/mendomedical.ca\/fr\/wp-json\/wp\/v2\/product_brand?post=258159"},{"taxonomy":"product_cat","embeddable":true,"href":"https:\/\/mendomedical.ca\/fr\/wp-json\/wp\/v2\/product_cat?post=258159"},{"taxonomy":"product_tag","embeddable":true,"href":"https:\/\/mendomedical.ca\/fr\/wp-json\/wp\/v2\/product_tag?post=258159"},{"taxonomy":"product_format_filter","embeddable":true,"href":"https:\/\/mendomedical.ca\/fr\/wp-json\/wp\/v2\/product_format_filter?post=258159"}],"curies":[{"name":"wp","href":"https:\/\/api.w.org\/{rel}","templated":true}]}}