{"id":258004,"date":"2025-08-14T17:40:02","date_gmt":"2025-08-14T21:40:02","guid":{"rendered":"https:\/\/mendomedical.ca\/product\/sour-dubb\/"},"modified":"2026-03-30T08:16:19","modified_gmt":"2026-03-30T12:16:19","slug":"pre-rolls-infuses-sour-dubb","status":"publish","type":"product","link":"https:\/\/mendomedical.ca\/fr\/produit\/pre-rolls-infuses-sour-dubb\/","title":{"rendered":"Sour Dubb Infused Pr\u00e9-rolls"},"content":{"rendered":"","protected":false},"excerpt":{"rendered":"<div class=\"ExternalClass9F7379DE076247CABB02BAA7CA1590CA\">\n<h3>Sour Dubb Triple Glazed Pack by Glazed - Premium Infused Prerolls<\/h3>\n<h3>Terp\u00e8nes totaux : 2,7%.<\/h3>\n<p>D\u00e9couvrez la commodit\u00e9 de prerolls \u00e9labor\u00e9s par des experts avec le Sour Dubb Triple Glazed Pack. Chaque paquet contient trois prerolls de 0,5 g infus\u00e9s avec de la rosine Sour Dubb de premi\u00e8re qualit\u00e9, offrant une exp\u00e9rience de cannabis pure et authentique. Ces prerolls soigneusement \u00e9labor\u00e9s pr\u00e9sentent des fleurs enti\u00e8res rehauss\u00e9es de Rosin naturel, pr\u00e9servant le profil de saveur authentique de la souche sans additifs artificiels.   Les terp\u00e8nes dominants sont le caryophyll\u00e8ne, le terpinol\u00e8ne et le farn\u00e9s\u00e8ne.<\/p>\n<h3><strong>Points forts du produit<\/strong><\/h3>\n<ul>\n<li>Trois prerolls infus\u00e9s de 0,5g par paquet<\/li>\n<li>Fabriqu\u00e9 avec de la fleur enti\u00e8re de premi\u00e8re qualit\u00e9 et de la rosine naturelle Sour Dubb.<\/li>\n<li>Pas de terp\u00e8nes artificiels ni d&rsquo;additifs<\/li>\n<li>Effets \u00e9quilibr\u00e9s convenant \u00e0 diverses occasions<\/li>\n<li>Format pratique, pr\u00eat \u00e0 l&#8217;emploi<\/li>\n<\/ul>\n<h4>Profil des terp\u00e8nes et des ar\u00f4mes<\/h4>\n<p>Sour Dubb offre un profil aromatique gazeux et diesel caract\u00e9ristique de sa lign\u00e9e Sour Diesel X Sour Dubb. L&rsquo;infusion naturelle de Rosin rehausse ces notes caract\u00e9ristiques, cr\u00e9ant une exp\u00e9rience gustative riche et authentique. <\/p>\n<h4>Pourquoi choisir les Infused Prerolls ?<\/h4>\n<p>Les prerolls infus\u00e9s offrent aux consommateurs de cannabis m\u00e9dical une m\u00e9thode de dosage pr\u00e9cise et pratique avec une puissance accrue. La combinaison de fleurs de qualit\u00e9 sup\u00e9rieure et de Rosin naturel offre une exp\u00e9rience coh\u00e9rente, id\u00e9ale pour ceux qui recherchent un soulagement fiable sans avoir besoin de pr\u00e9paration. <\/p>\n<h4>Exp\u00e9dition dans tout le Canada<\/h4>\n<p>Profitez d&rsquo;une livraison rapide et discr\u00e8te \u00e0 travers le Canada avec votre commande de Sour Dubb. Nous offrons la livraison gratuite pour les commandes de plus de 150 $, ce qui garantit que votre m\u00e9dicament arrivera rapidement et en toute s\u00e9curit\u00e9 \u00e0 votre porte. <\/p>\n<h4>Avantages et couverture pour les anciens combattants<\/h4>\n<p>Sour Dubb est admissible \u00e0 la couverture d&rsquo;Anciens Combattants Canada (ACC) avec facturation directe par l&rsquo;entremise de la Croix Bleue, ce qui signifie que les anciens combattants admissibles n&rsquo;ont rien \u00e0 d\u00e9bourser. Vous n&rsquo;avez pas encore votre carte m\u00e9dicale ? <a href=\"https:\/\/mendomedical.ca\/fr\/carte-medicale\/\">Obtenez votre carte m\u00e9dicale gratuite rapidement et facilement gr\u00e2ce \u00e0 notre plateforme<\/a>. <\/p>\n<\/div>\n","protected":false},"featured_media":258000,"comment_status":"open","ping_status":"closed","template":"","meta":{"_acf_changed":false,"site-sidebar-layout":"default","site-content-layout":"","ast-site-content-layout":"default","site-content-style":"default","site-sidebar-style":"default","ast-global-header-display":"","ast-banner-title-visibility":"","ast-main-header-display":"","ast-hfb-above-header-display":"","ast-hfb-below-header-display":"","ast-hfb-mobile-header-display":"","site-post-title":"","ast-breadcrumbs-content":"","ast-featured-img":"","footer-sml-layout":"","ast-disable-related-posts":"","theme-transparent-header-meta":"default","adv-header-id-meta":"","stick-header-meta":"","header-above-stick-meta":"","header-main-stick-meta":"","header-below-stick-meta":"","astra-migrate-meta-layouts":"set","ast-page-background-enabled":"default","ast-page-background-meta":{"desktop":{"background-color":"var(--ast-global-color-4)","background-image":"","background-repeat":"repeat","background-position":"center center","background-size":"auto","background-attachment":"scroll","background-type":"","background-media":"","overlay-type":"","overlay-color":"","overlay-opacity":"","overlay-gradient":""},"tablet":{"background-color":"","background-image":"","background-repeat":"repeat","background-position":"center center","background-size":"auto","background-attachment":"scroll","background-type":"","background-media":"","overlay-type":"","overlay-color":"","overlay-opacity":"","overlay-gradient":""},"mobile":{"background-color":"","background-image":"","background-repeat":"repeat","background-position":"center center","background-size":"auto","background-attachment":"scroll","background-type":"","background-media":"","overlay-type":"","overlay-color":"","overlay-opacity":"","overlay-gradient":""}},"ast-content-background-meta":{"desktop":{"background-color":"var(--ast-global-color-5)","background-image":"","background-repeat":"repeat","background-position":"center center","background-size":"auto","background-attachment":"scroll","background-type":"","background-media":"","overlay-type":"","overlay-color":"","overlay-opacity":"","overlay-gradient":""},"tablet":{"background-color":"var(--ast-global-color-5)","background-image":"","background-repeat":"repeat","background-position":"center center","background-size":"auto","background-attachment":"scroll","background-type":"","background-media":"","overlay-type":"","overlay-color":"","overlay-opacity":"","overlay-gradient":""},"mobile":{"background-color":"var(--ast-global-color-5)","background-image":"","background-repeat":"repeat","background-position":"center center","background-size":"auto","background-attachment":"scroll","background-type":"","background-media":"","overlay-type":"","overlay-color":"","overlay-opacity":"","overlay-gradient":""}}},"product_brand":[],"product_cat":[1147,1144],"product_tag":[],"product_format_filter":[6374],"class_list":{"0":"post-258004","1":"product","2":"type-product","3":"status-publish","4":"has-post-thumbnail","6":"product_cat-pre-roules-infuses","7":"product_cat-pre-roules","8":"pa_flavours-gazole-diesel","9":"pa_intensity-thc-eleve","10":"pa_marques-glace","11":"pa_origin-colombie-britannique-fr","12":"pa_profil-terpene-caryophyllene","13":"pa_profil-terpene-farnesene-fr","14":"pa_profil-terpene-terpinolene-fr","15":"pa_type-de-plante-hybride-fr","16":"product_format_filter-0-5g","17":"desktop-align-left","18":"tablet-align-left","19":"mobile-align-left","21":"first","22":"instock","23":"taxable","24":"shipping-taxable","25":"purchasable","26":"product-type-simple"},"group_of_quantity":0,"min_quantity":0,"max_quantity":"","exclude_order_quantity_value_rules":"no","exclude_category_quantity_rules":"no","combine_variations":"no","acf":[],"_links":{"self":[{"href":"https:\/\/mendomedical.ca\/fr\/wp-json\/wp\/v2\/product\/258004","targetHints":{"allow":["GET"]}}],"collection":[{"href":"https:\/\/mendomedical.ca\/fr\/wp-json\/wp\/v2\/product"}],"about":[{"href":"https:\/\/mendomedical.ca\/fr\/wp-json\/wp\/v2\/types\/product"}],"replies":[{"embeddable":true,"href":"https:\/\/mendomedical.ca\/fr\/wp-json\/wp\/v2\/comments?post=258004"}],"wp:featuredmedia":[{"embeddable":true,"href":"https:\/\/mendomedical.ca\/fr\/wp-json\/wp\/v2\/media\/258000"}],"wp:attachment":[{"href":"https:\/\/mendomedical.ca\/fr\/wp-json\/wp\/v2\/media?parent=258004"}],"wp:term":[{"taxonomy":"product_brand","embeddable":true,"href":"https:\/\/mendomedical.ca\/fr\/wp-json\/wp\/v2\/product_brand?post=258004"},{"taxonomy":"product_cat","embeddable":true,"href":"https:\/\/mendomedical.ca\/fr\/wp-json\/wp\/v2\/product_cat?post=258004"},{"taxonomy":"product_tag","embeddable":true,"href":"https:\/\/mendomedical.ca\/fr\/wp-json\/wp\/v2\/product_tag?post=258004"},{"taxonomy":"product_format_filter","embeddable":true,"href":"https:\/\/mendomedical.ca\/fr\/wp-json\/wp\/v2\/product_format_filter?post=258004"}],"curies":[{"name":"wp","href":"https:\/\/api.w.org\/{rel}","templated":true}]}}