{"id":257820,"date":"2025-09-15T14:55:29","date_gmt":"2025-09-15T18:55:29","guid":{"rendered":"https:\/\/mendomedical.ca\/?post_type=product&#038;p=257820"},"modified":"2026-03-30T08:16:18","modified_gmt":"2026-03-30T12:16:18","slug":"pre-rolls-organic-mango-gold-2-fr","status":"publish","type":"product","link":"https:\/\/mendomedical.ca\/fr\/produit\/pre-rolls-organic-mango-gold-2-fr\/","title":{"rendered":"Organic Mango Gold Pr\u00e9-rolls"},"content":{"rendered":"","protected":false},"excerpt":{"rendered":"<div class=\"ExternalClassBA70A38ACD764D1CB1E4034AD232F888\">\n<h3>Pr\u00e9-rolls Organic Mango Gold de Papa Joe&rsquo;s<\/h3>\n<h3>Terp\u00e8nes totaux : 3-4%.<\/h3>\n<p>D\u00e9couvrez les pr\u00e9-rolls Organic Mango Gold de Papa Joe&rsquo;s Organics, pl\u00e9biscit\u00e9s au Canada, et savamment \u00e9labor\u00e9s \u00e0 partir d&rsquo;un m\u00e9lange g\u00e9n\u00e9tique unique d&rsquo;Animal Kush, de Mango Kush et de Pink Cookies. Cette vari\u00e9t\u00e9 sativa de qualit\u00e9 sup\u00e9rieure offre un profil terp\u00e9nique total exceptionnel de 3 \u00e0 4 % et une teneur en THC de 25 \u00e0 32 %, offrant une exp\u00e9rience \u00e9nergisante et \u00e9difiante, id\u00e9ale pour une consommation en journ\u00e9e. Cultiv\u00e9s selon les m\u00e9thodes Living Organic Soil (LSO), ces Pr\u00e9-rolls contiennent du cannabis taill\u00e9 \u00e0 la main, cuv\u00e9 pendant 21 jours et jamais irradi\u00e9, ce qui garantit une qualit\u00e9 optimale pour les consommateurs de cannabis m\u00e9dical \u00e0 la recherche d&rsquo;un dosage coh\u00e9rent et pratique.  <\/p>\n<h4>Caract\u00e9ristiques principales<\/h4>\n<ul>\n<li>Culture biologique de qualit\u00e9 sup\u00e9rieure utilisant les m\u00e9thodes LSO avec lutte naturelle contre les ravageurs<\/li>\n<li>Puissance \u00e9lev\u00e9e avec 25-32% de THC et 3-4% de Terp\u00e8nes totaux, dont le rare Terpinolene.<\/li>\n<li>Effets sativa \u00e9nergisants, id\u00e9aux pour une utilisation diurne et une meilleure concentration.<\/li>\n<li>Cocottes taill\u00e9es \u00e0 la main, s\u00e9ch\u00e9es pendant 21 jours et d&rsquo;un aspect vert dor\u00e9 caract\u00e9ristique.<\/li>\n<li>La vari\u00e9t\u00e9 exclusive de Ross Rebagliati, #1 des meilleures ventes<\/li>\n<\/ul>\n<h4>Saveur, ar\u00f4me et profil des terp\u00e8nes<\/h4>\n<p>Organic Mango Gold offre une exp\u00e9rience sensorielle complexe gr\u00e2ce \u00e0 sa composition unique en terp\u00e8nes. Le terpinol\u00e8ne dominant cr\u00e9e des notes sucr\u00e9es et \u00e9pic\u00e9es avec des nuances terreuses et \u00e9pic\u00e9es. Lors de l&rsquo;inhalation, profitez d&rsquo;une saveur d&rsquo;agrumes et de citron \u00e0 la fois douce et \u00e9pic\u00e9e, qui se transforme en un final terreux et \u00e9pic\u00e9 de pin. Le profil terp\u00e9nique exceptionnel de cette vari\u00e9t\u00e9 comprend du terpinol\u00e8ne, de l&rsquo;ocim\u00e8ne, du b\u00eata-caryophyll\u00e8ne et du myrc\u00e8ne, atteignant des niveaux impressionnants de 3 % ou plus.   <\/p>\n<h4>Pourquoi choisir les pr\u00e9-rolls ?<\/h4>\n<p>Les Pr\u00e9-rolls offrent un dosage pratique et coh\u00e9rent pour les consommateurs de cannabis m\u00e9dical \u00e0 la recherche d&rsquo;effets fiables sans temps de pr\u00e9paration. Parfait pour ceux qui g\u00e8rent le stress chronique, la fatigue, ou qui ont besoin d&rsquo;un soulagement des sympt\u00f4mes pendant la journ\u00e9e tout en maintenant la concentration et la productivit\u00e9. <\/p>\n<h4>Exp\u00e9dition dans tout le Canada<\/h4>\n<p>Les Pr\u00e9-rolls Organic Mango Gold sont exp\u00e9di\u00e9s rapidement \u00e0 travers le Canada avec une livraison gratuite pour les commandes de plus de 150 $. Nous assurons un emballage discret et s\u00e9curitaire afin de pr\u00e9server l&rsquo;int\u00e9grit\u00e9 du produit pendant le transport. <\/p>\n<h4>Avantages et couverture pour les anciens combattants<\/h4>\n<p>Organic Mango Gold Pr\u00e9-rolls est admissible \u00e0 la couverture d&rsquo;ACC (Anciens Combattants Canada) avec facturation directe par la Croix Bleue, ce qui signifie qu&rsquo;il n&rsquo;y a pas de frais \u00e0 d\u00e9bourser pour les anciens combattants admissibles. Si vous n&rsquo;avez pas encore de prescription m\u00e9dicale de cannabis, <a href=\"https:\/\/mendomedical.ca\/fr\/carte-medicale\/\">obtenez rapidement et facilement votre carte m\u00e9dicale gratuite<\/a>. <\/p>\n<\/div>\n","protected":false},"featured_media":147428,"comment_status":"closed","ping_status":"closed","template":"","meta":{"_acf_changed":false,"site-sidebar-layout":"default","site-content-layout":"","ast-site-content-layout":"default","site-content-style":"default","site-sidebar-style":"default","ast-global-header-display":"","ast-banner-title-visibility":"","ast-main-header-display":"","ast-hfb-above-header-display":"","ast-hfb-below-header-display":"","ast-hfb-mobile-header-display":"","site-post-title":"","ast-breadcrumbs-content":"","ast-featured-img":"","footer-sml-layout":"","ast-disable-related-posts":"","theme-transparent-header-meta":"default","adv-header-id-meta":"","stick-header-meta":"","header-above-stick-meta":"","header-main-stick-meta":"","header-below-stick-meta":"","astra-migrate-meta-layouts":"set","ast-page-background-enabled":"default","ast-page-background-meta":{"desktop":{"background-color":"var(--ast-global-color-4)","background-image":"","background-repeat":"repeat","background-position":"center center","background-size":"auto","background-attachment":"scroll","background-type":"","background-media":"","overlay-type":"","overlay-color":"","overlay-opacity":"","overlay-gradient":""},"tablet":{"background-color":"","background-image":"","background-repeat":"repeat","background-position":"center center","background-size":"auto","background-attachment":"scroll","background-type":"","background-media":"","overlay-type":"","overlay-color":"","overlay-opacity":"","overlay-gradient":""},"mobile":{"background-color":"","background-image":"","background-repeat":"repeat","background-position":"center center","background-size":"auto","background-attachment":"scroll","background-type":"","background-media":"","overlay-type":"","overlay-color":"","overlay-opacity":"","overlay-gradient":""}},"ast-content-background-meta":{"desktop":{"background-color":"var(--ast-global-color-5)","background-image":"","background-repeat":"repeat","background-position":"center center","background-size":"auto","background-attachment":"scroll","background-type":"","background-media":"","overlay-type":"","overlay-color":"","overlay-opacity":"","overlay-gradient":""},"tablet":{"background-color":"var(--ast-global-color-5)","background-image":"","background-repeat":"repeat","background-position":"center center","background-size":"auto","background-attachment":"scroll","background-type":"","background-media":"","overlay-type":"","overlay-color":"","overlay-opacity":"","overlay-gradient":""},"mobile":{"background-color":"var(--ast-global-color-5)","background-image":"","background-repeat":"repeat","background-position":"center center","background-size":"auto","background-attachment":"scroll","background-type":"","background-media":"","overlay-type":"","overlay-color":"","overlay-opacity":"","overlay-gradient":""}}},"product_brand":[],"product_cat":[4803,1144],"product_tag":[],"product_format_filter":[6374],"class_list":{"0":"post-257820","1":"product","2":"type-product","3":"status-publish","4":"has-post-thumbnail","6":"product_cat-pre-rolls-non-infuses","7":"product_cat-pre-roules","8":"pa_flavours-agrume","9":"pa_flavours-citron","10":"pa_flavours-spicy","11":"pa_flavours-pin","12":"pa_flavours-doux","13":"pa_flavours-terreux","14":"pa_intensity-thc-eleve","15":"pa_marques-papa-joes-organics-fr","16":"pa_origin-colombie-britannique-fr","17":"pa_prix-par-gramme-8-57","18":"pa_profil-terpene-caryophyllene","19":"pa_profil-terpene-myrcene","20":"pa_profil-terpene-terpinolene-fr","21":"pa_type-de-plante-sativa-fr","22":"product_format_filter-0-5g","23":"desktop-align-left","24":"tablet-align-left","25":"mobile-align-left","27":"first","28":"instock","29":"taxable","30":"shipping-taxable","31":"purchasable","32":"product-type-simple"},"group_of_quantity":0,"min_quantity":0,"max_quantity":"","exclude_order_quantity_value_rules":"no","exclude_category_quantity_rules":"no","combine_variations":"no","acf":[],"_links":{"self":[{"href":"https:\/\/mendomedical.ca\/fr\/wp-json\/wp\/v2\/product\/257820","targetHints":{"allow":["GET"]}}],"collection":[{"href":"https:\/\/mendomedical.ca\/fr\/wp-json\/wp\/v2\/product"}],"about":[{"href":"https:\/\/mendomedical.ca\/fr\/wp-json\/wp\/v2\/types\/product"}],"replies":[{"embeddable":true,"href":"https:\/\/mendomedical.ca\/fr\/wp-json\/wp\/v2\/comments?post=257820"}],"wp:featuredmedia":[{"embeddable":true,"href":"https:\/\/mendomedical.ca\/fr\/wp-json\/wp\/v2\/media\/147428"}],"wp:attachment":[{"href":"https:\/\/mendomedical.ca\/fr\/wp-json\/wp\/v2\/media?parent=257820"}],"wp:term":[{"taxonomy":"product_brand","embeddable":true,"href":"https:\/\/mendomedical.ca\/fr\/wp-json\/wp\/v2\/product_brand?post=257820"},{"taxonomy":"product_cat","embeddable":true,"href":"https:\/\/mendomedical.ca\/fr\/wp-json\/wp\/v2\/product_cat?post=257820"},{"taxonomy":"product_tag","embeddable":true,"href":"https:\/\/mendomedical.ca\/fr\/wp-json\/wp\/v2\/product_tag?post=257820"},{"taxonomy":"product_format_filter","embeddable":true,"href":"https:\/\/mendomedical.ca\/fr\/wp-json\/wp\/v2\/product_format_filter?post=257820"}],"curies":[{"name":"wp","href":"https:\/\/api.w.org\/{rel}","templated":true}]}}