{"id":257807,"date":"2025-08-12T16:00:09","date_gmt":"2025-08-12T20:00:09","guid":{"rendered":"https:\/\/mendomedical.ca\/product\/pre-rolls-galactic-gas\/"},"modified":"2026-01-21T08:11:02","modified_gmt":"2026-01-21T13:11:02","slug":"pre-rolls-galactic-gas","status":"publish","type":"product","link":"https:\/\/mendomedical.ca\/fr\/produit\/pre-rolls-galactic-gas\/","title":{"rendered":"Pr\u00e9-rolls Galactic Gas"},"content":{"rendered":"","protected":false},"excerpt":{"rendered":"<div class=\"ExternalClass334BBEE022E74382BBFE92EE1E7925F1\">\n<h2>Pr\u00e9-rolls de gaz galactique par Gladstone<\/h2>\n<h4>Terp\u00e8nes totaux : 2,7%.<\/h4>\n<p>D\u00e9couvrez la qualit\u00e9 exceptionnelle des Pr\u00e9-rolls Galactic Gas, \u00e9labor\u00e9s avec soin par Gladstone. Cet hybride \u00e9quilibr\u00e9, issu du croisement stellaire Gushers x Gelato, est pr\u00e9sent\u00e9 dans un emballage pratique de cinq Pr\u00e9-rolls de 0,5 g, parfaits pour un dosage pr\u00e9cis et une fra\u00eecheur optimale. <\/p>\n<h3>Caract\u00e9ristiques principales du produit<\/h3>\n<ul>\n<li style=\"list-style-type: none;\">\n<ul>- Format pr\u00e9-rolls de qualit\u00e9 sup\u00e9rieure offrant un dosage constant et une grande commodit\u00e9 d&rsquo;utilisation.<\/ul>\n<\/li>\n<\/ul>\n<ul>\n<li style=\"list-style-type: none;\">\n<ul>- M\u00e9lange savant de Gushers et de g\u00e8nes Gelato<\/ul>\n<\/li>\n<\/ul>\n<ul>\n<li style=\"list-style-type: none;\">\n<ul>- Profil terp\u00e9nique riche de 2,7 %.<\/ul>\n<\/li>\n<\/ul>\n<ul>\n<li style=\"list-style-type: none;\">\n<ul>- Chaque paquet contient cinq Pr\u00e9-rolls de 0,5g mesur\u00e9s avec pr\u00e9cision.<\/ul>\n<\/li>\n<\/ul>\n<ul>  - Les fleurs s\u00e9lectionn\u00e9es \u00e0 la main garantissent une qualit\u00e9 sup\u00e9rieure dans chaque joint.<\/ul>\n<h3>Profil des terp\u00e8nes et des ar\u00f4mes<\/h3>\n<p>Galactic Gas offre une exp\u00e9rience aromatique sophistiqu\u00e9e gr\u00e2ce \u00e0 sa teneur en terp\u00e8nes de 2,7 %. Le profil se caract\u00e9rise par la pr\u00e9sence de caryophyll\u00e8ne, de limon\u00e8ne et de myrc\u00e8ne, cr\u00e9ant un m\u00e9lange harmonieux de notes de diesel compl\u00e9t\u00e9es par des \u00e9pices subtiles et des nuances terreuses. Cette combinaison soigneusement \u00e9labor\u00e9e offre un caract\u00e8re gazeux distinctif que les connaisseurs appr\u00e9cieront.  <\/p>\n<h3>Pourquoi choisir les pr\u00e9-rolls ?<\/h3>\n<p>Les Pr\u00e9-rolls offrent aux patients de cannabis m\u00e9dical une option pratique et pr\u00e9cis\u00e9ment dos\u00e9e sans qu&rsquo;il soit n\u00e9cessaire de les broyer ou de les rouler. Ils sont particuli\u00e8rement b\u00e9n\u00e9fiques pour les personnes ayant des probl\u00e8mes de dext\u00e9rit\u00e9 ou pour celles qui recherchent une certaine r\u00e9gularit\u00e9 dans leur traitement. Chaque Pr\u00e9-roll est fabriqu\u00e9 de mani\u00e8re professionnelle afin de garantir une combustion homog\u00e8ne et une exp\u00e9rience optimale.  <\/p>\n<h3>Exp\u00e9dition dans tout le Canada<\/h3>\n<p>Profitez d&rsquo;une livraison rapide et discr\u00e8te \u00e0 travers le Canada avec votre commande de Galactic Gas. Nous offrons un service d&rsquo;exp\u00e9dition compl\u00e9mentaire pour les commandes de plus de 150 $, ce qui garantit que votre m\u00e9dicament arrive rapidement et en toute s\u00e9curit\u00e9 \u00e0 votre porte. <\/p>\n<h3>Avantages et couverture pour les anciens combattants<\/h3>\n<p>Galactic Gas est admissible \u00e0 la couverture d&rsquo;Anciens Combattants Canada (ACC) avec facturation directe par l&rsquo;entremise de la Croix Bleue, ce qui \u00e9limine les frais \u00e0 la charge des anciens combattants admissibles. Vous n&rsquo;avez pas encore votre carte m\u00e9dicale ? <a href=\"https:\/\/mendomedical.ca\/fr\/carte-medicale\/\">Cliquez ici<\/a> pour obtenir votre carte m\u00e9dicale gratuite rapidement et facilement gr\u00e2ce \u00e0 notre processus simplifi\u00e9. <\/p>\n<\/div>\n","protected":false},"featured_media":257783,"comment_status":"open","ping_status":"closed","template":"","meta":{"_acf_changed":false,"site-sidebar-layout":"default","site-content-layout":"","ast-site-content-layout":"default","site-content-style":"default","site-sidebar-style":"default","ast-global-header-display":"","ast-banner-title-visibility":"","ast-main-header-display":"","ast-hfb-above-header-display":"","ast-hfb-below-header-display":"","ast-hfb-mobile-header-display":"","site-post-title":"","ast-breadcrumbs-content":"","ast-featured-img":"","footer-sml-layout":"","ast-disable-related-posts":"","theme-transparent-header-meta":"default","adv-header-id-meta":"","stick-header-meta":"","header-above-stick-meta":"","header-main-stick-meta":"","header-below-stick-meta":"","astra-migrate-meta-layouts":"set","ast-page-background-enabled":"default","ast-page-background-meta":{"desktop":{"background-color":"var(--ast-global-color-4)","background-image":"","background-repeat":"repeat","background-position":"center center","background-size":"auto","background-attachment":"scroll","background-type":"","background-media":"","overlay-type":"","overlay-color":"","overlay-opacity":"","overlay-gradient":""},"tablet":{"background-color":"","background-image":"","background-repeat":"repeat","background-position":"center center","background-size":"auto","background-attachment":"scroll","background-type":"","background-media":"","overlay-type":"","overlay-color":"","overlay-opacity":"","overlay-gradient":""},"mobile":{"background-color":"","background-image":"","background-repeat":"repeat","background-position":"center center","background-size":"auto","background-attachment":"scroll","background-type":"","background-media":"","overlay-type":"","overlay-color":"","overlay-opacity":"","overlay-gradient":""}},"ast-content-background-meta":{"desktop":{"background-color":"var(--ast-global-color-5)","background-image":"","background-repeat":"repeat","background-position":"center center","background-size":"auto","background-attachment":"scroll","background-type":"","background-media":"","overlay-type":"","overlay-color":"","overlay-opacity":"","overlay-gradient":""},"tablet":{"background-color":"var(--ast-global-color-5)","background-image":"","background-repeat":"repeat","background-position":"center center","background-size":"auto","background-attachment":"scroll","background-type":"","background-media":"","overlay-type":"","overlay-color":"","overlay-opacity":"","overlay-gradient":""},"mobile":{"background-color":"var(--ast-global-color-5)","background-image":"","background-repeat":"repeat","background-position":"center center","background-size":"auto","background-attachment":"scroll","background-type":"","background-media":"","overlay-type":"","overlay-color":"","overlay-opacity":"","overlay-gradient":""}}},"product_brand":[],"product_cat":[4803,1144],"product_tag":[],"product_format_filter":[6374],"class_list":{"0":"post-257807","1":"product","2":"type-product","3":"status-publish","4":"has-post-thumbnail","6":"product_cat-pre-rolls-non-infuses","7":"product_cat-pre-roules","8":"pa_flavours-gazole-diesel","9":"pa_intensity-thc-eleve","10":"pa_marques-gladstone-fr","11":"pa_origin-colombie-britannique-fr","12":"pa_type-de-plante-hybride-fr","13":"product_format_filter-0-5g","14":"desktop-align-left","15":"tablet-align-left","16":"mobile-align-left","18":"first","19":"instock","20":"taxable","21":"shipping-taxable","22":"purchasable","23":"product-type-simple"},"group_of_quantity":0,"min_quantity":0,"max_quantity":"","exclude_order_quantity_value_rules":"no","exclude_category_quantity_rules":"no","combine_variations":"no","acf":[],"_links":{"self":[{"href":"https:\/\/mendomedical.ca\/fr\/wp-json\/wp\/v2\/product\/257807","targetHints":{"allow":["GET"]}}],"collection":[{"href":"https:\/\/mendomedical.ca\/fr\/wp-json\/wp\/v2\/product"}],"about":[{"href":"https:\/\/mendomedical.ca\/fr\/wp-json\/wp\/v2\/types\/product"}],"replies":[{"embeddable":true,"href":"https:\/\/mendomedical.ca\/fr\/wp-json\/wp\/v2\/comments?post=257807"}],"wp:featuredmedia":[{"embeddable":true,"href":"https:\/\/mendomedical.ca\/fr\/wp-json\/wp\/v2\/media\/257783"}],"wp:attachment":[{"href":"https:\/\/mendomedical.ca\/fr\/wp-json\/wp\/v2\/media?parent=257807"}],"wp:term":[{"taxonomy":"product_brand","embeddable":true,"href":"https:\/\/mendomedical.ca\/fr\/wp-json\/wp\/v2\/product_brand?post=257807"},{"taxonomy":"product_cat","embeddable":true,"href":"https:\/\/mendomedical.ca\/fr\/wp-json\/wp\/v2\/product_cat?post=257807"},{"taxonomy":"product_tag","embeddable":true,"href":"https:\/\/mendomedical.ca\/fr\/wp-json\/wp\/v2\/product_tag?post=257807"},{"taxonomy":"product_format_filter","embeddable":true,"href":"https:\/\/mendomedical.ca\/fr\/wp-json\/wp\/v2\/product_format_filter?post=257807"}],"curies":[{"name":"wp","href":"https:\/\/api.w.org\/{rel}","templated":true}]}}