{"id":257789,"date":"2025-08-14T17:35:51","date_gmt":"2025-08-14T21:35:51","guid":{"rendered":"https:\/\/mendomedical.ca\/product\/pre-rolls-aux-airelles-givrees\/"},"modified":"2026-02-24T09:35:56","modified_gmt":"2026-02-24T14:35:56","slug":"pre-rolls-frosted-cranberries","status":"publish","type":"product","link":"https:\/\/mendomedical.ca\/fr\/produit\/pre-rolls-frosted-cranberries\/","title":{"rendered":"Pr\u00e9-rolls Frosted Cranberries"},"content":{"rendered":"","protected":false},"excerpt":{"rendered":"<div class=\"ExternalClass1A6291F09981497AB5C54F9FDA268480\">\n<h3>Pr\u00e9-rolls Frosted Cranberries de Gladstone<\/h3>\n<p>D\u00e9couvrez l&rsquo;\u00e9quilibre parfait entre le sucr\u00e9 et l&rsquo;acidul\u00e9 avec les Pr\u00e9-rolls Frosted Cranberry de Gladstone. Ce m\u00e9lange soigneusement \u00e9labor\u00e9 de Frosted Cherry Cookies et de Cranberry Sauce offre une exp\u00e9rience unique dans des Pr\u00e9-rolls pratiques de 0,5 g, parfaits pour un dosage pr\u00e9cis et des effets constants.<\/p>\n<h4>Points forts du produit<\/h4>\n<p>- Premium 5 paquets de Pr\u00e9-rolls de 0.5g<br \/>\n- Une teneur totale en terp\u00e8nes impressionnante de 4 %.<br \/>\n- Effets hybrides \u00e9quilibr\u00e9s convenant \u00e0 diff\u00e9rents moments de la journ\u00e9e<br \/>\n- Roulements experts pour une combustion r\u00e9guli\u00e8re et des tirages doux<\/p>\n<h4>Profil aromatique et gustatif<\/h4>\n<p>Frosted Cranberry pr\u00e9sente un profil terp\u00e9nique sophistiqu\u00e9 qui offre une exp\u00e9rience croquante et acidul\u00e9e. L&rsquo;ar\u00f4me combine des notes sucr\u00e9es de canneberge avec des nuances terreuses de pin, tandis que des \u00e9l\u00e9ments subtils d&rsquo;agrumes ajoutent de la complexit\u00e9 au profil. La saveur refl\u00e8te ces qualit\u00e9s, offrant un go\u00fbt doux et \u00e9quilibr\u00e9 que les connaisseurs de cannabis appr\u00e9cieront.<\/p>\n<h4>Pourquoi choisir les pr\u00e9-rolls ?<\/h4>\n<p>Les Pr\u00e9-rolls offrent aux consommateurs de cannabis m\u00e9dical une option pratique et pr\u00e9cis\u00e9ment dos\u00e9e qui ne n\u00e9cessite aucune pr\u00e9paration. Ces produits roul\u00e9s par des professionnels assurent la coh\u00e9rence de votre traitement et sont parfaits pour ceux qui pr\u00e9f\u00e8rent ne pas manipuler de fleurs en vrac ou de mat\u00e9riel de roulage.<\/p>\n<h4>Exp\u00e9dition dans tout le Canada<\/h4>\n<p>Profitez d&rsquo;une livraison rapide et discr\u00e8te \u00e0 travers le Canada pour vos Pr\u00e9-rolls Frosted Cranberry. Les commandes de plus de 150 $ sont admissibles \u00e0 la livraison gratuite, ce qui facilite l&rsquo;approvisionnement de votre m\u00e9dicament pr\u00e9f\u00e9r\u00e9.<\/p>\n<h4>Avantages et couverture pour les anciens combattants<\/h4>\n<p>Les Pr\u00e9-rolls Frosted Cranberry sont admissibles \u00e0 la couverture d&rsquo;Anciens Combattants Canada (ACC) avec facturation directe par l&rsquo;entremise de la Croix Bleue, ce qui signifie que les anciens combattants admissibles n&rsquo;ont pas \u00e0 d\u00e9bourser d&rsquo;argent. Vous n&rsquo;avez pas encore votre carte m\u00e9dicale ? <a href=\"https:\/\/mendomedical.ca\/fr\/carte-medicale\/\">Obtenez votre carte m\u00e9dicale gratuite rapidement et facilement gr\u00e2ce \u00e0 notre plateforme<\/a>.<\/p>\n<\/div>\n","protected":false},"featured_media":257781,"comment_status":"open","ping_status":"closed","template":"","meta":{"_acf_changed":false,"site-sidebar-layout":"default","site-content-layout":"","ast-site-content-layout":"default","site-content-style":"default","site-sidebar-style":"default","ast-global-header-display":"","ast-banner-title-visibility":"","ast-main-header-display":"","ast-hfb-above-header-display":"","ast-hfb-below-header-display":"","ast-hfb-mobile-header-display":"","site-post-title":"","ast-breadcrumbs-content":"","ast-featured-img":"","footer-sml-layout":"","ast-disable-related-posts":"","theme-transparent-header-meta":"default","adv-header-id-meta":"","stick-header-meta":"","header-above-stick-meta":"","header-main-stick-meta":"","header-below-stick-meta":"","astra-migrate-meta-layouts":"set","ast-page-background-enabled":"default","ast-page-background-meta":{"desktop":{"background-color":"var(--ast-global-color-4)","background-image":"","background-repeat":"repeat","background-position":"center center","background-size":"auto","background-attachment":"scroll","background-type":"","background-media":"","overlay-type":"","overlay-color":"","overlay-opacity":"","overlay-gradient":""},"tablet":{"background-color":"","background-image":"","background-repeat":"repeat","background-position":"center center","background-size":"auto","background-attachment":"scroll","background-type":"","background-media":"","overlay-type":"","overlay-color":"","overlay-opacity":"","overlay-gradient":""},"mobile":{"background-color":"","background-image":"","background-repeat":"repeat","background-position":"center center","background-size":"auto","background-attachment":"scroll","background-type":"","background-media":"","overlay-type":"","overlay-color":"","overlay-opacity":"","overlay-gradient":""}},"ast-content-background-meta":{"desktop":{"background-color":"var(--ast-global-color-5)","background-image":"","background-repeat":"repeat","background-position":"center center","background-size":"auto","background-attachment":"scroll","background-type":"","background-media":"","overlay-type":"","overlay-color":"","overlay-opacity":"","overlay-gradient":""},"tablet":{"background-color":"var(--ast-global-color-5)","background-image":"","background-repeat":"repeat","background-position":"center center","background-size":"auto","background-attachment":"scroll","background-type":"","background-media":"","overlay-type":"","overlay-color":"","overlay-opacity":"","overlay-gradient":""},"mobile":{"background-color":"var(--ast-global-color-5)","background-image":"","background-repeat":"repeat","background-position":"center center","background-size":"auto","background-attachment":"scroll","background-type":"","background-media":"","overlay-type":"","overlay-color":"","overlay-opacity":"","overlay-gradient":""}}},"product_brand":[],"product_cat":[4803,1144],"product_tag":[],"product_format_filter":[6374],"class_list":{"0":"post-257789","1":"product","2":"type-product","3":"status-publish","4":"has-post-thumbnail","6":"product_cat-pre-rolls-non-infuses","7":"product_cat-pre-roules","8":"pa_flavours-doux","9":"pa_intensity-thc-moyen","10":"pa_marques-gladstone-fr","11":"pa_origin-colombie-britannique-fr","12":"pa_type-de-plante-hybride-fr","13":"product_format_filter-0-5g","14":"desktop-align-left","15":"tablet-align-left","16":"mobile-align-left","18":"first","19":"outofstock","20":"taxable","21":"shipping-taxable","22":"purchasable","23":"product-type-simple"},"group_of_quantity":0,"min_quantity":0,"max_quantity":"","exclude_order_quantity_value_rules":"no","exclude_category_quantity_rules":"no","combine_variations":"no","acf":[],"_links":{"self":[{"href":"https:\/\/mendomedical.ca\/fr\/wp-json\/wp\/v2\/product\/257789","targetHints":{"allow":["GET"]}}],"collection":[{"href":"https:\/\/mendomedical.ca\/fr\/wp-json\/wp\/v2\/product"}],"about":[{"href":"https:\/\/mendomedical.ca\/fr\/wp-json\/wp\/v2\/types\/product"}],"replies":[{"embeddable":true,"href":"https:\/\/mendomedical.ca\/fr\/wp-json\/wp\/v2\/comments?post=257789"}],"wp:featuredmedia":[{"embeddable":true,"href":"https:\/\/mendomedical.ca\/fr\/wp-json\/wp\/v2\/media\/257781"}],"wp:attachment":[{"href":"https:\/\/mendomedical.ca\/fr\/wp-json\/wp\/v2\/media?parent=257789"}],"wp:term":[{"taxonomy":"product_brand","embeddable":true,"href":"https:\/\/mendomedical.ca\/fr\/wp-json\/wp\/v2\/product_brand?post=257789"},{"taxonomy":"product_cat","embeddable":true,"href":"https:\/\/mendomedical.ca\/fr\/wp-json\/wp\/v2\/product_cat?post=257789"},{"taxonomy":"product_tag","embeddable":true,"href":"https:\/\/mendomedical.ca\/fr\/wp-json\/wp\/v2\/product_tag?post=257789"},{"taxonomy":"product_format_filter","embeddable":true,"href":"https:\/\/mendomedical.ca\/fr\/wp-json\/wp\/v2\/product_format_filter?post=257789"}],"curies":[{"name":"wp","href":"https:\/\/api.w.org\/{rel}","templated":true}]}}