{"id":257773,"date":"2025-08-12T16:05:43","date_gmt":"2025-08-12T20:05:43","guid":{"rendered":"https:\/\/mendomedical.ca\/product\/pre-rolls-gumbo-pow\/"},"modified":"2026-01-29T12:18:34","modified_gmt":"2026-01-29T17:18:34","slug":"pre-rolls-gumbo-pow","status":"publish","type":"product","link":"https:\/\/mendomedical.ca\/fr\/produit\/pre-rolls-gumbo-pow\/","title":{"rendered":"Pr\u00e9-rolls Gumbo POW"},"content":{"rendered":"","protected":false},"excerpt":{"rendered":"<div class=\"ExternalClass9473ABD5A4564DD0B9C8EF79F9A8E5EA\">\n<h3>Gumbo POW Pr\u00e9-rolls de Gladstone<\/h3>\n<h4>Terp\u00e8nes totaux : 2,4%.<\/h4>\n<p>D\u00e9couvrez des Pr\u00e9-rolls de qualit\u00e9 sup\u00e9rieure avec Gladstone&rsquo;s Gumbo POW, un m\u00e9lange bien pens\u00e9 des vari\u00e9t\u00e9s Louisiana Gumbo et Powdered Doughnuts. Chaque paquet contient cinq Pr\u00e9-rolls de 0,5 g mesur\u00e9s avec pr\u00e9cision, fabriqu\u00e9s \u00e0 partir de fleurs enti\u00e8res pour garantir une qualit\u00e9 et une puissance constantes. <\/p>\n<h4>Caract\u00e9ristiques principales du produit<\/h4>\n<p>- Pr\u00e9-rolls de fleurs enti\u00e8res de premi\u00e8re qualit\u00e9 - pas de shake ni de trim<br \/>\n- Format 5 x 0,5g pour un dosage pr\u00e9cis<br \/>\n- Teneur en Terp\u00e8nes totaux : 2.4%<br \/>\n- Profil d&rsquo;effets hybrides \u00e9quilibr\u00e9s<br \/>\n- Emballage pratique pour le stockage et le transport<\/p>\n<h4>Profil aromatique et gustatif<\/h4>\n<p>Gumbo POW pr\u00e9sente un m\u00e9lange harmonieux de notes sucr\u00e9es et terreuses. Le profil terp\u00e9nique soigneusement pr\u00e9serv\u00e9 (2,4 %) offre une riche exp\u00e9rience aromatique, tandis que les cocottes d&rsquo;un vert \u00e9clatant aux accents dor\u00e9s mettent en valeur la qualit\u00e9 sup\u00e9rieure de la fleur utilis\u00e9e. <\/p>\n<h4>Pourquoi choisir les pr\u00e9-rolls ?<\/h4>\n<p>Les Pr\u00e9-rolls offrent aux consommateurs de cannabis m\u00e9dical une option pratique et pr\u00e9cis\u00e9ment dos\u00e9e sans qu&rsquo;il soit n\u00e9cessaire de les broyer ou de les rouler. Ils sont particuli\u00e8rement b\u00e9n\u00e9fiques pour les patients ayant des difficult\u00e9s de dext\u00e9rit\u00e9 ou pour ceux qui recherchent un dosage r\u00e9gulier dans leur r\u00e9gime de traitement. <\/p>\n<h4>Exp\u00e9dition dans tout le Canada<\/h4>\n<p>Profitez d&rsquo;une livraison rapide et discr\u00e8te \u00e0 travers le Canada pour vos Pr\u00e9-rolls Gumbo POW. Les commandes de plus de 150 $ sont admissibles \u00e0 la livraison gratuite, ce qui facilite le maintien de votre approvisionnement en cannabis m\u00e9dical. <\/p>\n<h4>Avantages et couverture pour les anciens combattants<\/h4>\n<p>Les anciens combattants peuvent avoir acc\u00e8s aux Pr\u00e9-rolls de Gumbo POW gr\u00e2ce \u00e0 la couverture d&rsquo;ACC et \u00e0 la facturation directe par l&rsquo;interm\u00e9diaire de la Croix Bleue, ce qui \u00e9limine les frais \u00e0 la charge du client. Vous n&rsquo;avez pas encore votre carte m\u00e9dicale ? <a href=\"https:\/\/mendomedical.ca\/fr\/carte-medicale\/\">Obtenez votre carte m\u00e9dicale gratuite rapidement et facilement gr\u00e2ce \u00e0 notre proc\u00e9dure simple.<\/a><\/p>\n<\/div>\n","protected":false},"featured_media":257772,"comment_status":"open","ping_status":"closed","template":"","meta":{"_acf_changed":false,"site-sidebar-layout":"default","site-content-layout":"","ast-site-content-layout":"default","site-content-style":"default","site-sidebar-style":"default","ast-global-header-display":"","ast-banner-title-visibility":"","ast-main-header-display":"","ast-hfb-above-header-display":"","ast-hfb-below-header-display":"","ast-hfb-mobile-header-display":"","site-post-title":"","ast-breadcrumbs-content":"","ast-featured-img":"","footer-sml-layout":"","ast-disable-related-posts":"","theme-transparent-header-meta":"default","adv-header-id-meta":"","stick-header-meta":"","header-above-stick-meta":"","header-main-stick-meta":"","header-below-stick-meta":"","astra-migrate-meta-layouts":"set","ast-page-background-enabled":"default","ast-page-background-meta":{"desktop":{"background-color":"var(--ast-global-color-4)","background-image":"","background-repeat":"repeat","background-position":"center center","background-size":"auto","background-attachment":"scroll","background-type":"","background-media":"","overlay-type":"","overlay-color":"","overlay-opacity":"","overlay-gradient":""},"tablet":{"background-color":"","background-image":"","background-repeat":"repeat","background-position":"center center","background-size":"auto","background-attachment":"scroll","background-type":"","background-media":"","overlay-type":"","overlay-color":"","overlay-opacity":"","overlay-gradient":""},"mobile":{"background-color":"","background-image":"","background-repeat":"repeat","background-position":"center center","background-size":"auto","background-attachment":"scroll","background-type":"","background-media":"","overlay-type":"","overlay-color":"","overlay-opacity":"","overlay-gradient":""}},"ast-content-background-meta":{"desktop":{"background-color":"var(--ast-global-color-5)","background-image":"","background-repeat":"repeat","background-position":"center center","background-size":"auto","background-attachment":"scroll","background-type":"","background-media":"","overlay-type":"","overlay-color":"","overlay-opacity":"","overlay-gradient":""},"tablet":{"background-color":"var(--ast-global-color-5)","background-image":"","background-repeat":"repeat","background-position":"center center","background-size":"auto","background-attachment":"scroll","background-type":"","background-media":"","overlay-type":"","overlay-color":"","overlay-opacity":"","overlay-gradient":""},"mobile":{"background-color":"var(--ast-global-color-5)","background-image":"","background-repeat":"repeat","background-position":"center center","background-size":"auto","background-attachment":"scroll","background-type":"","background-media":"","overlay-type":"","overlay-color":"","overlay-opacity":"","overlay-gradient":""}}},"product_brand":[],"product_cat":[4803,1144],"product_tag":[],"product_format_filter":[6374],"class_list":{"0":"post-257773","1":"product","2":"type-product","3":"status-publish","4":"has-post-thumbnail","6":"product_cat-pre-rolls-non-infuses","7":"product_cat-pre-roules","8":"pa_flavours-doux","9":"pa_intensity-thc-moyen","10":"pa_marques-gladstone-fr","11":"pa_origin-colombie-britannique-fr","12":"pa_type-de-plante-hybride-fr","13":"product_format_filter-0-5g","14":"desktop-align-left","15":"tablet-align-left","16":"mobile-align-left","18":"first","19":"instock","20":"taxable","21":"shipping-taxable","22":"purchasable","23":"product-type-simple"},"group_of_quantity":0,"min_quantity":0,"max_quantity":"","exclude_order_quantity_value_rules":"no","exclude_category_quantity_rules":"no","combine_variations":"no","acf":[],"_links":{"self":[{"href":"https:\/\/mendomedical.ca\/fr\/wp-json\/wp\/v2\/product\/257773","targetHints":{"allow":["GET"]}}],"collection":[{"href":"https:\/\/mendomedical.ca\/fr\/wp-json\/wp\/v2\/product"}],"about":[{"href":"https:\/\/mendomedical.ca\/fr\/wp-json\/wp\/v2\/types\/product"}],"replies":[{"embeddable":true,"href":"https:\/\/mendomedical.ca\/fr\/wp-json\/wp\/v2\/comments?post=257773"}],"wp:featuredmedia":[{"embeddable":true,"href":"https:\/\/mendomedical.ca\/fr\/wp-json\/wp\/v2\/media\/257772"}],"wp:attachment":[{"href":"https:\/\/mendomedical.ca\/fr\/wp-json\/wp\/v2\/media?parent=257773"}],"wp:term":[{"taxonomy":"product_brand","embeddable":true,"href":"https:\/\/mendomedical.ca\/fr\/wp-json\/wp\/v2\/product_brand?post=257773"},{"taxonomy":"product_cat","embeddable":true,"href":"https:\/\/mendomedical.ca\/fr\/wp-json\/wp\/v2\/product_cat?post=257773"},{"taxonomy":"product_tag","embeddable":true,"href":"https:\/\/mendomedical.ca\/fr\/wp-json\/wp\/v2\/product_tag?post=257773"},{"taxonomy":"product_format_filter","embeddable":true,"href":"https:\/\/mendomedical.ca\/fr\/wp-json\/wp\/v2\/product_format_filter?post=257773"}],"curies":[{"name":"wp","href":"https:\/\/api.w.org\/{rel}","templated":true}]}}