{"id":257650,"date":"2025-09-04T09:57:24","date_gmt":"2025-09-04T13:57:24","guid":{"rendered":"https:\/\/mendomedical.ca\/product\/boeuf-seche-a-laneth-et-aux-cornichons\/"},"modified":"2026-01-04T19:27:57","modified_gmt":"2026-01-05T00:27:57","slug":"boeuf-seche-thc-a-laneth","status":"publish","type":"product","link":"https:\/\/mendomedical.ca\/fr\/produit\/boeuf-seche-thc-a-laneth\/","title":{"rendered":"Boeuf s\u00e9ch\u00e9 \u00e0 l&rsquo;aneth"},"content":{"rendered":"","protected":false},"excerpt":{"rendered":"<div class=\"ExternalClassB445625DE8994F5A9A99079535A37201\">\n<h3>Boeuf s\u00e9ch\u00e9 \u00e0 l&rsquo;aneth par Six One Charlie<\/h3>\n<p>Faites l&rsquo;exp\u00e9rience d&rsquo;une fusion unique entre le b\u0153uf s\u00e9ch\u00e9 classique et l&rsquo;innovation en mati\u00e8re de cannabis avec Six One Charlie&rsquo;s <span data-teams=\"true\">Savoury Dill<\/span> Beef Jerky. Cet en-cas de qualit\u00e9 sup\u00e9rieure fabriqu\u00e9 au Canada combine du b\u0153uf de haute qualit\u00e9 avec un profil de saveur distinctif de cornichon \u00e0 l&rsquo;aneth, d\u00e9livrant 10 mg de THC par paquet dans un format pratique de 2 x 30 g.<\/p>\n<h4>Points forts du produit<\/h4>\n<ul>\n<li style=\"list-style-type: none;\">\n<ul>- B\u0153uf canadien de premi\u00e8re qualit\u00e9 lentement fum\u00e9 \u00e0 la perfection<\/ul>\n<\/li>\n<\/ul>\n<ul>\n<li style=\"list-style-type: none;\">\n<ul>- M\u00e9lange piquant d&rsquo;aneth, d&rsquo;ail et de vinaigre<\/ul>\n<\/li>\n<\/ul>\n<ul>\n<li style=\"list-style-type: none;\">\n<ul>- 10mg de THC par paquet<\/ul>\n<\/li>\n<\/ul>\n<ul>\n<li style=\"list-style-type: none;\">\n<ul>- 2 portions de 30g pour une consommation totale contr\u00f4l\u00e9e de 10mg de THC<\/ul>\n<\/li>\n<\/ul>\n<ul>\u00a0 \u00a0 \u00a0 \u00a0- Fabriqu\u00e9 \u00e0 partir d&rsquo;ingr\u00e9dients naturels et d&rsquo;extraits de cannabis soigneusement s\u00e9lectionn\u00e9s<\/ul>\n<h4>Profil aromatique et gustatif<\/h4>\n<p>Chaque bouch\u00e9e offre un voyage gustatif complexe, commen\u00e7ant par des notes acidul\u00e9es de cornichons \u00e0 l&rsquo;aneth, suivies de riches nuances fum\u00e9es. La combinaison aromatique des notes fum\u00e9es et de l&rsquo;aneth frais cr\u00e9e une exp\u00e9rience sensorielle s\u00e9duisante. L&rsquo;infusion de cannabis soigneusement dos\u00e9e compl\u00e8te le profil savoureux sans dominer les saveurs naturelles de la viande s\u00e9ch\u00e9e.<\/p>\n<h4>Pourquoi choisir le Jerky infus\u00e9 au cannabis ?<\/h4>\n<p>Le jerky infus\u00e9 au cannabis offre une alternative discr\u00e8te et riche en prot\u00e9ines aux edibles traditionnels. C&rsquo;est une excellente option pour les consommateurs de cannabis m\u00e9dical \u00e0 la recherche d&rsquo;une option sal\u00e9e qui combine les b\u00e9n\u00e9fices du cannabis avec un en-cas satisfaisant. La nature \u00e0 lib\u00e9ration lente des edibles peut offrir des effets plus durables que d&rsquo;autres m\u00e9thodes de consommation.<\/p>\n<h4>Exp\u00e9dition dans tout le Canada<\/h4>\n<p>Nous offrons un service d&rsquo;exp\u00e9dition rapide et fiable partout au Canada, avec livraison gratuite pour les commandes de plus de 150 $. Notre emballage garantit que votre viande s\u00e9ch\u00e9e arrive fra\u00eeche et pr\u00eate \u00e0 \u00eatre d\u00e9gust\u00e9e.<\/p>\n<h4>Avantages et couverture pour les anciens combattants<\/h4>\n<p>Ce produit est admissible \u00e0 la couverture d&rsquo;Anciens Combattants Canada (ACC) avec facturation directe par l&rsquo;entremise de la Croix Bleue, ce qui signifie que les anciens combattants admissibles n&rsquo;ont pas \u00e0 d\u00e9bourser d&rsquo;argent. Vous n&rsquo;avez pas encore de carte m\u00e9dicale ? <a href=\"https:\/\/mendomedical.ca\/fr\/carte-medicale\/\">Obtenez votre carte m\u00e9dicale gratuite rapidement et facilement.<\/a><\/p>\n<h4>Informations sur les allerg\u00e8nes<\/h4>\n<p>Peut contenir : Bl\u00e9, soja, arachides, s\u00e9same, moutarde, lait, noix, orge, sulfites. Veuillez consulter la liste compl\u00e8te des ingr\u00e9dients avant de consommer si vous avez des allergies ou des restrictions alimentaires.<\/p>\n<p><b>Ingr\u00e9dients<\/b>: Ronde de b\u0153uf, assaisonnement (sel, sucre, dextrose, \u00e9pices, ail d\u00e9shydrat\u00e9, oignon d\u00e9shydrat\u00e9, vinaigre en poudre, ar\u00f4me naturel, \u00e9rythorbate de sodium), pickle parfait (sel, nitrite de sodium, glyc\u00e9rine, bicarbonate de sodium), eau, huile de tournesol, extrait de cannabis. Peut contenir : Bl\u00e9, soja, arachides, s\u00e9same, moutarde, lait, fruits \u00e0 coque, orge, sulfites.<\/p>\n<\/div>\n","protected":false},"featured_media":257648,"comment_status":"open","ping_status":"closed","template":"","meta":{"_acf_changed":false,"site-sidebar-layout":"default","site-content-layout":"","ast-site-content-layout":"default","site-content-style":"default","site-sidebar-style":"default","ast-global-header-display":"","ast-banner-title-visibility":"","ast-main-header-display":"","ast-hfb-above-header-display":"","ast-hfb-below-header-display":"","ast-hfb-mobile-header-display":"","site-post-title":"","ast-breadcrumbs-content":"","ast-featured-img":"","footer-sml-layout":"","ast-disable-related-posts":"","theme-transparent-header-meta":"default","adv-header-id-meta":"","stick-header-meta":"","header-above-stick-meta":"","header-main-stick-meta":"","header-below-stick-meta":"","astra-migrate-meta-layouts":"set","ast-page-background-enabled":"default","ast-page-background-meta":{"desktop":{"background-color":"var(--ast-global-color-4)","background-image":"","background-repeat":"repeat","background-position":"center center","background-size":"auto","background-attachment":"scroll","background-type":"","background-media":"","overlay-type":"","overlay-color":"","overlay-opacity":"","overlay-gradient":""},"tablet":{"background-color":"","background-image":"","background-repeat":"repeat","background-position":"center center","background-size":"auto","background-attachment":"scroll","background-type":"","background-media":"","overlay-type":"","overlay-color":"","overlay-opacity":"","overlay-gradient":""},"mobile":{"background-color":"","background-image":"","background-repeat":"repeat","background-position":"center center","background-size":"auto","background-attachment":"scroll","background-type":"","background-media":"","overlay-type":"","overlay-color":"","overlay-opacity":"","overlay-gradient":""}},"ast-content-background-meta":{"desktop":{"background-color":"var(--ast-global-color-5)","background-image":"","background-repeat":"repeat","background-position":"center center","background-size":"auto","background-attachment":"scroll","background-type":"","background-media":"","overlay-type":"","overlay-color":"","overlay-opacity":"","overlay-gradient":""},"tablet":{"background-color":"var(--ast-global-color-5)","background-image":"","background-repeat":"repeat","background-position":"center center","background-size":"auto","background-attachment":"scroll","background-type":"","background-media":"","overlay-type":"","overlay-color":"","overlay-opacity":"","overlay-gradient":""},"mobile":{"background-color":"var(--ast-global-color-5)","background-image":"","background-repeat":"repeat","background-position":"center center","background-size":"auto","background-attachment":"scroll","background-type":"","background-media":"","overlay-type":"","overlay-color":"","overlay-opacity":"","overlay-gradient":""}}},"product_brand":[],"product_cat":[4801,1128],"product_tag":[],"product_format_filter":[6498],"class_list":{"0":"post-257650","1":"product","2":"type-product","3":"status-publish","4":"has-post-thumbnail","6":"product_cat-six-one-charlie-fr","7":"product_cat-comestibles","8":"pa_flavours-cornichon-a-laneth-fume","9":"pa_intensity-thc-moyen","10":"pa_marques-six-one-charlie-fr","11":"pa_origin-ontario-fr","12":"pa_type-de-plante-thc-fr","13":"product_format_filter-2units","14":"desktop-align-left","15":"tablet-align-left","16":"mobile-align-left","18":"first","19":"outofstock","20":"taxable","21":"shipping-taxable","22":"purchasable","23":"product-type-simple"},"group_of_quantity":0,"min_quantity":0,"max_quantity":"","exclude_order_quantity_value_rules":"no","exclude_category_quantity_rules":"no","combine_variations":"no","acf":[],"_links":{"self":[{"href":"https:\/\/mendomedical.ca\/fr\/wp-json\/wp\/v2\/product\/257650","targetHints":{"allow":["GET"]}}],"collection":[{"href":"https:\/\/mendomedical.ca\/fr\/wp-json\/wp\/v2\/product"}],"about":[{"href":"https:\/\/mendomedical.ca\/fr\/wp-json\/wp\/v2\/types\/product"}],"replies":[{"embeddable":true,"href":"https:\/\/mendomedical.ca\/fr\/wp-json\/wp\/v2\/comments?post=257650"}],"wp:featuredmedia":[{"embeddable":true,"href":"https:\/\/mendomedical.ca\/fr\/wp-json\/wp\/v2\/media\/257648"}],"wp:attachment":[{"href":"https:\/\/mendomedical.ca\/fr\/wp-json\/wp\/v2\/media?parent=257650"}],"wp:term":[{"taxonomy":"product_brand","embeddable":true,"href":"https:\/\/mendomedical.ca\/fr\/wp-json\/wp\/v2\/product_brand?post=257650"},{"taxonomy":"product_cat","embeddable":true,"href":"https:\/\/mendomedical.ca\/fr\/wp-json\/wp\/v2\/product_cat?post=257650"},{"taxonomy":"product_tag","embeddable":true,"href":"https:\/\/mendomedical.ca\/fr\/wp-json\/wp\/v2\/product_tag?post=257650"},{"taxonomy":"product_format_filter","embeddable":true,"href":"https:\/\/mendomedical.ca\/fr\/wp-json\/wp\/v2\/product_format_filter?post=257650"}],"curies":[{"name":"wp","href":"https:\/\/api.w.org\/{rel}","templated":true}]}}