{"id":257649,"date":"2025-08-20T20:55:38","date_gmt":"2025-08-21T00:55:38","guid":{"rendered":"https:\/\/mendomedical.ca\/product\/boeuf-seche-a-la-chaleur-douce\/"},"modified":"2026-02-24T09:35:57","modified_gmt":"2026-02-24T14:35:57","slug":"boeuf-seche-sweet-heat","status":"publish","type":"product","link":"https:\/\/mendomedical.ca\/fr\/produit\/boeuf-seche-sweet-heat\/","title":{"rendered":"Boeuf s\u00e9ch\u00e9 Sweet Heat"},"content":{"rendered":"","protected":false},"excerpt":{"rendered":"<div class=\"ExternalClass64962D1E3CCB46A4B1B061BA8846A9D7\">\n<h3>Boeuf s\u00e9ch\u00e9 Sweet Heat de Six One Charlie<\/h3>\n<p>Faites l&rsquo;exp\u00e9rience d&rsquo;un m\u00e9lange parfait de saveur et de fonction avec Six One Charlie&rsquo;s Sweet Heat Beef Jerky. Ce snack haut de gamme infus\u00e9 au cannabis associe du b\u0153uf canadien authentique \u00e0 un assaisonnement au miel et \u00e0 la sriracha soigneusement \u00e9labor\u00e9, d\u00e9livrant 10 mg de THC par portion dans un format pratique de 2 x 30 g.<\/p>\n<h4>Caract\u00e9ristiques principales du produit<\/h4>\n<p>- B\u0153uf canadien de premi\u00e8re qualit\u00e9, fum\u00e9 lentement pour obtenir une texture moelleuse parfaite<br \/>\n- Infusion de cannabis \u00e9quilibr\u00e9e de 10 mg par portion<br \/>\n- Profil de saveur unique miel sriracha combinant des notes sucr\u00e9es et \u00e9pic\u00e9es<br \/>\n- Sachets pratiques de 2 x 30 g pour un dosage pr\u00e9cis<br \/>\n- Fabriqu\u00e9 \u00e0 partir d&rsquo;extrait de cannabix de haute qualit\u00e9<\/p>\n<h4>Profil aromatique et gustatif<\/h4>\n<p>Cette viande s\u00e9ch\u00e9e artisanale offre un voyage gustatif complexe, commen\u00e7ant par des notes sucr\u00e9es de miel qui se transforment progressivement en une chaleur de sriracha. L&rsquo;ar\u00f4me fum\u00e9 compl\u00e8te la riche saveur de b\u0153uf, cr\u00e9ant une exp\u00e9rience sensorielle satisfaisante. L&rsquo;infusion de cannabis de 10 mg THC , soigneusement dos\u00e9e, peut avoir un l\u00e9ger effet calmant.<\/p>\n<h4>Pourquoi choisir le Jerky infus\u00e9 au cannabis ?<\/h4>\n<p>Le jerky infus\u00e9 au cannabis offre une option discr\u00e8te et riche en prot\u00e9ines aux consommateurs de cannabis m\u00e9dical \u00e0 la recherche d&rsquo;une alternative aux m\u00e9thodes de consommation traditionnelles. La prot\u00e9ine \u00e0 digestion lente permet une exp\u00e9rience coh\u00e9rente, tandis que l&#8217;emballage pratique est id\u00e9al pour un dosage pr\u00e9cis.<\/p>\n<h4>Exp\u00e9dition dans tout le Canada<\/h4>\n<p>Nous offrons un service d&rsquo;exp\u00e9dition rapide et discret dans tout le Canada, avec une livraison gratuite pour les commandes de plus de 150 $. Veuillez noter que si la viande s\u00e9ch\u00e9e est g\u00e9n\u00e9ralement stable pendant le transport, des temp\u00e9ratures extr\u00eames peuvent affecter la qualit\u00e9 du produit.<\/p>\n<h4>Avantages et couverture pour les anciens combattants<\/h4>\n<p>Sweet Heat Beef Jerky est admissible \u00e0 la couverture d&rsquo;Anciens Combattants Canada (ACC) et \u00e0 la facturation directe par l&rsquo;entremise de la Croix Bleue, ce qui signifie que les personnes admissibles n&rsquo;ont rien \u00e0 d\u00e9bourser. Vous n&rsquo;avez pas encore votre carte m\u00e9dicale ? <a href=\"https:\/\/mendomedical.ca\/fr\/carte-medicale\/\">Cliquez ici<\/a> pour obtenir rapidement et facilement votre carte m\u00e9dicale gratuite.<\/p>\n<h4>Ingr\u00e9dients<\/h4>\n<p>Ronde de b\u0153uf, assaisonnement (sucre, sel, \u00e9pices, cassonade, miel s\u00e9ch\u00e9, sauce piquante en poudre [cayenne vieillie, poivrons rouges, vinaigre, sel, ail], ail en poudre, diac\u00e9tate de sodium, \u00e9rythorbate de sodium, ar\u00f4me naturel), pickle parfait (sel, nitrite de sodium, glyc\u00e9rine, bicarbonate de sodium), eau, huile de tournesol, extrait de Cannabis.<\/p>\n<p>Avis sur les allerg\u00e8nes : Peut contenir : Bl\u00e9, soja, arachides, s\u00e9same, moutarde, lait, noix, orge, sulfites.<\/p>\n<\/div>\n","protected":false},"featured_media":257648,"comment_status":"open","ping_status":"closed","template":"","meta":{"_acf_changed":false,"site-sidebar-layout":"default","site-content-layout":"","ast-site-content-layout":"default","site-content-style":"default","site-sidebar-style":"default","ast-global-header-display":"","ast-banner-title-visibility":"","ast-main-header-display":"","ast-hfb-above-header-display":"","ast-hfb-below-header-display":"","ast-hfb-mobile-header-display":"","site-post-title":"","ast-breadcrumbs-content":"","ast-featured-img":"","footer-sml-layout":"","ast-disable-related-posts":"","theme-transparent-header-meta":"default","adv-header-id-meta":"","stick-header-meta":"","header-above-stick-meta":"","header-main-stick-meta":"","header-below-stick-meta":"","astra-migrate-meta-layouts":"set","ast-page-background-enabled":"default","ast-page-background-meta":{"desktop":{"background-color":"var(--ast-global-color-4)","background-image":"","background-repeat":"repeat","background-position":"center center","background-size":"auto","background-attachment":"scroll","background-type":"","background-media":"","overlay-type":"","overlay-color":"","overlay-opacity":"","overlay-gradient":""},"tablet":{"background-color":"","background-image":"","background-repeat":"repeat","background-position":"center center","background-size":"auto","background-attachment":"scroll","background-type":"","background-media":"","overlay-type":"","overlay-color":"","overlay-opacity":"","overlay-gradient":""},"mobile":{"background-color":"","background-image":"","background-repeat":"repeat","background-position":"center center","background-size":"auto","background-attachment":"scroll","background-type":"","background-media":"","overlay-type":"","overlay-color":"","overlay-opacity":"","overlay-gradient":""}},"ast-content-background-meta":{"desktop":{"background-color":"var(--ast-global-color-5)","background-image":"","background-repeat":"repeat","background-position":"center center","background-size":"auto","background-attachment":"scroll","background-type":"","background-media":"","overlay-type":"","overlay-color":"","overlay-opacity":"","overlay-gradient":""},"tablet":{"background-color":"var(--ast-global-color-5)","background-image":"","background-repeat":"repeat","background-position":"center center","background-size":"auto","background-attachment":"scroll","background-type":"","background-media":"","overlay-type":"","overlay-color":"","overlay-opacity":"","overlay-gradient":""},"mobile":{"background-color":"var(--ast-global-color-5)","background-image":"","background-repeat":"repeat","background-position":"center center","background-size":"auto","background-attachment":"scroll","background-type":"","background-media":"","overlay-type":"","overlay-color":"","overlay-opacity":"","overlay-gradient":""}}},"product_brand":[],"product_cat":[4801,1128],"product_tag":[],"product_format_filter":[6498],"class_list":{"0":"post-257649","1":"product","2":"type-product","3":"status-publish","4":"has-post-thumbnail","6":"product_cat-six-one-charlie-fr","7":"product_cat-comestibles","8":"pa_flavours-arome-de-siracha-au-miel-fume","9":"pa_intensity-thc-moyen","10":"pa_marques-six-one-charlie-fr","11":"pa_origin-ontario-fr","12":"pa_type-de-plante-thc-fr","13":"product_format_filter-2units","14":"desktop-align-left","15":"tablet-align-left","16":"mobile-align-left","18":"first","19":"outofstock","20":"taxable","21":"shipping-taxable","22":"purchasable","23":"product-type-simple"},"group_of_quantity":0,"min_quantity":0,"max_quantity":"","exclude_order_quantity_value_rules":"no","exclude_category_quantity_rules":"no","combine_variations":"no","acf":[],"_links":{"self":[{"href":"https:\/\/mendomedical.ca\/fr\/wp-json\/wp\/v2\/product\/257649","targetHints":{"allow":["GET"]}}],"collection":[{"href":"https:\/\/mendomedical.ca\/fr\/wp-json\/wp\/v2\/product"}],"about":[{"href":"https:\/\/mendomedical.ca\/fr\/wp-json\/wp\/v2\/types\/product"}],"replies":[{"embeddable":true,"href":"https:\/\/mendomedical.ca\/fr\/wp-json\/wp\/v2\/comments?post=257649"}],"wp:featuredmedia":[{"embeddable":true,"href":"https:\/\/mendomedical.ca\/fr\/wp-json\/wp\/v2\/media\/257648"}],"wp:attachment":[{"href":"https:\/\/mendomedical.ca\/fr\/wp-json\/wp\/v2\/media?parent=257649"}],"wp:term":[{"taxonomy":"product_brand","embeddable":true,"href":"https:\/\/mendomedical.ca\/fr\/wp-json\/wp\/v2\/product_brand?post=257649"},{"taxonomy":"product_cat","embeddable":true,"href":"https:\/\/mendomedical.ca\/fr\/wp-json\/wp\/v2\/product_cat?post=257649"},{"taxonomy":"product_tag","embeddable":true,"href":"https:\/\/mendomedical.ca\/fr\/wp-json\/wp\/v2\/product_tag?post=257649"},{"taxonomy":"product_format_filter","embeddable":true,"href":"https:\/\/mendomedical.ca\/fr\/wp-json\/wp\/v2\/product_format_filter?post=257649"}],"curies":[{"name":"wp","href":"https:\/\/api.w.org\/{rel}","templated":true}]}}