{"id":257467,"date":"2025-09-15T20:56:40","date_gmt":"2025-09-16T00:56:40","guid":{"rendered":"https:\/\/mendomedical.ca\/product\/mendocino-purps\/"},"modified":"2026-04-04T21:06:56","modified_gmt":"2026-04-05T01:06:56","slug":"mendocino-purps","status":"publish","type":"product","link":"https:\/\/mendomedical.ca\/fr\/produit\/mendocino-purps\/","title":{"rendered":"Mendocino Purps"},"content":{"rendered":"","protected":false},"excerpt":{"rendered":"<div class=\"ExternalClass861298027C91431BB1E093F4656FA7D3\">\n<h1>Mendocino Purps par Choklit Park - Premium 7g Cannabis Flower<\/h1>\n<p>Mendocino Purps, une vari\u00e9t\u00e9 patrimoniale distingu\u00e9e du nord de la Californie, combine les g\u00e9n\u00e9tiques Purple Kush et Purple Urkle pour offrir une exp\u00e9rience cannabique remarquable. Cette offre de fleurs premium de 7 g de Choklit Park pr\u00e9sente des Cocottes denses et teint\u00e9es de violet qui mettent en valeur la lign\u00e9e exceptionnelle de la vari\u00e9t\u00e9. Les terp\u00e8nes dominants sont le myrc\u00e8ne, le caryophyll\u00e8ne et le pin\u00e8ne.<\/p>\n<h3>Caract\u00e9ristiques principales<\/h3>\n<p>- Fleur de 7 g de qualit\u00e9 sup\u00e9rieure avec de riches nuances de violet<br \/>\n- Teneur totale en terp\u00e8nes de 3,0 %.<br \/>\n- M\u00e9lange unique de g\u00e9n\u00e9tiques Purple Kush et Purple Urkle<br \/>\n- Cocottes denses et bien cur\u00e9es<br \/>\n- Cultiv\u00e9 par Choklit Park<\/p>\n<h3>Profil terp\u00e9nique et sensoriel<\/h3>\n<p>Mendocino Purps pr\u00e9sente un profil aromatique complexe domin\u00e9 par des nuances terreuses compl\u00e9t\u00e9es par des notes de baies sucr\u00e9es. La teneur en terp\u00e8nes de 3,0 % contribue \u00e0 son profil aromatique robuste, offrant une exp\u00e9rience vraiment authentique. Les utilisateurs peuvent trouver les propri\u00e9t\u00e9s de cette vari\u00e9t\u00e9 potentiellement stimulantes.<\/p>\n<h3>Pourquoi choisir les fleurs de cannabis de qualit\u00e9 sup\u00e9rieure ?<\/h3>\n<p>La fleur de cannabis de qualit\u00e9 sup\u00e9rieure offre aux utilisateurs m\u00e9dicaux la forme la plus naturelle de consommation de cannabis. Avec Mendocino Purps, les patients peuvent b\u00e9n\u00e9ficier de tout le spectre des compos\u00e9s pr\u00e9sents dans la plante, ce qui peut r\u00e9pondre \u00e0 leurs besoins th\u00e9rapeutiques. Les trichomes et les terp\u00e8nes soigneusement pr\u00e9serv\u00e9s offrent une exp\u00e9rience compl\u00e8te que de nombreux utilisateurs m\u00e9dicaux pr\u00e9f\u00e8rent.<\/p>\n<h3>Exp\u00e9dition dans tout le Canada<\/h3>\n<p>Faites l&rsquo;exp\u00e9rience d&rsquo;une livraison \u00e0 domicile pratique gr\u00e2ce \u00e0 notre service d&rsquo;exp\u00e9dition rapide et discret dans tout le Canada. Les commandes de plus de 150 $ sont admissibles \u00e0 la livraison gratuite, ce qui facilite l&rsquo;acc\u00e8s \u00e0 vos m\u00e9dicaments.<\/p>\n<h3>Avantages et couverture pour les anciens combattants<\/h3>\n<p>Mendocino Purps est admissible \u00e0 la couverture d&rsquo;Anciens Combattants Canada (ACC) et \u00e0 la facturation directe par l&rsquo;entremise de la Croix Bleue, ce qui \u00e9limine les frais \u00e0 la charge des personnes admissibles. Vous n&rsquo;avez pas encore votre carte m\u00e9dicale ? <a href=\"https:\/\/mendomedical.ca\/fr\/carte-medicale\/\">Obtenez votre carte m\u00e9dicale gratuite rapidement et facilement gr\u00e2ce \u00e0 notre processus simple<\/a>.<\/p>\n<\/div>\n","protected":false},"featured_media":257608,"comment_status":"open","ping_status":"closed","template":"","meta":{"_acf_changed":false,"site-sidebar-layout":"default","site-content-layout":"","ast-site-content-layout":"default","site-content-style":"default","site-sidebar-style":"default","ast-global-header-display":"","ast-banner-title-visibility":"","ast-main-header-display":"","ast-hfb-above-header-display":"","ast-hfb-below-header-display":"","ast-hfb-mobile-header-display":"","site-post-title":"","ast-breadcrumbs-content":"","ast-featured-img":"","footer-sml-layout":"","ast-disable-related-posts":"","theme-transparent-header-meta":"default","adv-header-id-meta":"","stick-header-meta":"","header-above-stick-meta":"","header-main-stick-meta":"","header-below-stick-meta":"","astra-migrate-meta-layouts":"set","ast-page-background-enabled":"default","ast-page-background-meta":{"desktop":{"background-color":"var(--ast-global-color-4)","background-image":"","background-repeat":"repeat","background-position":"center center","background-size":"auto","background-attachment":"scroll","background-type":"","background-media":"","overlay-type":"","overlay-color":"","overlay-opacity":"","overlay-gradient":""},"tablet":{"background-color":"","background-image":"","background-repeat":"repeat","background-position":"center center","background-size":"auto","background-attachment":"scroll","background-type":"","background-media":"","overlay-type":"","overlay-color":"","overlay-opacity":"","overlay-gradient":""},"mobile":{"background-color":"","background-image":"","background-repeat":"repeat","background-position":"center center","background-size":"auto","background-attachment":"scroll","background-type":"","background-media":"","overlay-type":"","overlay-color":"","overlay-opacity":"","overlay-gradient":""}},"ast-content-background-meta":{"desktop":{"background-color":"var(--ast-global-color-5)","background-image":"","background-repeat":"repeat","background-position":"center center","background-size":"auto","background-attachment":"scroll","background-type":"","background-media":"","overlay-type":"","overlay-color":"","overlay-opacity":"","overlay-gradient":""},"tablet":{"background-color":"var(--ast-global-color-5)","background-image":"","background-repeat":"repeat","background-position":"center center","background-size":"auto","background-attachment":"scroll","background-type":"","background-media":"","overlay-type":"","overlay-color":"","overlay-opacity":"","overlay-gradient":""},"mobile":{"background-color":"var(--ast-global-color-5)","background-image":"","background-repeat":"repeat","background-position":"center center","background-size":"auto","background-attachment":"scroll","background-type":"","background-media":"","overlay-type":"","overlay-color":"","overlay-opacity":"","overlay-gradient":""}}},"product_brand":[],"product_cat":[1137],"product_tag":[],"product_format_filter":[6373],"class_list":{"0":"post-257467","1":"product","2":"type-product","3":"status-publish","4":"has-post-thumbnail","6":"product_cat-fleur","7":"pa_flavours-baies","8":"pa_flavours-doux","9":"pa_flavours-terreux","10":"pa_intensity-thc-moyen","11":"pa_marques-parc-choklit","12":"pa_origin-colombie-britannique-fr","13":"pa_packaging-date-10-01-2025-fr","14":"pa_prix-par-gramme-8-57","15":"pa_profil-terpene-caryophyllene","16":"pa_profil-terpene-myrcene","17":"pa_profil-terpene-pinene-fr","18":"pa_type-de-plante-hybride-fr-2","19":"product_format_filter-7g","20":"desktop-align-left","21":"tablet-align-left","22":"mobile-align-left","24":"first","25":"instock","26":"taxable","27":"shipping-taxable","28":"purchasable","29":"product-type-simple"},"group_of_quantity":0,"min_quantity":0,"max_quantity":"","exclude_order_quantity_value_rules":"no","exclude_category_quantity_rules":"no","combine_variations":"no","acf":[],"_links":{"self":[{"href":"https:\/\/mendomedical.ca\/fr\/wp-json\/wp\/v2\/product\/257467","targetHints":{"allow":["GET"]}}],"collection":[{"href":"https:\/\/mendomedical.ca\/fr\/wp-json\/wp\/v2\/product"}],"about":[{"href":"https:\/\/mendomedical.ca\/fr\/wp-json\/wp\/v2\/types\/product"}],"replies":[{"embeddable":true,"href":"https:\/\/mendomedical.ca\/fr\/wp-json\/wp\/v2\/comments?post=257467"}],"wp:featuredmedia":[{"embeddable":true,"href":"https:\/\/mendomedical.ca\/fr\/wp-json\/wp\/v2\/media\/257608"}],"wp:attachment":[{"href":"https:\/\/mendomedical.ca\/fr\/wp-json\/wp\/v2\/media?parent=257467"}],"wp:term":[{"taxonomy":"product_brand","embeddable":true,"href":"https:\/\/mendomedical.ca\/fr\/wp-json\/wp\/v2\/product_brand?post=257467"},{"taxonomy":"product_cat","embeddable":true,"href":"https:\/\/mendomedical.ca\/fr\/wp-json\/wp\/v2\/product_cat?post=257467"},{"taxonomy":"product_tag","embeddable":true,"href":"https:\/\/mendomedical.ca\/fr\/wp-json\/wp\/v2\/product_tag?post=257467"},{"taxonomy":"product_format_filter","embeddable":true,"href":"https:\/\/mendomedical.ca\/fr\/wp-json\/wp\/v2\/product_format_filter?post=257467"}],"curies":[{"name":"wp","href":"https:\/\/api.w.org\/{rel}","templated":true}]}}