{"id":257453,"date":"2025-09-15T20:59:39","date_gmt":"2025-09-16T00:59:39","guid":{"rendered":"https:\/\/mendomedical.ca\/product\/dole-whip\/"},"modified":"2026-04-04T21:06:56","modified_gmt":"2026-04-05T01:06:56","slug":"dole-whip","status":"publish","type":"product","link":"https:\/\/mendomedical.ca\/fr\/produit\/dole-whip\/","title":{"rendered":"Dole Whip"},"content":{"rendered":"","protected":false},"excerpt":{"rendered":"<div class=\"ExternalClass35473970FE9142DF94D7BAC0347FD372\">\n<h3>Dole Whip Fleur de cannabis<\/h3>\n<h3>Terp\u00e8nes totaux : 3.2%<\/h3>\n<p>D\u00e9couvrez la Dole Whip de Choklit Park, une d\u00e9licieuse vari\u00e9t\u00e9 hybride qui marie les g\u00e9n\u00e9tiques renomm\u00e9es de Tangie et de Pineapple Express. Cette fleur de 7 g de qualit\u00e9 sup\u00e9rieure vous offre une \u00e9vasion tropicale gr\u00e2ce \u00e0 son profil aromatique distinctif et \u00e0 ses effets bien pens\u00e9s. Les terp\u00e8nes dominants sont le limon\u00e8ne, le caryophyll\u00e8ne et le myrc\u00e8ne.<\/p>\n<h4>Caract\u00e9ristiques principales<\/h4>\n<p>- Cocottes denses d&rsquo;un vert \u00e9clatant avec des nuances violettes et des pistils d&rsquo;un orange vibrant.<br \/>\n- Une teneur en terp\u00e8nes totaux impressionnante de 3,2%.<br \/>\n- Couverture riche en trichomes pour une puissance optimale<br \/>\n- G\u00e9n\u00e9tique hybride de premi\u00e8re qualit\u00e9 issue de souches parentales respect\u00e9es<br \/>\n- Soigneusement cultiv\u00e9 par Choklit Park<\/p>\n<h4>Profil aromatique et gustatif<\/h4>\n<p>Dole Whip pr\u00e9sente un bouquet s\u00e9duisant de notes tropicales et d&rsquo;agrumes, cr\u00e9ant une exp\u00e9rience vraiment m\u00e9morable. Le profil aromatique se caract\u00e9rise par :<br \/>\n- Notes de fruits tropicaux<br \/>\n- Notes cr\u00e9meuses<br \/>\n- Accents sucr\u00e9s d&rsquo;agrumes<br \/>\n- Finale fruit\u00e9e<\/p>\n<p>L&rsquo;ar\u00f4me refl\u00e8te le dessert qui porte son nom, offrant un m\u00e9lange harmonieux de senteurs tropicales et d&rsquo;agrumes qui remplissent la pi\u00e8ce. Avec une teneur en terp\u00e8nes de 3,2 %, les utilisateurs peuvent s&rsquo;attendre \u00e0 une exp\u00e9rience robuste et savoureuse.<\/p>\n<h4>Pourquoi choisir Premium Flower ?<\/h4>\n<p>La fleur de cannabis de premi\u00e8re qualit\u00e9 offre aux utilisateurs m\u00e9dicaux la forme de consommation la plus naturelle et la plus traditionnelle. La fleur enti\u00e8re permet un contr\u00f4le pr\u00e9cis du dosage et fournit le spectre complet des compos\u00e9s b\u00e9n\u00e9fiques de la plante, ce qui en fait le choix pr\u00e9f\u00e9r\u00e9 de nombreux patients du cannabis m\u00e9dical.<\/p>\n<h4>Exp\u00e9dition dans tout le Canada<\/h4>\n<p>Profitez d&rsquo;une livraison pratique de Dole Whip directement \u00e0 votre porte partout au Canada. Profitez de la livraison gratuite pour les commandes de plus de 150 $, d&rsquo;un traitement rapide et d&rsquo;un emballage discret pour que vos m\u00e9dicaments arrivent rapidement et en toute s\u00e9curit\u00e9.<\/p>\n<h4>Avantages et couverture pour les anciens combattants<\/h4>\n<p>Dole Whip est admissible \u00e0 la couverture d&rsquo;Anciens Combattants Canada (ACC) avec facturation directe par l&rsquo;entremise de la Croix Bleue, ce qui signifie que les anciens combattants admissibles n&rsquo;ont pas \u00e0 d\u00e9bourser d&rsquo;argent. Vous n&rsquo;avez pas encore votre carte m\u00e9dicale ? Obtenez votre autorisation m\u00e9dicale gratuite rapidement et facilement gr\u00e2ce \u00e0 notre partenaire <a href=\"https:\/\/mendomedical.ca\/fr\/carte-medicale\/\">Mendo Medical.<\/a><\/p>\n<\/div>\n","protected":false},"featured_media":257610,"comment_status":"open","ping_status":"closed","template":"","meta":{"_acf_changed":false,"site-sidebar-layout":"default","site-content-layout":"","ast-site-content-layout":"default","site-content-style":"default","site-sidebar-style":"default","ast-global-header-display":"","ast-banner-title-visibility":"","ast-main-header-display":"","ast-hfb-above-header-display":"","ast-hfb-below-header-display":"","ast-hfb-mobile-header-display":"","site-post-title":"","ast-breadcrumbs-content":"","ast-featured-img":"","footer-sml-layout":"","ast-disable-related-posts":"","theme-transparent-header-meta":"default","adv-header-id-meta":"","stick-header-meta":"","header-above-stick-meta":"","header-main-stick-meta":"","header-below-stick-meta":"","astra-migrate-meta-layouts":"set","ast-page-background-enabled":"default","ast-page-background-meta":{"desktop":{"background-color":"var(--ast-global-color-4)","background-image":"","background-repeat":"repeat","background-position":"center center","background-size":"auto","background-attachment":"scroll","background-type":"","background-media":"","overlay-type":"","overlay-color":"","overlay-opacity":"","overlay-gradient":""},"tablet":{"background-color":"","background-image":"","background-repeat":"repeat","background-position":"center center","background-size":"auto","background-attachment":"scroll","background-type":"","background-media":"","overlay-type":"","overlay-color":"","overlay-opacity":"","overlay-gradient":""},"mobile":{"background-color":"","background-image":"","background-repeat":"repeat","background-position":"center center","background-size":"auto","background-attachment":"scroll","background-type":"","background-media":"","overlay-type":"","overlay-color":"","overlay-opacity":"","overlay-gradient":""}},"ast-content-background-meta":{"desktop":{"background-color":"var(--ast-global-color-5)","background-image":"","background-repeat":"repeat","background-position":"center center","background-size":"auto","background-attachment":"scroll","background-type":"","background-media":"","overlay-type":"","overlay-color":"","overlay-opacity":"","overlay-gradient":""},"tablet":{"background-color":"var(--ast-global-color-5)","background-image":"","background-repeat":"repeat","background-position":"center center","background-size":"auto","background-attachment":"scroll","background-type":"","background-media":"","overlay-type":"","overlay-color":"","overlay-opacity":"","overlay-gradient":""},"mobile":{"background-color":"var(--ast-global-color-5)","background-image":"","background-repeat":"repeat","background-position":"center center","background-size":"auto","background-attachment":"scroll","background-type":"","background-media":"","overlay-type":"","overlay-color":"","overlay-opacity":"","overlay-gradient":""}}},"product_brand":[],"product_cat":[1137],"product_tag":[],"product_format_filter":[6373],"class_list":{"0":"post-257453","1":"product","2":"type-product","3":"status-publish","4":"has-post-thumbnail","6":"product_cat-fleur","7":"pa_flavours-agrume","8":"pa_flavours-cremeux","9":"pa_flavours-fruite","10":"pa_flavours-doux","11":"pa_flavours-tropical-fr","12":"pa_intensity-thc-eleve","13":"pa_marques-parc-choklit","14":"pa_origin-colombie-britannique-fr","15":"pa_packaging-date-11-28-2025","16":"pa_prix-par-gramme-8-57","17":"pa_profil-terpene-caryophyllene","18":"pa_profil-terpene-limonene-fr","19":"pa_profil-terpene-myrcene","20":"pa_type-de-plante-hybride-sativa-fr","21":"product_format_filter-7g","22":"desktop-align-left","23":"tablet-align-left","24":"mobile-align-left","26":"first","27":"instock","28":"taxable","29":"shipping-taxable","30":"purchasable","31":"product-type-simple"},"group_of_quantity":0,"min_quantity":0,"max_quantity":"","exclude_order_quantity_value_rules":"no","exclude_category_quantity_rules":"no","combine_variations":"no","acf":[],"_links":{"self":[{"href":"https:\/\/mendomedical.ca\/fr\/wp-json\/wp\/v2\/product\/257453","targetHints":{"allow":["GET"]}}],"collection":[{"href":"https:\/\/mendomedical.ca\/fr\/wp-json\/wp\/v2\/product"}],"about":[{"href":"https:\/\/mendomedical.ca\/fr\/wp-json\/wp\/v2\/types\/product"}],"replies":[{"embeddable":true,"href":"https:\/\/mendomedical.ca\/fr\/wp-json\/wp\/v2\/comments?post=257453"}],"wp:featuredmedia":[{"embeddable":true,"href":"https:\/\/mendomedical.ca\/fr\/wp-json\/wp\/v2\/media\/257610"}],"wp:attachment":[{"href":"https:\/\/mendomedical.ca\/fr\/wp-json\/wp\/v2\/media?parent=257453"}],"wp:term":[{"taxonomy":"product_brand","embeddable":true,"href":"https:\/\/mendomedical.ca\/fr\/wp-json\/wp\/v2\/product_brand?post=257453"},{"taxonomy":"product_cat","embeddable":true,"href":"https:\/\/mendomedical.ca\/fr\/wp-json\/wp\/v2\/product_cat?post=257453"},{"taxonomy":"product_tag","embeddable":true,"href":"https:\/\/mendomedical.ca\/fr\/wp-json\/wp\/v2\/product_tag?post=257453"},{"taxonomy":"product_format_filter","embeddable":true,"href":"https:\/\/mendomedical.ca\/fr\/wp-json\/wp\/v2\/product_format_filter?post=257453"}],"curies":[{"name":"wp","href":"https:\/\/api.w.org\/{rel}","templated":true}]}}