{"id":257430,"date":"2025-09-15T20:58:21","date_gmt":"2025-09-16T00:58:21","guid":{"rendered":"https:\/\/mendomedical.ca\/product\/velours-bleu\/"},"modified":"2026-04-04T21:06:56","modified_gmt":"2026-04-05T01:06:56","slug":"blue-velvet-fr","status":"publish","type":"product","link":"https:\/\/mendomedical.ca\/fr\/produit\/blue-velvet-fr\/","title":{"rendered":"Blue Velvet"},"content":{"rendered":"","protected":false},"excerpt":{"rendered":"<div class=\"ExternalClass1F9F75D531774495A9A1A9566251B744\">\n<h2>Blue Velvet par Choklit Park - Fleur Premium 7g<\/h2>\n<h3>Terp\u00e8nes totaux : 3,1%.<\/h3>\n<p>Blue Velvet pr\u00e9sente une exp\u00e9rience de cannabis sophistiqu\u00e9e, qui se distingue par son profil de baies sucr\u00e9es et ses notes florales d\u00e9licates. Cette fleur m\u00e9ticuleusement cultiv\u00e9e pr\u00e9sente des cocottes denses et riches en trichomes qui illustrent le d\u00e9vouement de Choklit Park \u00e0 une qualit\u00e9 exceptionnelle. Avec une teneur totale en terp\u00e8nes remarquable de 3,1 %, cette vari\u00e9t\u00e9 offre une exp\u00e9rience raffin\u00e9e aux consommateurs de cannabis m\u00e9dical.   Les terp\u00e8nes dominants sont le myrc\u00e8ne, le linalol et le limon\u00e8ne.<\/p>\n<h3>Caract\u00e9ristiques principales du produit<\/h3>\n<\/div>\n<div class=\"ExternalClass1F9F75D531774495A9A1A9566251B744\">\n<p>- Format premium de 7g de fleurs pour un dosage r\u00e9gulier<br \/>\n- Haute teneur en terp\u00e8nes \u00e0 3,1%<br \/>\n- Riche en Myrc\u00e8ne, Linalol et Limon\u00e8ne<br \/>\n- Cocottes denses et givr\u00e9es avec des trichomes abondants<br \/>\n- Texture douce et velout\u00e9e avec un profil de saveur durable<\/p>\n<h3>Profil des terp\u00e8nes et des ar\u00f4mes<\/h3>\n<p>Le profil terp\u00e9nique de Blue Velvet se caract\u00e9rise par un m\u00e9lange harmonieux de myrc\u00e8ne, de linalol et de limon\u00e8ne, cr\u00e9ant son ar\u00f4me caract\u00e9ristique de baies avec de douces nuances florales. L&rsquo;exp\u00e9rience gustative offre des notes de baies sucr\u00e9es compl\u00e9t\u00e9es par des accents floraux, offrant une exp\u00e9rience de consommation douce et agr\u00e9able. <\/p>\n<h3>Pourquoi choisir Premium Flower ?<\/h3>\n<p>La fleur s\u00e9ch\u00e9e de premi\u00e8re qualit\u00e9 offre aux utilisateurs m\u00e9dicaux un contr\u00f4le pr\u00e9cis sur leurs m\u00e9thodes de dosage et leurs pr\u00e9f\u00e9rences de consommation. La teneur \u00e9lev\u00e9e en terp\u00e8nes et la qualit\u00e9 constante de Blue Velvet en font un choix fiable pour ceux qui recherchent une m\u00e9decine naturelle \u00e0 base de plantes sous sa forme la plus traditionnelle. <\/p>\n<h3>Exp\u00e9dition dans tout le Canada<\/h3>\n<p>B\u00e9n\u00e9ficiez d&rsquo;une livraison rapide et discr\u00e8te de Blue Velvet partout au Canada. Profitez de la livraison gratuite pour les commandes de plus de 150 $. Notre emballage s\u00e9curis\u00e9 garantit que votre m\u00e9dicament arrive dans des conditions optimales.  <\/p>\n<h3>Avantages et couverture pour les anciens combattants<\/h3>\n<p>Blue Velvet est \u00e9ligible \u00e0 la couverture VAC et \u00e0 la facturation directe par la Croix Bleue, ce qui \u00e9limine les frais \u00e0 la charge des personnes qualifi\u00e9es. Vous \u00eates novice en mati\u00e8re de cannabis m\u00e9dical ? <a href=\"https:\/\/mendomedical.ca\/fr\/carte-medicale\/\">Obtenez votre carte m\u00e9dicale gratuite rapidement et facilement gr\u00e2ce \u00e0 notre processus simplifi\u00e9<\/a>. <\/p>\n<\/div>\n","protected":false},"featured_media":258038,"comment_status":"open","ping_status":"closed","template":"","meta":{"_acf_changed":false,"site-sidebar-layout":"default","site-content-layout":"","ast-site-content-layout":"default","site-content-style":"default","site-sidebar-style":"default","ast-global-header-display":"","ast-banner-title-visibility":"","ast-main-header-display":"","ast-hfb-above-header-display":"","ast-hfb-below-header-display":"","ast-hfb-mobile-header-display":"","site-post-title":"","ast-breadcrumbs-content":"","ast-featured-img":"","footer-sml-layout":"","ast-disable-related-posts":"","theme-transparent-header-meta":"default","adv-header-id-meta":"","stick-header-meta":"","header-above-stick-meta":"","header-main-stick-meta":"","header-below-stick-meta":"","astra-migrate-meta-layouts":"set","ast-page-background-enabled":"default","ast-page-background-meta":{"desktop":{"background-color":"var(--ast-global-color-4)","background-image":"","background-repeat":"repeat","background-position":"center center","background-size":"auto","background-attachment":"scroll","background-type":"","background-media":"","overlay-type":"","overlay-color":"","overlay-opacity":"","overlay-gradient":""},"tablet":{"background-color":"","background-image":"","background-repeat":"repeat","background-position":"center center","background-size":"auto","background-attachment":"scroll","background-type":"","background-media":"","overlay-type":"","overlay-color":"","overlay-opacity":"","overlay-gradient":""},"mobile":{"background-color":"","background-image":"","background-repeat":"repeat","background-position":"center center","background-size":"auto","background-attachment":"scroll","background-type":"","background-media":"","overlay-type":"","overlay-color":"","overlay-opacity":"","overlay-gradient":""}},"ast-content-background-meta":{"desktop":{"background-color":"var(--ast-global-color-5)","background-image":"","background-repeat":"repeat","background-position":"center center","background-size":"auto","background-attachment":"scroll","background-type":"","background-media":"","overlay-type":"","overlay-color":"","overlay-opacity":"","overlay-gradient":""},"tablet":{"background-color":"var(--ast-global-color-5)","background-image":"","background-repeat":"repeat","background-position":"center center","background-size":"auto","background-attachment":"scroll","background-type":"","background-media":"","overlay-type":"","overlay-color":"","overlay-opacity":"","overlay-gradient":""},"mobile":{"background-color":"var(--ast-global-color-5)","background-image":"","background-repeat":"repeat","background-position":"center center","background-size":"auto","background-attachment":"scroll","background-type":"","background-media":"","overlay-type":"","overlay-color":"","overlay-opacity":"","overlay-gradient":""}}},"product_brand":[],"product_cat":[1137],"product_tag":[],"product_format_filter":[6373],"class_list":{"0":"post-257430","1":"product","2":"type-product","3":"status-publish","4":"has-post-thumbnail","6":"product_cat-fleur","7":"pa_flavours-baies","8":"pa_flavours-floral-fr","9":"pa_flavours-doux","10":"pa_intensity-thc-eleve","11":"pa_marques-parc-choklit","12":"pa_origin-colombie-britannique-fr","13":"pa_packaging-date-12-28-2025","14":"pa_prix-par-gramme-8-57","15":"pa_profil-terpene-limonene-fr","16":"pa_profil-terpene-linalol-fr","17":"pa_profil-terpene-myrcene","18":"pa_type-de-plante-hybride-fr","19":"product_format_filter-7g","20":"desktop-align-left","21":"tablet-align-left","22":"mobile-align-left","24":"first","25":"instock","26":"taxable","27":"shipping-taxable","28":"purchasable","29":"product-type-simple"},"group_of_quantity":0,"min_quantity":0,"max_quantity":"","exclude_order_quantity_value_rules":"no","exclude_category_quantity_rules":"no","combine_variations":"no","acf":[],"_links":{"self":[{"href":"https:\/\/mendomedical.ca\/fr\/wp-json\/wp\/v2\/product\/257430","targetHints":{"allow":["GET"]}}],"collection":[{"href":"https:\/\/mendomedical.ca\/fr\/wp-json\/wp\/v2\/product"}],"about":[{"href":"https:\/\/mendomedical.ca\/fr\/wp-json\/wp\/v2\/types\/product"}],"replies":[{"embeddable":true,"href":"https:\/\/mendomedical.ca\/fr\/wp-json\/wp\/v2\/comments?post=257430"}],"wp:featuredmedia":[{"embeddable":true,"href":"https:\/\/mendomedical.ca\/fr\/wp-json\/wp\/v2\/media\/258038"}],"wp:attachment":[{"href":"https:\/\/mendomedical.ca\/fr\/wp-json\/wp\/v2\/media?parent=257430"}],"wp:term":[{"taxonomy":"product_brand","embeddable":true,"href":"https:\/\/mendomedical.ca\/fr\/wp-json\/wp\/v2\/product_brand?post=257430"},{"taxonomy":"product_cat","embeddable":true,"href":"https:\/\/mendomedical.ca\/fr\/wp-json\/wp\/v2\/product_cat?post=257430"},{"taxonomy":"product_tag","embeddable":true,"href":"https:\/\/mendomedical.ca\/fr\/wp-json\/wp\/v2\/product_tag?post=257430"},{"taxonomy":"product_format_filter","embeddable":true,"href":"https:\/\/mendomedical.ca\/fr\/wp-json\/wp\/v2\/product_format_filter?post=257430"}],"curies":[{"name":"wp","href":"https:\/\/api.w.org\/{rel}","templated":true}]}}