{"id":256974,"date":"2024-08-24T21:30:16","date_gmt":"2024-08-25T01:30:16","guid":{"rendered":"https:\/\/mendomedical.ca\/?post_type=product&#038;p=256974"},"modified":"2025-12-02T12:37:48","modified_gmt":"2025-12-02T17:37:48","slug":"apple-fritter-strawberry-cough-infused-hash-hole-pre-roll-fr","status":"publish","type":"product","link":"https:\/\/mendomedical.ca\/fr\/produit\/apple-fritter-strawberry-cough-infused-hash-hole-pre-roll-fr\/","title":{"rendered":"Apple Fritter + Strawberry Cough Infused Hash Hole Pre-Roll"},"content":{"rendered":"","protected":false},"excerpt":{"rendered":"<div class=\"ExternalClassE36E872B5CB74A9E9BB802F207EE9CDF\">\n<h3>Apple Fritter + Strawberry Cough Infused Hash Hole Pre-Roll<\/h3>\n<div>\n<h3>Terp\u00e8nes totaux : 3-6%<\/h3>\n<p><strong>Souche utilis\u00e9e<\/strong><\/p>\n<p><strong>Fleur<\/strong> - Apple Fritter Flower Cultiv\u00e9 par : <strong>CLOUDBURST<\/strong><br \/>\n<strong>Rosin<\/strong> - Strawberry Cough Trait\u00e9e par <strong>NEW LEAF<\/strong><\/p>\n<\/div>\n<p>Faites l&rsquo;exp\u00e9rience d&rsquo;un savoir-faire de premier ordre avec le Pr\u00e9-rolls infus\u00e9 Apple Fritter + Strawberry Cough de Jellee&rsquo;s Hash Hole. Ce Pr\u00e9-rolls infus\u00e9, \u00e9labor\u00e9 par des experts, combine 1,5g de fleur d&rsquo;Apple Fritter cultiv\u00e9e par CLOUDBURST avec 0,5g de Rosin de Strawberry Cough trait\u00e9 par NEW LEAF. Chaque Hash Hole est m\u00e9ticuleusement roul\u00e9 \u00e0 la main \u00e0 l&rsquo;aide de papiers de riz Elements et comporte un embout de filtre en verre pour une exp\u00e9rience de fumage sup\u00e9rieure.<\/p>\n<h4>Caract\u00e9ristiques principales<\/h4>\n<ul>\n<li>Infusion premium : 1,5 g de fleur de Apple Fritter + 0,5 g de rosine de Strawberry Cough<\/li>\n<li>Terp\u00e8nes totaux : 3-6% pour une saveur et un ar\u00f4me renforc\u00e9s<\/li>\n<li>Roul\u00e9s \u00e0 la main avec des papiers de riz Elements<\/li>\n<li>Embout filtre en verre pour des tirages doux et r\u00e9guliers<\/li>\n<li>La conception unique des trous de hachage se r\u00e9v\u00e8le \u00e0 l&rsquo;usage<\/li>\n<\/ul>\n<h4>Profil aromatique et terp\u00e8nes<\/h4>\n<p>Ce Pr\u00e9-rolls infus\u00e9 offre un profil terp\u00e9nique complexe allant de 3 \u00e0 6 %, combinant les notes sucr\u00e9es et p\u00e2tissi\u00e8res de Apple Fritter avec les caract\u00e9ristiques fra\u00eeches et ax\u00e9es sur les baies de Strawberry Cough. L&rsquo;infusion de Rosin renforce les terp\u00e8nes naturels, cr\u00e9ant une exp\u00e9rience riche et savoureuse tout au long de votre session.<\/p>\n<h4>Pourquoi choisir les pr\u00e9-rolls ?<\/h4>\n<p>Les Pr\u00e9-rolls offrent aux patients de cannabis m\u00e9dical des options pratiques et pr\u00e9cis\u00e9ment dos\u00e9es sans qu&rsquo;il soit n\u00e9cessaire de les broyer ou de les rouler. Les Pr\u00e9-rolls infus\u00e9s comme ce Hash Hole offrent une puissance et des effets am\u00e9lior\u00e9s, ce qui les rend id\u00e9aux pour les utilisateurs exp\u00e9riment\u00e9s \u00e0 la recherche de produits coh\u00e9rents et pr\u00eats \u00e0 l&#8217;emploi.<\/p>\n<h4>Exp\u00e9dition dans tout le Canada<\/h4>\n<p>Apple Fritter + Strawberry Cough Infused Hash Hole Pr\u00e9-rolls est exp\u00e9di\u00e9 rapidement \u00e0 travers le Canada. Nous offrons une livraison gratuite pour toutes les commandes de plus de 150 $, ce qui garantit que vos produits de cannabis m\u00e9dical arrivent rapidement et discr\u00e8tement \u00e0 votre porte.<\/p>\n<h4>Avantages et couverture pour les anciens combattants<\/h4>\n<p>Le Apple Fritter + Strawberry Cough Infused Hash Hole Pre-Roll est admissible \u00e0 la couverture d&rsquo;ACC (Anciens Combattants Canada) et \u00e0 la facturation directe par la Croix Bleue, ce qui signifie que les anciens combattants admissibles n&rsquo;ont pas \u00e0 d\u00e9bourser d&rsquo;argent. Si vous n&rsquo;avez pas encore votre carte m\u00e9dicale, obtenez-la gratuitement, rapidement et facilement, \u00e0 l&rsquo;<a href=\"https:\/\/mendomedical.ca\/fr\/carte-medicale\/\">adresse https:\/\/mendomedical.ca\/medical-card\/.<\/a><\/p>\n<h4>Instructions pour l&rsquo;allumage<\/h4>\n<p>Pour un plaisir optimal :<br \/>\n- Allumez la pointe en la faisant tourner comme un cigare<br \/>\n- Continuez \u00e0 allumer pour obtenir une cerise uniforme (prenez des petites inhalations si n\u00e9cessaire).<br \/>\n- Une fois qu&rsquo;une ligne de combustion r\u00e9guli\u00e8re se forme, aspirez lentement pour cr\u00e9er une accumulation de cendres.<br \/>\n- Lorsque les cendres atteignent la largeur du petit doigt, faites-les tomber doucement pour r\u00e9v\u00e9ler le trou de hachage.<br \/>\n- Tirez lentement sur chaque bouff\u00e9e et profitez de l&rsquo;exp\u00e9rience am\u00e9lior\u00e9e<\/p>\n<\/div>\n","protected":false},"featured_media":107302,"comment_status":"closed","ping_status":"closed","template":"","meta":{"_acf_changed":false,"site-sidebar-layout":"default","site-content-layout":"","ast-site-content-layout":"default","site-content-style":"default","site-sidebar-style":"default","ast-global-header-display":"","ast-banner-title-visibility":"","ast-main-header-display":"","ast-hfb-above-header-display":"","ast-hfb-below-header-display":"","ast-hfb-mobile-header-display":"","site-post-title":"","ast-breadcrumbs-content":"","ast-featured-img":"","footer-sml-layout":"","ast-disable-related-posts":"","theme-transparent-header-meta":"default","adv-header-id-meta":"","stick-header-meta":"","header-above-stick-meta":"","header-main-stick-meta":"","header-below-stick-meta":"","astra-migrate-meta-layouts":"set","ast-page-background-enabled":"default","ast-page-background-meta":{"desktop":{"background-color":"var(--ast-global-color-4)","background-image":"","background-repeat":"repeat","background-position":"center center","background-size":"auto","background-attachment":"scroll","background-type":"","background-media":"","overlay-type":"","overlay-color":"","overlay-opacity":"","overlay-gradient":""},"tablet":{"background-color":"","background-image":"","background-repeat":"repeat","background-position":"center center","background-size":"auto","background-attachment":"scroll","background-type":"","background-media":"","overlay-type":"","overlay-color":"","overlay-opacity":"","overlay-gradient":""},"mobile":{"background-color":"","background-image":"","background-repeat":"repeat","background-position":"center center","background-size":"auto","background-attachment":"scroll","background-type":"","background-media":"","overlay-type":"","overlay-color":"","overlay-opacity":"","overlay-gradient":""}},"ast-content-background-meta":{"desktop":{"background-color":"var(--ast-global-color-5)","background-image":"","background-repeat":"repeat","background-position":"center center","background-size":"auto","background-attachment":"scroll","background-type":"","background-media":"","overlay-type":"","overlay-color":"","overlay-opacity":"","overlay-gradient":""},"tablet":{"background-color":"var(--ast-global-color-5)","background-image":"","background-repeat":"repeat","background-position":"center center","background-size":"auto","background-attachment":"scroll","background-type":"","background-media":"","overlay-type":"","overlay-color":"","overlay-opacity":"","overlay-gradient":""},"mobile":{"background-color":"var(--ast-global-color-5)","background-image":"","background-repeat":"repeat","background-position":"center center","background-size":"auto","background-attachment":"scroll","background-type":"","background-media":"","overlay-type":"","overlay-color":"","overlay-opacity":"","overlay-gradient":""}}},"product_brand":[],"product_cat":[1147,1144],"product_tag":[3513],"product_format_filter":[6391],"class_list":{"0":"post-256974","1":"product","2":"type-product","3":"status-publish","4":"has-post-thumbnail","6":"product_cat-pre-roules-infuses","7":"product_cat-pre-roules","8":"product_tag-jellee-fr","9":"pa_intensity-thc-eleve","10":"pa_marques-jellee-fr","11":"pa_origin-colombie-britannique-fr","12":"pa_profil-terpene-bisabolol-fr","13":"pa_profil-terpene-caryophyllene","14":"pa_profil-terpene-farnesene-fr","15":"pa_profil-terpene-limonene-fr","16":"pa_profil-terpene-linalol-fr","17":"pa_type-de-plante-hybride-indica-fr","18":"product_format_filter-2g","19":"desktop-align-left","20":"tablet-align-left","21":"mobile-align-left","23":"first","24":"outofstock","25":"taxable","26":"shipping-taxable","27":"purchasable","28":"product-type-simple"},"group_of_quantity":0,"min_quantity":0,"max_quantity":"","exclude_order_quantity_value_rules":"no","exclude_category_quantity_rules":"no","combine_variations":"no","acf":[],"_links":{"self":[{"href":"https:\/\/mendomedical.ca\/fr\/wp-json\/wp\/v2\/product\/256974","targetHints":{"allow":["GET"]}}],"collection":[{"href":"https:\/\/mendomedical.ca\/fr\/wp-json\/wp\/v2\/product"}],"about":[{"href":"https:\/\/mendomedical.ca\/fr\/wp-json\/wp\/v2\/types\/product"}],"replies":[{"embeddable":true,"href":"https:\/\/mendomedical.ca\/fr\/wp-json\/wp\/v2\/comments?post=256974"}],"wp:featuredmedia":[{"embeddable":true,"href":"https:\/\/mendomedical.ca\/fr\/wp-json\/wp\/v2\/media\/107302"}],"wp:attachment":[{"href":"https:\/\/mendomedical.ca\/fr\/wp-json\/wp\/v2\/media?parent=256974"}],"wp:term":[{"taxonomy":"product_brand","embeddable":true,"href":"https:\/\/mendomedical.ca\/fr\/wp-json\/wp\/v2\/product_brand?post=256974"},{"taxonomy":"product_cat","embeddable":true,"href":"https:\/\/mendomedical.ca\/fr\/wp-json\/wp\/v2\/product_cat?post=256974"},{"taxonomy":"product_tag","embeddable":true,"href":"https:\/\/mendomedical.ca\/fr\/wp-json\/wp\/v2\/product_tag?post=256974"},{"taxonomy":"product_format_filter","embeddable":true,"href":"https:\/\/mendomedical.ca\/fr\/wp-json\/wp\/v2\/product_format_filter?post=256974"}],"curies":[{"name":"wp","href":"https:\/\/api.w.org\/{rel}","templated":true}]}}