{"id":256277,"date":"2025-08-12T01:00:18","date_gmt":"2025-08-12T05:00:18","guid":{"rendered":"https:\/\/mendomedical.ca\/product\/thccbd-birthday-bath-bomb\/"},"modified":"2026-03-10T08:03:15","modified_gmt":"2026-03-10T12:03:15","slug":"thccbd-birthday-bath-bomb","status":"publish","type":"product","link":"https:\/\/mendomedical.ca\/fr\/produit\/thccbd-birthday-bath-bomb\/","title":{"rendered":"THC:CBD Birthday Bath Bomb"},"content":{"rendered":"","protected":false},"excerpt":{"rendered":"<div class=\"ExternalClassBEA5310EC03B4618B922AC76A2B7F318\">\n<h3>THC:CBD Birthday Bath Bomb de Stewart Farms<\/h3>\n<p>Transformez votre bain en une exp\u00e9rience festive avec la bombe de bain THC:CBD Birthday de Stewart Farms. Cette luxueuse bombe de bain de 130 g associe des cannabino\u00efdes th\u00e9rapeutiques \u00e0 des ingr\u00e9dients nourrissants pour la peau, pour un rituel de soin vraiment indulgent. <\/p>\n<h4>Caract\u00e9ristiques principales<\/h4>\n<ul>\n<li style=\"list-style-type: none;\">\n<ul>- Infus\u00e9 avec du THC et du CBD pour des effets relaxants potentiels<\/ul>\n<\/li>\n<\/ul>\n<ul>\n<li style=\"list-style-type: none;\">\n<ul>- Un riche ar\u00f4me de g\u00e2teau \u00e0 la vanille pour une exp\u00e9rience sensorielle stimulante<\/ul>\n<\/li>\n<\/ul>\n<ul>\n<li style=\"list-style-type: none;\">\n<ul>- Contient des ingr\u00e9dients naturels comme le beurre de mangue et des huiles essentielles.<\/ul>\n<\/li>\n<\/ul>\n<ul>\n<li style=\"list-style-type: none;\">\n<ul>- Chaque bombe contient une surprise d&rsquo;anniversaire<\/ul>\n<\/li>\n<\/ul>\n<ul>  - Fabriqu\u00e9 avec des plantes aimant la peau et des composants hydratants.<\/ul>\n<h4>Ar\u00f4me et exp\u00e9rience<\/h4>\n<p>Cette bombe de bain d\u00e9gage un parfum nostalgique de g\u00e2teau \u00e0 la vanille, rehauss\u00e9 par un m\u00e9lange d&rsquo;huiles essentielles soigneusement s\u00e9lectionn\u00e9es, dont la lavande, le poivre noir et l&rsquo;orange douce. En se dissolvant, elle lib\u00e8re des ingr\u00e9dients nourrissants qui peuvent contribuer \u00e0 la sant\u00e9 de la peau tout en offrant un bain potentiellement relaxant infus\u00e9 de cannabis. <\/p>\n<h4>Pourquoi choisir les bombes de bain au cannabis ?<\/h4>\n<p>Les bombes de bain infus\u00e9es au cannabis offrent un moyen unique d&rsquo;exp\u00e9rimenter les bienfaits th\u00e9rapeutiques potentiels d&rsquo;une application topique. Elles constituent une excellente option pour les patients qui consomment du cannabis \u00e0 des fins m\u00e9dicales et qui recherchent d&rsquo;autres m\u00e9thodes d&rsquo;administration, en particulier ceux qui souhaitent un soulagement localis\u00e9 sans effets psychoactifs. <\/p>\n<h4>Exp\u00e9dition dans tout le Canada<\/h4>\n<p>Nous offrons un service de livraison rapide et discret \u00e0 travers le Canada pour le THC:CBD Birthday Bath Bomb. Les commandes de plus de 150 $ sont admissibles \u00e0 la livraison gratuite. Notre emballage soign\u00e9 garantit que votre bombe de bain arrive en parfait \u00e9tat.  <\/p>\n<h4>Avantages et couverture pour les anciens combattants<\/h4>\n<p>La bombe de bain THC:CBD Birthday est admissible \u00e0 la couverture d&rsquo;Anciens Combattants Canada (ACC). Nous offrons une facturation directe par l&rsquo;entremise de la Croix Bleue, sans frais pour les anciens combattants admissibles. Vous n&rsquo;avez pas encore votre carte m\u00e9dicale de cannabis ? <a href=\"https:\/\/mendomedical.ca\/fr\/carte-medicale\/\">Obtenez votre carte m\u00e9dicale gratuite rapidement et facilement gr\u00e2ce \u00e0 notre plateforme<\/a>.  <\/p>\n<p><b>Ingr\u00e9dients<\/b>: Bicarbonate de sodium, acide citrique, Zea Mays, sulfate de magn\u00e9sium, triglyc\u00e9ride caprylique\/caprique, beurre de mangue, benzoate de benzyle, vanilline d&rsquo;\u00e9thyle, maltol d&rsquo;\u00e9thyle, eau, extrait de Cannabis Sativa, saccharose, extrait de Spirulina Platensis, extrait de racine de Beta Vulgaris, extrait de racine de Curcuma Longa, Helianthus Annuus Seed Oil, Raphanus Sativus Root Extract, Brassica Oleracea Capitata Leaf Extract, Oryza Sativa Starch, Cymbopogon flexuosus oil, Boswellia carterii oil, Citrus sinensis peel oil, Lavandula angustifolia oil, Piper nigrum fruit oil, CI 42090, Sodium Benzoate, Phosphoric Acid.<\/p>\n<\/div>\n","protected":false},"featured_media":256274,"comment_status":"open","ping_status":"closed","template":"","meta":{"_acf_changed":false,"site-sidebar-layout":"default","site-content-layout":"","ast-site-content-layout":"default","site-content-style":"default","site-sidebar-style":"default","ast-global-header-display":"","ast-banner-title-visibility":"","ast-main-header-display":"","ast-hfb-above-header-display":"","ast-hfb-below-header-display":"","ast-hfb-mobile-header-display":"","site-post-title":"","ast-breadcrumbs-content":"","ast-featured-img":"","footer-sml-layout":"","ast-disable-related-posts":"","theme-transparent-header-meta":"default","adv-header-id-meta":"","stick-header-meta":"","header-above-stick-meta":"","header-main-stick-meta":"","header-below-stick-meta":"","astra-migrate-meta-layouts":"set","ast-page-background-enabled":"default","ast-page-background-meta":{"desktop":{"background-color":"var(--ast-global-color-4)","background-image":"","background-repeat":"repeat","background-position":"center center","background-size":"auto","background-attachment":"scroll","background-type":"","background-media":"","overlay-type":"","overlay-color":"","overlay-opacity":"","overlay-gradient":""},"tablet":{"background-color":"","background-image":"","background-repeat":"repeat","background-position":"center center","background-size":"auto","background-attachment":"scroll","background-type":"","background-media":"","overlay-type":"","overlay-color":"","overlay-opacity":"","overlay-gradient":""},"mobile":{"background-color":"","background-image":"","background-repeat":"repeat","background-position":"center center","background-size":"auto","background-attachment":"scroll","background-type":"","background-media":"","overlay-type":"","overlay-color":"","overlay-opacity":"","overlay-gradient":""}},"ast-content-background-meta":{"desktop":{"background-color":"var(--ast-global-color-5)","background-image":"","background-repeat":"repeat","background-position":"center center","background-size":"auto","background-attachment":"scroll","background-type":"","background-media":"","overlay-type":"","overlay-color":"","overlay-opacity":"","overlay-gradient":""},"tablet":{"background-color":"var(--ast-global-color-5)","background-image":"","background-repeat":"repeat","background-position":"center center","background-size":"auto","background-attachment":"scroll","background-type":"","background-media":"","overlay-type":"","overlay-color":"","overlay-opacity":"","overlay-gradient":""},"mobile":{"background-color":"var(--ast-global-color-5)","background-image":"","background-repeat":"repeat","background-position":"center center","background-size":"auto","background-attachment":"scroll","background-type":"","background-media":"","overlay-type":"","overlay-color":"","overlay-opacity":"","overlay-gradient":""}}},"product_brand":[],"product_cat":[1152,1150],"product_tag":[],"product_format_filter":[],"class_list":{"0":"post-256277","1":"product","2":"type-product","3":"status-publish","4":"has-post-thumbnail","6":"product_cat-bains","7":"product_cat-topiques","8":"pa_flavours-vanille","9":"pa_intensity-cbd-moyen","10":"pa_intensity-thc-moyen","11":"pa_marques-stewart-farms-fr","12":"pa_origin-nouveau-brunswick","13":"pa_type-de-plante-cbd-fr","14":"pa_type-de-plante-thc-fr","15":"desktop-align-left","16":"tablet-align-left","17":"mobile-align-left","19":"first","20":"outofstock","21":"taxable","22":"shipping-taxable","23":"purchasable","24":"product-type-simple"},"group_of_quantity":0,"min_quantity":0,"max_quantity":"","exclude_order_quantity_value_rules":"no","exclude_category_quantity_rules":"no","combine_variations":"no","acf":[],"_links":{"self":[{"href":"https:\/\/mendomedical.ca\/fr\/wp-json\/wp\/v2\/product\/256277","targetHints":{"allow":["GET"]}}],"collection":[{"href":"https:\/\/mendomedical.ca\/fr\/wp-json\/wp\/v2\/product"}],"about":[{"href":"https:\/\/mendomedical.ca\/fr\/wp-json\/wp\/v2\/types\/product"}],"replies":[{"embeddable":true,"href":"https:\/\/mendomedical.ca\/fr\/wp-json\/wp\/v2\/comments?post=256277"}],"wp:featuredmedia":[{"embeddable":true,"href":"https:\/\/mendomedical.ca\/fr\/wp-json\/wp\/v2\/media\/256274"}],"wp:attachment":[{"href":"https:\/\/mendomedical.ca\/fr\/wp-json\/wp\/v2\/media?parent=256277"}],"wp:term":[{"taxonomy":"product_brand","embeddable":true,"href":"https:\/\/mendomedical.ca\/fr\/wp-json\/wp\/v2\/product_brand?post=256277"},{"taxonomy":"product_cat","embeddable":true,"href":"https:\/\/mendomedical.ca\/fr\/wp-json\/wp\/v2\/product_cat?post=256277"},{"taxonomy":"product_tag","embeddable":true,"href":"https:\/\/mendomedical.ca\/fr\/wp-json\/wp\/v2\/product_tag?post=256277"},{"taxonomy":"product_format_filter","embeddable":true,"href":"https:\/\/mendomedical.ca\/fr\/wp-json\/wp\/v2\/product_format_filter?post=256277"}],"curies":[{"name":"wp","href":"https:\/\/api.w.org\/{rel}","templated":true}]}}